{"id":9755,"date":"2018-11-29T21:27:14","date_gmt":"2018-11-29T20:27:14","guid":{"rendered":"https:\/\/englishstay.cz\/?post_type=product&#038;p=9755"},"modified":"2025-10-10T10:50:45","modified_gmt":"2025-10-10T08:50:45","slug":"9-1-1-nebojim-se-chci-konecne-mluvit-oktober-2026","status":"publish","type":"product","link":"https:\/\/www.englishstay.cz\/sk\/obchod\/kurzy-sk\/9-1-1-nebojim-se-chci-konecne-mluvit-oktober-2026\/","title":{"rendered":"9. 1-1 NEBOJ\u00cdM SE, CHCI KONE\u010cN\u011a MLUVIT &#8211; okt\u00f3ber 2026"},"content":{"rendered":"<p><em><strong><span style=\"color: #ff0000;\">okt\u00f3ber 4. 10. &#8211; 9. 10.<\/span><br \/><\/strong><\/em><\/p>\n<p><span style=\"color: #3366ff;\"><strong><em>Vyr\u00e1\u017e\u00edme z\u00a0Prahy s\u00a0rodil\u00fdmi mluv\u010d\u00edmi a\u017e do poh\u00e1dkov\u00e9ho m\u011bsta Tel\u010d, zapsan\u00e9ho v\u00a0UNESCU.<\/em><\/strong><\/span><\/p>\n<p><span style=\"color: #3366ff;\"><em><strong>Destinace dob\u0159e dostupn\u00e1 z\u00a0Moravy i Slovenska, vyr\u00e1\u017e\u00edme s\u00a0rodil\u00fdmi mluv\u010d\u00edmi autobusem z\u00a0Prahy na ji\u017en\u00ed Moravu.<\/strong><\/em><\/span><\/p>\n<p><em><strong><span style=\"color: #ff0000;\">NEBOJ\u00cdM SE, CHCI KONE\u010cN\u011a MLUVIT (1-1)\u00a0 = 17 \u20ac za hodinu s rodil\u00fdm mluv\u010d\u00edm<\/span><br \/><\/strong><\/em><\/p>\n<div class=\"et_pb_column et_pb_column_4_4 et_pb_column_0  et_pb_css_mix_blend_mode_passthrough et-last-child\">\n<div class=\"et_pb_module et_pb_text et_pb_text_0  et_pb_text_align_left et_pb_bg_layout_light\">\n<div class=\"et_pb_text_inner\">\n<p><a href=\"https:\/\/www.hotel-anton.cz\/\">Hotel Anto\u0148<\/a>, m\u011bsto Tel\u010d<\/p>\n<p>Ubytov\u00e1n\u00ed v jednol\u016f\u017ekov\u00fdch pokoj\u00edch, obsazen\u00fdch jednou osobou, pln\u00e1 penze, studijn\u00ed materi\u00e1ly, z\u00e1\u017eitkov\u00e9 odpoledne \u2013\u00a0 <strong>cena 854 \u20ac (<del>918 \u20ac<\/del>)<br \/><\/strong><\/p>\n<p>Kurzovn\u00e9 \u2013<strong>\u00a0cena 396 \u20ac<\/strong><\/p>\n<p><em><strong>CELKOV\u00c1 CENA: 1250 \u20ac (<del>1371 \u20ac<\/del>)<br \/>(= 17 \u20ac za hodinu s rodil\u00fdm mluv\u010d\u00edm, minim\u00e1ln\u011b 70h anglick\u00e9 konverzace)<\/strong><\/em><\/p>\n<\/div>\n<\/div>\n<\/div>\n<p><em><a href=\"https:\/\/englishstay.cz\/jazykove-pobyty.asp\">*Jazykov\u00e9 pobyty<\/a>\u00a0se uskute\u010dn\u00ed p\u0159i minim\u00e1ln\u00ed po\u010dtu 10 (20) \u00fa\u010dastn\u00edk\u016f. ENGLISHstay z.\u00fa. si vyhrazuje pr\u00e1vo z\u00a0d\u016fvodu nedostate\u010dn\u00e9ho po\u010dtu \u00fa\u010dastn\u00edk\u016f nebo z\u00a0jin\u00fdch d\u016fvod\u016f \u0161kolen\u00ed zru\u0161it. ENGLISHstay z.\u00fa. si vyhrazuje pr\u00e1vo m\u011bnit term\u00edny kurz\u016f. V\u00a0t\u011bchto p\u0159\u00edpadech V\u00e1m nab\u00eddneme n\u00e1hradn\u00ed term\u00edny. Slevy nelze kombinovat s\u00a0akcemi benefitn\u00edch spole\u010dnost\u00ed.<\/em><\/p>\n<span class=\"et_bloom_bottom_trigger\"><\/span>","protected":false},"excerpt":{"rendered":"<p><span style=\"color: #ff0000;\"><em><strong>Okt\u00f3ber 4.10. &#8211; 9. 10.<\/strong><\/em><\/span><\/p>\n<p><span style=\"color: #3366ff;\"><strong><em>Vyr\u00e1\u017e\u00edme z\u00a0Prahy s\u00a0rodil\u00fdmi mluv\u010d\u00edmi a\u017e do poh\u00e1dkov\u00e9ho m\u011bsta Tel\u010d, zapsan\u00e9ho v\u00a0UNESCU.<\/em><\/strong><\/span><\/p>\n<p><span style=\"color: #3366ff;\"><em><strong>Destinace dob\u0159e dostupn\u00e1 z\u00a0Moravy i Slovenska, vyr\u00e1\u017e\u00edme s\u00a0rodil\u00fdmi mluv\u010d\u00edmi autobusem z\u00a0Prahy na ji\u017en\u00ed Moravu.<\/strong><\/em><\/span><\/p>\n<p><strong><em>Cena obsahuje 70 hodin anglick\u00e9 konverzace b\u011bhem 6 dn\u016f. Ubytov\u00e1n\u00ed (v jednol\u016f\u017ekov\u00e9m \/ dvoul\u016f\u017ekov\u00e9m pokoji, p\u0159\u00edpadn\u011b hotelov\u00fd wellness), pln\u00e1 penze plus ob\u010derstven\u00ed b\u011bhem cel\u00e9ho pobytu, v\u0161e pro V\u00e1s i Va\u0161eho lektora. Z\u00e1\u017eitkov\u00e9 odpoledne s v\u00fdletem a anglicky hovo\u0159\u00edc\u00edm pr\u016fvodcem a ve\u0161ker\u00e9 pot\u0159ebn\u00e9 studijn\u00ed materi\u00e1ly. 24h servis hotelu i na\u0161ich mil\u00fdch koordin\u00e1tor\u016f z T\u00fdmu ENGLISHstay.<\/em><\/strong><\/p>\n","protected":false},"featured_media":11963,"template":"","meta":{"_et_pb_use_builder":"","_et_pb_old_content":"","_et_gb_content_width":""},"product_brand":[],"product_cat":[66],"product_tag":[288,305,299,313,293,301,300,287,307,314,302,294,298,295,290,289,292,282,311,281,286,312,291],"class_list":{"0":"post-9755","1":"product","2":"type-product","3":"status-publish","4":"has-post-thumbnail","6":"product_cat-kurzy-sk","7":"product_tag-ako-sa-ucit-anglicky","8":"product_tag-anglicky-jazyk-sk","9":"product_tag-anglictina-sk","10":"product_tag-anglictina-bratislava","11":"product_tag-anglictina-pre-vecnych-zaciatocnikov","12":"product_tag-english-sk","13":"product_tag-englishstay-sk","14":"product_tag-hovorit-anglicky","15":"product_tag-intenzivka-anglictiny-sk","16":"product_tag-intenzivny-kurz-anglictiny-bratislava","17":"product_tag-jazykove-pobyty-v-zahranici-sk","18":"product_tag-jeden-na-jedneho","19":"product_tag-jeden-na-jedneho-s-rodenymi-hovorcami","20":"product_tag-kurzy-pre-pokrocilych-anglictina","21":"product_tag-letna-kurzy-anglictiny","22":"product_tag-naucte-sa-hovorit-anglicky","23":"product_tag-pomaturitne-kurz-anglictiny","24":"product_tag-rodeny-hovorca","25":"product_tag-rodeny-hovorca-bratislava","26":"product_tag-rodili-hovorca-anglictina","27":"product_tag-rodili-mluci","28":"product_tag-rozhovorime-vas-anglicky","29":"product_tag-semestralne-kurz-anglictiny","31":"first","32":"instock","33":"sale","34":"virtual","35":"purchasable","36":"product-type-simple"},"yoast_head":"<!-- This site is optimized with the Yoast SEO plugin v26.4 - https:\/\/yoast.com\/wordpress\/plugins\/seo\/ -->\n<title>9. 1-1 NEBOJ\u00cdM SE, CHCI KONE\u010cN\u011a MLUVIT - okt\u00f3ber 2026 | ENGLISHstay<\/title>\n<meta name=\"robots\" content=\"index, follow, max-snippet:-1, max-image-preview:large, max-video-preview:-1\" \/>\n<link rel=\"canonical\" href=\"https:\/\/www.englishstay.cz\/sk\/obchod\/kurzy-sk\/9-1-1-nebojim-se-chci-konecne-mluvit-oktober-2026\/\" \/>\n<meta property=\"og:locale\" content=\"sk_SK\" \/>\n<meta property=\"og:type\" content=\"article\" \/>\n<meta property=\"og:title\" content=\"9. 1-1 NEBOJ\u00cdM SE, CHCI KONE\u010cN\u011a MLUVIT - okt\u00f3ber 2026 | ENGLISHstay\" \/>\n<meta property=\"og:description\" content=\"Okt\u00f3ber 4.10. - 9. 10.Vyr\u00e1\u017e\u00edme z\u00a0Prahy s\u00a0rodil\u00fdmi mluv\u010d\u00edmi a\u017e do poh\u00e1dkov\u00e9ho m\u011bsta Tel\u010d, zapsan\u00e9ho v\u00a0UNESCU.Destinace dob\u0159e dostupn\u00e1 z\u00a0Moravy i Slovenska, vyr\u00e1\u017e\u00edme s\u00a0rodil\u00fdmi mluv\u010d\u00edmi autobusem z\u00a0Prahy na ji\u017en\u00ed Moravu.Cena obsahuje 70 hodin anglick\u00e9 konverzace b\u011bhem 6 dn\u016f. Ubytov\u00e1n\u00ed (v jednol\u016f\u017ekov\u00e9m \/ dvoul\u016f\u017ekov\u00e9m pokoji, p\u0159\u00edpadn\u011b hotelov\u00fd wellness), pln\u00e1 penze plus ob\u010derstven\u00ed b\u011bhem cel\u00e9ho pobytu, v\u0161e pro V\u00e1s i Va\u0161eho lektora. Z\u00e1\u017eitkov\u00e9 odpoledne s v\u00fdletem a anglicky hovo\u0159\u00edc\u00edm pr\u016fvodcem a ve\u0161ker\u00e9 pot\u0159ebn\u00e9 studijn\u00ed materi\u00e1ly. 24h servis hotelu i na\u0161ich mil\u00fdch koordin\u00e1tor\u016f z T\u00fdmu ENGLISHstay.\" \/>\n<meta property=\"og:url\" content=\"https:\/\/www.englishstay.cz\/sk\/obchod\/kurzy-sk\/9-1-1-nebojim-se-chci-konecne-mluvit-oktober-2026\/\" \/>\n<meta property=\"og:site_name\" content=\"ENGLISHstay\" \/>\n<meta property=\"article:publisher\" content=\"https:\/\/www.facebook.com\/kurzyanglictiny\/\" \/>\n<meta property=\"article:modified_time\" content=\"2025-10-10T08:50:45+00:00\" \/>\n<meta property=\"og:image\" content=\"https:\/\/www.englishstay.cz\/media\/2021\/02\/B7BACBA8-C251-49D1-B2D8-DCBE441C1BB2-scaled.jpg\" \/>\n\t<meta property=\"og:image:width\" content=\"2048\" \/>\n\t<meta property=\"og:image:height\" content=\"2048\" \/>\n\t<meta property=\"og:image:type\" content=\"image\/jpeg\" \/>\n<meta name=\"twitter:card\" content=\"summary_large_image\" \/>\n<meta name=\"twitter:site\" content=\"@ENGLISHstay\" \/>\n<meta name=\"twitter:label1\" content=\"Predpokladan\u00fd \u010das \u010d\u00edtania\" \/>\n\t<meta name=\"twitter:data1\" content=\"1 min\u00fata\" \/>\n<script type=\"application\/ld+json\" class=\"yoast-schema-graph\">{\"@context\":\"https:\/\/schema.org\",\"@graph\":[{\"@type\":\"WebPage\",\"@id\":\"https:\/\/www.englishstay.cz\/sk\/obchod\/kurzy-sk\/9-1-1-nebojim-se-chci-konecne-mluvit-oktober-2026\/\",\"url\":\"https:\/\/www.englishstay.cz\/sk\/obchod\/kurzy-sk\/9-1-1-nebojim-se-chci-konecne-mluvit-oktober-2026\/\",\"name\":\"9. 1-1 NEBOJ\u00cdM SE, CHCI KONE\u010cN\u011a MLUVIT - okt\u00f3ber 2026 | ENGLISHstay\",\"isPartOf\":{\"@id\":\"https:\/\/www.englishstay.cz\/de\/#website\"},\"primaryImageOfPage\":{\"@id\":\"https:\/\/www.englishstay.cz\/sk\/obchod\/kurzy-sk\/9-1-1-nebojim-se-chci-konecne-mluvit-oktober-2026\/#primaryimage\"},\"image\":{\"@id\":\"https:\/\/www.englishstay.cz\/sk\/obchod\/kurzy-sk\/9-1-1-nebojim-se-chci-konecne-mluvit-oktober-2026\/#primaryimage\"},\"thumbnailUrl\":\"\/media\/2021\/02\/B7BACBA8-C251-49D1-B2D8-DCBE441C1BB2-scaled.jpg\",\"datePublished\":\"2018-11-29T20:27:14+00:00\",\"dateModified\":\"2025-10-10T08:50:45+00:00\",\"breadcrumb\":{\"@id\":\"https:\/\/www.englishstay.cz\/sk\/obchod\/kurzy-sk\/9-1-1-nebojim-se-chci-konecne-mluvit-oktober-2026\/#breadcrumb\"},\"inLanguage\":\"sk-SK\",\"potentialAction\":[{\"@type\":\"ReadAction\",\"target\":[\"https:\/\/www.englishstay.cz\/sk\/obchod\/kurzy-sk\/9-1-1-nebojim-se-chci-konecne-mluvit-oktober-2026\/\"]}]},{\"@type\":\"ImageObject\",\"inLanguage\":\"sk-SK\",\"@id\":\"https:\/\/www.englishstay.cz\/sk\/obchod\/kurzy-sk\/9-1-1-nebojim-se-chci-konecne-mluvit-oktober-2026\/#primaryimage\",\"url\":\"\/media\/2021\/02\/B7BACBA8-C251-49D1-B2D8-DCBE441C1BB2-scaled.jpg\",\"contentUrl\":\"\/media\/2021\/02\/B7BACBA8-C251-49D1-B2D8-DCBE441C1BB2-scaled.jpg\",\"width\":2048,\"height\":2048,\"caption\":\"rodeny hovorca\"},{\"@type\":\"BreadcrumbList\",\"@id\":\"https:\/\/www.englishstay.cz\/sk\/obchod\/kurzy-sk\/9-1-1-nebojim-se-chci-konecne-mluvit-oktober-2026\/#breadcrumb\",\"itemListElement\":[{\"@type\":\"ListItem\",\"position\":1,\"name\":\"Dom\u016f\",\"item\":\"https:\/\/www.englishstay.cz\/sk\/\"},{\"@type\":\"ListItem\",\"position\":2,\"name\":\"Obchod\",\"item\":\"https:\/\/www.englishstay.cz\/sk\/obchod\/\"},{\"@type\":\"ListItem\",\"position\":3,\"name\":\"9. 1-1 NEBOJ\u00cdM SE, CHCI KONE\u010cN\u011a MLUVIT &#8211; okt\u00f3ber 2026\"}]},{\"@type\":\"WebSite\",\"@id\":\"https:\/\/www.englishstay.cz\/de\/#website\",\"url\":\"https:\/\/www.englishstay.cz\/de\/\",\"name\":\"ENGLISHstay\",\"description\":\"Intenzivn\u00ed kurzy angli\u010dtiny s rodil\u00fdm mluv\u010d\u00edm\",\"potentialAction\":[{\"@type\":\"SearchAction\",\"target\":{\"@type\":\"EntryPoint\",\"urlTemplate\":\"https:\/\/www.englishstay.cz\/de\/?s={search_term_string}\"},\"query-input\":{\"@type\":\"PropertyValueSpecification\",\"valueRequired\":true,\"valueName\":\"search_term_string\"}}],\"inLanguage\":\"sk-SK\"}]}<\/script>\n<!-- \/ Yoast SEO plugin. -->","yoast_head_json":{"title":"9. 1-1 NEBOJ\u00cdM SE, CHCI KONE\u010cN\u011a MLUVIT - okt\u00f3ber 2026 | ENGLISHstay","robots":{"index":"index","follow":"follow","max-snippet":"max-snippet:-1","max-image-preview":"max-image-preview:large","max-video-preview":"max-video-preview:-1"},"canonical":"https:\/\/www.englishstay.cz\/sk\/obchod\/kurzy-sk\/9-1-1-nebojim-se-chci-konecne-mluvit-oktober-2026\/","og_locale":"sk_SK","og_type":"article","og_title":"9. 1-1 NEBOJ\u00cdM SE, CHCI KONE\u010cN\u011a MLUVIT - okt\u00f3ber 2026 | ENGLISHstay","og_description":"Okt\u00f3ber 4.10. - 9. 10.Vyr\u00e1\u017e\u00edme z\u00a0Prahy s\u00a0rodil\u00fdmi mluv\u010d\u00edmi a\u017e do poh\u00e1dkov\u00e9ho m\u011bsta Tel\u010d, zapsan\u00e9ho v\u00a0UNESCU.Destinace dob\u0159e dostupn\u00e1 z\u00a0Moravy i Slovenska, vyr\u00e1\u017e\u00edme s\u00a0rodil\u00fdmi mluv\u010d\u00edmi autobusem z\u00a0Prahy na ji\u017en\u00ed Moravu.Cena obsahuje 70 hodin anglick\u00e9 konverzace b\u011bhem 6 dn\u016f. Ubytov\u00e1n\u00ed (v jednol\u016f\u017ekov\u00e9m \/ dvoul\u016f\u017ekov\u00e9m pokoji, p\u0159\u00edpadn\u011b hotelov\u00fd wellness), pln\u00e1 penze plus ob\u010derstven\u00ed b\u011bhem cel\u00e9ho pobytu, v\u0161e pro V\u00e1s i Va\u0161eho lektora. Z\u00e1\u017eitkov\u00e9 odpoledne s v\u00fdletem a anglicky hovo\u0159\u00edc\u00edm pr\u016fvodcem a ve\u0161ker\u00e9 pot\u0159ebn\u00e9 studijn\u00ed materi\u00e1ly. 24h servis hotelu i na\u0161ich mil\u00fdch koordin\u00e1tor\u016f z T\u00fdmu ENGLISHstay.","og_url":"https:\/\/www.englishstay.cz\/sk\/obchod\/kurzy-sk\/9-1-1-nebojim-se-chci-konecne-mluvit-oktober-2026\/","og_site_name":"ENGLISHstay","article_publisher":"https:\/\/www.facebook.com\/kurzyanglictiny\/","article_modified_time":"2025-10-10T08:50:45+00:00","og_image":[{"width":2048,"height":2048,"url":"https:\/\/www.englishstay.cz\/media\/2021\/02\/B7BACBA8-C251-49D1-B2D8-DCBE441C1BB2-scaled.jpg","type":"image\/jpeg"}],"twitter_card":"summary_large_image","twitter_site":"@ENGLISHstay","twitter_misc":{"Predpokladan\u00fd \u010das \u010d\u00edtania":"1 min\u00fata"},"schema":{"@context":"https:\/\/schema.org","@graph":[{"@type":"WebPage","@id":"https:\/\/www.englishstay.cz\/sk\/obchod\/kurzy-sk\/9-1-1-nebojim-se-chci-konecne-mluvit-oktober-2026\/","url":"https:\/\/www.englishstay.cz\/sk\/obchod\/kurzy-sk\/9-1-1-nebojim-se-chci-konecne-mluvit-oktober-2026\/","name":"9. 1-1 NEBOJ\u00cdM SE, CHCI KONE\u010cN\u011a MLUVIT - okt\u00f3ber 2026 | ENGLISHstay","isPartOf":{"@id":"https:\/\/www.englishstay.cz\/de\/#website"},"primaryImageOfPage":{"@id":"https:\/\/www.englishstay.cz\/sk\/obchod\/kurzy-sk\/9-1-1-nebojim-se-chci-konecne-mluvit-oktober-2026\/#primaryimage"},"image":{"@id":"https:\/\/www.englishstay.cz\/sk\/obchod\/kurzy-sk\/9-1-1-nebojim-se-chci-konecne-mluvit-oktober-2026\/#primaryimage"},"thumbnailUrl":"\/media\/2021\/02\/B7BACBA8-C251-49D1-B2D8-DCBE441C1BB2-scaled.jpg","datePublished":"2018-11-29T20:27:14+00:00","dateModified":"2025-10-10T08:50:45+00:00","breadcrumb":{"@id":"https:\/\/www.englishstay.cz\/sk\/obchod\/kurzy-sk\/9-1-1-nebojim-se-chci-konecne-mluvit-oktober-2026\/#breadcrumb"},"inLanguage":"sk-SK","potentialAction":[{"@type":"ReadAction","target":["https:\/\/www.englishstay.cz\/sk\/obchod\/kurzy-sk\/9-1-1-nebojim-se-chci-konecne-mluvit-oktober-2026\/"]}]},{"@type":"ImageObject","inLanguage":"sk-SK","@id":"https:\/\/www.englishstay.cz\/sk\/obchod\/kurzy-sk\/9-1-1-nebojim-se-chci-konecne-mluvit-oktober-2026\/#primaryimage","url":"\/media\/2021\/02\/B7BACBA8-C251-49D1-B2D8-DCBE441C1BB2-scaled.jpg","contentUrl":"\/media\/2021\/02\/B7BACBA8-C251-49D1-B2D8-DCBE441C1BB2-scaled.jpg","width":2048,"height":2048,"caption":"rodeny hovorca"},{"@type":"BreadcrumbList","@id":"https:\/\/www.englishstay.cz\/sk\/obchod\/kurzy-sk\/9-1-1-nebojim-se-chci-konecne-mluvit-oktober-2026\/#breadcrumb","itemListElement":[{"@type":"ListItem","position":1,"name":"Dom\u016f","item":"https:\/\/www.englishstay.cz\/sk\/"},{"@type":"ListItem","position":2,"name":"Obchod","item":"https:\/\/www.englishstay.cz\/sk\/obchod\/"},{"@type":"ListItem","position":3,"name":"9. 1-1 NEBOJ\u00cdM SE, CHCI KONE\u010cN\u011a MLUVIT &#8211; okt\u00f3ber 2026"}]},{"@type":"WebSite","@id":"https:\/\/www.englishstay.cz\/de\/#website","url":"https:\/\/www.englishstay.cz\/de\/","name":"ENGLISHstay","description":"Intenzivn\u00ed kurzy angli\u010dtiny s rodil\u00fdm mluv\u010d\u00edm","potentialAction":[{"@type":"SearchAction","target":{"@type":"EntryPoint","urlTemplate":"https:\/\/www.englishstay.cz\/de\/?s={search_term_string}"},"query-input":{"@type":"PropertyValueSpecification","valueRequired":true,"valueName":"search_term_string"}}],"inLanguage":"sk-SK"}]}},"_links":{"self":[{"href":"https:\/\/www.englishstay.cz\/sk\/wp-json\/wp\/v2\/product\/9755","targetHints":{"allow":["GET"]}}],"collection":[{"href":"https:\/\/www.englishstay.cz\/sk\/wp-json\/wp\/v2\/product"}],"about":[{"href":"https:\/\/www.englishstay.cz\/sk\/wp-json\/wp\/v2\/types\/product"}],"wp:featuredmedia":[{"embeddable":true,"href":"https:\/\/www.englishstay.cz\/sk\/wp-json\/wp\/v2\/media\/11963"}],"wp:attachment":[{"href":"https:\/\/www.englishstay.cz\/sk\/wp-json\/wp\/v2\/media?parent=9755"}],"wp:term":[{"taxonomy":"product_brand","embeddable":true,"href":"https:\/\/www.englishstay.cz\/sk\/wp-json\/wp\/v2\/product_brand?post=9755"},{"taxonomy":"product_cat","embeddable":true,"href":"https:\/\/www.englishstay.cz\/sk\/wp-json\/wp\/v2\/product_cat?post=9755"},{"taxonomy":"product_tag","embeddable":true,"href":"https:\/\/www.englishstay.cz\/sk\/wp-json\/wp\/v2\/product_tag?post=9755"}],"curies":[{"name":"wp","href":"https:\/\/api.w.org\/{rel}","templated":true}]}}