{"id":10393,"date":"2019-06-17T10:26:53","date_gmt":"2019-06-17T08:26:53","guid":{"rendered":"https:\/\/englishstay.cz\/obchod\/nezaraden\u00e9\/tricko-damske-basic-tmave-sedy-melir-s-logem-englishstay\/"},"modified":"2019-06-17T14:52:26","modified_gmt":"2019-06-17T12:52:26","slug":"tricko-damske-basic-tmave-sedy-melir-s-logem-englishstay","status":"publish","type":"product","link":"https:\/\/www.englishstay.cz\/sk\/obchod\/oblecenie\/tricko-damske-basic-tmave-sedy-melir-s-logem-englishstay\/","title":{"rendered":"Tri\u010dko d\u00e1msk\u00e9 Basic tmav\u011b \u0161ed\u00fd mel\u00edr s logem ENGLISHstay"},"content":{"rendered":"<p><strong>Z\u00e1kladn\u00ed informace o produktu:<\/strong><\/p>\n<ul>\n<li>lehce vypasovan\u00fd st\u0159ih s bo\u010dn\u00edmi \u0161vy<\/li>\n<li>\u00fazk\u00fd lem pr\u016fkr\u010dn\u00edku z \u017eebrov\u00e9ho \u00fapletu 1:1 s 5 % elastanu<\/li>\n<li>vnit\u0159n\u00ed \u010d\u00e1st pr\u016fkr\u010dn\u00edku za\u010di\u0161t\u011bna p\u00e1skou z vrchov\u00e9ho materi\u00e1lu<\/li>\n<li>zpevn\u011bn\u00ed ramenn\u00edch \u0161v\u016f p\u00e1skou<\/li>\n<li>silikonov\u00e1 \u00faprava<\/li>\n<\/ul>\n<div>\n<div><strong>Gram\u00e1\u017e:<\/strong>\u00a0160 g\/m2<\/div>\n<div><strong>Etiketa:<\/strong>\u00a0Sat\u00e9nov\u00e1<\/div>\n<div><strong>Prateln\u00e9 na:<\/strong>\u00a0Prateln\u00e9 na 40 \u00b0C\u00a0<\/div>\n<div><strong>Materi\u00e1l<\/strong>:\u00a085 % bavlna, 15 % visk\u00f3za\u00a0<\/div>\n<\/div>\n<span class=\"et_bloom_bottom_trigger\"><\/span>","protected":false},"excerpt":{"rendered":"<p><strong>Z\u00e1kladn\u00ed informace o produktu:<\/strong><\/p>\n<ul>\n<li>lehce vypasovan\u00fd st\u0159ih s bo\u010dn\u00edmi \u0161vy<\/li>\n<li>\u00fazk\u00fd lem pr\u016fkr\u010dn\u00edku z \u017eebrov\u00e9ho \u00fapletu 1:1 s 5 % elastanu<\/li>\n<li>vnit\u0159n\u00ed \u010d\u00e1st pr\u016fkr\u010dn\u00edku za\u010di\u0161t\u011bna p\u00e1skou z vrchov\u00e9ho materi\u00e1lu<\/li>\n<li>zpevn\u011bn\u00ed ramenn\u00edch \u0161v\u016f p\u00e1skou<\/li>\n<li>silikonov\u00e1 \u00faprava<\/li>\n<\/ul>\n","protected":false},"featured_media":10368,"template":"","meta":{"_et_pb_use_builder":"","_et_pb_old_content":"","_et_gb_content_width":""},"product_brand":[],"product_cat":[93],"product_tag":[],"class_list":{"0":"post-10393","1":"product","2":"type-product","3":"status-publish","4":"has-post-thumbnail","6":"product_cat-oblecenie","7":"product_shipping_class-fyzicke-produkty-sk","9":"first","10":"instock","11":"shipping-taxable","12":"purchasable","13":"product-type-variable"},"yoast_head":"<!-- This site is optimized with the Yoast SEO plugin v27.5 - https:\/\/yoast.com\/product\/yoast-seo-wordpress\/ -->\n<title>Tri\u010dko d\u00e1msk\u00e9 Basic tmav\u011b \u0161ed\u00fd mel\u00edr s logem ENGLISHstay | ENGLISHstay<\/title>\n<meta name=\"robots\" content=\"index, follow, max-snippet:-1, max-image-preview:large, max-video-preview:-1\" \/>\n<link rel=\"canonical\" href=\"https:\/\/www.englishstay.cz\/sk\/obchod\/oblecenie\/tricko-damske-basic-tmave-sedy-melir-s-logem-englishstay\/\" \/>\n<meta property=\"og:locale\" content=\"sk_SK\" \/>\n<meta property=\"og:type\" content=\"article\" \/>\n<meta property=\"og:title\" content=\"Tri\u010dko d\u00e1msk\u00e9 Basic tmav\u011b \u0161ed\u00fd mel\u00edr s logem ENGLISHstay | ENGLISHstay\" \/>\n<meta property=\"og:description\" content=\"Z\u00e1kladn\u00ed informace o produktu:lehce vypasovan\u00fd st\u0159ih s bo\u010dn\u00edmi \u0161vy\u00fazk\u00fd lem pr\u016fkr\u010dn\u00edku z \u017eebrov\u00e9ho \u00fapletu 1:1 s 5 % elastanuvnit\u0159n\u00ed \u010d\u00e1st pr\u016fkr\u010dn\u00edku za\u010di\u0161t\u011bna p\u00e1skou z vrchov\u00e9ho materi\u00e1luzpevn\u011bn\u00ed ramenn\u00edch \u0161v\u016f p\u00e1skousilikonov\u00e1 \u00faprava\" \/>\n<meta property=\"og:url\" content=\"https:\/\/www.englishstay.cz\/sk\/obchod\/oblecenie\/tricko-damske-basic-tmave-sedy-melir-s-logem-englishstay\/\" \/>\n<meta property=\"og:site_name\" content=\"ENGLISHstay\" \/>\n<meta property=\"article:publisher\" content=\"https:\/\/www.facebook.com\/kurzyanglictiny\/\" \/>\n<meta property=\"article:modified_time\" content=\"2019-06-17T12:52:26+00:00\" \/>\n<meta property=\"og:image\" content=\"https:\/\/www.englishstay.cz\/media\/2019\/06\/damsketriko.jpg\" \/>\n\t<meta property=\"og:image:width\" content=\"1647\" \/>\n\t<meta property=\"og:image:height\" content=\"1280\" \/>\n\t<meta property=\"og:image:type\" content=\"image\/jpeg\" \/>\n<meta name=\"twitter:card\" content=\"summary_large_image\" \/>\n<meta name=\"twitter:site\" content=\"@ENGLISHstay\" \/>\n<script type=\"application\/ld+json\" class=\"yoast-schema-graph\">{\"@context\":\"https:\\\/\\\/schema.org\",\"@graph\":[{\"@type\":\"WebPage\",\"@id\":\"https:\\\/\\\/www.englishstay.cz\\\/sk\\\/obchod\\\/oblecenie\\\/tricko-damske-basic-tmave-sedy-melir-s-logem-englishstay\\\/\",\"url\":\"https:\\\/\\\/www.englishstay.cz\\\/sk\\\/obchod\\\/oblecenie\\\/tricko-damske-basic-tmave-sedy-melir-s-logem-englishstay\\\/\",\"name\":\"Tri\u010dko d\u00e1msk\u00e9 Basic tmav\u011b \u0161ed\u00fd mel\u00edr s logem ENGLISHstay | ENGLISHstay\",\"isPartOf\":{\"@id\":\"https:\\\/\\\/www.englishstay.cz\\\/de\\\/#website\"},\"primaryImageOfPage\":{\"@id\":\"https:\\\/\\\/www.englishstay.cz\\\/sk\\\/obchod\\\/oblecenie\\\/tricko-damske-basic-tmave-sedy-melir-s-logem-englishstay\\\/#primaryimage\"},\"image\":{\"@id\":\"https:\\\/\\\/www.englishstay.cz\\\/sk\\\/obchod\\\/oblecenie\\\/tricko-damske-basic-tmave-sedy-melir-s-logem-englishstay\\\/#primaryimage\"},\"thumbnailUrl\":\"\\\/media\\\/2019\\\/06\\\/damsketriko.jpg\",\"datePublished\":\"2019-06-17T08:26:53+00:00\",\"dateModified\":\"2019-06-17T12:52:26+00:00\",\"breadcrumb\":{\"@id\":\"https:\\\/\\\/www.englishstay.cz\\\/sk\\\/obchod\\\/oblecenie\\\/tricko-damske-basic-tmave-sedy-melir-s-logem-englishstay\\\/#breadcrumb\"},\"inLanguage\":\"sk-SK\",\"potentialAction\":[{\"@type\":\"ReadAction\",\"target\":[\"https:\\\/\\\/www.englishstay.cz\\\/sk\\\/obchod\\\/oblecenie\\\/tricko-damske-basic-tmave-sedy-melir-s-logem-englishstay\\\/\"]}]},{\"@type\":\"ImageObject\",\"inLanguage\":\"sk-SK\",\"@id\":\"https:\\\/\\\/www.englishstay.cz\\\/sk\\\/obchod\\\/oblecenie\\\/tricko-damske-basic-tmave-sedy-melir-s-logem-englishstay\\\/#primaryimage\",\"url\":\"\\\/media\\\/2019\\\/06\\\/damsketriko.jpg\",\"contentUrl\":\"\\\/media\\\/2019\\\/06\\\/damsketriko.jpg\",\"width\":1647,\"height\":1280},{\"@type\":\"BreadcrumbList\",\"@id\":\"https:\\\/\\\/www.englishstay.cz\\\/sk\\\/obchod\\\/oblecenie\\\/tricko-damske-basic-tmave-sedy-melir-s-logem-englishstay\\\/#breadcrumb\",\"itemListElement\":[{\"@type\":\"ListItem\",\"position\":1,\"name\":\"Dom\u016f\",\"item\":\"https:\\\/\\\/www.englishstay.cz\\\/sk\\\/\"},{\"@type\":\"ListItem\",\"position\":2,\"name\":\"Obchod\",\"item\":\"https:\\\/\\\/www.englishstay.cz\\\/sk\\\/obchod\\\/\"},{\"@type\":\"ListItem\",\"position\":3,\"name\":\"Tri\u010dko d\u00e1msk\u00e9 Basic tmav\u011b \u0161ed\u00fd mel\u00edr s logem ENGLISHstay\"}]},{\"@type\":\"WebSite\",\"@id\":\"https:\\\/\\\/www.englishstay.cz\\\/de\\\/#website\",\"url\":\"https:\\\/\\\/www.englishstay.cz\\\/de\\\/\",\"name\":\"ENGLISHstay\",\"description\":\"Intenzivn\u00ed kurzy angli\u010dtiny s rodil\u00fdm mluv\u010d\u00edm\",\"potentialAction\":[{\"@type\":\"SearchAction\",\"target\":{\"@type\":\"EntryPoint\",\"urlTemplate\":\"https:\\\/\\\/www.englishstay.cz\\\/de\\\/?s={search_term_string}\"},\"query-input\":{\"@type\":\"PropertyValueSpecification\",\"valueRequired\":true,\"valueName\":\"search_term_string\"}}],\"inLanguage\":\"sk-SK\"}]}<\/script>\n<!-- \/ Yoast SEO plugin. -->","yoast_head_json":{"title":"Tri\u010dko d\u00e1msk\u00e9 Basic tmav\u011b \u0161ed\u00fd mel\u00edr s logem ENGLISHstay | ENGLISHstay","robots":{"index":"index","follow":"follow","max-snippet":"max-snippet:-1","max-image-preview":"max-image-preview:large","max-video-preview":"max-video-preview:-1"},"canonical":"https:\/\/www.englishstay.cz\/sk\/obchod\/oblecenie\/tricko-damske-basic-tmave-sedy-melir-s-logem-englishstay\/","og_locale":"sk_SK","og_type":"article","og_title":"Tri\u010dko d\u00e1msk\u00e9 Basic tmav\u011b \u0161ed\u00fd mel\u00edr s logem ENGLISHstay | ENGLISHstay","og_description":"Z\u00e1kladn\u00ed informace o produktu:lehce vypasovan\u00fd st\u0159ih s bo\u010dn\u00edmi \u0161vy\u00fazk\u00fd lem pr\u016fkr\u010dn\u00edku z \u017eebrov\u00e9ho \u00fapletu 1:1 s 5 % elastanuvnit\u0159n\u00ed \u010d\u00e1st pr\u016fkr\u010dn\u00edku za\u010di\u0161t\u011bna p\u00e1skou z vrchov\u00e9ho materi\u00e1luzpevn\u011bn\u00ed ramenn\u00edch \u0161v\u016f p\u00e1skousilikonov\u00e1 \u00faprava","og_url":"https:\/\/www.englishstay.cz\/sk\/obchod\/oblecenie\/tricko-damske-basic-tmave-sedy-melir-s-logem-englishstay\/","og_site_name":"ENGLISHstay","article_publisher":"https:\/\/www.facebook.com\/kurzyanglictiny\/","article_modified_time":"2019-06-17T12:52:26+00:00","og_image":[{"width":1647,"height":1280,"url":"https:\/\/www.englishstay.cz\/media\/2019\/06\/damsketriko.jpg","type":"image\/jpeg"}],"twitter_card":"summary_large_image","twitter_site":"@ENGLISHstay","schema":{"@context":"https:\/\/schema.org","@graph":[{"@type":"WebPage","@id":"https:\/\/www.englishstay.cz\/sk\/obchod\/oblecenie\/tricko-damske-basic-tmave-sedy-melir-s-logem-englishstay\/","url":"https:\/\/www.englishstay.cz\/sk\/obchod\/oblecenie\/tricko-damske-basic-tmave-sedy-melir-s-logem-englishstay\/","name":"Tri\u010dko d\u00e1msk\u00e9 Basic tmav\u011b \u0161ed\u00fd mel\u00edr s logem ENGLISHstay | ENGLISHstay","isPartOf":{"@id":"https:\/\/www.englishstay.cz\/de\/#website"},"primaryImageOfPage":{"@id":"https:\/\/www.englishstay.cz\/sk\/obchod\/oblecenie\/tricko-damske-basic-tmave-sedy-melir-s-logem-englishstay\/#primaryimage"},"image":{"@id":"https:\/\/www.englishstay.cz\/sk\/obchod\/oblecenie\/tricko-damske-basic-tmave-sedy-melir-s-logem-englishstay\/#primaryimage"},"thumbnailUrl":"\/media\/2019\/06\/damsketriko.jpg","datePublished":"2019-06-17T08:26:53+00:00","dateModified":"2019-06-17T12:52:26+00:00","breadcrumb":{"@id":"https:\/\/www.englishstay.cz\/sk\/obchod\/oblecenie\/tricko-damske-basic-tmave-sedy-melir-s-logem-englishstay\/#breadcrumb"},"inLanguage":"sk-SK","potentialAction":[{"@type":"ReadAction","target":["https:\/\/www.englishstay.cz\/sk\/obchod\/oblecenie\/tricko-damske-basic-tmave-sedy-melir-s-logem-englishstay\/"]}]},{"@type":"ImageObject","inLanguage":"sk-SK","@id":"https:\/\/www.englishstay.cz\/sk\/obchod\/oblecenie\/tricko-damske-basic-tmave-sedy-melir-s-logem-englishstay\/#primaryimage","url":"\/media\/2019\/06\/damsketriko.jpg","contentUrl":"\/media\/2019\/06\/damsketriko.jpg","width":1647,"height":1280},{"@type":"BreadcrumbList","@id":"https:\/\/www.englishstay.cz\/sk\/obchod\/oblecenie\/tricko-damske-basic-tmave-sedy-melir-s-logem-englishstay\/#breadcrumb","itemListElement":[{"@type":"ListItem","position":1,"name":"Dom\u016f","item":"https:\/\/www.englishstay.cz\/sk\/"},{"@type":"ListItem","position":2,"name":"Obchod","item":"https:\/\/www.englishstay.cz\/sk\/obchod\/"},{"@type":"ListItem","position":3,"name":"Tri\u010dko d\u00e1msk\u00e9 Basic tmav\u011b \u0161ed\u00fd mel\u00edr s logem ENGLISHstay"}]},{"@type":"WebSite","@id":"https:\/\/www.englishstay.cz\/de\/#website","url":"https:\/\/www.englishstay.cz\/de\/","name":"ENGLISHstay","description":"Intenzivn\u00ed kurzy angli\u010dtiny s rodil\u00fdm mluv\u010d\u00edm","potentialAction":[{"@type":"SearchAction","target":{"@type":"EntryPoint","urlTemplate":"https:\/\/www.englishstay.cz\/de\/?s={search_term_string}"},"query-input":{"@type":"PropertyValueSpecification","valueRequired":true,"valueName":"search_term_string"}}],"inLanguage":"sk-SK"}]}},"_links":{"self":[{"href":"https:\/\/www.englishstay.cz\/sk\/wp-json\/wp\/v2\/product\/10393","targetHints":{"allow":["GET"]}}],"collection":[{"href":"https:\/\/www.englishstay.cz\/sk\/wp-json\/wp\/v2\/product"}],"about":[{"href":"https:\/\/www.englishstay.cz\/sk\/wp-json\/wp\/v2\/types\/product"}],"wp:featuredmedia":[{"embeddable":true,"href":"https:\/\/www.englishstay.cz\/sk\/wp-json\/wp\/v2\/media\/10368"}],"wp:attachment":[{"href":"https:\/\/www.englishstay.cz\/sk\/wp-json\/wp\/v2\/media?parent=10393"}],"wp:term":[{"taxonomy":"product_brand","embeddable":true,"href":"https:\/\/www.englishstay.cz\/sk\/wp-json\/wp\/v2\/product_brand?post=10393"},{"taxonomy":"product_cat","embeddable":true,"href":"https:\/\/www.englishstay.cz\/sk\/wp-json\/wp\/v2\/product_cat?post=10393"},{"taxonomy":"product_tag","embeddable":true,"href":"https:\/\/www.englishstay.cz\/sk\/wp-json\/wp\/v2\/product_tag?post=10393"}],"curies":[{"name":"wp","href":"https:\/\/api.w.org\/{rel}","templated":true}]}}