{"id":7500,"date":"2018-01-22T10:39:33","date_gmt":"2018-01-22T09:39:33","guid":{"rendered":"https:\/\/englishstay.cz\/?page_id=7500"},"modified":"2026-02-02T06:01:58","modified_gmt":"2026-02-02T05:01:58","slug":"tyzdenny-kurz-anglictiny","status":"publish","type":"page","link":"https:\/\/www.englishstay.cz\/sk\/tyzdenny-kurz-anglictiny\/","title":{"rendered":"T\u00fd\u017edenn\u00fd kurz angli\u010dtiny"},"content":{"rendered":"<p>[et_pb_section fb_built=&#8220;1&#8243; fullwidth=&#8220;on&#8220; _builder_version=&#8220;4.16&#8243; background_color=&#8220;#ffffff&#8220; global_colors_info=&#8220;{}&#8220;][et_pb_fullwidth_image src=&#8220;\/media\/2017\/11\/foto_pozadi9.jpg&#8220; _builder_version=&#8220;4.16&#8243; global_colors_info=&#8220;{}&#8220;][\/et_pb_fullwidth_image][\/et_pb_section][et_pb_section fb_built=&#8220;1&#8243; _builder_version=&#8220;4.16&#8243; global_colors_info=&#8220;{}&#8220;][et_pb_row _builder_version=&#8220;4.16&#8243; background_size=&#8220;initial&#8220; background_position=&#8220;top_left&#8220; background_repeat=&#8220;repeat&#8220; global_colors_info=&#8220;{}&#8220;][et_pb_column type=&#8220;4_4&#8243; _builder_version=&#8220;4.16&#8243; custom_padding=&#8220;|||&#8220; global_colors_info=&#8220;{}&#8220; custom_padding__hover=&#8220;|||&#8220;][et_pb_text _builder_version=&#8220;4.27.4&#8243; hover_enabled=&#8220;0&#8243; global_colors_info=&#8220;{}&#8220; sticky_enabled=&#8220;0&#8243;]<\/p>\n<h1>\u00a0T\u00fd\u017edenn\u00fd kurz angli\u010dtiny<\/h1>\n<p>&nbsp;<\/p>\n<p>My nie sme be\u017en\u00e1 jazykov\u00e1 \u0161kola s tradi\u010dn\u00fdmi sp\u00f4sobmi v\u00fduky\u2026 ENGLISHstay V\u00e1m v\u0161etko sprostredkuje v pokoji a pohodl\u00ed.<\/p>\n<p>&nbsp;<\/p>\n<p style=\"text-align: center;\"><strong><a href=\"\/sk\/pridejte-se-k-nam-hned-ted\/\">P\u0159idejte se k n\u00e1m!<\/a><\/strong><\/p>\n<p>&nbsp;<\/p>\n<h2>T\u00fd\u017edenn\u00fd kurz angli\u010dtiny v r\u00e9\u017eii ENGLISHstay.<\/h2>\n<p>&nbsp;<\/p>\n<p>Program t\u00fd\u017edenn\u00e9ho kurzu angli\u010dtiny za\u010d\u00edname v\u017edy, v nede\u013eu, o 10 h r\u00e1no, odchodom z Prahy do cie\u013eov\u00e9ho miesta. Cesta je ide\u00e1lnou pr\u00edle\u017eitos\u0165ou pre zozn\u00e1menie sa medzi klientmi a roden\u00fdmi hovorcami.<\/p>\n<p>&nbsp;<\/p>\n<p>Ka\u017ed\u00fd \u201efarebn\u00fd de\u0148\u201c budeme sledova\u0165 vybran\u00fa t\u00e9mu (zvolen\u00fa klientmi), \u010di u\u017e v spolo\u010densk\u00fdch aktivit\u00e1ch alebo jednotliv\u00fdch hodinov\u00fdch stretnutiach 1-1 (jeden klient &#8211; jeden lektor), alebo v syst\u00e9me 2 -.1 (dvaja klienti &#8211; jeden lektor). Po\u010das jazykov\u00e9ho pobytu, sa zaober\u00e1me nakupovan\u00edm, cestovan\u00edm, obchodovan\u00edm, telefonovan\u00edm, business English, aj profesn\u00fdmi t\u00e9mami, skr\u00e1tka t\u00fdm \u010do b\u00fdva v konverz\u00e1cii najobtia\u017enej\u0161ie. S lektorom si zopakujete slovn\u00fa z\u00e1sobu, spr\u00e1vnu gramatiku aj hovorov\u00fa angli\u010dtinu.<\/p>\n<p>&nbsp;<\/p>\n<p>Aby sme sa tro\u0161ku odreagovali v polovici t\u00fd\u017edenn\u00e9ho kurzu opust\u00edme hotelov\u00e9 priestory a vyraz\u00edme na prech\u00e1dzku na bl\u00edzky hrad alebo z\u00e1mok (<span id=\"result_box\" class=\"short_text\" lang=\"sk\">s anglicky hovoriacim <span class=\"\">sprievodcom<\/span><\/span>), mo\u017eno ochutn\u00e1me pivo v miestnom pivovare a ocen\u00edme najlep\u0161ieho lovca fotografi\u00ed.<\/p>\n<p>&nbsp;<\/p>\n<p>Cel\u00fd program je nabit\u00fd anglickou konverz\u00e1ciou, ale preto\u017ee nielen t\u00fdmto je \u010dlovek \u017eiv\u00fd, pripravujeme pre V\u00e1s ka\u017ed\u00fd ve\u010der trochu z\u00e1bavy ako inak ne\u017e v angli\u010dtine. Ok\u00fasime kult\u00faru na\u0161ich lektorov po\u010das \u0161k\u00f3tskeho, \u00edrskeho, alebo dokonca austr\u00e1lskeho ve\u010dera a na opl\u00e1tku predvedieme aj na\u0161e zvyky zahrani\u010dn\u00fdm hos\u0165om. Nacvi\u010d\u00edme si prezent\u00e1ciu, komunik\u00e1ciu, telef\u00f3nne hovory, konverz\u00e1ciu vo v\u0161etk\u00fdch mo\u017en\u00fdch situ\u00e1ci\u00e1ch a za\u017eijeme mnoho z\u00e1bavy, nielen pri ve\u010dernom drinku.<\/p>\n<p>&nbsp;<\/p>\n<p>V na\u0161ich t\u00fd\u017edenn\u00fdch kurzoch angli\u010dtiny sa priprav\u00edte na be\u017en\u00fd \u017eivot, kde je nutn\u00e9 hovori\u0165 po anglicky, na jazykov\u00fa sk\u00fa\u0161ku, alebo do nov\u00e9ho zamestnania, ale vytvor\u00edte si aj priate\u013esk\u00e9 put\u00e1, ktor\u00e9 bud\u00fa trva\u0165 cel\u00fd \u017eivot. Stretnete \u013eud\u00ed z exotick\u00fdch kraj\u00edn a otvor\u00edte nov\u00e9 nekone\u010dn\u00e9 mo\u017enosti, preto\u017ee ko\u013eko jazykov vie\u0161, to\u013ekokr\u00e1t si \u010dlovekom.<\/p>\n<p>&nbsp;<\/p>\n<p>Relax, pokoj, pohoda a raketov\u00e9 zlep\u0161enie v konverz\u00e1cii na t\u00fd\u017edennom kurze angli\u010dtiny za pomoci multikult\u00farnej v\u00fdmeny, je cie\u013eom cel\u00e9ho t\u00edmu <a href=\"\/sk\/neziskovka\/\"><strong>neziskovej organiz\u00e1cie ENGLISHstay.<\/strong><\/a><\/p>\n<p>&nbsp;<\/p>\n<p>&nbsp;<\/p>\n<p>&nbsp;<\/p>\n<h2>Ponuka t\u00fd\u017edenn\u00fdch kurzov angli\u010dtiny<\/h2>\n<p>&nbsp;<\/p>\n<h3><a href=\"\/sk\/anglicky-za-tyden\/\">NEBOJ\u00cdM SE, CHCI KONE\u010cN\u011a MLUVIT (1-1)<\/a><\/h3>\n<p><a href=\"https:\/\/www.englishstay.cz\/sk\/obchod\/\">P\u0159idejte se k n\u00e1m hned te\u010f!<\/a><\/p>\n<p>&nbsp;<\/p>\n<h3><a href=\"http:\/\/www.anglictinasrodilymmluvcim.cz\/\">MLUV\u00cdM M\u00c1LO A CHCI V\u00cdC (2-1)<\/a><\/h3>\n<p><a href=\"https:\/\/www.englishstay.cz\/sk\/obchod\/\">P\u0159idejte se k n\u00e1m hned te\u010f!<\/a><\/p>\n<p>&nbsp;<\/p>\n<h2>Rozhovorte se anglicky na t\u00fd\u017edennom kurze angli\u010dtiny (70h angli\u010dtiny).<\/h2>\n<p>[\/et_pb_text][\/et_pb_column][\/et_pb_row][\/et_pb_section]<\/p>\n<span class=\"et_bloom_bottom_trigger\"><\/span>","protected":false},"excerpt":{"rendered":"<p>Rozhovorte se anglicky na t\u00fd\u017edennom kurze angli\u010dtiny (70h angli\u010dtiny). Cel\u00fdch 6 dn\u00ed, spolu 70 hod\u00edn budete tr\u00e1vi\u0165 v anglicky hovoriacej..<\/p>\n","protected":false},"author":2,"featured_media":0,"parent":0,"menu_order":0,"comment_status":"closed","ping_status":"closed","template":"","meta":{"_et_pb_use_builder":"on","_et_pb_old_content":"","_et_gb_content_width":"","footnotes":""},"class_list":["post-7500","page","type-page","status-publish","hentry"],"yoast_head":"<!-- This site is optimized with the Yoast SEO plugin v27.5 - https:\/\/yoast.com\/product\/yoast-seo-wordpress\/ -->\n<title>T\u00fd\u017edenn\u00e9 individu\u00e1lne kurzy angli\u010dtiny Praha | ENGLISHstay<\/title>\n<meta name=\"description\" content=\"Rozhovorte se anglicky na t\u00fd\u017edennom kurze angli\u010dtiny (70h angli\u010dtiny). Cel\u00fdch 6 dn\u00ed, spolu 70 hod\u00edn budete tr\u00e1vi\u0165 v anglicky hovoriacej..\" \/>\n<meta name=\"robots\" content=\"index, follow, max-snippet:-1, max-image-preview:large, max-video-preview:-1\" \/>\n<link rel=\"canonical\" href=\"https:\/\/www.englishstay.cz\/sk\/tyzdenny-kurz-anglictiny\/\" \/>\n<meta property=\"og:locale\" content=\"sk_SK\" \/>\n<meta property=\"og:type\" content=\"article\" \/>\n<meta property=\"og:title\" content=\"T\u00fd\u017edenn\u00e9 individu\u00e1lne kurzy angli\u010dtiny Praha | ENGLISHstay\" \/>\n<meta property=\"og:description\" content=\"Rozhovorte se anglicky na t\u00fd\u017edennom kurze angli\u010dtiny (70h angli\u010dtiny). Cel\u00fdch 6 dn\u00ed, spolu 70 hod\u00edn budete tr\u00e1vi\u0165 v anglicky hovoriacej..\" \/>\n<meta property=\"og:url\" content=\"https:\/\/www.englishstay.cz\/sk\/tyzdenny-kurz-anglictiny\/\" \/>\n<meta property=\"og:site_name\" content=\"ENGLISHstay\" \/>\n<meta property=\"article:publisher\" content=\"https:\/\/www.facebook.com\/kurzyanglictiny\/\" \/>\n<meta property=\"article:modified_time\" content=\"2026-02-02T05:01:58+00:00\" \/>\n<meta property=\"og:image\" content=\"https:\/\/www.englishstay.cz\/media\/2019\/01\/logo-es.jpg\" \/>\n\t<meta property=\"og:image:width\" content=\"260\" \/>\n\t<meta property=\"og:image:height\" content=\"260\" \/>\n\t<meta property=\"og:image:type\" content=\"image\/jpeg\" \/>\n<meta name=\"twitter:card\" content=\"summary_large_image\" \/>\n<meta name=\"twitter:site\" content=\"@ENGLISHstay\" \/>\n<meta name=\"twitter:label1\" content=\"Predpokladan\u00fd \u010das \u010d\u00edtania\" \/>\n\t<meta name=\"twitter:data1\" content=\"3 min\u00faty\" \/>\n<script type=\"application\/ld+json\" class=\"yoast-schema-graph\">{\"@context\":\"https:\\\/\\\/schema.org\",\"@graph\":[{\"@type\":\"WebPage\",\"@id\":\"https:\\\/\\\/www.englishstay.cz\\\/sk\\\/tyzdenny-kurz-anglictiny\\\/\",\"url\":\"https:\\\/\\\/www.englishstay.cz\\\/sk\\\/tyzdenny-kurz-anglictiny\\\/\",\"name\":\"T\u00fd\u017edenn\u00e9 individu\u00e1lne kurzy angli\u010dtiny Praha | ENGLISHstay\",\"isPartOf\":{\"@id\":\"https:\\\/\\\/www.englishstay.cz\\\/de\\\/#website\"},\"datePublished\":\"2018-01-22T09:39:33+00:00\",\"dateModified\":\"2026-02-02T05:01:58+00:00\",\"description\":\"Rozhovorte se anglicky na t\u00fd\u017edennom kurze angli\u010dtiny (70h angli\u010dtiny). Cel\u00fdch 6 dn\u00ed, spolu 70 hod\u00edn budete tr\u00e1vi\u0165 v anglicky hovoriacej..\",\"breadcrumb\":{\"@id\":\"https:\\\/\\\/www.englishstay.cz\\\/sk\\\/tyzdenny-kurz-anglictiny\\\/#breadcrumb\"},\"inLanguage\":\"sk-SK\",\"potentialAction\":[{\"@type\":\"ReadAction\",\"target\":[\"https:\\\/\\\/www.englishstay.cz\\\/sk\\\/tyzdenny-kurz-anglictiny\\\/\"]}]},{\"@type\":\"BreadcrumbList\",\"@id\":\"https:\\\/\\\/www.englishstay.cz\\\/sk\\\/tyzdenny-kurz-anglictiny\\\/#breadcrumb\",\"itemListElement\":[{\"@type\":\"ListItem\",\"position\":1,\"name\":\"Dom\u016f\",\"item\":\"https:\\\/\\\/www.englishstay.cz\\\/sk\\\/\"},{\"@type\":\"ListItem\",\"position\":2,\"name\":\"T\u00fd\u017edenn\u00fd kurz angli\u010dtiny\"}]},{\"@type\":\"WebSite\",\"@id\":\"https:\\\/\\\/www.englishstay.cz\\\/de\\\/#website\",\"url\":\"https:\\\/\\\/www.englishstay.cz\\\/de\\\/\",\"name\":\"ENGLISHstay\",\"description\":\"Intenzivn\u00ed kurzy angli\u010dtiny s rodil\u00fdm mluv\u010d\u00edm\",\"potentialAction\":[{\"@type\":\"SearchAction\",\"target\":{\"@type\":\"EntryPoint\",\"urlTemplate\":\"https:\\\/\\\/www.englishstay.cz\\\/de\\\/?s={search_term_string}\"},\"query-input\":{\"@type\":\"PropertyValueSpecification\",\"valueRequired\":true,\"valueName\":\"search_term_string\"}}],\"inLanguage\":\"sk-SK\"}]}<\/script>\n<!-- \/ Yoast SEO plugin. -->","yoast_head_json":{"title":"T\u00fd\u017edenn\u00e9 individu\u00e1lne kurzy angli\u010dtiny Praha | ENGLISHstay","description":"Rozhovorte se anglicky na t\u00fd\u017edennom kurze angli\u010dtiny (70h angli\u010dtiny). Cel\u00fdch 6 dn\u00ed, spolu 70 hod\u00edn budete tr\u00e1vi\u0165 v anglicky hovoriacej..","robots":{"index":"index","follow":"follow","max-snippet":"max-snippet:-1","max-image-preview":"max-image-preview:large","max-video-preview":"max-video-preview:-1"},"canonical":"https:\/\/www.englishstay.cz\/sk\/tyzdenny-kurz-anglictiny\/","og_locale":"sk_SK","og_type":"article","og_title":"T\u00fd\u017edenn\u00e9 individu\u00e1lne kurzy angli\u010dtiny Praha | ENGLISHstay","og_description":"Rozhovorte se anglicky na t\u00fd\u017edennom kurze angli\u010dtiny (70h angli\u010dtiny). Cel\u00fdch 6 dn\u00ed, spolu 70 hod\u00edn budete tr\u00e1vi\u0165 v anglicky hovoriacej..","og_url":"https:\/\/www.englishstay.cz\/sk\/tyzdenny-kurz-anglictiny\/","og_site_name":"ENGLISHstay","article_publisher":"https:\/\/www.facebook.com\/kurzyanglictiny\/","article_modified_time":"2026-02-02T05:01:58+00:00","og_image":[{"width":260,"height":260,"url":"https:\/\/www.englishstay.cz\/media\/2019\/01\/logo-es.jpg","type":"image\/jpeg"}],"twitter_card":"summary_large_image","twitter_site":"@ENGLISHstay","twitter_misc":{"Predpokladan\u00fd \u010das \u010d\u00edtania":"3 min\u00faty"},"schema":{"@context":"https:\/\/schema.org","@graph":[{"@type":"WebPage","@id":"https:\/\/www.englishstay.cz\/sk\/tyzdenny-kurz-anglictiny\/","url":"https:\/\/www.englishstay.cz\/sk\/tyzdenny-kurz-anglictiny\/","name":"T\u00fd\u017edenn\u00e9 individu\u00e1lne kurzy angli\u010dtiny Praha | ENGLISHstay","isPartOf":{"@id":"https:\/\/www.englishstay.cz\/de\/#website"},"datePublished":"2018-01-22T09:39:33+00:00","dateModified":"2026-02-02T05:01:58+00:00","description":"Rozhovorte se anglicky na t\u00fd\u017edennom kurze angli\u010dtiny (70h angli\u010dtiny). Cel\u00fdch 6 dn\u00ed, spolu 70 hod\u00edn budete tr\u00e1vi\u0165 v anglicky hovoriacej..","breadcrumb":{"@id":"https:\/\/www.englishstay.cz\/sk\/tyzdenny-kurz-anglictiny\/#breadcrumb"},"inLanguage":"sk-SK","potentialAction":[{"@type":"ReadAction","target":["https:\/\/www.englishstay.cz\/sk\/tyzdenny-kurz-anglictiny\/"]}]},{"@type":"BreadcrumbList","@id":"https:\/\/www.englishstay.cz\/sk\/tyzdenny-kurz-anglictiny\/#breadcrumb","itemListElement":[{"@type":"ListItem","position":1,"name":"Dom\u016f","item":"https:\/\/www.englishstay.cz\/sk\/"},{"@type":"ListItem","position":2,"name":"T\u00fd\u017edenn\u00fd kurz angli\u010dtiny"}]},{"@type":"WebSite","@id":"https:\/\/www.englishstay.cz\/de\/#website","url":"https:\/\/www.englishstay.cz\/de\/","name":"ENGLISHstay","description":"Intenzivn\u00ed kurzy angli\u010dtiny s rodil\u00fdm mluv\u010d\u00edm","potentialAction":[{"@type":"SearchAction","target":{"@type":"EntryPoint","urlTemplate":"https:\/\/www.englishstay.cz\/de\/?s={search_term_string}"},"query-input":{"@type":"PropertyValueSpecification","valueRequired":true,"valueName":"search_term_string"}}],"inLanguage":"sk-SK"}]}},"_links":{"self":[{"href":"https:\/\/www.englishstay.cz\/sk\/wp-json\/wp\/v2\/pages\/7500","targetHints":{"allow":["GET"]}}],"collection":[{"href":"https:\/\/www.englishstay.cz\/sk\/wp-json\/wp\/v2\/pages"}],"about":[{"href":"https:\/\/www.englishstay.cz\/sk\/wp-json\/wp\/v2\/types\/page"}],"author":[{"embeddable":true,"href":"https:\/\/www.englishstay.cz\/sk\/wp-json\/wp\/v2\/users\/2"}],"replies":[{"embeddable":true,"href":"https:\/\/www.englishstay.cz\/sk\/wp-json\/wp\/v2\/comments?post=7500"}],"version-history":[{"count":20,"href":"https:\/\/www.englishstay.cz\/sk\/wp-json\/wp\/v2\/pages\/7500\/revisions"}],"predecessor-version":[{"id":14097,"href":"https:\/\/www.englishstay.cz\/sk\/wp-json\/wp\/v2\/pages\/7500\/revisions\/14097"}],"wp:attachment":[{"href":"https:\/\/www.englishstay.cz\/sk\/wp-json\/wp\/v2\/media?parent=7500"}],"curies":[{"name":"wp","href":"https:\/\/api.w.org\/{rel}","templated":true}]}}