{"id":7347,"date":"2017-11-22T14:54:41","date_gmt":"2017-11-22T13:54:41","guid":{"rendered":"https:\/\/englishstay.cz\/?page_id=7347"},"modified":"2026-02-02T05:56:28","modified_gmt":"2026-02-02T04:56:28","slug":"ucastnici-kurzu","status":"publish","type":"page","link":"https:\/\/www.englishstay.cz\/sk\/ucastnici-kurzu\/","title":{"rendered":"\u00da\u010dastn\u00edci kurzu"},"content":{"rendered":"<p>[et_pb_section fb_built=&#8220;1&#8243; fullwidth=&#8220;on&#8220; _builder_version=&#8220;4.16&#8243; background_color=&#8220;#ffffff&#8220; global_colors_info=&#8220;{}&#8220;][et_pb_fullwidth_image src=&#8220;\/media\/2017\/11\/foto_pozadi7.jpg&#8220; _builder_version=&#8220;4.16&#8243; global_colors_info=&#8220;{}&#8220;][\/et_pb_fullwidth_image][\/et_pb_section][et_pb_section fb_built=&#8220;1&#8243; _builder_version=&#8220;4.16&#8243; global_colors_info=&#8220;{}&#8220;][et_pb_row _builder_version=&#8220;4.16&#8243; background_size=&#8220;initial&#8220; background_position=&#8220;top_left&#8220; background_repeat=&#8220;repeat&#8220; global_colors_info=&#8220;{}&#8220;][et_pb_column type=&#8220;4_4&#8243; _builder_version=&#8220;4.16&#8243; custom_padding=&#8220;|||&#8220; global_colors_info=&#8220;{}&#8220; custom_padding__hover=&#8220;|||&#8220;][et_pb_text _builder_version=&#8220;4.16&#8243; global_colors_info=&#8220;{}&#8220;]<\/p>\n<h1>Kto s\u00fa \u00fa\u010dastn\u00edci kurzu?<\/h1>\n<p>&nbsp;<\/p>\n<p>Nie je \u0161tudent, ako \u0161tudent. \u00da\u010dastn\u00edkmi kurzu mysl\u00edme V\u00e1s, ktor\u00ed str\u00e1vite neuverite\u013en\u00fd, jedine\u010dn\u00fd a pr\u00edjemn\u00fd \u010das po boku roden\u00fdch hovoriacich. N\u00e1\u0161 intenz\u00edvny pobytov\u00fd kurz je ide\u00e1lny pre zvedav\u00fdch a soci\u00e1lne zdatn\u00fdch \u013eud\u00ed. Majte na pam\u00e4ti, \u017ee budete hovori\u0165 s r\u00f4znymi \u013eu\u010fmi z r\u00f4znych k\u00fatov sveta po dobu cel\u00e9ho d\u0148a (a\u017e 12 hod\u00edn denne\/6 dn\u00ed &#8211; spolu 70 hod\u00edn). N\u00e1\u0161 program je ur\u010den\u00fd pre \u013eud\u00ed, ktor\u00ed maj\u00fa radi in\u00e9 kult\u00fary, vzdel\u00e1vanie a stret\u00e1vanie sa s cudzincami.<\/p>\n<p>&nbsp;<\/p>\n<p>Intenz\u00edvny pobytov\u00fd kurz m\u00f4\u017eeme odporu\u010di\u0165 ka\u017ed\u00e9mu, kto si chce za kr\u00e1tku dobu vidite\u013ene zlep\u0161i\u0165 svoje vedomosti anglick\u00e9ho jazyka. \u00da\u010dastn\u00edkmi s\u00fa osoby star\u0161ie ako 18 rokov, t\u00ed, ktor\u00ed sa s\u00fastredia na praktick\u00e9 vyu\u017eitie anglick\u00e9ho jazyka. Osoby, ktor\u00e9 si chceli svoju angli\u010dtinu potr\u00e9nova\u0165 a zlep\u0161i\u0165, alebo aj odborn\u00edci a \u00fa\u010dastn\u00edci, ktor\u00ed angli\u010dtinu pou\u017e\u00edvaj\u00fa ka\u017ed\u00fd de\u0148 pre prezent\u00e1cie aj vo svojom zamestnan\u00ed a radi sa stret\u00e1vaj\u00fa s roden\u00fdmi hovoriacimi. Individu\u00e1lny pr\u00edstup v jednotliv\u00fdch v\u00fdukov\u00fdch hodin\u00e1ch zais\u0165uje mo\u017enos\u0165 konverz\u00e1cie s lektormi na ak\u00fako\u013evek, Vami zvolen\u00fa t\u00e9mu. \u010ci u\u017e ste dlhoro\u010dn\u00fd obchodn\u00edk, alebo \u0161tudent pripravuj\u00faci sa na svoju bud\u00facu kari\u00e9ru. Na\u0161imi \u00fa\u010dastn\u00edkmi s\u00fa \u013eudia od 18 rokov.<\/p>\n<p>&nbsp;<\/p>\n<h2>\u00da\u010dastn\u00edci kurzu<\/h2>\n<p>&nbsp;<\/p>\n<p>\u00da\u010dastn\u00edci intenz\u00edvneho pobytov\u00e9ho kurzu, s\u00fa pov\u00e4\u010d\u0161inou zo stredn\u00fdch a ve\u013ek\u00fdch firiem, podnikatelia, \u017eivnostn\u00edci, obchodn\u00edci, lek\u00e1ri, pr\u00e1vnici a cestovatelia, ktor\u00ed musia a chc\u00fa akt\u00edvne pou\u017e\u00edva\u0165 anglick\u00fd jazyk pre ka\u017edodenn\u00e9 potreby. Ide ale aj o ve\u013ek\u00e9 mno\u017estvo jednotlivcov, \u00fa\u010dastn\u00edkov, ktor\u00ed sa anglicky u\u017e u\u010dili s\u00fakromne, vysoko aj stredo\u0161kolsk\u00ed \u0161tudenti \u0161tuduj\u00faci na \u0161kol\u00e1ch, jazykov\u00fdch \u0161kol\u00e1ch, kde sa ov\u0161em tradi\u010dn\u00e1 v\u00fduka s\u00fastredila len na gramatiku, te\u00f3riu jazyka a hovoren\u00e1 angli\u010dtina bola opomenut\u00e1. Vzh\u013eadom k nemo\u017enosti prakticky pou\u017e\u00edva\u0165 anglick\u00fd jazyk, teda hovoren\u00fa angli\u010dtinu, sa pri t\u00fdchto vzdel\u00e1vac\u00edch hodin\u00e1ch \u0165a\u017eko vyv\u00edja spr\u00e1vna komunik\u00e1cia s osobami hovoriacimi angli\u010dtinou ako rodn\u00fdm jazykom a zrozumite\u013en\u00e9 ch\u00e1panie be\u017enej hovorovej angli\u010dtiny. Spolo\u010dn\u00fdch 6 dn\u00ed umo\u017en\u00ed v\u0161etk\u00fdm \u00fa\u010dastn\u00edkom stretn\u00fa\u0165 in\u00e9 kult\u00fary na jednom mieste a pritom nemusia vycestova\u0165 do kilometre vzdialen\u00fdch miest. T\u00e1to spolo\u010dn\u00e1 atmosf\u00e9ra zotrie kult\u00farne rozdiely, v\u010faka tomu vytvor\u00ed priestor s pr\u00edzvukom anglicky hovoriaceho sveta priamo tu v \u010cesku, v srdci Eur\u00f3py.<\/p>\n<p>&nbsp;<\/p>\n<h3>Roden\u00ed hovoriaci<\/h3>\n<p>&nbsp;<\/p>\n<p>Pre n\u00e1\u0161 program starostlivo vyber\u00e1me a poz\u00fdvame na na\u0161e pobyty rodene hovoriaci, z r\u00f4znych \u0161t\u00e1tov sveta, tak aby \u00fa\u010dastn\u00edkom kurzu, pri spolo\u010dnom pobyte, \u010do najviac pomohli s v\u00fdvojom ich jazykov\u00fdch schopnost\u00ed. S\u00fa to osoby z r\u00f4znych spolo\u010densk\u00fdch vrstiev, s rozli\u010dn\u00fdmi sk\u00fasenos\u0165ami aj z\u00e1\u017eitkami, v\u0161etci hovoria svojou vlastnou angli\u010dtinou. T\u00e1to individu\u00e1lna sk\u00fasenos\u0165 na\u0161ich roden\u00fdch hovoriacich je benefitom pre ka\u017ed\u00e9ho miestneho \u00fa\u010dastn\u00edka. Vypo\u010dujete si to\u013eko druhov angli\u010dtiny na jednom mieste, ako nikde inde.<\/p>\n<p>&nbsp;<\/p>\n<p>Pre roden\u00fdch hovoriacich z anglicky hovoriaceho sveta, je naopak ve\u013emi d\u00f4le\u017eit\u00e1 a jedine\u010dn\u00e1 pr\u00edle\u017eitos\u0165 pr\u00eds\u0165 do na\u0161ej krajiny, spozna\u0165 na\u0161u kult\u00faru, bohat\u00fa hist\u00f3riu, miestne zvyky a pom\u00f4c\u0165 \u00fa\u010dastn\u00edkom kurzu zlep\u0161i\u0165 ich jazykov\u00e9 znalosti a schopnosti. Po\u010das cel\u00e9ho pobytu m\u00f4\u017eeme na\u0161im mil\u00fdm hos\u0165om predstavi\u0165 bohat\u00fa kult\u00faru stredoeur\u00f3pskeho regi\u00f3nu, odkry\u0165 na\u0161u priate\u013esk\u00fa tv\u00e1r, na\u0161e bohat\u00e9 sk\u00fasenosti a vedomosti a t\u00fdm utu\u017ei\u0165 poz\u00edciu v medzin\u00e1rodnom prostred\u00ed.<\/p>\n<p>&nbsp;<\/p>\n<p>Cel\u00fdch 6 dn\u00ed, spolu 70 hod\u00edn budete tr\u00e1vi\u0165 v anglicky hovoriacej spolo\u010dnosti, toto <strong>prostredie pre V\u00e1s kone\u010dne prestane by\u0165 desiv\u00e9 a naopak z\u00edskate sebad\u00f4veru<\/strong>, ktor\u00fa m\u00f4\u017eete zdie\u013ea\u0165 s ostatn\u00fdmi \u00fa\u010dastn\u00edkmi pobytu. Viac ako <strong>90% \u00fa\u010dastn\u00edkov po absolvovan\u00ed pobytu je presved\u010den\u00fdch, \u017ee ich hovorov\u00e1 angli\u010dtina je plynulej\u0161ia ako po \u0161kolsk\u00fdch kurzoch v jazykov\u00fdch \u0161kol\u00e1ch. A to je na\u0161im cie\u013eom!<\/strong> Len tu je miesto,<strong> kde m\u00f4\u017eete robi\u0165 chyby<\/strong>, v hovorovej re\u010di, \u010di p\u00edsanej forme a ka\u017ed\u00fd V\u00e1m pom\u00f4\u017ee s ich opravou. <strong>Je to tie\u017e naposledy, kedy sa t\u00fdchto ch\u00fdb budete be\u017ene dop\u00fa\u0161\u0165a\u0165.<\/strong> V\u010faka individu\u00e1lnej komunik\u00e1cii m\u00e1te 6 dn\u00ed, takmer 12 hodin denne, aby ste si ujasnili, ako sa ktor\u00e9 slov\u00ed\u010dko vyslovuje, p\u00ed\u0161e, alebo ako sa zlo\u017e\u00ed spr\u00e1vne s\u00favetie.<\/p>\n<p>&nbsp;<\/p>\n<p>Pomocou z\u00e1kazu hovori\u0165 svojim rodn\u00fdm jazykom, s v\u00fdnimkou anglick\u00e9ho jazyka, a to aj s ostatn\u00fdmi \u00fa\u010dastn\u00edkmi kurzu, ka\u017ed\u00fd jedinec zlep\u0161\u00ed svoje znalosti podstatn\u00fdm sp\u00f4sobom. Podpor\u00edme tento proces Vami zvolen\u00fdmi t\u00e9mami, ktor\u00fdmi budeme prech\u00e1dza\u0165 jednotlivo cel\u00e9 dni. M\u00e1te jedine\u010dn\u00fa mo\u017enos\u0165 vysk\u00fa\u0161a\u0165 si s roden\u00fdmi hovoriacimi t\u00e9my ako: &#8222;po\u017eiada\u0165 si vy\u0161\u0161\u00ed plat, objedna\u0165 si izbu v hoteli, anglicky sa porozpr\u00e1va\u0165 po telef\u00f3ne, alebo si len tak z\u00e1js\u0165 na obed s roden\u00fdm hovoriacim&#8220;. Tie naj\u010dastej\u0161ie situ\u00e1cie re\u00e1lneho \u017eivota budeme simulova\u0165 po\u010das ka\u017edej sekundy pobytu.<\/p>\n<p>&nbsp;<\/p>\n<p>Do n\u00e1\u0161ho programu sa zap\u00e1jaj\u00fa roden\u00ed hovoriaci z mnoh\u00fdch anglicky hovoriacich kraj\u00edn. Len v\u010faka intenz\u00edvnej komunik\u00e1cii s t\u00fdmito \u00fa\u010dastn\u00edkmi m\u00f4\u017eete napo\u010d\u00fava\u0165 mnoho druhov pr\u00edzvukov, akcentov a sp\u00f4sobov vyjadrovania sa a Va\u0161e vyjadrovacie schopnosti a znalosti anglick\u00e9ho jazyka sa bud\u00fa vyv\u00edja\u0165 ove\u013ea r\u00fdchlej\u0161ie ne\u017e dosia\u013e. V\u010faka \u0161iestim d\u0148om str\u00e1ven\u00fdm v pr\u00edjemnom prostred\u00ed hotela po boku roden\u00fdch hovoriacich, sa m\u00f4\u017eete prirodzene, akt\u00edvne ponori\u0165 do angli\u010dtiny, tak, ako ju roden\u00ed hovoriaci pou\u017e\u00edvaj\u00fa ka\u017ed\u00fd de\u0148 svojho \u017eivota. M\u00e1te jedine\u010dn\u00fa pr\u00edle\u017eitos\u0165 nadviaza\u0165 neform\u00e1lnu, pracovn\u00fa, nebo spolo\u010densk\u00fa konverz\u00e1ciu.<\/p>\n<p>[\/et_pb_text][\/et_pb_column][\/et_pb_row][\/et_pb_section]<\/p>\n<span class=\"et_bloom_bottom_trigger\"><\/span>","protected":false},"excerpt":{"rendered":"<p>Pre roden\u00fdch hovoriacich z anglicky hovoriaceho sveta, je naopak ve\u013emi d\u00f4le\u017eit\u00e1 a jedine\u010dn\u00e1 pr\u00edle\u017eitos\u0165 pr\u00eds\u0165 do na\u0161ej krajiny,..<\/p>\n","protected":false},"author":2,"featured_media":0,"parent":0,"menu_order":0,"comment_status":"closed","ping_status":"closed","template":"","meta":{"_et_pb_use_builder":"on","_et_pb_old_content":"","_et_gb_content_width":"","footnotes":""},"class_list":["post-7347","page","type-page","status-publish","hentry"],"yoast_head":"<!-- This site is optimized with the Yoast SEO plugin v26.4 - https:\/\/yoast.com\/wordpress\/plugins\/seo\/ -->\n<title>\u00da\u010dastn\u00edci kurzu | ENGLISHstay<\/title>\n<meta name=\"description\" content=\"Pre roden\u00fdch hovoriacich z anglicky hovoriaceho sveta, je naopak ve\u013emi d\u00f4le\u017eit\u00e1 a jedine\u010dn\u00e1 pr\u00edle\u017eitos\u0165 pr\u00eds\u0165 do na\u0161ej krajiny,..\" \/>\n<meta name=\"robots\" content=\"index, follow, max-snippet:-1, max-image-preview:large, max-video-preview:-1\" \/>\n<link rel=\"canonical\" href=\"https:\/\/www.englishstay.cz\/sk\/ucastnici-kurzu\/\" \/>\n<meta property=\"og:locale\" content=\"sk_SK\" \/>\n<meta property=\"og:type\" content=\"article\" \/>\n<meta property=\"og:title\" content=\"\u00da\u010dastn\u00edci kurzu | ENGLISHstay\" \/>\n<meta property=\"og:description\" content=\"Pre roden\u00fdch hovoriacich z anglicky hovoriaceho sveta, je naopak ve\u013emi d\u00f4le\u017eit\u00e1 a jedine\u010dn\u00e1 pr\u00edle\u017eitos\u0165 pr\u00eds\u0165 do na\u0161ej krajiny,..\" \/>\n<meta property=\"og:url\" content=\"https:\/\/www.englishstay.cz\/sk\/ucastnici-kurzu\/\" \/>\n<meta property=\"og:site_name\" content=\"ENGLISHstay\" \/>\n<meta property=\"article:publisher\" content=\"https:\/\/www.facebook.com\/kurzyanglictiny\/\" \/>\n<meta property=\"article:modified_time\" content=\"2026-02-02T04:56:28+00:00\" \/>\n<meta property=\"og:image\" content=\"https:\/\/www.englishstay.cz\/media\/2019\/01\/logo-es.jpg\" \/>\n\t<meta property=\"og:image:width\" content=\"260\" \/>\n\t<meta property=\"og:image:height\" content=\"260\" \/>\n\t<meta property=\"og:image:type\" content=\"image\/jpeg\" \/>\n<meta name=\"twitter:card\" content=\"summary_large_image\" \/>\n<meta name=\"twitter:site\" content=\"@ENGLISHstay\" \/>\n<meta name=\"twitter:label1\" content=\"Predpokladan\u00fd \u010das \u010d\u00edtania\" \/>\n\t<meta name=\"twitter:data1\" content=\"5 min\u00fat\" \/>\n<script type=\"application\/ld+json\" class=\"yoast-schema-graph\">{\"@context\":\"https:\/\/schema.org\",\"@graph\":[{\"@type\":\"WebPage\",\"@id\":\"https:\/\/www.englishstay.cz\/sk\/ucastnici-kurzu\/\",\"url\":\"https:\/\/www.englishstay.cz\/sk\/ucastnici-kurzu\/\",\"name\":\"\u00da\u010dastn\u00edci kurzu | ENGLISHstay\",\"isPartOf\":{\"@id\":\"https:\/\/www.englishstay.cz\/de\/#website\"},\"datePublished\":\"2017-11-22T13:54:41+00:00\",\"dateModified\":\"2026-02-02T04:56:28+00:00\",\"description\":\"Pre roden\u00fdch hovoriacich z anglicky hovoriaceho sveta, je naopak ve\u013emi d\u00f4le\u017eit\u00e1 a jedine\u010dn\u00e1 pr\u00edle\u017eitos\u0165 pr\u00eds\u0165 do na\u0161ej krajiny,..\",\"breadcrumb\":{\"@id\":\"https:\/\/www.englishstay.cz\/sk\/ucastnici-kurzu\/#breadcrumb\"},\"inLanguage\":\"sk-SK\",\"potentialAction\":[{\"@type\":\"ReadAction\",\"target\":[\"https:\/\/www.englishstay.cz\/sk\/ucastnici-kurzu\/\"]}]},{\"@type\":\"BreadcrumbList\",\"@id\":\"https:\/\/www.englishstay.cz\/sk\/ucastnici-kurzu\/#breadcrumb\",\"itemListElement\":[{\"@type\":\"ListItem\",\"position\":1,\"name\":\"Dom\u016f\",\"item\":\"https:\/\/www.englishstay.cz\/sk\/\"},{\"@type\":\"ListItem\",\"position\":2,\"name\":\"\u00da\u010dastn\u00edci kurzu\"}]},{\"@type\":\"WebSite\",\"@id\":\"https:\/\/www.englishstay.cz\/de\/#website\",\"url\":\"https:\/\/www.englishstay.cz\/de\/\",\"name\":\"ENGLISHstay\",\"description\":\"Intenzivn\u00ed kurzy angli\u010dtiny s rodil\u00fdm mluv\u010d\u00edm\",\"potentialAction\":[{\"@type\":\"SearchAction\",\"target\":{\"@type\":\"EntryPoint\",\"urlTemplate\":\"https:\/\/www.englishstay.cz\/de\/?s={search_term_string}\"},\"query-input\":{\"@type\":\"PropertyValueSpecification\",\"valueRequired\":true,\"valueName\":\"search_term_string\"}}],\"inLanguage\":\"sk-SK\"}]}<\/script>\n<!-- \/ Yoast SEO plugin. -->","yoast_head_json":{"title":"\u00da\u010dastn\u00edci kurzu | ENGLISHstay","description":"Pre roden\u00fdch hovoriacich z anglicky hovoriaceho sveta, je naopak ve\u013emi d\u00f4le\u017eit\u00e1 a jedine\u010dn\u00e1 pr\u00edle\u017eitos\u0165 pr\u00eds\u0165 do na\u0161ej krajiny,..","robots":{"index":"index","follow":"follow","max-snippet":"max-snippet:-1","max-image-preview":"max-image-preview:large","max-video-preview":"max-video-preview:-1"},"canonical":"https:\/\/www.englishstay.cz\/sk\/ucastnici-kurzu\/","og_locale":"sk_SK","og_type":"article","og_title":"\u00da\u010dastn\u00edci kurzu | ENGLISHstay","og_description":"Pre roden\u00fdch hovoriacich z anglicky hovoriaceho sveta, je naopak ve\u013emi d\u00f4le\u017eit\u00e1 a jedine\u010dn\u00e1 pr\u00edle\u017eitos\u0165 pr\u00eds\u0165 do na\u0161ej krajiny,..","og_url":"https:\/\/www.englishstay.cz\/sk\/ucastnici-kurzu\/","og_site_name":"ENGLISHstay","article_publisher":"https:\/\/www.facebook.com\/kurzyanglictiny\/","article_modified_time":"2026-02-02T04:56:28+00:00","og_image":[{"width":260,"height":260,"url":"https:\/\/www.englishstay.cz\/media\/2019\/01\/logo-es.jpg","type":"image\/jpeg"}],"twitter_card":"summary_large_image","twitter_site":"@ENGLISHstay","twitter_misc":{"Predpokladan\u00fd \u010das \u010d\u00edtania":"5 min\u00fat"},"schema":{"@context":"https:\/\/schema.org","@graph":[{"@type":"WebPage","@id":"https:\/\/www.englishstay.cz\/sk\/ucastnici-kurzu\/","url":"https:\/\/www.englishstay.cz\/sk\/ucastnici-kurzu\/","name":"\u00da\u010dastn\u00edci kurzu | ENGLISHstay","isPartOf":{"@id":"https:\/\/www.englishstay.cz\/de\/#website"},"datePublished":"2017-11-22T13:54:41+00:00","dateModified":"2026-02-02T04:56:28+00:00","description":"Pre roden\u00fdch hovoriacich z anglicky hovoriaceho sveta, je naopak ve\u013emi d\u00f4le\u017eit\u00e1 a jedine\u010dn\u00e1 pr\u00edle\u017eitos\u0165 pr\u00eds\u0165 do na\u0161ej krajiny,..","breadcrumb":{"@id":"https:\/\/www.englishstay.cz\/sk\/ucastnici-kurzu\/#breadcrumb"},"inLanguage":"sk-SK","potentialAction":[{"@type":"ReadAction","target":["https:\/\/www.englishstay.cz\/sk\/ucastnici-kurzu\/"]}]},{"@type":"BreadcrumbList","@id":"https:\/\/www.englishstay.cz\/sk\/ucastnici-kurzu\/#breadcrumb","itemListElement":[{"@type":"ListItem","position":1,"name":"Dom\u016f","item":"https:\/\/www.englishstay.cz\/sk\/"},{"@type":"ListItem","position":2,"name":"\u00da\u010dastn\u00edci kurzu"}]},{"@type":"WebSite","@id":"https:\/\/www.englishstay.cz\/de\/#website","url":"https:\/\/www.englishstay.cz\/de\/","name":"ENGLISHstay","description":"Intenzivn\u00ed kurzy angli\u010dtiny s rodil\u00fdm mluv\u010d\u00edm","potentialAction":[{"@type":"SearchAction","target":{"@type":"EntryPoint","urlTemplate":"https:\/\/www.englishstay.cz\/de\/?s={search_term_string}"},"query-input":{"@type":"PropertyValueSpecification","valueRequired":true,"valueName":"search_term_string"}}],"inLanguage":"sk-SK"}]}},"_links":{"self":[{"href":"https:\/\/www.englishstay.cz\/sk\/wp-json\/wp\/v2\/pages\/7347","targetHints":{"allow":["GET"]}}],"collection":[{"href":"https:\/\/www.englishstay.cz\/sk\/wp-json\/wp\/v2\/pages"}],"about":[{"href":"https:\/\/www.englishstay.cz\/sk\/wp-json\/wp\/v2\/types\/page"}],"author":[{"embeddable":true,"href":"https:\/\/www.englishstay.cz\/sk\/wp-json\/wp\/v2\/users\/2"}],"replies":[{"embeddable":true,"href":"https:\/\/www.englishstay.cz\/sk\/wp-json\/wp\/v2\/comments?post=7347"}],"version-history":[{"count":7,"href":"https:\/\/www.englishstay.cz\/sk\/wp-json\/wp\/v2\/pages\/7347\/revisions"}],"predecessor-version":[{"id":14090,"href":"https:\/\/www.englishstay.cz\/sk\/wp-json\/wp\/v2\/pages\/7347\/revisions\/14090"}],"wp:attachment":[{"href":"https:\/\/www.englishstay.cz\/sk\/wp-json\/wp\/v2\/media?parent=7347"}],"curies":[{"name":"wp","href":"https:\/\/api.w.org\/{rel}","templated":true}]}}