{"id":7346,"date":"2017-11-22T15:14:53","date_gmt":"2017-11-22T14:14:53","guid":{"rendered":"https:\/\/englishstay.cz\/?page_id=7346"},"modified":"2026-02-02T06:09:15","modified_gmt":"2026-02-02T05:09:15","slug":"soutez","status":"publish","type":"page","link":"https:\/\/www.englishstay.cz\/sk\/soutez\/","title":{"rendered":"S\u00fa\u0165a\u017e"},"content":{"rendered":"<p>[et_pb_section fb_built=&#8220;1&#8243; fullwidth=&#8220;on&#8220; _builder_version=&#8220;4.16&#8243; background_color=&#8220;#ffffff&#8220; global_colors_info=&#8220;{}&#8220;][et_pb_fullwidth_image src=&#8220;\/media\/2017\/11\/bg_pobyty.jpg&#8220; _builder_version=&#8220;4.16&#8243; global_colors_info=&#8220;{}&#8220;][\/et_pb_fullwidth_image][\/et_pb_section][et_pb_section fb_built=&#8220;1&#8243; _builder_version=&#8220;4.16&#8243; global_colors_info=&#8220;{}&#8220;][et_pb_row _builder_version=&#8220;4.16&#8243; background_size=&#8220;initial&#8220; background_position=&#8220;top_left&#8220; background_repeat=&#8220;repeat&#8220; global_colors_info=&#8220;{}&#8220;][et_pb_column type=&#8220;4_4&#8243; _builder_version=&#8220;4.16&#8243; custom_padding=&#8220;|||&#8220; global_colors_info=&#8220;{}&#8220; custom_padding__hover=&#8220;|||&#8220;][et_pb_text _builder_version=&#8220;4.16&#8243; global_colors_info=&#8220;{}&#8220;]<\/p>\n<h1>S\u00fa\u0165a\u017e<\/h1>\n<p style=\"font-weight: 400;\"><strong>SOUT\u011a\u017dTE S\u00a0N\u00c1MI NA\u00a0<a href=\"https:\/\/www.facebook.com\/kurzyanglictiny\/\">FACEBOOKU<\/a> \ud83d\ude42<\/strong><\/p>\n<p data-offset-key=\"9e3pn-0-0\"><span data-offset-key=\"9e3pn-0-0\"><a href=\"https:\/\/www.facebook.com\/kurzyanglictiny\/\" target=\"_blank\" rel=\"noopener noreferrer\">Facebook<\/a><\/span><span data-offset-key=\"bt9ij-0-0\"><br \/><\/span><\/p>\n<p data-offset-key=\"b7n3q-0-0\"><span data-offset-key=\"b7n3q-0-0\">\u00a0<\/span><\/p>\n<p data-offset-key=\"9ni3s-0-0\"><strong>T\u00fdm ENGLISHstay<\/strong><\/p>\n<p>[\/et_pb_text][\/et_pb_column][\/et_pb_row][\/et_pb_section]<\/p>\n<span class=\"et_bloom_bottom_trigger\"><\/span>","protected":false},"excerpt":{"rendered":"<p>U\u017eite si t\u00fd\u017ede\u0148 s roden\u00fdmi hovoriacimi, kedy sa pri konverz\u00e1cii pou\u017e\u00edva syst\u00e9m 1-1 (jeden roden\u00fd hovoriaci na jedn\u00e9ho \u00fa\u010dastn\u00edka kurzu).<\/p>\n","protected":false},"author":2,"featured_media":0,"parent":0,"menu_order":0,"comment_status":"closed","ping_status":"closed","template":"","meta":{"_et_pb_use_builder":"on","_et_pb_old_content":"","_et_gb_content_width":"","footnotes":""},"class_list":["post-7346","page","type-page","status-publish","hentry"],"yoast_head":"<!-- This site is optimized with the Yoast SEO plugin v26.4 - https:\/\/yoast.com\/wordpress\/plugins\/seo\/ -->\n<title>S\u00fa\u0165a\u017e | ENGLISHstay<\/title>\n<meta name=\"description\" content=\"U\u017eite si t\u00fd\u017ede\u0148 s roden\u00fdmi hovoriacimi, kedy sa pri konverz\u00e1cii pou\u017e\u00edva syst\u00e9m 1-1 (jeden roden\u00fd hovoriaci na jedn\u00e9ho \u00fa\u010dastn\u00edka kurzu).\" \/>\n<meta name=\"robots\" content=\"index, follow, max-snippet:-1, max-image-preview:large, max-video-preview:-1\" \/>\n<link rel=\"canonical\" href=\"https:\/\/www.englishstay.cz\/sk\/soutez\/\" \/>\n<meta property=\"og:locale\" content=\"sk_SK\" \/>\n<meta property=\"og:type\" content=\"article\" \/>\n<meta property=\"og:title\" content=\"S\u00fa\u0165a\u017e | ENGLISHstay\" \/>\n<meta property=\"og:description\" content=\"U\u017eite si t\u00fd\u017ede\u0148 s roden\u00fdmi hovoriacimi, kedy sa pri konverz\u00e1cii pou\u017e\u00edva syst\u00e9m 1-1 (jeden roden\u00fd hovoriaci na jedn\u00e9ho \u00fa\u010dastn\u00edka kurzu).\" \/>\n<meta property=\"og:url\" content=\"https:\/\/www.englishstay.cz\/sk\/soutez\/\" \/>\n<meta property=\"og:site_name\" content=\"ENGLISHstay\" \/>\n<meta property=\"article:publisher\" content=\"https:\/\/www.facebook.com\/kurzyanglictiny\/\" \/>\n<meta property=\"article:modified_time\" content=\"2026-02-02T05:09:15+00:00\" \/>\n<meta property=\"og:image\" content=\"https:\/\/www.englishstay.cz\/media\/2019\/01\/logo-es.jpg\" \/>\n\t<meta property=\"og:image:width\" content=\"260\" \/>\n\t<meta property=\"og:image:height\" content=\"260\" \/>\n\t<meta property=\"og:image:type\" content=\"image\/jpeg\" \/>\n<meta name=\"twitter:card\" content=\"summary_large_image\" \/>\n<meta name=\"twitter:site\" content=\"@ENGLISHstay\" \/>\n<meta name=\"twitter:label1\" content=\"Predpokladan\u00fd \u010das \u010d\u00edtania\" \/>\n\t<meta name=\"twitter:data1\" content=\"1 min\u00fata\" \/>\n<script type=\"application\/ld+json\" class=\"yoast-schema-graph\">{\"@context\":\"https:\/\/schema.org\",\"@graph\":[{\"@type\":\"WebPage\",\"@id\":\"https:\/\/www.englishstay.cz\/sk\/soutez\/\",\"url\":\"https:\/\/www.englishstay.cz\/sk\/soutez\/\",\"name\":\"S\u00fa\u0165a\u017e | ENGLISHstay\",\"isPartOf\":{\"@id\":\"https:\/\/www.englishstay.cz\/de\/#website\"},\"datePublished\":\"2017-11-22T14:14:53+00:00\",\"dateModified\":\"2026-02-02T05:09:15+00:00\",\"description\":\"U\u017eite si t\u00fd\u017ede\u0148 s roden\u00fdmi hovoriacimi, kedy sa pri konverz\u00e1cii pou\u017e\u00edva syst\u00e9m 1-1 (jeden roden\u00fd hovoriaci na jedn\u00e9ho \u00fa\u010dastn\u00edka kurzu).\",\"breadcrumb\":{\"@id\":\"https:\/\/www.englishstay.cz\/sk\/soutez\/#breadcrumb\"},\"inLanguage\":\"sk-SK\",\"potentialAction\":[{\"@type\":\"ReadAction\",\"target\":[\"https:\/\/www.englishstay.cz\/sk\/soutez\/\"]}]},{\"@type\":\"BreadcrumbList\",\"@id\":\"https:\/\/www.englishstay.cz\/sk\/soutez\/#breadcrumb\",\"itemListElement\":[{\"@type\":\"ListItem\",\"position\":1,\"name\":\"Dom\u016f\",\"item\":\"https:\/\/www.englishstay.cz\/sk\/\"},{\"@type\":\"ListItem\",\"position\":2,\"name\":\"S\u00fa\u0165a\u017e\"}]},{\"@type\":\"WebSite\",\"@id\":\"https:\/\/www.englishstay.cz\/de\/#website\",\"url\":\"https:\/\/www.englishstay.cz\/de\/\",\"name\":\"ENGLISHstay\",\"description\":\"Intenzivn\u00ed kurzy angli\u010dtiny s rodil\u00fdm mluv\u010d\u00edm\",\"potentialAction\":[{\"@type\":\"SearchAction\",\"target\":{\"@type\":\"EntryPoint\",\"urlTemplate\":\"https:\/\/www.englishstay.cz\/de\/?s={search_term_string}\"},\"query-input\":{\"@type\":\"PropertyValueSpecification\",\"valueRequired\":true,\"valueName\":\"search_term_string\"}}],\"inLanguage\":\"sk-SK\"}]}<\/script>\n<!-- \/ Yoast SEO plugin. -->","yoast_head_json":{"title":"S\u00fa\u0165a\u017e | ENGLISHstay","description":"U\u017eite si t\u00fd\u017ede\u0148 s roden\u00fdmi hovoriacimi, kedy sa pri konverz\u00e1cii pou\u017e\u00edva syst\u00e9m 1-1 (jeden roden\u00fd hovoriaci na jedn\u00e9ho \u00fa\u010dastn\u00edka kurzu).","robots":{"index":"index","follow":"follow","max-snippet":"max-snippet:-1","max-image-preview":"max-image-preview:large","max-video-preview":"max-video-preview:-1"},"canonical":"https:\/\/www.englishstay.cz\/sk\/soutez\/","og_locale":"sk_SK","og_type":"article","og_title":"S\u00fa\u0165a\u017e | ENGLISHstay","og_description":"U\u017eite si t\u00fd\u017ede\u0148 s roden\u00fdmi hovoriacimi, kedy sa pri konverz\u00e1cii pou\u017e\u00edva syst\u00e9m 1-1 (jeden roden\u00fd hovoriaci na jedn\u00e9ho \u00fa\u010dastn\u00edka kurzu).","og_url":"https:\/\/www.englishstay.cz\/sk\/soutez\/","og_site_name":"ENGLISHstay","article_publisher":"https:\/\/www.facebook.com\/kurzyanglictiny\/","article_modified_time":"2026-02-02T05:09:15+00:00","og_image":[{"width":260,"height":260,"url":"https:\/\/www.englishstay.cz\/media\/2019\/01\/logo-es.jpg","type":"image\/jpeg"}],"twitter_card":"summary_large_image","twitter_site":"@ENGLISHstay","twitter_misc":{"Predpokladan\u00fd \u010das \u010d\u00edtania":"1 min\u00fata"},"schema":{"@context":"https:\/\/schema.org","@graph":[{"@type":"WebPage","@id":"https:\/\/www.englishstay.cz\/sk\/soutez\/","url":"https:\/\/www.englishstay.cz\/sk\/soutez\/","name":"S\u00fa\u0165a\u017e | ENGLISHstay","isPartOf":{"@id":"https:\/\/www.englishstay.cz\/de\/#website"},"datePublished":"2017-11-22T14:14:53+00:00","dateModified":"2026-02-02T05:09:15+00:00","description":"U\u017eite si t\u00fd\u017ede\u0148 s roden\u00fdmi hovoriacimi, kedy sa pri konverz\u00e1cii pou\u017e\u00edva syst\u00e9m 1-1 (jeden roden\u00fd hovoriaci na jedn\u00e9ho \u00fa\u010dastn\u00edka kurzu).","breadcrumb":{"@id":"https:\/\/www.englishstay.cz\/sk\/soutez\/#breadcrumb"},"inLanguage":"sk-SK","potentialAction":[{"@type":"ReadAction","target":["https:\/\/www.englishstay.cz\/sk\/soutez\/"]}]},{"@type":"BreadcrumbList","@id":"https:\/\/www.englishstay.cz\/sk\/soutez\/#breadcrumb","itemListElement":[{"@type":"ListItem","position":1,"name":"Dom\u016f","item":"https:\/\/www.englishstay.cz\/sk\/"},{"@type":"ListItem","position":2,"name":"S\u00fa\u0165a\u017e"}]},{"@type":"WebSite","@id":"https:\/\/www.englishstay.cz\/de\/#website","url":"https:\/\/www.englishstay.cz\/de\/","name":"ENGLISHstay","description":"Intenzivn\u00ed kurzy angli\u010dtiny s rodil\u00fdm mluv\u010d\u00edm","potentialAction":[{"@type":"SearchAction","target":{"@type":"EntryPoint","urlTemplate":"https:\/\/www.englishstay.cz\/de\/?s={search_term_string}"},"query-input":{"@type":"PropertyValueSpecification","valueRequired":true,"valueName":"search_term_string"}}],"inLanguage":"sk-SK"}]}},"_links":{"self":[{"href":"https:\/\/www.englishstay.cz\/sk\/wp-json\/wp\/v2\/pages\/7346","targetHints":{"allow":["GET"]}}],"collection":[{"href":"https:\/\/www.englishstay.cz\/sk\/wp-json\/wp\/v2\/pages"}],"about":[{"href":"https:\/\/www.englishstay.cz\/sk\/wp-json\/wp\/v2\/types\/page"}],"author":[{"embeddable":true,"href":"https:\/\/www.englishstay.cz\/sk\/wp-json\/wp\/v2\/users\/2"}],"replies":[{"embeddable":true,"href":"https:\/\/www.englishstay.cz\/sk\/wp-json\/wp\/v2\/comments?post=7346"}],"version-history":[{"count":10,"href":"https:\/\/www.englishstay.cz\/sk\/wp-json\/wp\/v2\/pages\/7346\/revisions"}],"predecessor-version":[{"id":14104,"href":"https:\/\/www.englishstay.cz\/sk\/wp-json\/wp\/v2\/pages\/7346\/revisions\/14104"}],"wp:attachment":[{"href":"https:\/\/www.englishstay.cz\/sk\/wp-json\/wp\/v2\/media?parent=7346"}],"curies":[{"name":"wp","href":"https:\/\/api.w.org\/{rel}","templated":true}]}}