{"id":7345,"date":"2017-11-21T15:10:07","date_gmt":"2017-11-21T14:10:07","guid":{"rendered":"https:\/\/englishstay.cz\/?page_id=7345"},"modified":"2026-02-02T06:06:45","modified_gmt":"2026-02-02T05:06:45","slug":"typicky-pobyt","status":"publish","type":"page","link":"https:\/\/www.englishstay.cz\/sk\/typicky-pobyt\/","title":{"rendered":"Typick\u00fd pobyt"},"content":{"rendered":"<p>[et_pb_section fb_built=&#8220;1&#8243; fullwidth=&#8220;on&#8220; _builder_version=&#8220;4.16&#8243; background_color=&#8220;#ffffff&#8220; global_colors_info=&#8220;{}&#8220;][et_pb_fullwidth_image src=&#8220;\/media\/2017\/11\/foto_pozadi4.jpg&#8220; _builder_version=&#8220;4.16&#8243; global_colors_info=&#8220;{}&#8220;][\/et_pb_fullwidth_image][\/et_pb_section][et_pb_section fb_built=&#8220;1&#8243; _builder_version=&#8220;4.16&#8243; global_colors_info=&#8220;{}&#8220;][et_pb_row _builder_version=&#8220;4.16&#8243; custom_margin=&#8220;||0px|&#8220; custom_padding=&#8220;||0px|&#8220; global_colors_info=&#8220;{}&#8220;][et_pb_column type=&#8220;4_4&#8243; _builder_version=&#8220;4.16&#8243; custom_padding=&#8220;|||&#8220; global_colors_info=&#8220;{}&#8220; custom_padding__hover=&#8220;|||&#8220;][et_pb_text admin_label=&#8220;Nadpis h1&#8243; _builder_version=&#8220;4.16&#8243; global_colors_info=&#8220;{}&#8220;]<\/p>\n<h1>Typick\u00fd pobytov\u00fd de\u0148<\/h1>\n<p>[\/et_pb_text][\/et_pb_column][\/et_pb_row][et_pb_row _builder_version=&#8220;4.16&#8243; background_size=&#8220;initial&#8220; background_position=&#8220;top_left&#8220; background_repeat=&#8220;repeat&#8220; global_colors_info=&#8220;{}&#8220; column_structure=&#8220;1_2,1_2&#8243;][et_pb_column type=&#8220;1_2&#8243; _builder_version=&#8220;4.16&#8243; custom_padding=&#8220;|||&#8220; global_colors_info=&#8220;{}&#8220; custom_padding__hover=&#8220;|||&#8220;][et_pb_text _builder_version=&#8220;4.16&#8243; global_colors_info=&#8220;{}&#8220;]<\/p>\n<p><strong>Harmonogram dne:<\/strong><\/p>\n<p><b>08.30 &#8211; 09.30<\/b>\u00a0Ranajky<br \/>\n<b>09.30 &#8211; 10.30<\/b>\u00a01-1 Session<br \/>\n<b>10.30 &#8211; 11.30<\/b>\u00a01-1 Session<br \/>\n<b>11.30 &#8211; 12.30<\/b>\u00a0Skupinov\u00e9 aktivity<br \/>\n<b>13.30 &#8211; 14.30<\/b>\u00a0Ob\u011bd<br \/>\n<b>14.30 &#8211; 16.00<\/b>\u00a0Pauza<br \/>\n<b>16.00 &#8211; 17.00<\/b>\u00a01-1 Session<br \/>\n<b>17.00 &#8211; 18.00<\/b>\u00a01-1 Session<br \/>\n<b>18.00 &#8211; 19.00<\/b>\u00a0Skupinov\u00e9 aktivity<br \/>\n<b>19.00 &#8211; 20.00<\/b>\u00a0Ve\u010dera<br \/>\n<b>20.00 &#8211; 21.30<\/b>\u00a0Skupinov\u00e9 aktivity<\/p>\n<p>[\/et_pb_text][\/et_pb_column][et_pb_column type=&#8220;1_2&#8243; _builder_version=&#8220;4.16&#8243; custom_padding=&#8220;|||&#8220; global_colors_info=&#8220;{}&#8220; custom_padding__hover=&#8220;|||&#8220;][et_pb_image src=&#8220;\/media\/2017\/11\/foto_obsah6.jpg&#8220; align=&#8220;right&#8220; align_tablet=&#8220;center&#8220; align_last_edited=&#8220;on|desktop&#8220; _builder_version=&#8220;4.16&#8243; global_colors_info=&#8220;{}&#8220; align_phone=&#8220;center&#8220;][\/et_pb_image][\/et_pb_column][\/et_pb_row][et_pb_row _builder_version=&#8220;4.16&#8243; background_size=&#8220;initial&#8220; background_position=&#8220;top_left&#8220; background_repeat=&#8220;repeat&#8220; global_colors_info=&#8220;{}&#8220;][et_pb_column type=&#8220;4_4&#8243; _builder_version=&#8220;4.16&#8243; custom_padding=&#8220;|||&#8220; global_colors_info=&#8220;{}&#8220; custom_padding__hover=&#8220;|||&#8220;][et_pb_toggle title=&#8220;Viac o typickom pobytovom dni&#8220; closed_toggle_text_color=&#8220;#000000&#8243; closed_toggle_background_color=&#8220;#ffffff&#8220; icon_color=&#8220;#970100&#8243; open_icon_color=&#8220;#970100&#8243; _builder_version=&#8220;4.16&#8243; border_width_bottom=&#8220;2px&#8220; border_color_bottom=&#8220;#970100&#8243; global_colors_info=&#8220;{}&#8220;]<\/p>\n<p><strong>Ka\u017ed\u00e9 r\u00e1no vylosujeme jednu z farebn\u00fdch t\u00e9m vybran\u00fdch Vami a cel\u00fd de\u0148 sa odvinie v tomto duchu: <\/strong><\/p>\n<p>&nbsp;<\/p>\n<table cellspacing=\"0\" cellpadding=\"0\" border=\"0\">\n<tbody>\n<tr>\n<td>08.30 \u2013 09.30<\/td>\n<td>Spole\u010dn\u00e1 sn\u00eddan\u011b p\u0159i dobr\u00e9m r\u00e1nu<\/td>\n<\/tr>\n<tr>\n<td>09.30 \u2013 10.30<\/td>\n<td>Intenzivn\u00ed komunikace 1 \u2013 1 (1rodil\u00fd mluv\u010d\u00ed &#8211; 1\u00fa\u010dastn\u00edk kurzu). Po r\u00e1nu, se za\u010derstva za\u010dnete p\u0159ipravovat na celodenn\u00ed konverzaci ve zvolen\u00e9m t\u00e9matu a p\u0159ipomenete si p\u00e1r pojm\u016f z gramatiky a opr\u00e1\u0161\u00edte si slovn\u00ed z\u00e1sobu, pokud bude t\u0159eba. Pro Va\u0161e v\u011bt\u0161\u00ed pohodl\u00ed, v individu\u00e1ln\u00edm rozhovoru s rodil\u00fdm mluv\u010d\u00edm.<\/td>\n<\/tr>\n<tr>\n<td>10.30 \u2013 11.30<\/td>\n<td>D\u00e1le bude n\u00e1sledovat Intenzivn\u00ed komunikace 1 \u2013 1<\/td>\n<\/tr>\n<tr>\n<td>11.30 \u2013 12.30<\/td>\n<td>Skupinov\u00e9 aktivity (pono\u0159\u00edme se do \u010dil\u00e9 spolupr\u00e1ce)<\/td>\n<\/tr>\n<tr>\n<td>12.30 \u2013 13.30<\/td>\n<td>Intenzivn\u00ed komunikace 1 \u2013 1, ve kter\u00e9 se zam\u011b\u0159\u00edme na p\u0159\u00edpravu Va\u0161\u00ed z\u00e1v\u011bre\u010dn\u00e9 prezentace, kter\u00e1 V\u00e1m pom\u016f\u017ee ke zlep\u0161en\u00ed projevu v anglick\u00e9m jazyce.<\/td>\n<\/tr>\n<tr>\n<td>13.30 \u2013 14.30<\/td>\n<td>Ob\u011bd<\/td>\n<\/tr>\n<tr>\n<td>14.30 \u2013 16.00<\/td>\n<td>Chvilka pro V\u00e1\u0161 oddech, kde budete m\u00edt \u010das jen a pouze na sebe \ud83d\ude42<\/td>\n<\/tr>\n<tr>\n<td>16.00 \u2013 17.00<\/td>\n<td>Intenzivn\u00ed komunikace 1 \u2013 1 (nebojte nic, ka\u017ed\u00fd vyjde na ka\u017ed\u00e9ho)<\/td>\n<\/tr>\n<tr>\n<td>17.00 \u2013 18.00<\/td>\n<td>Intenzivn\u00ed komunikace 1 \u2013 1 <\/td>\n<\/tr>\n<tr>\n<td>18.00 \u2013 19.00<\/td>\n<td>Skupinov\u00e9 aktivity (hry, z\u00e1bava a spole\u010dn\u00e9 projekty)<\/td>\n<\/tr>\n<tr>\n<td>19.00 \u2013 20.00<\/td>\n<td>\u010cas ve\u010de\u0159e<\/td>\n<\/tr>\n<tr>\n<td>20.00 \u2013 21.30<\/td>\n<td>Spole\u010densk\u00e1 z\u00e1bava<\/td>\n<\/tr>\n<tr>\n<td>21.30 \u2013 ????<\/td>\n<td>Poj\u010fte s n\u00e1mi na drink \u2026 sejdeme se v baru<\/td>\n<\/tr>\n<\/tbody>\n<\/table>\n<p>&nbsp;<\/p>\n<p>&nbsp;<\/p>\n<p>&nbsp;<\/p>\n<h3>Individu\u00e1lna konverz\u00e1cia (1 -1)<\/h3>\n<p>&nbsp;<\/p>\n<p>Program: <strong>NEBOJ\u00cdM SE, CHCI KONE\u010cN\u011a MLUVIT (1-1)<\/strong><\/p>\n<p>&nbsp;<\/p>\n<p>Jednotliv\u00e9 hodinov\u00e9 konverz\u00e1cie, po\u010das ktor\u00fdch sa stret\u00e1va v\u017edy jeden \u00fa\u010dastn\u00edk kurzu a jeden roden\u00fd hovoriaci. Cel\u00fd de\u0148 budeme sledova\u0165 jednu vami zvolen\u00fa t\u00e9mu a jednotliv\u00e9 stretnutia budeme ladi\u0165 v tomto duchu. Prirodzene, ak budete ma\u0165 n\u00e1ladu, m\u00f4\u017eete t\u00e9mu rozhovoru s Va\u0161im lektorom zvoli\u0165 celkom individu\u00e1lne, sk\u00fa\u0161a\u0165 V\u00e1s z jednotliv\u00fdch t\u00e9m nebudeme. Striedan\u00edm jednotliv\u00fdch, Vami starostlivo vybran\u00fdch t\u00e9m (odborn\u00e9 t\u00e9my, n\u00e1kupy alebo cestovanie) z\u00edskavate ove\u013ea \u0161ir\u0161\u00ed rozh\u013ead a sk\u00fasenosti premietnut\u00e9 do Va\u0161ej hovorenej angli\u010dtiny.<\/p>\n<p>&nbsp;<\/p>\n<p>Roden\u00ed hovoriaci a miestni \u00fa\u010dastn\u00edci sa ka\u017ed\u00fa hodinu menia tak, aby sa stretol ka\u017ed\u00fd s ka\u017ed\u00fdm.<\/p>\n<p>&nbsp;<\/p>\n<p>Je Va\u0161im cie\u013eom zlep\u0161i\u0165 sa v ka\u017edodennej alebo biznis angli\u010dtine? M\u00f4\u017eete praktikova\u0165 t\u00e9my, ktor\u00e9 s\u00fa V\u00e1m bl\u00edzke alebo sa zameriate na prezent\u00e1ciu, jednanie alebo telefonick\u00e9 hovory? V pr\u00edpade telefonick\u00e9ho hovoru si precvi\u010d\u00edte skuto\u010dn\u00fa situ\u00e1ciu s vopred pripraven\u00fdmi ot\u00e1zkami, ktor\u00e9 V\u00e1m roden\u00ed hovoriaci bud\u00fa kl\u00e1s\u0165 po telef\u00f3ne.<\/p>\n<p>&nbsp;<\/p>\n<p>&nbsp;<\/p>\n<p>&nbsp;<\/p>\n<h3>Individu\u00e1lna konverz\u00e1cia (2-1)<\/h3>\n<p>&nbsp;<\/p>\n<p>Program: <strong>HOVOR\u00cdM M\u00c1LO A CHCEM VIAC (2-1)<\/strong><br \/> \u00da\u010dastn\u00edci tohoto kurzu konverzuj\u00ed s rodil\u00fdm mluv\u010d\u00edm ve dvojic\u00edch (syst\u00e9m 2-1). Vezm\u011bte s sebou kamar\u00e1dku, man\u017eela nebo partnerku a poznejte spole\u010dn\u011b nov\u00e9 p\u0159\u00e1tele a &#8222;otrkejte&#8220; se v anglick\u00e9 konverzaci.<\/p>\n<p>&nbsp;<\/p>\n<h3>Skupinov\u00e9 aktivity<\/h3>\n<p>&nbsp;<\/p>\n<p>V \u010dase skupinov\u00fdch aktiv\u00edt nadvia\u017eeme trochu spolupr\u00e1ce v t\u00edmom. V jednotliv\u00fdch t\u00e9mach bude cel\u00fd t\u00edm pripravova\u0165 mal\u00fd, obratom vymyslen\u00fd projekt, ktor\u00fd prednesie ostatn\u00fdm skupin\u00e1m. Je to ide\u00e1lny \u010das na na\u0161tartovanie anglick\u00e9ho jazyka v praxi pomocou malej prezent\u00e1cie.<\/p>\n<p>&nbsp;<\/p>\n<p>V \u010dase po ve\u010deri sa op\u00e4\u0165 stretneme v spolo\u010denskej miestnosti, kde V\u00e1s bude \u010daka\u0165 mno\u017estvo hier, kv\u00edzov a z\u00e1bavy. Miestni aj zahrani\u010dn\u00ed \u00fa\u010dastn\u00edci bud\u00fa spolu v prirodzenom prostred\u00ed komunikova\u0165 a bavi\u0165 sa v\u00fdhradne anglicky.<\/p>\n<p>[\/et_pb_toggle][\/et_pb_column][\/et_pb_row][\/et_pb_section]<\/p>\n<span class=\"et_bloom_bottom_trigger\"><\/span>","protected":false},"excerpt":{"rendered":"<p>\u201eRozhovor\u00edme V\u00e1s anglicky JEDEN na JEDN\u00c9HO (1-1)!\u201c V\u00fdu\u010dba angli\u010dtiny prebieha behom 6 dn\u00ed a min. 70 konverza\u010dn\u00fdch hod\u00edn&#8230;<\/p>\n","protected":false},"author":2,"featured_media":0,"parent":0,"menu_order":0,"comment_status":"closed","ping_status":"closed","template":"","meta":{"_et_pb_use_builder":"on","_et_pb_old_content":"","_et_gb_content_width":"","footnotes":""},"class_list":["post-7345","page","type-page","status-publish","hentry"],"yoast_head":"<!-- This site is optimized with the Yoast SEO plugin v27.5 - https:\/\/yoast.com\/product\/yoast-seo-wordpress\/ -->\n<title>Pobytov\u00e9 jazykov\u00e9 kurzy angli\u010dtiny - Typick\u00fd de\u0148 | ENGLISHstay<\/title>\n<meta name=\"description\" content=\"\u201eRozhovor\u00edme V\u00e1s anglicky JEDEN na JEDN\u00c9HO (1-1)!\u201c V\u00fdu\u010dba angli\u010dtiny prebieha behom 6 dn\u00ed a min. 70 konverza\u010dn\u00fdch hod\u00edn...\" \/>\n<meta name=\"robots\" content=\"index, follow, max-snippet:-1, max-image-preview:large, max-video-preview:-1\" \/>\n<link rel=\"canonical\" href=\"https:\/\/www.englishstay.cz\/sk\/typicky-pobyt\/\" \/>\n<meta property=\"og:locale\" content=\"sk_SK\" \/>\n<meta property=\"og:type\" content=\"article\" \/>\n<meta property=\"og:title\" content=\"Pobytov\u00e9 jazykov\u00e9 kurzy angli\u010dtiny - Typick\u00fd de\u0148 | ENGLISHstay\" \/>\n<meta property=\"og:description\" content=\"\u201eRozhovor\u00edme V\u00e1s anglicky JEDEN na JEDN\u00c9HO (1-1)!\u201c V\u00fdu\u010dba angli\u010dtiny prebieha behom 6 dn\u00ed a min. 70 konverza\u010dn\u00fdch hod\u00edn...\" \/>\n<meta property=\"og:url\" content=\"https:\/\/www.englishstay.cz\/sk\/typicky-pobyt\/\" \/>\n<meta property=\"og:site_name\" content=\"ENGLISHstay\" \/>\n<meta property=\"article:publisher\" content=\"https:\/\/www.facebook.com\/kurzyanglictiny\/\" \/>\n<meta property=\"article:modified_time\" content=\"2026-02-02T05:06:45+00:00\" \/>\n<meta property=\"og:image\" content=\"https:\/\/www.englishstay.cz\/media\/2019\/01\/logo-es.jpg\" \/>\n\t<meta property=\"og:image:width\" content=\"260\" \/>\n\t<meta property=\"og:image:height\" content=\"260\" \/>\n\t<meta property=\"og:image:type\" content=\"image\/jpeg\" \/>\n<meta name=\"twitter:card\" content=\"summary_large_image\" \/>\n<meta name=\"twitter:site\" content=\"@ENGLISHstay\" \/>\n<meta name=\"twitter:label1\" content=\"Predpokladan\u00fd \u010das \u010d\u00edtania\" \/>\n\t<meta name=\"twitter:data1\" content=\"4 min\u00faty\" \/>\n<script type=\"application\/ld+json\" class=\"yoast-schema-graph\">{\"@context\":\"https:\\\/\\\/schema.org\",\"@graph\":[{\"@type\":\"WebPage\",\"@id\":\"https:\\\/\\\/www.englishstay.cz\\\/sk\\\/typicky-pobyt\\\/\",\"url\":\"https:\\\/\\\/www.englishstay.cz\\\/sk\\\/typicky-pobyt\\\/\",\"name\":\"Pobytov\u00e9 jazykov\u00e9 kurzy angli\u010dtiny - Typick\u00fd de\u0148 | ENGLISHstay\",\"isPartOf\":{\"@id\":\"https:\\\/\\\/www.englishstay.cz\\\/de\\\/#website\"},\"datePublished\":\"2017-11-21T14:10:07+00:00\",\"dateModified\":\"2026-02-02T05:06:45+00:00\",\"description\":\"\u201eRozhovor\u00edme V\u00e1s anglicky JEDEN na JEDN\u00c9HO (1-1)!\u201c V\u00fdu\u010dba angli\u010dtiny prebieha behom 6 dn\u00ed a min. 70 konverza\u010dn\u00fdch hod\u00edn...\",\"breadcrumb\":{\"@id\":\"https:\\\/\\\/www.englishstay.cz\\\/sk\\\/typicky-pobyt\\\/#breadcrumb\"},\"inLanguage\":\"sk-SK\",\"potentialAction\":[{\"@type\":\"ReadAction\",\"target\":[\"https:\\\/\\\/www.englishstay.cz\\\/sk\\\/typicky-pobyt\\\/\"]}]},{\"@type\":\"BreadcrumbList\",\"@id\":\"https:\\\/\\\/www.englishstay.cz\\\/sk\\\/typicky-pobyt\\\/#breadcrumb\",\"itemListElement\":[{\"@type\":\"ListItem\",\"position\":1,\"name\":\"Dom\u016f\",\"item\":\"https:\\\/\\\/www.englishstay.cz\\\/sk\\\/\"},{\"@type\":\"ListItem\",\"position\":2,\"name\":\"Typick\u00fd pobyt\"}]},{\"@type\":\"WebSite\",\"@id\":\"https:\\\/\\\/www.englishstay.cz\\\/de\\\/#website\",\"url\":\"https:\\\/\\\/www.englishstay.cz\\\/de\\\/\",\"name\":\"ENGLISHstay\",\"description\":\"Intenzivn\u00ed kurzy angli\u010dtiny s rodil\u00fdm mluv\u010d\u00edm\",\"potentialAction\":[{\"@type\":\"SearchAction\",\"target\":{\"@type\":\"EntryPoint\",\"urlTemplate\":\"https:\\\/\\\/www.englishstay.cz\\\/de\\\/?s={search_term_string}\"},\"query-input\":{\"@type\":\"PropertyValueSpecification\",\"valueRequired\":true,\"valueName\":\"search_term_string\"}}],\"inLanguage\":\"sk-SK\"}]}<\/script>\n<!-- \/ Yoast SEO plugin. -->","yoast_head_json":{"title":"Pobytov\u00e9 jazykov\u00e9 kurzy angli\u010dtiny - Typick\u00fd de\u0148 | ENGLISHstay","description":"\u201eRozhovor\u00edme V\u00e1s anglicky JEDEN na JEDN\u00c9HO (1-1)!\u201c V\u00fdu\u010dba angli\u010dtiny prebieha behom 6 dn\u00ed a min. 70 konverza\u010dn\u00fdch hod\u00edn...","robots":{"index":"index","follow":"follow","max-snippet":"max-snippet:-1","max-image-preview":"max-image-preview:large","max-video-preview":"max-video-preview:-1"},"canonical":"https:\/\/www.englishstay.cz\/sk\/typicky-pobyt\/","og_locale":"sk_SK","og_type":"article","og_title":"Pobytov\u00e9 jazykov\u00e9 kurzy angli\u010dtiny - Typick\u00fd de\u0148 | ENGLISHstay","og_description":"\u201eRozhovor\u00edme V\u00e1s anglicky JEDEN na JEDN\u00c9HO (1-1)!\u201c V\u00fdu\u010dba angli\u010dtiny prebieha behom 6 dn\u00ed a min. 70 konverza\u010dn\u00fdch hod\u00edn...","og_url":"https:\/\/www.englishstay.cz\/sk\/typicky-pobyt\/","og_site_name":"ENGLISHstay","article_publisher":"https:\/\/www.facebook.com\/kurzyanglictiny\/","article_modified_time":"2026-02-02T05:06:45+00:00","og_image":[{"width":260,"height":260,"url":"https:\/\/www.englishstay.cz\/media\/2019\/01\/logo-es.jpg","type":"image\/jpeg"}],"twitter_card":"summary_large_image","twitter_site":"@ENGLISHstay","twitter_misc":{"Predpokladan\u00fd \u010das \u010d\u00edtania":"4 min\u00faty"},"schema":{"@context":"https:\/\/schema.org","@graph":[{"@type":"WebPage","@id":"https:\/\/www.englishstay.cz\/sk\/typicky-pobyt\/","url":"https:\/\/www.englishstay.cz\/sk\/typicky-pobyt\/","name":"Pobytov\u00e9 jazykov\u00e9 kurzy angli\u010dtiny - Typick\u00fd de\u0148 | ENGLISHstay","isPartOf":{"@id":"https:\/\/www.englishstay.cz\/de\/#website"},"datePublished":"2017-11-21T14:10:07+00:00","dateModified":"2026-02-02T05:06:45+00:00","description":"\u201eRozhovor\u00edme V\u00e1s anglicky JEDEN na JEDN\u00c9HO (1-1)!\u201c V\u00fdu\u010dba angli\u010dtiny prebieha behom 6 dn\u00ed a min. 70 konverza\u010dn\u00fdch hod\u00edn...","breadcrumb":{"@id":"https:\/\/www.englishstay.cz\/sk\/typicky-pobyt\/#breadcrumb"},"inLanguage":"sk-SK","potentialAction":[{"@type":"ReadAction","target":["https:\/\/www.englishstay.cz\/sk\/typicky-pobyt\/"]}]},{"@type":"BreadcrumbList","@id":"https:\/\/www.englishstay.cz\/sk\/typicky-pobyt\/#breadcrumb","itemListElement":[{"@type":"ListItem","position":1,"name":"Dom\u016f","item":"https:\/\/www.englishstay.cz\/sk\/"},{"@type":"ListItem","position":2,"name":"Typick\u00fd pobyt"}]},{"@type":"WebSite","@id":"https:\/\/www.englishstay.cz\/de\/#website","url":"https:\/\/www.englishstay.cz\/de\/","name":"ENGLISHstay","description":"Intenzivn\u00ed kurzy angli\u010dtiny s rodil\u00fdm mluv\u010d\u00edm","potentialAction":[{"@type":"SearchAction","target":{"@type":"EntryPoint","urlTemplate":"https:\/\/www.englishstay.cz\/de\/?s={search_term_string}"},"query-input":{"@type":"PropertyValueSpecification","valueRequired":true,"valueName":"search_term_string"}}],"inLanguage":"sk-SK"}]}},"_links":{"self":[{"href":"https:\/\/www.englishstay.cz\/sk\/wp-json\/wp\/v2\/pages\/7345","targetHints":{"allow":["GET"]}}],"collection":[{"href":"https:\/\/www.englishstay.cz\/sk\/wp-json\/wp\/v2\/pages"}],"about":[{"href":"https:\/\/www.englishstay.cz\/sk\/wp-json\/wp\/v2\/types\/page"}],"author":[{"embeddable":true,"href":"https:\/\/www.englishstay.cz\/sk\/wp-json\/wp\/v2\/users\/2"}],"replies":[{"embeddable":true,"href":"https:\/\/www.englishstay.cz\/sk\/wp-json\/wp\/v2\/comments?post=7345"}],"version-history":[{"count":6,"href":"https:\/\/www.englishstay.cz\/sk\/wp-json\/wp\/v2\/pages\/7345\/revisions"}],"predecessor-version":[{"id":14100,"href":"https:\/\/www.englishstay.cz\/sk\/wp-json\/wp\/v2\/pages\/7345\/revisions\/14100"}],"wp:attachment":[{"href":"https:\/\/www.englishstay.cz\/sk\/wp-json\/wp\/v2\/media?parent=7345"}],"curies":[{"name":"wp","href":"https:\/\/api.w.org\/{rel}","templated":true}]}}