{"id":7335,"date":"2017-11-22T15:13:48","date_gmt":"2017-11-22T14:13:48","guid":{"rendered":"https:\/\/englishstay.cz\/?page_id=7335"},"modified":"2026-02-02T06:27:13","modified_gmt":"2026-02-02T05:27:13","slug":"partneri","status":"publish","type":"page","link":"https:\/\/www.englishstay.cz\/sk\/partneri\/","title":{"rendered":"Partneri"},"content":{"rendered":"<p>[et_pb_section fb_built=&#8220;1&#8243; fullwidth=&#8220;on&#8220; _builder_version=&#8220;4.16&#8243; background_color=&#8220;#ffffff&#8220; global_colors_info=&#8220;{}&#8220;][et_pb_fullwidth_image src=&#8220;\/media\/2017\/11\/foto_pozadi7.jpg&#8220; _builder_version=&#8220;4.16&#8243; global_colors_info=&#8220;{}&#8220;][\/et_pb_fullwidth_image][\/et_pb_section][et_pb_section fb_built=&#8220;1&#8243; _builder_version=&#8220;4.16&#8243; global_colors_info=&#8220;{}&#8220;][et_pb_row _builder_version=&#8220;4.16&#8243; background_size=&#8220;initial&#8220; background_position=&#8220;top_left&#8220; background_repeat=&#8220;repeat&#8220; global_colors_info=&#8220;{}&#8220;][et_pb_column type=&#8220;4_4&#8243; _builder_version=&#8220;4.16&#8243; custom_padding=&#8220;|||&#8220; global_colors_info=&#8220;{}&#8220; custom_padding__hover=&#8220;|||&#8220;][et_pb_text _builder_version=&#8220;4.27.4&#8243; global_colors_info=&#8220;{}&#8220;]<\/p>\n<h1>\u00a0<\/h1>\n<h1>Na\u0161i partneri<\/h1>\n<p>&nbsp;<\/p>\n<p>Vzd\u011bl\u00e1vejte se s partnery ENGLISHstay:<\/p>\n<header class=\"entry-header\">\n<h2 class=\"entry-title\">N\u011bkdo preferuje pap\u00edrovou formu vzd\u011bl\u00e1v\u00e1n\u00ed s <a href=\"https:\/\/englishbooks.cz\/\">englishbooks.cz<\/a><\/h2>\n<\/header>\n<div class=\"entry-content\">\n<p>Pokud jste takzvan\u011b \u201eold school\u201c, tak jako my, ur\u010dit\u011b preferujete pap\u00edrovou formu vzd\u011bl\u00e1v\u00e1n\u00ed.<\/p>\n<p>Mrkn\u011bte do partnersk\u00e9ho obchodu <a href=\"https:\/\/englishbooks.cz\/\">englishbooks.cz<\/a> a zakupte si:<\/p>\n<p>knihu, u\u010debnici, slovn\u00ed\u010dek, audioknihu, zkr\u00e1tka cokoliv, co V\u00e1m pom\u016f\u017ee angli\u010dtinu trochu opr\u00e1\u0161i a nebo s n\u00ed n\u011bkde za\u010d\u00edt!<\/p>\n<p>A pokud si nejste jist\u00ed, do obchodu zavolejte, r\u00e1di V\u00e1m porad\u00ed.<\/p>\n<p>Abychom nezapomn\u011bli, ur\u010dit\u011b jim \u0159ekn\u011bte, \u017ee p\u0159ich\u00e1z\u00edte z <strong>\u201e<\/strong><strong>ENGLISHstay\u201c,<\/strong> pak dostanete nav\u00edc kr\u00e1snou a velmi \u0161t\u011bdrou slevu!<\/p>\n<h2>\u00a0<\/h2>\n<h2 class=\"entry-header\">Nov\u00e1 doba, online vzd\u011bl\u00e1v\u00e1n\u00ed s <a href=\"https:\/\/englishbooks.cz\/\">onlinejazyky.cz<\/a><\/h2>\n<div class=\"entry-content\">\n<p>Stejn\u011b je to s online vzd\u011bl\u00e1v\u00e1n\u00edm, pokud preferujete tuto formu, ur\u010dit\u011b nejste pozadu a m\u016f\u017eete vyu\u017e\u00edt stejn\u00e9 mo\u017enosti.<\/p>\n<p>Nav\u0161tivte str\u00e1nky na\u0161\u00ed partnersk\u00e9 spole\u010dnosti <a href=\"https:\/\/englishbooks.cz\/\">onlinejazyky.cz<\/a>, kter\u00e1 se zab\u00fdv\u00e1 pouze touto formou vzd\u011bl\u00e1v\u00e1n\u00ed.<\/p>\n<p>N\u011bkter\u00fd z nab\u00edzen\u00fdch online kurz\u016f, V\u00e1s b\u011bhem n\u011bkolika dn\u00ed m\u016f\u017ee, na intenzivn\u00ed kurz angli\u010dtiny s rodil\u00fdmi mluv\u010d\u00edmi, velmi rychle p\u0159ipravit.<\/p>\n<p>Ani zde nezapom\u011b\u0148te zm\u00ednit, \u017ee p\u0159ich\u00e1z\u00edte z <strong>\u201e<\/strong>ENGLISHstay<strong>\u201e,<\/strong> pak dostanete nav\u00edc kr\u00e1snou a velmi \u0161t\u011bdrou slevu!<\/p>\n<div class=\"entry-content\">\n<div class=\"entry-content\">\n<div class=\"entry-content\">\n<p>&nbsp;<\/p>\n<p>Dal\u0161\u00ed partne\u0159i ENGLISHstay:<\/p>\n<\/div>\n<\/div>\n<\/div>\n<\/div>\n<\/div>\n<p><a href=\"http:\/\/www.forteberoun.cz\/\" target=\"_blank\" rel=\"noopener noreferrer\">Forteberoun<\/a><\/p>\n<p>Web optimalizuje\u00a0<a href=\"http:\/\/www.clocan.cz\/\" target=\"_blank\" rel=\"noopener noreferrer\">Clocan<\/a> <a href=\"http:\/\/www.b-english.cz\/\" target=\"_blank\" rel=\"noopener noreferrer\">\u0160kola <\/a><\/p>\n<p><a href=\"http:\/\/www.b-english.cz\/\" target=\"_blank\" rel=\"noopener noreferrer\">\u0161kolka b-english<\/a><\/p>\n<p>&nbsp;<\/p>\n<p><b>Uplatn\u011bte u n\u00e1s slevu z t\u011bchto program\u016f<\/b><br \/><a href=\"http:\/\/www.plzenskakarta.cz\/\" target=\"_blank\" rel=\"noopener noreferrer\">Plze\u0148sk\u00e1 karta<\/a><br \/><a href=\"http:\/\/www.benefity.cz\/\" target=\"_blank\" rel=\"noopener noreferrer\">BENEFITY.cz<\/a><br \/><a href=\"http:\/\/www.benefit-plus.eu\/\" target=\"_blank\" rel=\"noopener noreferrer\">BENEFITY PLUS<\/a><br \/><a href=\"http:\/\/www.seky.cz\/\" target=\"_blank\" rel=\"noopener noreferrer\">Cheque Dejeuner<\/a><br \/><a href=\"http:\/\/www.gallerybeta.cz\/\" target=\"_blank\" rel=\"noopener noreferrer\">Gallery BETA<\/a><br \/><a href=\"http:\/\/www.edenred.cz\/\" target=\"_blank\" rel=\"noopener noreferrer\">Ticket od EDENRED<\/a><br \/><a href=\"http:\/\/www.ppas.cz\/zakaznicka-karta\" target=\"_blank\" rel=\"noopener noreferrer\">Z\u00e1kaznick\u00e1 karta PPAS<\/a><\/p>\n<p><a href=\"http:\/\/absolventi.upol.cz\/\">Karta Absolvent<\/a> \u2013 Univerzita Palack\u00e9ho v Olomouci \u2013 poskytujeme absolvent\u016fm 10% slevu na oba na\u0161e v\u00fdukov\u00e9 programy NEBOJ\u00cdM SE, CHCI KONE\u010cN\u011a MLUVIT a MLUV\u00cdM M\u00c1LO A CHCI V\u00cdC.<\/p>\n<p>&nbsp;<\/p>\n<p><b>Na\u0161i studenti p\u0159ich\u00e1zej\u00ed p\u0159edev\u0161\u00edm z \u010ceska, Slovenska, N\u011bmecka, It\u00e1lie ale i Mongolska a Vietnamu.<\/b><\/p>\n<p>&nbsp;<\/p>\n<p><b>\u00a0D\u00e1le z:<br \/><\/b><\/p>\n<p>Vysok\u00e9ho u\u010den\u00ed technick\u00e9ho Brno<\/p>\n<p>Actelion Pharmaceuticals CZ<\/p>\n<p>Karlovarsk\u00e9 agentury rozvoje podnik\u00e1n\u00ed &#8211; Krajsk\u00fd \u00fa\u0159ad Karlovarsk\u00e9ho Kraje<\/p>\n<p>Mobile Storage Saint-Gobain Construction Products CZ a.s.<\/p>\n<p>CSGM a.s.Czechoslovak Group a.s.<\/p>\n<p>AESKULAB k. s. Unilin s r. o.<\/p>\n<p>Velvyslanectv\u00ed Mongolska v \u010cR<\/p>\n<p>Univerzita Palack\u00e9ho v Olomouci<\/p>\n<p>[\/et_pb_text][\/et_pb_column][\/et_pb_row][\/et_pb_section]<\/p>\n<span class=\"et_bloom_bottom_trigger\"><\/span>","protected":false},"excerpt":{"rendered":"<p>Vzd\u011bl\u00e1vejte se s partnery ENGLISHstay: N\u011bkdo preferuje pap\u00edrovou formu vzd\u011bl\u00e1v\u00e1n\u00ed. Nov\u00e1 doba, online vzd\u011bl\u00e1v\u00e1n\u00ed s online vzd\u011bl\u00e1v\u00e1n\u00edm.<\/p>\n","protected":false},"author":2,"featured_media":0,"parent":0,"menu_order":0,"comment_status":"closed","ping_status":"closed","template":"","meta":{"_et_pb_use_builder":"on","_et_pb_old_content":"","_et_gb_content_width":"","footnotes":""},"class_list":["post-7335","page","type-page","status-publish","hentry"],"yoast_head":"<!-- This site is optimized with the Yoast SEO plugin v26.4 - https:\/\/yoast.com\/wordpress\/plugins\/seo\/ -->\n<title>Partneri | ENGLISHstay<\/title>\n<meta name=\"description\" content=\"Vzd\u011bl\u00e1vejte se s partnery ENGLISHstay: N\u011bkdo preferuje pap\u00edrovou formu vzd\u011bl\u00e1v\u00e1n\u00ed. Nov\u00e1 doba, online vzd\u011bl\u00e1v\u00e1n\u00ed s online vzd\u011bl\u00e1v\u00e1n\u00edm.\" \/>\n<meta name=\"robots\" content=\"index, follow, max-snippet:-1, max-image-preview:large, max-video-preview:-1\" \/>\n<link rel=\"canonical\" href=\"https:\/\/www.englishstay.cz\/sk\/partneri\/\" \/>\n<meta property=\"og:locale\" content=\"sk_SK\" \/>\n<meta property=\"og:type\" content=\"article\" \/>\n<meta property=\"og:title\" content=\"Partneri | ENGLISHstay\" \/>\n<meta property=\"og:description\" content=\"Vzd\u011bl\u00e1vejte se s partnery ENGLISHstay: N\u011bkdo preferuje pap\u00edrovou formu vzd\u011bl\u00e1v\u00e1n\u00ed. Nov\u00e1 doba, online vzd\u011bl\u00e1v\u00e1n\u00ed s online vzd\u011bl\u00e1v\u00e1n\u00edm.\" \/>\n<meta property=\"og:url\" content=\"https:\/\/www.englishstay.cz\/sk\/partneri\/\" \/>\n<meta property=\"og:site_name\" content=\"ENGLISHstay\" \/>\n<meta property=\"article:publisher\" content=\"https:\/\/www.facebook.com\/kurzyanglictiny\/\" \/>\n<meta property=\"article:modified_time\" content=\"2026-02-02T05:27:13+00:00\" \/>\n<meta property=\"og:image\" content=\"https:\/\/www.englishstay.cz\/media\/2019\/01\/logo-es.jpg\" \/>\n\t<meta property=\"og:image:width\" content=\"260\" \/>\n\t<meta property=\"og:image:height\" content=\"260\" \/>\n\t<meta property=\"og:image:type\" content=\"image\/jpeg\" \/>\n<meta name=\"twitter:card\" content=\"summary_large_image\" \/>\n<meta name=\"twitter:site\" content=\"@ENGLISHstay\" \/>\n<meta name=\"twitter:label1\" content=\"Predpokladan\u00fd \u010das \u010d\u00edtania\" \/>\n\t<meta name=\"twitter:data1\" content=\"2 min\u00faty\" \/>\n<script type=\"application\/ld+json\" class=\"yoast-schema-graph\">{\"@context\":\"https:\/\/schema.org\",\"@graph\":[{\"@type\":\"WebPage\",\"@id\":\"https:\/\/www.englishstay.cz\/sk\/partneri\/\",\"url\":\"https:\/\/www.englishstay.cz\/sk\/partneri\/\",\"name\":\"Partneri | ENGLISHstay\",\"isPartOf\":{\"@id\":\"https:\/\/www.englishstay.cz\/de\/#website\"},\"datePublished\":\"2017-11-22T14:13:48+00:00\",\"dateModified\":\"2026-02-02T05:27:13+00:00\",\"description\":\"Vzd\u011bl\u00e1vejte se s partnery ENGLISHstay: N\u011bkdo preferuje pap\u00edrovou formu vzd\u011bl\u00e1v\u00e1n\u00ed. Nov\u00e1 doba, online vzd\u011bl\u00e1v\u00e1n\u00ed s online vzd\u011bl\u00e1v\u00e1n\u00edm.\",\"breadcrumb\":{\"@id\":\"https:\/\/www.englishstay.cz\/sk\/partneri\/#breadcrumb\"},\"inLanguage\":\"sk-SK\",\"potentialAction\":[{\"@type\":\"ReadAction\",\"target\":[\"https:\/\/www.englishstay.cz\/sk\/partneri\/\"]}]},{\"@type\":\"BreadcrumbList\",\"@id\":\"https:\/\/www.englishstay.cz\/sk\/partneri\/#breadcrumb\",\"itemListElement\":[{\"@type\":\"ListItem\",\"position\":1,\"name\":\"Dom\u016f\",\"item\":\"https:\/\/www.englishstay.cz\/sk\/\"},{\"@type\":\"ListItem\",\"position\":2,\"name\":\"Partneri\"}]},{\"@type\":\"WebSite\",\"@id\":\"https:\/\/www.englishstay.cz\/de\/#website\",\"url\":\"https:\/\/www.englishstay.cz\/de\/\",\"name\":\"ENGLISHstay\",\"description\":\"Intenzivn\u00ed kurzy angli\u010dtiny s rodil\u00fdm mluv\u010d\u00edm\",\"potentialAction\":[{\"@type\":\"SearchAction\",\"target\":{\"@type\":\"EntryPoint\",\"urlTemplate\":\"https:\/\/www.englishstay.cz\/de\/?s={search_term_string}\"},\"query-input\":{\"@type\":\"PropertyValueSpecification\",\"valueRequired\":true,\"valueName\":\"search_term_string\"}}],\"inLanguage\":\"sk-SK\"}]}<\/script>\n<!-- \/ Yoast SEO plugin. -->","yoast_head_json":{"title":"Partneri | ENGLISHstay","description":"Vzd\u011bl\u00e1vejte se s partnery ENGLISHstay: N\u011bkdo preferuje pap\u00edrovou formu vzd\u011bl\u00e1v\u00e1n\u00ed. Nov\u00e1 doba, online vzd\u011bl\u00e1v\u00e1n\u00ed s online vzd\u011bl\u00e1v\u00e1n\u00edm.","robots":{"index":"index","follow":"follow","max-snippet":"max-snippet:-1","max-image-preview":"max-image-preview:large","max-video-preview":"max-video-preview:-1"},"canonical":"https:\/\/www.englishstay.cz\/sk\/partneri\/","og_locale":"sk_SK","og_type":"article","og_title":"Partneri | ENGLISHstay","og_description":"Vzd\u011bl\u00e1vejte se s partnery ENGLISHstay: N\u011bkdo preferuje pap\u00edrovou formu vzd\u011bl\u00e1v\u00e1n\u00ed. Nov\u00e1 doba, online vzd\u011bl\u00e1v\u00e1n\u00ed s online vzd\u011bl\u00e1v\u00e1n\u00edm.","og_url":"https:\/\/www.englishstay.cz\/sk\/partneri\/","og_site_name":"ENGLISHstay","article_publisher":"https:\/\/www.facebook.com\/kurzyanglictiny\/","article_modified_time":"2026-02-02T05:27:13+00:00","og_image":[{"width":260,"height":260,"url":"https:\/\/www.englishstay.cz\/media\/2019\/01\/logo-es.jpg","type":"image\/jpeg"}],"twitter_card":"summary_large_image","twitter_site":"@ENGLISHstay","twitter_misc":{"Predpokladan\u00fd \u010das \u010d\u00edtania":"2 min\u00faty"},"schema":{"@context":"https:\/\/schema.org","@graph":[{"@type":"WebPage","@id":"https:\/\/www.englishstay.cz\/sk\/partneri\/","url":"https:\/\/www.englishstay.cz\/sk\/partneri\/","name":"Partneri | ENGLISHstay","isPartOf":{"@id":"https:\/\/www.englishstay.cz\/de\/#website"},"datePublished":"2017-11-22T14:13:48+00:00","dateModified":"2026-02-02T05:27:13+00:00","description":"Vzd\u011bl\u00e1vejte se s partnery ENGLISHstay: N\u011bkdo preferuje pap\u00edrovou formu vzd\u011bl\u00e1v\u00e1n\u00ed. Nov\u00e1 doba, online vzd\u011bl\u00e1v\u00e1n\u00ed s online vzd\u011bl\u00e1v\u00e1n\u00edm.","breadcrumb":{"@id":"https:\/\/www.englishstay.cz\/sk\/partneri\/#breadcrumb"},"inLanguage":"sk-SK","potentialAction":[{"@type":"ReadAction","target":["https:\/\/www.englishstay.cz\/sk\/partneri\/"]}]},{"@type":"BreadcrumbList","@id":"https:\/\/www.englishstay.cz\/sk\/partneri\/#breadcrumb","itemListElement":[{"@type":"ListItem","position":1,"name":"Dom\u016f","item":"https:\/\/www.englishstay.cz\/sk\/"},{"@type":"ListItem","position":2,"name":"Partneri"}]},{"@type":"WebSite","@id":"https:\/\/www.englishstay.cz\/de\/#website","url":"https:\/\/www.englishstay.cz\/de\/","name":"ENGLISHstay","description":"Intenzivn\u00ed kurzy angli\u010dtiny s rodil\u00fdm mluv\u010d\u00edm","potentialAction":[{"@type":"SearchAction","target":{"@type":"EntryPoint","urlTemplate":"https:\/\/www.englishstay.cz\/de\/?s={search_term_string}"},"query-input":{"@type":"PropertyValueSpecification","valueRequired":true,"valueName":"search_term_string"}}],"inLanguage":"sk-SK"}]}},"_links":{"self":[{"href":"https:\/\/www.englishstay.cz\/sk\/wp-json\/wp\/v2\/pages\/7335","targetHints":{"allow":["GET"]}}],"collection":[{"href":"https:\/\/www.englishstay.cz\/sk\/wp-json\/wp\/v2\/pages"}],"about":[{"href":"https:\/\/www.englishstay.cz\/sk\/wp-json\/wp\/v2\/types\/page"}],"author":[{"embeddable":true,"href":"https:\/\/www.englishstay.cz\/sk\/wp-json\/wp\/v2\/users\/2"}],"replies":[{"embeddable":true,"href":"https:\/\/www.englishstay.cz\/sk\/wp-json\/wp\/v2\/comments?post=7335"}],"version-history":[{"count":17,"href":"https:\/\/www.englishstay.cz\/sk\/wp-json\/wp\/v2\/pages\/7335\/revisions"}],"predecessor-version":[{"id":14121,"href":"https:\/\/www.englishstay.cz\/sk\/wp-json\/wp\/v2\/pages\/7335\/revisions\/14121"}],"wp:attachment":[{"href":"https:\/\/www.englishstay.cz\/sk\/wp-json\/wp\/v2\/media?parent=7335"}],"curies":[{"name":"wp","href":"https:\/\/api.w.org\/{rel}","templated":true}]}}