{"id":7333,"date":"2017-11-22T15:07:15","date_gmt":"2017-11-22T14:07:15","guid":{"rendered":"https:\/\/englishstay.cz\/?page_id=7333"},"modified":"2026-02-02T05:22:48","modified_gmt":"2026-02-02T04:22:48","slug":"neziskovka","status":"publish","type":"page","link":"https:\/\/www.englishstay.cz\/sk\/neziskovka\/","title":{"rendered":"Neziskovka"},"content":{"rendered":"<p>[et_pb_section fb_built=&#8220;1&#8243; fullwidth=&#8220;on&#8220; _builder_version=&#8220;4.16&#8243; background_color=&#8220;#ffffff&#8220; global_colors_info=&#8220;{}&#8220;][et_pb_fullwidth_image src=&#8220;\/media\/2017\/11\/bg_pobyty.jpg&#8220; _builder_version=&#8220;4.16&#8243; global_colors_info=&#8220;{}&#8220;][\/et_pb_fullwidth_image][\/et_pb_section][et_pb_section fb_built=&#8220;1&#8243; _builder_version=&#8220;4.16&#8243; global_colors_info=&#8220;{}&#8220;][et_pb_row _builder_version=&#8220;4.16&#8243; background_size=&#8220;initial&#8220; background_position=&#8220;top_left&#8220; background_repeat=&#8220;repeat&#8220; global_colors_info=&#8220;{}&#8220;][et_pb_column type=&#8220;4_4&#8243; _builder_version=&#8220;4.16&#8243; custom_padding=&#8220;|||&#8220; global_colors_info=&#8220;{}&#8220; custom_padding__hover=&#8220;|||&#8220;][et_pb_text _builder_version=&#8220;4.16&#8243; global_colors_info=&#8220;{}&#8220;]<\/p>\n<h1>Neziskovka<\/h1>\n<p><img decoding=\"async\" class=\"size-medium wp-image-7124 alignright\" src=\"\/media\/2017\/11\/foto_obsah3-225x300.jpg\" alt=\"\" width=\"225\" height=\"300\" srcset=\"\/media\/2017\/11\/foto_obsah3-225x300.jpg 225w, \/media\/2017\/11\/foto_obsah3.jpg 300w\" sizes=\"(max-width: 225px) 100vw, 225px\" \/>Dobr\u00fd den, jmenuji se Tom\u00e1\u0161 Vo\u0159\u00ed\u0161ek a jsem zakladatelem a sou\u010dasn\u00fdm \u0159editelem neziskov\u00e9 spole\u010dnosti ENGLISHstay.<\/p>\n<p>Na\u0161i neziskovou spole\u010dnost, jsme zalo\u017eili za jedin\u00fdm \u00fa\u010delem, aby d\u011bti kolem n\u00e1s mohly mluvit kvalitn\u011b anglicky. Vlastn\u011b na po\u010d\u00e1tku byly d\u016fvody dva, abych i j\u00e1 svoj\u00ed angli\u010dtinu posunul u\u017e kone\u010dn\u011b n\u011bkam d\u00e1l.<\/p>\n<p>A jak jsme se pokusili toho doc\u00edlit? Konverzac\u00ed p\u0159\u00edmo s rodil\u00fdmi mluv\u010d\u00edmi.<\/p>\n<p>Sedli jsme si s Lucinkama k po\u010d\u00edta\u010di, poprosili p\u00e1r zn\u00e1m\u00fdch i p\u0159\u00e1tel a dali se do pr\u00e1ce. Nedivte se, ob\u010das se to stane, \u017ee je man\u017eelka i kamar\u00e1dka Lucinka \ud83d\ude42<\/p>\n<p>Na\u0161\u00edm hlavn\u00edm z\u00e1m\u011brem je, bylo a bude p\u0159iv\u00e1d\u011bt v\u00edce rodil\u00fdch mluv\u010d\u00ed do \u010desk\u00fdch \u0161kol. P\u0159edev\u0161\u00edm \u0161kol z\u00e1kladn\u00edch, ale pro\u010d ne i do mate\u0159sk\u00fdch. P\u0159iv\u00e9zt Steva, nebo Hellen rovnou za d\u011btmi do t\u0159\u00eddy, aby se d\u011bti s nimi sezn\u00e1mily, poslechly si, jak Steve mluv\u00ed a co jak Hellen vyslovuje. Odkud jsou? A pro\u010d vlastn\u011b nemluv\u00ed \u010desky?<\/p>\n<p>Za m\u00e9 \u0161koln\u00ed doch\u00e1zky byla v\u011bt\u0161ina vyu\u010duj\u00edc\u00edch angli\u010dtiny p\u0159eu\u010den\u00ed ru\u0161tin\u00e1\u0159i. Te\u010f u\u017e jsme se posunuli v dob\u011b, angli\u010dtina je i v mate\u0159ink\u00e1ch a na z\u00e1kladn\u00edch \u0161kol\u00e1ch ji\u017e na prvn\u00edm stupni, ale d\u011bti p\u0159ijdou jen k t\u00e9 \u010desk\u00e9 angli\u010dtin\u011b. P\u0159\u00edli\u0161 mnoho teorie a m\u00e1lo z\u00e1bavy a pov\u00eddat si je p\u0159eci z\u00e1bava. Pro v\u011bt\u0161inu, j\u00e1 si r\u00e1d pov\u00edd\u00e1m\u2026<\/p>\n<p>Gramatika, u\u010debnice a \u201e\u0161prt\u00e1n\u00ed\u201c slov\u00ed\u010dek je z\u00e1klad znalosti jazyka, av\u0161ak po n\u011bjak\u00e9 dob\u011b tento zp\u016fsob u\u010den\u00ed p\u0159estane b\u00fdt \u00fa\u010dinn\u00fd. Kdy\u017e se \u010dlov\u011bk u\u010d\u00ed jazyk dlouho, v gramatice se postupuje st\u00e1le hloub\u011bji a podstata jazyka, co\u017e je a v\u017edycky byla komunikace, za\u010dne unikat. B\u00e1sni\u010dky a rozhovory byly za m\u00e9 \u0161koln\u00ed doby hitem, te\u010f u\u017e se na pracuj\u00edc\u00ed kladou n\u00e1roky mnohem v\u011bt\u0161\u00ed, p\u0159edpokl\u00e1d\u00e1 se, \u017ee kdy\u017e nap\u00ed\u0161e do sv\u00e9ho CV \u2013 angli\u010dtina komunikativn\u00edm zp\u016fsobem, \u017ee bude um\u011bt souvisle mluvit. J\u00e1 jsem si p\u0159estal lh\u00e1t, absolvoval jsem tolik kurz\u016f, utratil mo\u0159e pen\u011bz, ale moje angli\u010dtina byla po\u0159\u00e1d stejn\u00e1. Kdy\u017e pak do\u0161lo na kr\u00e1jen\u00ed chleba a m\u011bl jsem vysv\u011btlit podstatu sv\u00e9ho zam\u011bstn\u00e1n\u00ed cizinci, zjistil jsem, \u017ee anglicky um\u00edm hodn\u011b m\u00e1lo a konverzovat jen minim\u00e1ln\u011b.<\/p>\n<p>S man\u017eelkou jsme na sv\u00fdch zahrani\u010dn\u00edch cest\u00e1ch potkali mnoho cizinc\u016f, kte\u0159\u00ed tou\u017eili poznat n\u00e1\u0161 rodn\u00fd kraj a tak jsme spojili p\u0159\u00edjemn\u00e9 s u\u017eite\u010dn\u00fdm a pozvali je do \u010cesk\u00e9 republiky, aby se \u00fa\u010dastnili jako lekto\u0159i kurz\u016f angli\u010dtiny po\u0159\u00e1dan\u00fdch ENGLISHstay.<\/p>\n<p>Nosnou my\u0161lenkou cel\u00e9ho projektu je p\u0159il\u00e1kat v\u00edce anglicky hovo\u0159\u00edc\u00edch lid\u00ed do na\u0161\u00ed mal\u00e9, konzervativn\u00ed kotliny, pln\u00e9 poz\u016fstatk\u016f doby minul\u00e9. Revoluce byla u\u017e stra\u0161n\u011b d\u00e1vno a my jedeme tak\u0159ka po stejn\u00fdch kolej\u00edch. Je u\u017e pot\u0159eba vn\u00e9sti do tradi\u010dn\u00ed v\u00fduky nov\u00fd v\u00edtr. Zaujala n\u00e1s ve sv\u011bt\u011b osv\u011bd\u010den\u00e1 metoda intenzivn\u00edch jazykov\u00fdch pobyt\u016f, jen bylo pot\u0159eba j\u00ed p\u0159in\u00e9st na \u010desk\u00fd trh a \u0159\u00e1dn\u011b odprezentovat, kde se jen dalo.<\/p>\n<p>Abychom nesed\u011bli jen ve \u0161kole, tak u\u017e se v\u0161ichni moc t\u011b\u0161\u00edme na l\u00e9to, abychom v kempu, nedaleko Prahy, v l\u016fn\u011b p\u0159\u00edrody, uspo\u0159\u00e1dali v\u00edkendov\u00e1 odpoledne pro rodi\u010de s d\u011btmi a s rodil\u00fdmi mluv\u010d\u00edmi. V poklidu lesa, u velk\u00e9ho venkovn\u00edho baz\u00e9nu, nedaleko kr\u00e1sn\u00e9 restaurace se to v\u0161echno stane. U\u017eijeme si spoustu legrace. D\u011bti se budou moci rodil\u00fdch mluv\u010d\u00ed zeptat na v\u0161echno, co je zaj\u00edm\u00e1. Mo\u017en\u00e1 se nebudou pt\u00e1t jen d\u011bti, ale i dosp\u011bl\u00ed? No to by byla v\u00e1\u017en\u011b legrace\u2026kdyby si hr\u00e1li v angli\u010dtin\u011b i maminky a tat\u00ednci na na\u0161em spole\u010dn\u00e9m h\u0159i\u0161ti. Mo\u017en\u00e1 je ten mal\u00fd nezbeda p\u0159im\u011bje vystoupit z jejich role velk\u00e9ho \u010dlov\u011bka a zapoj\u00ed je kone\u010dn\u011b do hry.<\/p>\n<p>P\u0159eneseme se zp\u011bt do \u017eivota dosp\u011bl\u00e1k\u016f a popov\u00edd\u00e1me si o tom, kde na to v\u0161echno vz\u00edt. Nebo\u0165 i mlad\u00ed lid\u00e9 jako j\u00e1 st\u00e1le trp\u00ed nedostatkem kvalitn\u00edho vzd\u011bl\u00e1v\u00e1n\u00ed v angli\u010dtin\u011b, a to je limituj\u00edc\u00ed. Zvolili jsme proto logick\u00fd zp\u016fsob ekonomick\u00e9 \u010dinnosti pro na\u0161i neziskovou spole\u010dnost.<br \/>\nIntenzivn\u00ed jazykov\u00e9 pobytov\u00e9 kurzy s rodil\u00fdmi mluv\u010d\u00edmi.<\/p>\n<p>Osv\u011bd\u010den\u00e1 metoda v\u00fduky jazyk\u016f, prob\u00edh\u00e1 t\u00edm nejp\u0159irozen\u011bj\u0161\u00edm zp\u016fsobem, konverzac\u00ed. Dost\u00e1v\u00e1 se V\u00e1m pod k\u016f\u017ei pot\u0159ebn\u00e9 mno\u017estv\u00ed informac\u00ed pro plynul\u00e9 vyjad\u0159ov\u00e1n\u00ed.<\/p>\n<p>A v \u010dem jsou na\u0161e kurzy intenzivn\u00ed? Star\u00e9 dobr\u00e9 r\u010den\u00ed, opakov\u00e1n\u00ed je matka moudrosti. \u017dijeme v rychl\u00e9 dob\u011b, a proto chceme v\u0161echno opakovat, v co nejkrat\u0161\u00ed dob\u011b, ale z\u00e1rove\u0148 dostate\u010dn\u011b dlouho na to, aby na\u0161i klienti zaznamenali raketov\u00e9 zlep\u0161en\u00ed ve sv\u00fdch znalostech. B\u011bhem 6-ti dn\u016f, ve v\u00edce jak 70 \u2013 ti hodin\u00e1ch spolu pob\u00fdv\u00e1 stejn\u00fd po\u010det klient\u016f i stejn\u00fd po\u010det lektor\u016f v \u010desk\u00fdch a moravsk\u00fdch hotelech.<\/p>\n<p>Kdy\u017e se na to pod\u00edv\u00e1te s tro\u0161ku v\u011bt\u0161\u00edm odstupem, je to takov\u00e9 dosp\u011bl\u00e1ck\u00e9 h\u0159i\u0161t\u011b u baz\u00e9nu, stejn\u00e9, jako pro ty na\u0161e nezbedy. A to je pro n\u00e1s od za\u010d\u00e1tku c\u00edlem.<\/p>\n<p>Dr\u017ete n\u00e1m palce<\/p>\n<p>Tom\u00e1\u0161 Vo\u0159\u00ed\u0161ek<br \/>\na nepostradateln\u00fd T\u00fdm ENGLISHstay z.\u00fa.<br \/>\n[\/et_pb_text][\/et_pb_column][\/et_pb_row][\/et_pb_section]<\/p>\n<span class=\"et_bloom_bottom_trigger\"><\/span>","protected":false},"excerpt":{"rendered":"<p>Na\u0161\u00edm hlavn\u00edm z\u00e1m\u011brem je, bylo a bude p\u0159iv\u00e1d\u011bt v\u00edce rodil\u00fdch mluv\u010d\u00ed do \u010desk\u00fdch \u0161kol. P\u0159edev\u0161\u00edm \u0161kol z\u00e1kladn\u00edch, ale pro\u010d ne i do mate\u0159sk\u00fdch.<\/p>\n","protected":false},"author":2,"featured_media":0,"parent":0,"menu_order":0,"comment_status":"closed","ping_status":"closed","template":"","meta":{"_et_pb_use_builder":"on","_et_pb_old_content":"","_et_gb_content_width":"","footnotes":""},"class_list":["post-7333","page","type-page","status-publish","hentry"],"yoast_head":"<!-- This site is optimized with the Yoast SEO plugin v26.4 - https:\/\/yoast.com\/wordpress\/plugins\/seo\/ -->\n<title>Neziskovka | ENGLISHstay<\/title>\n<meta name=\"description\" content=\"Na\u0161\u00edm hlavn\u00edm z\u00e1m\u011brem je, bylo a bude p\u0159iv\u00e1d\u011bt v\u00edce rodil\u00fdch mluv\u010d\u00ed do \u010desk\u00fdch \u0161kol. P\u0159edev\u0161\u00edm \u0161kol z\u00e1kladn\u00edch, ale pro\u010d ne i do mate\u0159sk\u00fdch.\" \/>\n<meta name=\"robots\" content=\"index, follow, max-snippet:-1, max-image-preview:large, max-video-preview:-1\" \/>\n<link rel=\"canonical\" href=\"https:\/\/www.englishstay.cz\/sk\/neziskovka\/\" \/>\n<meta property=\"og:locale\" content=\"sk_SK\" \/>\n<meta property=\"og:type\" content=\"article\" \/>\n<meta property=\"og:title\" content=\"Neziskovka | ENGLISHstay\" \/>\n<meta property=\"og:description\" content=\"Na\u0161\u00edm hlavn\u00edm z\u00e1m\u011brem je, bylo a bude p\u0159iv\u00e1d\u011bt v\u00edce rodil\u00fdch mluv\u010d\u00ed do \u010desk\u00fdch \u0161kol. P\u0159edev\u0161\u00edm \u0161kol z\u00e1kladn\u00edch, ale pro\u010d ne i do mate\u0159sk\u00fdch.\" \/>\n<meta property=\"og:url\" content=\"https:\/\/www.englishstay.cz\/sk\/neziskovka\/\" \/>\n<meta property=\"og:site_name\" content=\"ENGLISHstay\" \/>\n<meta property=\"article:publisher\" content=\"https:\/\/www.facebook.com\/kurzyanglictiny\/\" \/>\n<meta property=\"article:modified_time\" content=\"2026-02-02T04:22:48+00:00\" \/>\n<meta property=\"og:image\" content=\"https:\/\/www.englishstay.cz\/media\/2019\/01\/logo-es.jpg\" \/>\n\t<meta property=\"og:image:width\" content=\"260\" \/>\n\t<meta property=\"og:image:height\" content=\"260\" \/>\n\t<meta property=\"og:image:type\" content=\"image\/jpeg\" \/>\n<meta name=\"twitter:card\" content=\"summary_large_image\" \/>\n<meta name=\"twitter:site\" content=\"@ENGLISHstay\" \/>\n<meta name=\"twitter:label1\" content=\"Predpokladan\u00fd \u010das \u010d\u00edtania\" \/>\n\t<meta name=\"twitter:data1\" content=\"5 min\u00fat\" \/>\n<script type=\"application\/ld+json\" class=\"yoast-schema-graph\">{\"@context\":\"https:\/\/schema.org\",\"@graph\":[{\"@type\":\"WebPage\",\"@id\":\"https:\/\/www.englishstay.cz\/sk\/neziskovka\/\",\"url\":\"https:\/\/www.englishstay.cz\/sk\/neziskovka\/\",\"name\":\"Neziskovka | ENGLISHstay\",\"isPartOf\":{\"@id\":\"https:\/\/www.englishstay.cz\/de\/#website\"},\"datePublished\":\"2017-11-22T14:07:15+00:00\",\"dateModified\":\"2026-02-02T04:22:48+00:00\",\"description\":\"Na\u0161\u00edm hlavn\u00edm z\u00e1m\u011brem je, bylo a bude p\u0159iv\u00e1d\u011bt v\u00edce rodil\u00fdch mluv\u010d\u00ed do \u010desk\u00fdch \u0161kol. P\u0159edev\u0161\u00edm \u0161kol z\u00e1kladn\u00edch, ale pro\u010d ne i do mate\u0159sk\u00fdch.\",\"breadcrumb\":{\"@id\":\"https:\/\/www.englishstay.cz\/sk\/neziskovka\/#breadcrumb\"},\"inLanguage\":\"sk-SK\",\"potentialAction\":[{\"@type\":\"ReadAction\",\"target\":[\"https:\/\/www.englishstay.cz\/sk\/neziskovka\/\"]}]},{\"@type\":\"BreadcrumbList\",\"@id\":\"https:\/\/www.englishstay.cz\/sk\/neziskovka\/#breadcrumb\",\"itemListElement\":[{\"@type\":\"ListItem\",\"position\":1,\"name\":\"Dom\u016f\",\"item\":\"https:\/\/www.englishstay.cz\/sk\/\"},{\"@type\":\"ListItem\",\"position\":2,\"name\":\"Neziskovka\"}]},{\"@type\":\"WebSite\",\"@id\":\"https:\/\/www.englishstay.cz\/de\/#website\",\"url\":\"https:\/\/www.englishstay.cz\/de\/\",\"name\":\"ENGLISHstay\",\"description\":\"Intenzivn\u00ed kurzy angli\u010dtiny s rodil\u00fdm mluv\u010d\u00edm\",\"potentialAction\":[{\"@type\":\"SearchAction\",\"target\":{\"@type\":\"EntryPoint\",\"urlTemplate\":\"https:\/\/www.englishstay.cz\/de\/?s={search_term_string}\"},\"query-input\":{\"@type\":\"PropertyValueSpecification\",\"valueRequired\":true,\"valueName\":\"search_term_string\"}}],\"inLanguage\":\"sk-SK\"}]}<\/script>\n<!-- \/ Yoast SEO plugin. -->","yoast_head_json":{"title":"Neziskovka | ENGLISHstay","description":"Na\u0161\u00edm hlavn\u00edm z\u00e1m\u011brem je, bylo a bude p\u0159iv\u00e1d\u011bt v\u00edce rodil\u00fdch mluv\u010d\u00ed do \u010desk\u00fdch \u0161kol. P\u0159edev\u0161\u00edm \u0161kol z\u00e1kladn\u00edch, ale pro\u010d ne i do mate\u0159sk\u00fdch.","robots":{"index":"index","follow":"follow","max-snippet":"max-snippet:-1","max-image-preview":"max-image-preview:large","max-video-preview":"max-video-preview:-1"},"canonical":"https:\/\/www.englishstay.cz\/sk\/neziskovka\/","og_locale":"sk_SK","og_type":"article","og_title":"Neziskovka | ENGLISHstay","og_description":"Na\u0161\u00edm hlavn\u00edm z\u00e1m\u011brem je, bylo a bude p\u0159iv\u00e1d\u011bt v\u00edce rodil\u00fdch mluv\u010d\u00ed do \u010desk\u00fdch \u0161kol. P\u0159edev\u0161\u00edm \u0161kol z\u00e1kladn\u00edch, ale pro\u010d ne i do mate\u0159sk\u00fdch.","og_url":"https:\/\/www.englishstay.cz\/sk\/neziskovka\/","og_site_name":"ENGLISHstay","article_publisher":"https:\/\/www.facebook.com\/kurzyanglictiny\/","article_modified_time":"2026-02-02T04:22:48+00:00","og_image":[{"width":260,"height":260,"url":"https:\/\/www.englishstay.cz\/media\/2019\/01\/logo-es.jpg","type":"image\/jpeg"}],"twitter_card":"summary_large_image","twitter_site":"@ENGLISHstay","twitter_misc":{"Predpokladan\u00fd \u010das \u010d\u00edtania":"5 min\u00fat"},"schema":{"@context":"https:\/\/schema.org","@graph":[{"@type":"WebPage","@id":"https:\/\/www.englishstay.cz\/sk\/neziskovka\/","url":"https:\/\/www.englishstay.cz\/sk\/neziskovka\/","name":"Neziskovka | ENGLISHstay","isPartOf":{"@id":"https:\/\/www.englishstay.cz\/de\/#website"},"datePublished":"2017-11-22T14:07:15+00:00","dateModified":"2026-02-02T04:22:48+00:00","description":"Na\u0161\u00edm hlavn\u00edm z\u00e1m\u011brem je, bylo a bude p\u0159iv\u00e1d\u011bt v\u00edce rodil\u00fdch mluv\u010d\u00ed do \u010desk\u00fdch \u0161kol. P\u0159edev\u0161\u00edm \u0161kol z\u00e1kladn\u00edch, ale pro\u010d ne i do mate\u0159sk\u00fdch.","breadcrumb":{"@id":"https:\/\/www.englishstay.cz\/sk\/neziskovka\/#breadcrumb"},"inLanguage":"sk-SK","potentialAction":[{"@type":"ReadAction","target":["https:\/\/www.englishstay.cz\/sk\/neziskovka\/"]}]},{"@type":"BreadcrumbList","@id":"https:\/\/www.englishstay.cz\/sk\/neziskovka\/#breadcrumb","itemListElement":[{"@type":"ListItem","position":1,"name":"Dom\u016f","item":"https:\/\/www.englishstay.cz\/sk\/"},{"@type":"ListItem","position":2,"name":"Neziskovka"}]},{"@type":"WebSite","@id":"https:\/\/www.englishstay.cz\/de\/#website","url":"https:\/\/www.englishstay.cz\/de\/","name":"ENGLISHstay","description":"Intenzivn\u00ed kurzy angli\u010dtiny s rodil\u00fdm mluv\u010d\u00edm","potentialAction":[{"@type":"SearchAction","target":{"@type":"EntryPoint","urlTemplate":"https:\/\/www.englishstay.cz\/de\/?s={search_term_string}"},"query-input":{"@type":"PropertyValueSpecification","valueRequired":true,"valueName":"search_term_string"}}],"inLanguage":"sk-SK"}]}},"_links":{"self":[{"href":"https:\/\/www.englishstay.cz\/sk\/wp-json\/wp\/v2\/pages\/7333","targetHints":{"allow":["GET"]}}],"collection":[{"href":"https:\/\/www.englishstay.cz\/sk\/wp-json\/wp\/v2\/pages"}],"about":[{"href":"https:\/\/www.englishstay.cz\/sk\/wp-json\/wp\/v2\/types\/page"}],"author":[{"embeddable":true,"href":"https:\/\/www.englishstay.cz\/sk\/wp-json\/wp\/v2\/users\/2"}],"replies":[{"embeddable":true,"href":"https:\/\/www.englishstay.cz\/sk\/wp-json\/wp\/v2\/comments?post=7333"}],"version-history":[{"count":3,"href":"https:\/\/www.englishstay.cz\/sk\/wp-json\/wp\/v2\/pages\/7333\/revisions"}],"predecessor-version":[{"id":14062,"href":"https:\/\/www.englishstay.cz\/sk\/wp-json\/wp\/v2\/pages\/7333\/revisions\/14062"}],"wp:attachment":[{"href":"https:\/\/www.englishstay.cz\/sk\/wp-json\/wp\/v2\/media?parent=7333"}],"curies":[{"name":"wp","href":"https:\/\/api.w.org\/{rel}","templated":true}]}}