{"id":7331,"date":"2017-11-22T15:10:51","date_gmt":"2017-11-22T14:10:51","guid":{"rendered":"https:\/\/englishstay.cz\/?page_id=7331"},"modified":"2026-02-02T05:27:04","modified_gmt":"2026-02-02T04:27:04","slug":"napsali-o-nas","status":"publish","type":"page","link":"https:\/\/www.englishstay.cz\/sk\/napsali-o-nas\/","title":{"rendered":"Napsali o n\u00e1s"},"content":{"rendered":"<p>[et_pb_section fb_built=&#8220;1&#8243; fullwidth=&#8220;on&#8220; _builder_version=&#8220;4.16&#8243; background_color=&#8220;#ffffff&#8220; global_colors_info=&#8220;{}&#8220;][et_pb_fullwidth_image src=&#8220;\/media\/2017\/11\/bg_faq.jpg&#8220; _builder_version=&#8220;4.16&#8243; global_colors_info=&#8220;{}&#8220;][\/et_pb_fullwidth_image][\/et_pb_section][et_pb_section fb_built=&#8220;1&#8243; _builder_version=&#8220;4.16&#8243; global_colors_info=&#8220;{}&#8220;][et_pb_row _builder_version=&#8220;4.16&#8243; background_size=&#8220;initial&#8220; background_position=&#8220;top_left&#8220; background_repeat=&#8220;repeat&#8220; global_colors_info=&#8220;{}&#8220;][et_pb_column type=&#8220;4_4&#8243; _builder_version=&#8220;4.16&#8243; custom_padding=&#8220;|||&#8220; global_colors_info=&#8220;{}&#8220; custom_padding__hover=&#8220;|||&#8220;][et_pb_text _builder_version=&#8220;4.27.4&#8243; hover_enabled=&#8220;0&#8243; global_colors_info=&#8220;{}&#8220; sticky_enabled=&#8220;0&#8243;]<\/p>\n<h1>Recenze \u2013 napsali o n\u00e1s<\/h1>\n<p><strong>GymBeroun.cz<\/strong><\/p>\n<p>Johnny Ryan, australsk\u00fd zoolog, cestovatel, muzikant, odborn\u00edk na odchyt a p\u0159esun had\u016f i krokod\u00fdl\u016f. A v neposledn\u00ed \u0159ad\u011b dobrovoln\u00fd bojovn\u00edk v mezin\u00e1rodn\u00edch ozbrojen\u00fdch slo\u017ek\u00e1ch nasazen\u00fdch v Africe proti pytl\u00e1ctv\u00ed a na n\u011bj nav\u00e1zan\u00e9mu organizovan\u00e9mu zlo\u010dinu. Je\u0161t\u011b p\u0159ed odletem do Austr\u00e1lie, v pond\u011bl\u00ed 22. z\u00e1\u0159\u00ed, Johnny nav\u0161t\u00edvil na\u0161i \u0161kolu a se studenty 3. ro\u010dn\u00edk\u016f sd\u00edlel sv\u00e9 z\u00e1\u017eitky a zku\u0161enosti.<\/p>\n<p>P\u0159edn\u00e1\u0161ka za\u010d\u00edn\u00e1 mile a zlehka, Johnny postupn\u011b p\u0159edstavuje n\u011bkter\u00e1 typicky australsk\u00e1 zv\u00ed\u0159ata a vlastn\u00ed fotografie a videa komentuje zp\u016fsobem, ze kter\u00e9ho je z\u0159ejm\u00e1 jeho l\u00e1ska ke zv\u00ed\u0159at\u016fm i nasazen\u00ed pro v\u011bc: \u201eShe\u00b4s gorgeous, isn\u00b4t she?\u201c (John hovo\u0159\u00ed o setk\u00e1n\u00ed s hadem, mimochodem druh\u00fd nejjedovat\u011bj\u0161\u00ed druh hada na sv\u011bt\u011b, a o tom, \u017ee v takovou chv\u00edli je pot\u0159eba z\u016fstat opravdu, ale opravdu ledov\u011b klidn\u00fd).<\/p>\n<p>\u201eHe really is a big boy.\u201c (Mo\u0159sk\u00fd krokod\u00fdl jm\u00e9nem Don, ve sv\u00e9m okol\u00ed prot\u0159el\u00fd milovn\u00edk a drobe\u010dek o v\u00e1ze kolem 2 tun ve 4,5 metrech t\u011bla. Rada do \u017eivota \u2013 ve vod\u011b s\u00a0mo\u0159sk\u00fdm krokod\u00fdlem plavte rychle a pokud mo\u017eno sm\u011brem od n\u011bj, z\u016fstat v\u00a0klidu a ti\u0161e v\u00e1s nezachr\u00e1n\u00ed.)<\/p>\n<p>\u201eThey\u00b4re just magnificent\u2026\u201c (Komod\u0161t\u00ed \u201edraci\u201c \u2013 varani, nad nahr\u00e1vkou z\u00a0jedn\u00e9 expedice.)<\/p>\n<p>\u201eShe\u00b4s a sweet girl, isn\u00b4t she?\u201c \u00a0\u2013 samice nosoro\u017ece b\u00edl\u00e9ho.<\/p>\n<p>Mimochodem nosoro\u017eci, krokod\u00fdli i varani pat\u0159\u00ed mezi v\u00fdvojov\u011b velmi star\u00e9 druhy, kter\u00e9 jsou na na\u0161\u00ed spole\u010dn\u00e9 planet\u011b doma po des\u00edtky milion\u016f let. A\u017e teprve setk\u00e1n\u00ed s\u00a0\u010dlov\u011bkem n\u011bkter\u00e9 z\u00a0nich dohnalo na pokraj vyhynut\u00ed.<\/p>\n<p>Pr\u00e1v\u011b nosoro\u017eci jsou pak hlavn\u00edm t\u00e9matem v\u00a0druh\u00e9 \u010d\u00e1sti p\u0159edn\u00e1\u0161ky. Intenzita a krutost, s\u00a0jakou jsou st\u00e1le je\u0161t\u011b ileg\u00e1ln\u011b loveni a zab\u00edjeni \u010dist\u011b kv\u016fli sv\u00e9mu rohu, n\u00e1s nech\u00e1vaj\u00ed v\u00a0trpk\u00e9m \u00fa\u017easu. Podobn\u011b tak d\u011bsiv\u00e1 a zar\u00e1\u017eej\u00edc\u00ed je skute\u010dnost, \u017ee ve slu\u017eb\u011b \u010di mimo ni zem\u0159e ka\u017edoro\u010dn\u011b a\u017e 200 ranger\u016f, str\u00e1\u017ec\u016f park\u016f, kte\u0159\u00ed sv\u00e9 \u017eivoty zasv\u011btili ochran\u011b divok\u00e9 p\u0159\u00edrody a jej\u00edch zv\u00ed\u0159ec\u00edch obyvatel. Organizovan\u00fd zlo\u010din nezn\u00e1 slitov\u00e1n\u00ed a mst\u00ed se tak, \u017ee mnohdy odstran\u00ed nejen str\u00e1\u017ece, ale i jejich cel\u00e9 rodiny. (O jednom takov\u00e9m hrdinovi hovo\u0159\u00ed i Rhino Man, film od Global Conservation Corps uveden\u00fd r. 2024:\u00a0 <a href=\"https:\/\/www.youtube.com\/watch?v=3jqML6X5SrE\">https:\/\/www.youtube.com\/watch?v=3jqML6X5SrE<\/a>\u00a0) S\u00a0t\u00edmto z\u00e1va\u017en\u00fdm sd\u011blen\u00edm p\u0159edn\u00e1\u0161ka kon\u010d\u00ed a nech\u00e1v\u00e1 n\u00e1m \u010das je\u0161t\u011b chv\u00edli p\u0159em\u00fd\u0161let\u2026<\/p>\n<p>Johnnyho spont\u00e1nn\u00ed projev mnohdy vyloudil \u00fasm\u011bv na tv\u00e1\u0159\u00edch student\u016f, st\u0159\u00eddan\u00fd mo\u017en\u00e1 n\u011bkdy m\u00edrn\u00fdm zmaten\u00edm, nebo\u0165 jeho angli\u010dtina byla skute\u010dn\u011b pro pokro\u010dilej\u0161\u00ed \u2013 kombinace australsk\u00e9ho akcentu s\u00a0irsk\u00fdm (pr\u00fd po tat\u00ednkovi \ud83d\ude42 ). Ka\u017edop\u00e1dn\u011b velmi cenn\u00e1 a p\u0159\u00ednosn\u00e1, nejen z\u00a0pohledu angli\u010dtiny, ale pr\u00e1v\u011b ot\u00e1zkami, kter\u00e9 vzbuzuje.<\/p>\n<p><a href=\"https:\/\/www.gymberoun.cz\/news\/1319\/20\/P%C5%99edn%C3%A1%C5%A1ka-Nature-Conservation-in-Australia-and-Africa\">https:\/\/www.gymberoun.cz\/news\/1319\/20\/P%C5%99edn%C3%A1%C5%A1ka-Nature-Conservation-in-Australia-and-Africa<\/a><\/p>\n<p><strong>Berounsk\u00fd Den\u00edk<\/strong><\/p>\n<div>Slavn\u00fd lovec had\u016f a krokod\u00fdl\u016f z Austr\u00e1lie p\u0159edn\u00e1\u0161\u00ed Berounu. A chyst\u00e1 koncert<\/div>\n<div>Uk\u00e1zky, kdy v \u017eil\u00e1ch tuhne krev, p\u0159edv\u00e1d\u00ed Berounu slavn\u00fd lovec had\u016f a krokod\u00fdl\u016f Johnny Ryan z Austr\u00e1lie. \u201eU\u017e jsem tady m\u011bs\u00edc a p\u016fl. Prim\u00e1rn\u011b jsem p\u0159ijel u\u010dit angli\u010dtinu na Day Camp od ENGLISHstay. Nav\u0161t\u00edvil jsem Prahu, medv\u011bd\u00e1rium v Beroun\u011b, pivovar v Plzni i \u0160umavu. Moc mi chutnaj\u00ed \u010desk\u00e1 piva, ale nejv\u00edce asi plze\u0148,\u201c prozradil Den\u00edku Johnny Ryan, kter\u00e9ho jsme potkali na dopoledn\u00ed p\u0159edn\u00e1\u0161ce pro prvn\u00ed stupe\u0148 Z\u00e1kladn\u00ed \u0161koly VIA a odpoledn\u00ed v DDM Beroun ve st\u0159edu 17. z\u00e1\u0159\u00ed. Vstupn\u00e9 bylo zdarma.<\/div>\n<div>\u00a0<\/div>\n<div>Johnny Ryan d\u011btem i dosp\u011bl\u00fdm p\u0159edn\u00e1\u0161el o n\u00e1plni sv\u00e9 pr\u00e1ce zoologa a farm\u00e1\u0159e. Jak ho lid\u00e9 volaj\u00ed, aby jim pomohl chytit jedovat\u00e9ho hada, kter\u00fd jim vlezl na zahradu nebo rovnou do bytu. \u201eJednou mi dokonce volali z mate\u0159sk\u00e9 \u0161kolky, \u017ee uprost\u0159ed herny se plaz\u00ed jedovat\u00fd had. Uvid\u011bl ho jeden ze \u0161kol\u00e1\u010dk\u016f,\u201c sm\u00e1l se lovec, kter\u00fd chyt\u00e1 v Austr\u00e1lii hady zhruba \u010dty\u0159ikr\u00e1t do t\u00fddne. Pustil i video, kdy chytal jedovat\u00e9ho hada hol\u00fdma rukama u baz\u00e9nu na zahrad\u011b a popisoval, jak s n\u00edm zach\u00e1zet, aby mu had neubl\u00ed\u017eil. Uk\u00e1zal, s jak\u00fdmi zv\u00ed\u0159aty se setk\u00e1v\u00e1 na sv\u00e9 farm\u011b. Neopomn\u011bl ani na probl\u00e9m s nep\u016fvodn\u00edmi druhy, kter\u00e9 zde zp\u016fsobuj\u00ed velk\u00e9 \u0161kody v ekosyst\u00e9mu. N\u00e1zorn\u011b p\u0159edvedl, jak chyt\u00e1 krokod\u00fdly. \u201eV\u00edm, \u017ee krokod\u00fdla do t\u0159\u00ed metr\u016f zvl\u00e1dnu s\u00e1m, na v\u011bt\u0161\u00ed u\u017e pot\u0159ebuji pomoc,\u201c \u0159ekl. Zm\u00ednil i jak\u00e9 druhy krokod\u00fdl\u016f nejsou nebezpe\u010dn\u00e9 pro \u010dlov\u011bka a klidn\u011b je s nimi mo\u017en\u00e9 si zaplavat. Nebo o receptorech na k\u016f\u017ei, d\u00edky nim\u017e krokod\u00fdl zaznamen\u00e1 i tlukot srdce \u010dlov\u011bka.<\/div>\n<div>\u00a0<\/div>\n<div>Johnny Ryan zalo\u017eil neziskovou spole\u010dnost pro ochranu p\u0159\u00edrody, je tak\u00e9 spisovatelem a fotografem. Anga\u017euje se i jako ranger bojuj\u00edc\u00ed proti pytl\u00e1ctv\u00ed v africk\u00fdch n\u00e1rodn\u00edch parc\u00edch. P\u0159i uk\u00e1zk\u00e1ch temn\u00e9 str\u00e1nky pytl\u00e1ctv\u00ed \u2013 od\u0159ez\u00e1v\u00e1n\u00ed roh\u016f nosoro\u017ec\u016fm za\u017eiva pro \u010d\u00ednskou lidovou medic\u00ednu, kdy se pr\u00e1\u0161ek z roh\u016f p\u0159id\u00e1v\u00e1 do lidov\u00fdch l\u00e9\u010div, uk\u00e1pla nejedna slza. Popsal, jak nebezpe\u010dn\u00e1 pr\u00e1ce rangera je, a pro\u010d nosoro\u017ec\u016fm a dal\u0161\u00edm zv\u00ed\u0159at\u016fm hroz\u00ed vyhuben\u00ed. Zm\u00ednil i svou expedici na Komodsk\u00e9 ostrovy za Varany komodsk\u00fdmi. A jeliko\u017e je i muzikantem, chyst\u00e1 v Beroun\u011b koncert. Uskute\u010dn\u00ed se v p\u00e1tek 19. z\u00e1\u0159\u00ed od 18 hodin v Zagor Baru. \u201eV\u0161ichni, kdo maj\u00ed r\u00e1di punk rock, jsou zv\u00e1ni,\u201c uzav\u0159el Johnny.<\/div>\n<div>\u00a0<\/div>\n<div><a href=\"https:\/\/berounsky.denik.cz\/zpravy_region\/lovec-hadi-krokodyli-australie-navsteva-beroun.html\">https:\/\/berounsky.denik.cz\/zpravy_region\/lovec-hadi-krokodyli-australie-navsteva-beroun.html<\/a><\/div>\n<p><strong>Hospod\u00e1\u0159sk\u00e9 Noviny<\/strong><\/p>\n<p>&#8222;Intenzivn\u00ed pobytov\u00fd kurz angli\u010dtiny<br \/>V\u011bt\u0161ina z n\u00e1s to ur\u010dit\u011b zn\u00e1, nav\u0161t\u011bvovali jsme hodiny anglick\u00e9ho jazyka u\u017e od z\u00e1kladn\u00ed \u0161koly a pokra\u010dovali v tom i na st\u0159edn\u00ed, p\u0159\u00edpadn\u011b vysok\u00e9 \u0161kole, ale po\u0159\u00e1d ne a ne se domluvit. Roky sna\u017een\u00ed se v lavic\u00edch n\u00e1m te\u010f p\u0159ipadaj\u00ed jako ztracen\u00fd \u010das. Probl\u00e9m je v tom, \u017ee studium anglick\u00e9ho jazyka na \u0161kol\u00e1ch neb\u00fdv\u00e1 intenzivn\u00ed ani systematick\u00e9, to se pak nen\u00ed v\u016fbec \u010demu divit, kdy\u017e n\u00e1m anglick\u00e1 slov\u00ed\u010dka spolu s gramatikou nic ne\u0159\u00edkaj\u00ed. I kdy\u017e jsou \u0161koln\u00ed l\u00e9ta a s nimi i povinn\u00e9 hodiny ciz\u00edho jazyka d\u00e1vno pry\u010d, nic nen\u00ed ztraceno&#8230;&#8220;<\/p>\n<p><strong>zpravyhned.cz<\/strong> &#8211; <a href=\"http:\/\/zpravyhned.cz\/jak-zdokonalit-anglictinu\/\" target=\"_blank\" rel=\"noopener\">odkaz<\/a><\/p>\n<p><strong>24zpravy.cz<\/strong> &#8211; <a href=\"http:\/\/24zpravy.cz\/reseni-lepsi-anglictinu-jedine-rodily-mluvci\/\" target=\"_blank\" rel=\"noopener\">odkaz<\/a><\/p>\n<p><strong>Magaz\u00edn Rodina <\/strong>&#8211; <a href=\"http:\/\/www.magazinrodina.cz\/rodina\/761-potrebujete-pred-cestou-do-zahranici-oprasit-anglictinu\" target=\"_blank\" rel=\"noopener\">odkaz<\/a><\/p>\n<p><strong>Novinar.sk <\/strong>&#8211;<strong>\u00a0<\/strong><a href=\"http:\/\/novinar.sk\/clanok\/spravodajstvo\/683\/intenzivne-kurzy- anglictiny-s-rodenym-hovorcom\" target=\"_blank\" rel=\"noopener\">odkaz<\/a><\/p>\n<p><strong>nazkusenou.cz\u00a0<\/strong>&#8211;\u00a0<a href=\"http:\/\/www.nazkusenou.cz\/stojim-a-cumim-a644.html\" target=\"_blank\" rel=\"noopener\">odkaz<\/a><\/p>\n<p><strong>mladiinfo.cz<\/strong> &#8211; <a href=\"http:\/\/www.mladiinfo.cz\/mate-v-sivicku-biznis-inglis\/\" target=\"_blank\" rel=\"noopener\">odkaz<\/a><\/p>\n<p><strong>jazykoveskoly.com<\/strong> &#8211; <a href=\"http:\/\/www.jazykoveskoly.com\/aktuality-2\/jak-jsem-zlepsil-svoji-anglictinu-diky-pobytove\">odkaz<\/a><\/p>\n<p>[\/et_pb_text][\/et_pb_column][\/et_pb_row][\/et_pb_section]<\/p>\n<span class=\"et_bloom_bottom_trigger\"><\/span>","protected":false},"excerpt":{"rendered":"<p>Hospod\u00e1\u0159sk\u00e9 Noviny \u201eIntenzivn\u00ed pobytov\u00fd kurz angli\u010dtiny&#8220; V\u011bt\u0161ina z n\u00e1s to ur\u010dit\u011b zn\u00e1, nav\u0161t\u011bvovali jsme hodiny anglick\u00e9ho jazyka&#8230;<\/p>\n","protected":false},"author":2,"featured_media":0,"parent":0,"menu_order":0,"comment_status":"closed","ping_status":"closed","template":"","meta":{"_et_pb_use_builder":"on","_et_pb_old_content":"","_et_gb_content_width":"","footnotes":""},"class_list":["post-7331","page","type-page","status-publish","hentry"],"yoast_head":"<!-- This site is optimized with the Yoast SEO plugin v27.5 - https:\/\/yoast.com\/product\/yoast-seo-wordpress\/ -->\n<title>Napsali o n\u00e1s | ENGLISHstay<\/title>\n<meta name=\"description\" content=\"Hospod\u00e1\u0159sk\u00e9 Noviny \u201eIntenzivn\u00ed pobytov\u00fd kurz angli\u010dtiny&quot; V\u011bt\u0161ina z n\u00e1s to ur\u010dit\u011b zn\u00e1, nav\u0161t\u011bvovali jsme hodiny anglick\u00e9ho jazyka...\" \/>\n<meta name=\"robots\" content=\"index, follow, max-snippet:-1, max-image-preview:large, max-video-preview:-1\" \/>\n<link rel=\"canonical\" href=\"https:\/\/www.englishstay.cz\/sk\/napsali-o-nas\/\" \/>\n<meta property=\"og:locale\" content=\"sk_SK\" \/>\n<meta property=\"og:type\" content=\"article\" \/>\n<meta property=\"og:title\" content=\"Napsali o n\u00e1s | ENGLISHstay\" \/>\n<meta property=\"og:description\" content=\"Hospod\u00e1\u0159sk\u00e9 Noviny \u201eIntenzivn\u00ed pobytov\u00fd kurz angli\u010dtiny&quot; V\u011bt\u0161ina z n\u00e1s to ur\u010dit\u011b zn\u00e1, nav\u0161t\u011bvovali jsme hodiny anglick\u00e9ho jazyka...\" \/>\n<meta property=\"og:url\" content=\"https:\/\/www.englishstay.cz\/sk\/napsali-o-nas\/\" \/>\n<meta property=\"og:site_name\" content=\"ENGLISHstay\" \/>\n<meta property=\"article:publisher\" content=\"https:\/\/www.facebook.com\/kurzyanglictiny\/\" \/>\n<meta property=\"article:modified_time\" content=\"2026-02-02T04:27:04+00:00\" \/>\n<meta property=\"og:image\" content=\"https:\/\/www.englishstay.cz\/media\/2019\/01\/logo-es.jpg\" \/>\n\t<meta property=\"og:image:width\" content=\"260\" \/>\n\t<meta property=\"og:image:height\" content=\"260\" \/>\n\t<meta property=\"og:image:type\" content=\"image\/jpeg\" \/>\n<meta name=\"twitter:card\" content=\"summary_large_image\" \/>\n<meta name=\"twitter:site\" content=\"@ENGLISHstay\" \/>\n<meta name=\"twitter:label1\" content=\"Predpokladan\u00fd \u010das \u010d\u00edtania\" \/>\n\t<meta name=\"twitter:data1\" content=\"5 min\u00fat\" \/>\n<script type=\"application\/ld+json\" class=\"yoast-schema-graph\">{\"@context\":\"https:\\\/\\\/schema.org\",\"@graph\":[{\"@type\":\"WebPage\",\"@id\":\"https:\\\/\\\/www.englishstay.cz\\\/sk\\\/napsali-o-nas\\\/\",\"url\":\"https:\\\/\\\/www.englishstay.cz\\\/sk\\\/napsali-o-nas\\\/\",\"name\":\"Napsali o n\u00e1s | ENGLISHstay\",\"isPartOf\":{\"@id\":\"https:\\\/\\\/www.englishstay.cz\\\/de\\\/#website\"},\"datePublished\":\"2017-11-22T14:10:51+00:00\",\"dateModified\":\"2026-02-02T04:27:04+00:00\",\"description\":\"Hospod\u00e1\u0159sk\u00e9 Noviny \u201eIntenzivn\u00ed pobytov\u00fd kurz angli\u010dtiny\\\" V\u011bt\u0161ina z n\u00e1s to ur\u010dit\u011b zn\u00e1, nav\u0161t\u011bvovali jsme hodiny anglick\u00e9ho jazyka...\",\"breadcrumb\":{\"@id\":\"https:\\\/\\\/www.englishstay.cz\\\/sk\\\/napsali-o-nas\\\/#breadcrumb\"},\"inLanguage\":\"sk-SK\",\"potentialAction\":[{\"@type\":\"ReadAction\",\"target\":[\"https:\\\/\\\/www.englishstay.cz\\\/sk\\\/napsali-o-nas\\\/\"]}]},{\"@type\":\"BreadcrumbList\",\"@id\":\"https:\\\/\\\/www.englishstay.cz\\\/sk\\\/napsali-o-nas\\\/#breadcrumb\",\"itemListElement\":[{\"@type\":\"ListItem\",\"position\":1,\"name\":\"Dom\u016f\",\"item\":\"https:\\\/\\\/www.englishstay.cz\\\/sk\\\/\"},{\"@type\":\"ListItem\",\"position\":2,\"name\":\"Napsali o n\u00e1s\"}]},{\"@type\":\"WebSite\",\"@id\":\"https:\\\/\\\/www.englishstay.cz\\\/de\\\/#website\",\"url\":\"https:\\\/\\\/www.englishstay.cz\\\/de\\\/\",\"name\":\"ENGLISHstay\",\"description\":\"Intenzivn\u00ed kurzy angli\u010dtiny s rodil\u00fdm mluv\u010d\u00edm\",\"potentialAction\":[{\"@type\":\"SearchAction\",\"target\":{\"@type\":\"EntryPoint\",\"urlTemplate\":\"https:\\\/\\\/www.englishstay.cz\\\/de\\\/?s={search_term_string}\"},\"query-input\":{\"@type\":\"PropertyValueSpecification\",\"valueRequired\":true,\"valueName\":\"search_term_string\"}}],\"inLanguage\":\"sk-SK\"}]}<\/script>\n<!-- \/ Yoast SEO plugin. -->","yoast_head_json":{"title":"Napsali o n\u00e1s | ENGLISHstay","description":"Hospod\u00e1\u0159sk\u00e9 Noviny \u201eIntenzivn\u00ed pobytov\u00fd kurz angli\u010dtiny\" V\u011bt\u0161ina z n\u00e1s to ur\u010dit\u011b zn\u00e1, nav\u0161t\u011bvovali jsme hodiny anglick\u00e9ho jazyka...","robots":{"index":"index","follow":"follow","max-snippet":"max-snippet:-1","max-image-preview":"max-image-preview:large","max-video-preview":"max-video-preview:-1"},"canonical":"https:\/\/www.englishstay.cz\/sk\/napsali-o-nas\/","og_locale":"sk_SK","og_type":"article","og_title":"Napsali o n\u00e1s | ENGLISHstay","og_description":"Hospod\u00e1\u0159sk\u00e9 Noviny \u201eIntenzivn\u00ed pobytov\u00fd kurz angli\u010dtiny\" V\u011bt\u0161ina z n\u00e1s to ur\u010dit\u011b zn\u00e1, nav\u0161t\u011bvovali jsme hodiny anglick\u00e9ho jazyka...","og_url":"https:\/\/www.englishstay.cz\/sk\/napsali-o-nas\/","og_site_name":"ENGLISHstay","article_publisher":"https:\/\/www.facebook.com\/kurzyanglictiny\/","article_modified_time":"2026-02-02T04:27:04+00:00","og_image":[{"width":260,"height":260,"url":"https:\/\/www.englishstay.cz\/media\/2019\/01\/logo-es.jpg","type":"image\/jpeg"}],"twitter_card":"summary_large_image","twitter_site":"@ENGLISHstay","twitter_misc":{"Predpokladan\u00fd \u010das \u010d\u00edtania":"5 min\u00fat"},"schema":{"@context":"https:\/\/schema.org","@graph":[{"@type":"WebPage","@id":"https:\/\/www.englishstay.cz\/sk\/napsali-o-nas\/","url":"https:\/\/www.englishstay.cz\/sk\/napsali-o-nas\/","name":"Napsali o n\u00e1s | ENGLISHstay","isPartOf":{"@id":"https:\/\/www.englishstay.cz\/de\/#website"},"datePublished":"2017-11-22T14:10:51+00:00","dateModified":"2026-02-02T04:27:04+00:00","description":"Hospod\u00e1\u0159sk\u00e9 Noviny \u201eIntenzivn\u00ed pobytov\u00fd kurz angli\u010dtiny\" V\u011bt\u0161ina z n\u00e1s to ur\u010dit\u011b zn\u00e1, nav\u0161t\u011bvovali jsme hodiny anglick\u00e9ho jazyka...","breadcrumb":{"@id":"https:\/\/www.englishstay.cz\/sk\/napsali-o-nas\/#breadcrumb"},"inLanguage":"sk-SK","potentialAction":[{"@type":"ReadAction","target":["https:\/\/www.englishstay.cz\/sk\/napsali-o-nas\/"]}]},{"@type":"BreadcrumbList","@id":"https:\/\/www.englishstay.cz\/sk\/napsali-o-nas\/#breadcrumb","itemListElement":[{"@type":"ListItem","position":1,"name":"Dom\u016f","item":"https:\/\/www.englishstay.cz\/sk\/"},{"@type":"ListItem","position":2,"name":"Napsali o n\u00e1s"}]},{"@type":"WebSite","@id":"https:\/\/www.englishstay.cz\/de\/#website","url":"https:\/\/www.englishstay.cz\/de\/","name":"ENGLISHstay","description":"Intenzivn\u00ed kurzy angli\u010dtiny s rodil\u00fdm mluv\u010d\u00edm","potentialAction":[{"@type":"SearchAction","target":{"@type":"EntryPoint","urlTemplate":"https:\/\/www.englishstay.cz\/de\/?s={search_term_string}"},"query-input":{"@type":"PropertyValueSpecification","valueRequired":true,"valueName":"search_term_string"}}],"inLanguage":"sk-SK"}]}},"_links":{"self":[{"href":"https:\/\/www.englishstay.cz\/sk\/wp-json\/wp\/v2\/pages\/7331","targetHints":{"allow":["GET"]}}],"collection":[{"href":"https:\/\/www.englishstay.cz\/sk\/wp-json\/wp\/v2\/pages"}],"about":[{"href":"https:\/\/www.englishstay.cz\/sk\/wp-json\/wp\/v2\/types\/page"}],"author":[{"embeddable":true,"href":"https:\/\/www.englishstay.cz\/sk\/wp-json\/wp\/v2\/users\/2"}],"replies":[{"embeddable":true,"href":"https:\/\/www.englishstay.cz\/sk\/wp-json\/wp\/v2\/comments?post=7331"}],"version-history":[{"count":4,"href":"https:\/\/www.englishstay.cz\/sk\/wp-json\/wp\/v2\/pages\/7331\/revisions"}],"predecessor-version":[{"id":14067,"href":"https:\/\/www.englishstay.cz\/sk\/wp-json\/wp\/v2\/pages\/7331\/revisions\/14067"}],"wp:attachment":[{"href":"https:\/\/www.englishstay.cz\/sk\/wp-json\/wp\/v2\/media?parent=7331"}],"curies":[{"name":"wp","href":"https:\/\/api.w.org\/{rel}","templated":true}]}}