{"id":7320,"date":"2016-06-17T19:42:39","date_gmt":"2016-06-17T17:42:39","guid":{"rendered":"https:\/\/englishstay.cz\/?page_id=7320"},"modified":"2026-02-02T05:35:36","modified_gmt":"2026-02-02T04:35:36","slug":"lecturers","status":"publish","type":"page","link":"https:\/\/www.englishstay.cz\/sk\/lecturers\/","title":{"rendered":"Lecturers"},"content":{"rendered":"<p>[et_pb_section fb_built=&#8220;1&#8243; fullwidth=&#8220;on&#8220; _builder_version=&#8220;4.16&#8243; background_color=&#8220;#ffffff&#8220; global_colors_info=&#8220;{}&#8220;][et_pb_fullwidth_image src=&#8220;\/media\/2016\/06\/foto_pozadi2.jpg&#8220; _builder_version=&#8220;4.16&#8243; global_colors_info=&#8220;{}&#8220;][\/et_pb_fullwidth_image][\/et_pb_section][et_pb_section fb_built=&#8220;1&#8243; custom_padding_last_edited=&#8220;on|desktop&#8220; admin_label=&#8220;Section&#8220; _builder_version=&#8220;4.16&#8243; custom_padding_tablet=&#8220;50px|0|50px|0&#8243; custom_padding_phone=&#8220;&#8220; transparent_background=&#8220;off&#8220; global_colors_info=&#8220;{}&#8220;][et_pb_row _builder_version=&#8220;4.16&#8243; custom_padding=&#8220;0px||0px|&#8220; global_colors_info=&#8220;{}&#8220;][et_pb_column type=&#8220;4_4&#8243; _builder_version=&#8220;4.16&#8243; custom_padding=&#8220;|||&#8220; global_colors_info=&#8220;{}&#8220; custom_padding__hover=&#8220;|||&#8220;][et_pb_text _builder_version=&#8220;4.16&#8243; text_orientation=&#8220;justified&#8220; module_alignment=&#8220;left&#8220; global_colors_info=&#8220;{}&#8220;]<\/p>\n<h1>Lecturers<\/h1>\n<p><strong>education of English with a native speaker<\/strong><\/p>\n<p>EENGLISHstay invites you to participate in the first English intensive program in the Czech Republic. Englishstay educates students in English in cooperation with volunteers. The entire program takes place in beautiful places in the Czech Republic and Moravia. If you want to see interesting places and meet with Czech culture, please just come and join us.<\/p>\n<p>[\/et_pb_text][\/et_pb_column][\/et_pb_row][et_pb_row column_padding_mobile=&#8220;on&#8220; admin_label=&#8220;Row&#8220; _builder_version=&#8220;4.16&#8243; background_size=&#8220;initial&#8220; background_position=&#8220;top_left&#8220; background_repeat=&#8220;repeat&#8220; custom_padding=&#8220;||0px|&#8220; global_colors_info=&#8220;{}&#8220; column_structure=&#8220;1_3,1_3,1_3&#8243;][et_pb_column type=&#8220;1_3&#8243; _builder_version=&#8220;4.16&#8243; custom_padding=&#8220;|||&#8220; global_colors_info=&#8220;{}&#8220; custom_padding__hover=&#8220;|||&#8220;][et_pb_team_member name=&#8220;Carolyn&#8220; position=&#8220;USA &#8211; California, Santa Monica&#8220; image_url=&#8220;\/media\/2016\/06\/carolyn.jpg&#8220; admin_label=&#8220;Carolyn&#8220; module_class=&#8220;square_blurb&#8220; _builder_version=&#8220;4.16&#8243; header_font_size=&#8220;24&#8243; background_size=&#8220;initial&#8220; background_position=&#8220;top_left&#8220; background_repeat=&#8220;repeat&#8220; custom_padding=&#8220;15px|15px|15px|15px&#8220; animation_style=&#8220;zoom&#8220; border_style_all=&#8220;solid&#8220; border_style_top_image=&#8220;solid&#8220; border_style_right_image=&#8220;solid&#8220; border_style_bottom_image=&#8220;solid&#8220; border_style_left_image=&#8220;solid&#8220; border_style=&#8220;solid&#8220; global_colors_info=&#8220;{}&#8220;][\/et_pb_team_member][\/et_pb_column][et_pb_column type=&#8220;1_3&#8243; _builder_version=&#8220;4.16&#8243; custom_padding=&#8220;|||&#8220; global_colors_info=&#8220;{}&#8220; custom_padding__hover=&#8220;|||&#8220;][et_pb_team_member name=&#8220;Raman&#8220; position=&#8220;New Zeland&#8220; image_url=&#8220;\/media\/2016\/06\/raman.jpg&#8220; admin_label=&#8220;Raman&#8220; module_class=&#8220;square_blurb&#8220; _builder_version=&#8220;4.16&#8243; header_font_size=&#8220;24&#8243; background_size=&#8220;initial&#8220; background_position=&#8220;top_left&#8220; background_repeat=&#8220;repeat&#8220; custom_padding=&#8220;15px|15px|15px|15px&#8220; animation_style=&#8220;zoom&#8220; border_style_all=&#8220;solid&#8220; border_style_top_image=&#8220;solid&#8220; border_style_right_image=&#8220;solid&#8220; border_style_bottom_image=&#8220;solid&#8220; border_style_left_image=&#8220;solid&#8220; border_style=&#8220;solid&#8220; global_colors_info=&#8220;{}&#8220;][\/et_pb_team_member][\/et_pb_column][et_pb_column type=&#8220;1_3&#8243; _builder_version=&#8220;4.16&#8243; custom_padding=&#8220;|||&#8220; global_colors_info=&#8220;{}&#8220; custom_padding__hover=&#8220;|||&#8220;][et_pb_team_member name=&#8220;Pat and Mike&#8220; position=&#8220;USA &#8211; Alaska&#8220; image_url=&#8220;\/media\/2016\/06\/pat-mike.jpg&#8220; admin_label=&#8220;Pat and Mike&#8220; module_class=&#8220;square_blurb&#8220; _builder_version=&#8220;4.16&#8243; header_font_size=&#8220;24&#8243; background_size=&#8220;initial&#8220; background_position=&#8220;top_left&#8220; background_repeat=&#8220;repeat&#8220; custom_padding=&#8220;15px|15px|15px|15px&#8220; animation_style=&#8220;zoom&#8220; border_style_all=&#8220;solid&#8220; border_style_top_image=&#8220;solid&#8220; border_style_right_image=&#8220;solid&#8220; border_style_bottom_image=&#8220;solid&#8220; border_style_left_image=&#8220;solid&#8220; border_style=&#8220;solid&#8220; global_colors_info=&#8220;{}&#8220;][\/et_pb_team_member][\/et_pb_column][\/et_pb_row][et_pb_row column_padding_mobile=&#8220;on&#8220; admin_label=&#8220;Row&#8220; _builder_version=&#8220;4.16&#8243; background_size=&#8220;initial&#8220; background_position=&#8220;top_left&#8220; background_repeat=&#8220;repeat&#8220; custom_padding=&#8220;0px||0px|&#8220; global_colors_info=&#8220;{}&#8220; column_structure=&#8220;1_3,1_3,1_3&#8243;][et_pb_column type=&#8220;1_3&#8243; _builder_version=&#8220;4.16&#8243; custom_padding=&#8220;|||&#8220; global_colors_info=&#8220;{}&#8220; custom_padding__hover=&#8220;|||&#8220;][et_pb_team_member name=&#8220;Woody&#8220; position=&#8220;USA &#8211; California&#8220; image_url=&#8220;\/media\/2016\/06\/woody.jpg&#8220; admin_label=&#8220;Woody&#8220; module_class=&#8220;square_blurb&#8220; _builder_version=&#8220;4.16&#8243; header_font_size=&#8220;24&#8243; background_size=&#8220;initial&#8220; background_position=&#8220;top_left&#8220; background_repeat=&#8220;repeat&#8220; custom_padding=&#8220;15px|15px|15px|15px&#8220; animation_style=&#8220;zoom&#8220; border_style_all=&#8220;solid&#8220; border_style_top_image=&#8220;solid&#8220; border_style_right_image=&#8220;solid&#8220; border_style_bottom_image=&#8220;solid&#8220; border_style_left_image=&#8220;solid&#8220; border_style=&#8220;solid&#8220; global_colors_info=&#8220;{}&#8220;][\/et_pb_team_member][\/et_pb_column][et_pb_column type=&#8220;1_3&#8243; _builder_version=&#8220;4.16&#8243; custom_padding=&#8220;|||&#8220; global_colors_info=&#8220;{}&#8220; custom_padding__hover=&#8220;|||&#8220;][et_pb_team_member name=&#8220;Carol&#8220; position=&#8220;USA &#8211; Ohio&#8220; image_url=&#8220;\/media\/2016\/06\/carol.jpg&#8220; admin_label=&#8220;Carol&#8220; module_class=&#8220;square_blurb&#8220; _builder_version=&#8220;4.16&#8243; header_font_size=&#8220;24&#8243; background_size=&#8220;initial&#8220; background_position=&#8220;top_left&#8220; background_repeat=&#8220;repeat&#8220; custom_padding=&#8220;15px|15px|15px|15px&#8220; animation_style=&#8220;zoom&#8220; border_style_all=&#8220;solid&#8220; border_style_top_image=&#8220;solid&#8220; border_style_right_image=&#8220;solid&#8220; border_style_bottom_image=&#8220;solid&#8220; border_style_left_image=&#8220;solid&#8220; border_style=&#8220;solid&#8220; global_colors_info=&#8220;{}&#8220;][\/et_pb_team_member][\/et_pb_column][et_pb_column type=&#8220;1_3&#8243; _builder_version=&#8220;4.16&#8243; custom_padding=&#8220;|||&#8220; global_colors_info=&#8220;{}&#8220; custom_padding__hover=&#8220;|||&#8220;][et_pb_team_member name=&#8220;Corinne&#8220; position=&#8220;USA &#8211; Michigan&#8220; image_url=&#8220;\/media\/2016\/06\/corinne.jpg&#8220; admin_label=&#8220;Corinne&#8220; module_class=&#8220;square_blurb&#8220; _builder_version=&#8220;4.16&#8243; header_font_size=&#8220;24&#8243; background_size=&#8220;initial&#8220; background_position=&#8220;top_left&#8220; background_repeat=&#8220;repeat&#8220; custom_padding=&#8220;15px|15px|15px|15px&#8220; animation_style=&#8220;zoom&#8220; border_style_all=&#8220;solid&#8220; border_style_top_image=&#8220;solid&#8220; border_style_right_image=&#8220;solid&#8220; border_style_bottom_image=&#8220;solid&#8220; border_style_left_image=&#8220;solid&#8220; border_style=&#8220;solid&#8220; global_colors_info=&#8220;{}&#8220;][\/et_pb_team_member][\/et_pb_column][\/et_pb_row][et_pb_row column_padding_mobile=&#8220;on&#8220; admin_label=&#8220;Row&#8220; _builder_version=&#8220;4.16&#8243; background_size=&#8220;initial&#8220; background_position=&#8220;top_left&#8220; background_repeat=&#8220;repeat&#8220; custom_padding=&#8220;0px||0px|&#8220; global_colors_info=&#8220;{}&#8220; column_structure=&#8220;1_3,1_3,1_3&#8243;][et_pb_column type=&#8220;1_3&#8243; _builder_version=&#8220;4.16&#8243; custom_padding=&#8220;|||&#8220; global_colors_info=&#8220;{}&#8220; custom_padding__hover=&#8220;|||&#8220;][et_pb_team_member name=&#8220;Lee nad Hellen \/ Erin and Luke&#8220; position=&#8220;Isle od Man &#8211; GB \/ Melbourne &#8211; Australia&#8220; image_url=&#8220;\/media\/2016\/06\/lee-helen.jpg&#8220; admin_label=&#8220;Lee nad Hellen \/ Erin and Luke&#8220; module_class=&#8220;square_blurb&#8220; _builder_version=&#8220;4.16&#8243; header_font_size=&#8220;24&#8243; background_size=&#8220;initial&#8220; background_position=&#8220;top_left&#8220; background_repeat=&#8220;repeat&#8220; custom_padding=&#8220;15px|15px|15px|15px&#8220; animation_style=&#8220;zoom&#8220; border_style_all=&#8220;solid&#8220; border_style_top_image=&#8220;solid&#8220; border_style_right_image=&#8220;solid&#8220; border_style_bottom_image=&#8220;solid&#8220; border_style_left_image=&#8220;solid&#8220; border_style=&#8220;solid&#8220; global_colors_info=&#8220;{}&#8220;][\/et_pb_team_member][\/et_pb_column][et_pb_column type=&#8220;1_3&#8243; _builder_version=&#8220;4.16&#8243; custom_padding=&#8220;|||&#8220; global_colors_info=&#8220;{}&#8220; custom_padding__hover=&#8220;|||&#8220;][et_pb_team_member name=&#8220;Sarah and Adam \/ Stefan&#8220; position=&#8220;Sydney &#8211; Australia \/ Vancouver &#8211; Canada&#8220; image_url=&#8220;\/media\/2016\/06\/sarah-adam.jpg&#8220; admin_label=&#8220;Sarah and Adam \/ Stefan&#8220; module_class=&#8220;square_blurb&#8220; _builder_version=&#8220;4.16&#8243; header_font_size=&#8220;24&#8243; background_size=&#8220;initial&#8220; background_position=&#8220;top_left&#8220; background_repeat=&#8220;repeat&#8220; custom_padding=&#8220;15px|15px|15px|15px&#8220; animation_style=&#8220;zoom&#8220; border_style_all=&#8220;solid&#8220; border_style_top_image=&#8220;solid&#8220; border_style_right_image=&#8220;solid&#8220; border_style_bottom_image=&#8220;solid&#8220; border_style_left_image=&#8220;solid&#8220; border_style=&#8220;solid&#8220; global_colors_info=&#8220;{}&#8220;][\/et_pb_team_member][\/et_pb_column][et_pb_column type=&#8220;1_3&#8243; _builder_version=&#8220;4.16&#8243; custom_padding=&#8220;|||&#8220; global_colors_info=&#8220;{}&#8220; custom_padding__hover=&#8220;|||&#8220;][et_pb_team_member name=&#8220;Teresa \/ Sherry&#8220; position=&#8220;USA &#8211; Kentucky \/ Texas&#8220; image_url=&#8220;\/media\/2016\/06\/Teresa.jpg&#8220; admin_label=&#8220;Teresa \/ Sherry&#8220; module_class=&#8220;square_blurb&#8220; _builder_version=&#8220;4.16&#8243; header_font_size=&#8220;24&#8243; background_size=&#8220;initial&#8220; background_position=&#8220;top_left&#8220; background_repeat=&#8220;repeat&#8220; custom_padding=&#8220;15px|15px|15px|15px&#8220; animation_style=&#8220;zoom&#8220; border_style_all=&#8220;solid&#8220; border_style_top_image=&#8220;solid&#8220; border_style_right_image=&#8220;solid&#8220; border_style_bottom_image=&#8220;solid&#8220; border_style_left_image=&#8220;solid&#8220; border_style=&#8220;solid&#8220; global_colors_info=&#8220;{}&#8220;][\/et_pb_team_member][\/et_pb_column][\/et_pb_row][\/et_pb_section][et_pb_section fb_built=&#8220;1&#8243; custom_padding_last_edited=&#8220;on|desktop&#8220; admin_label=&#8220;Section&#8220; module_class=&#8220;stripe-cta&#8220; _builder_version=&#8220;4.16&#8243; background_color=&#8220;rgba(255,255,255,0)&#8220; background_image=&#8220;\/media\/2016\/06\/header-02.jpg&#8220; parallax=&#8220;on&#8220; parallax_method=&#8220;off&#8220; custom_padding_tablet=&#8220;50px|0|50px|0&#8243; custom_padding_phone=&#8220;&#8220; transparent_background=&#8220;on&#8220; global_colors_info=&#8220;{}&#8220;][et_pb_row admin_label=&#8220;Row&#8220; _builder_version=&#8220;4.16&#8243; background_size=&#8220;initial&#8220; background_position=&#8220;top_left&#8220; background_repeat=&#8220;repeat&#8220; global_colors_info=&#8220;{}&#8220;][et_pb_column type=&#8220;4_4&#8243; _builder_version=&#8220;4.16&#8243; custom_padding=&#8220;|||&#8220; global_colors_info=&#8220;{}&#8220; custom_padding__hover=&#8220;|||&#8220;][et_pb_cta title=&#8220;Please don&#8217;t hesitate to contact us for more information, or for any questions you may have. &#8220; button_url=&#8220;#&#8220; button_text=&#8220;Contact us&#8220; admin_label=&#8220;Tla\u010d\u00edtko a text&#8220; _builder_version=&#8220;4.16&#8243; use_background_color=&#8220;off&#8220; background_size=&#8220;initial&#8220; background_position=&#8220;top_left&#8220; background_repeat=&#8220;repeat&#8220; animation_style=&#8220;flip&#8220; border_style=&#8220;solid&#8220; saved_tabs=&#8220;all&#8220; global_colors_info=&#8220;{}&#8220; button_text_size__hover_enabled=&#8220;off&#8220; button_one_text_size__hover_enabled=&#8220;off&#8220; button_two_text_size__hover_enabled=&#8220;off&#8220; button_text_color__hover_enabled=&#8220;off&#8220; button_one_text_color__hover_enabled=&#8220;off&#8220; button_two_text_color__hover_enabled=&#8220;off&#8220; button_border_width__hover_enabled=&#8220;off&#8220; button_one_border_width__hover_enabled=&#8220;off&#8220; button_two_border_width__hover_enabled=&#8220;off&#8220; button_border_color__hover_enabled=&#8220;off&#8220; button_one_border_color__hover_enabled=&#8220;off&#8220; button_two_border_color__hover_enabled=&#8220;off&#8220; button_border_radius__hover_enabled=&#8220;off&#8220; button_one_border_radius__hover_enabled=&#8220;off&#8220; button_two_border_radius__hover_enabled=&#8220;off&#8220; button_letter_spacing__hover_enabled=&#8220;off&#8220; button_one_letter_spacing__hover_enabled=&#8220;off&#8220; button_two_letter_spacing__hover_enabled=&#8220;off&#8220; button_bg_color__hover_enabled=&#8220;off&#8220; button_one_bg_color__hover_enabled=&#8220;off&#8220; button_two_bg_color__hover_enabled=&#8220;off&#8220;][\/et_pb_cta][\/et_pb_column][\/et_pb_row][\/et_pb_section]<\/p>\n<span class=\"et_bloom_bottom_trigger\"><\/span>","protected":false},"excerpt":{"rendered":"<p>ENGLISHstay invites you to participate in the first English intensive program in the Czech Republic. Englishstay educates students in&#8230;<\/p>\n","protected":false},"author":2,"featured_media":0,"parent":0,"menu_order":0,"comment_status":"closed","ping_status":"closed","template":"","meta":{"_et_pb_use_builder":"on","_et_pb_old_content":"","_et_gb_content_width":"","footnotes":""},"class_list":["post-7320","page","type-page","status-publish","hentry"],"yoast_head":"<!-- This site is optimized with the Yoast SEO plugin v26.4 - https:\/\/yoast.com\/wordpress\/plugins\/seo\/ -->\n<title>Lecturers | ENGLISHstay<\/title>\n<meta name=\"description\" content=\"ENGLISHstay invites you to participate in the first English intensive program in the Czech Republic. Englishstay educates students in...\" \/>\n<meta name=\"robots\" content=\"index, follow, max-snippet:-1, max-image-preview:large, max-video-preview:-1\" \/>\n<link rel=\"canonical\" href=\"https:\/\/www.englishstay.cz\/sk\/lecturers\/\" \/>\n<meta property=\"og:locale\" content=\"sk_SK\" \/>\n<meta property=\"og:type\" content=\"article\" \/>\n<meta property=\"og:title\" content=\"Lecturers | ENGLISHstay\" \/>\n<meta property=\"og:description\" content=\"ENGLISHstay invites you to participate in the first English intensive program in the Czech Republic. Englishstay educates students in...\" \/>\n<meta property=\"og:url\" content=\"https:\/\/www.englishstay.cz\/sk\/lecturers\/\" \/>\n<meta property=\"og:site_name\" content=\"ENGLISHstay\" \/>\n<meta property=\"article:publisher\" content=\"https:\/\/www.facebook.com\/kurzyanglictiny\/\" \/>\n<meta property=\"article:modified_time\" content=\"2026-02-02T04:35:36+00:00\" \/>\n<meta property=\"og:image\" content=\"https:\/\/www.englishstay.cz\/media\/2019\/01\/logo-es.jpg\" \/>\n\t<meta property=\"og:image:width\" content=\"260\" \/>\n\t<meta property=\"og:image:height\" content=\"260\" \/>\n\t<meta property=\"og:image:type\" content=\"image\/jpeg\" \/>\n<meta name=\"twitter:card\" content=\"summary_large_image\" \/>\n<meta name=\"twitter:site\" content=\"@ENGLISHstay\" \/>\n<meta name=\"twitter:label1\" content=\"Predpokladan\u00fd \u010das \u010d\u00edtania\" \/>\n\t<meta name=\"twitter:data1\" content=\"3 min\u00faty\" \/>\n<script type=\"application\/ld+json\" class=\"yoast-schema-graph\">{\"@context\":\"https:\/\/schema.org\",\"@graph\":[{\"@type\":\"WebPage\",\"@id\":\"https:\/\/www.englishstay.cz\/sk\/lecturers\/\",\"url\":\"https:\/\/www.englishstay.cz\/sk\/lecturers\/\",\"name\":\"Lecturers | ENGLISHstay\",\"isPartOf\":{\"@id\":\"https:\/\/www.englishstay.cz\/de\/#website\"},\"datePublished\":\"2016-06-17T17:42:39+00:00\",\"dateModified\":\"2026-02-02T04:35:36+00:00\",\"description\":\"ENGLISHstay invites you to participate in the first English intensive program in the Czech Republic. Englishstay educates students in...\",\"breadcrumb\":{\"@id\":\"https:\/\/www.englishstay.cz\/sk\/lecturers\/#breadcrumb\"},\"inLanguage\":\"sk-SK\",\"potentialAction\":[{\"@type\":\"ReadAction\",\"target\":[\"https:\/\/www.englishstay.cz\/sk\/lecturers\/\"]}]},{\"@type\":\"BreadcrumbList\",\"@id\":\"https:\/\/www.englishstay.cz\/sk\/lecturers\/#breadcrumb\",\"itemListElement\":[{\"@type\":\"ListItem\",\"position\":1,\"name\":\"Dom\u016f\",\"item\":\"https:\/\/www.englishstay.cz\/sk\/\"},{\"@type\":\"ListItem\",\"position\":2,\"name\":\"Lecturers\"}]},{\"@type\":\"WebSite\",\"@id\":\"https:\/\/www.englishstay.cz\/de\/#website\",\"url\":\"https:\/\/www.englishstay.cz\/de\/\",\"name\":\"ENGLISHstay\",\"description\":\"Intenzivn\u00ed kurzy angli\u010dtiny s rodil\u00fdm mluv\u010d\u00edm\",\"potentialAction\":[{\"@type\":\"SearchAction\",\"target\":{\"@type\":\"EntryPoint\",\"urlTemplate\":\"https:\/\/www.englishstay.cz\/de\/?s={search_term_string}\"},\"query-input\":{\"@type\":\"PropertyValueSpecification\",\"valueRequired\":true,\"valueName\":\"search_term_string\"}}],\"inLanguage\":\"sk-SK\"}]}<\/script>\n<!-- \/ Yoast SEO plugin. -->","yoast_head_json":{"title":"Lecturers | ENGLISHstay","description":"ENGLISHstay invites you to participate in the first English intensive program in the Czech Republic. Englishstay educates students in...","robots":{"index":"index","follow":"follow","max-snippet":"max-snippet:-1","max-image-preview":"max-image-preview:large","max-video-preview":"max-video-preview:-1"},"canonical":"https:\/\/www.englishstay.cz\/sk\/lecturers\/","og_locale":"sk_SK","og_type":"article","og_title":"Lecturers | ENGLISHstay","og_description":"ENGLISHstay invites you to participate in the first English intensive program in the Czech Republic. Englishstay educates students in...","og_url":"https:\/\/www.englishstay.cz\/sk\/lecturers\/","og_site_name":"ENGLISHstay","article_publisher":"https:\/\/www.facebook.com\/kurzyanglictiny\/","article_modified_time":"2026-02-02T04:35:36+00:00","og_image":[{"width":260,"height":260,"url":"https:\/\/www.englishstay.cz\/media\/2019\/01\/logo-es.jpg","type":"image\/jpeg"}],"twitter_card":"summary_large_image","twitter_site":"@ENGLISHstay","twitter_misc":{"Predpokladan\u00fd \u010das \u010d\u00edtania":"3 min\u00faty"},"schema":{"@context":"https:\/\/schema.org","@graph":[{"@type":"WebPage","@id":"https:\/\/www.englishstay.cz\/sk\/lecturers\/","url":"https:\/\/www.englishstay.cz\/sk\/lecturers\/","name":"Lecturers | ENGLISHstay","isPartOf":{"@id":"https:\/\/www.englishstay.cz\/de\/#website"},"datePublished":"2016-06-17T17:42:39+00:00","dateModified":"2026-02-02T04:35:36+00:00","description":"ENGLISHstay invites you to participate in the first English intensive program in the Czech Republic. Englishstay educates students in...","breadcrumb":{"@id":"https:\/\/www.englishstay.cz\/sk\/lecturers\/#breadcrumb"},"inLanguage":"sk-SK","potentialAction":[{"@type":"ReadAction","target":["https:\/\/www.englishstay.cz\/sk\/lecturers\/"]}]},{"@type":"BreadcrumbList","@id":"https:\/\/www.englishstay.cz\/sk\/lecturers\/#breadcrumb","itemListElement":[{"@type":"ListItem","position":1,"name":"Dom\u016f","item":"https:\/\/www.englishstay.cz\/sk\/"},{"@type":"ListItem","position":2,"name":"Lecturers"}]},{"@type":"WebSite","@id":"https:\/\/www.englishstay.cz\/de\/#website","url":"https:\/\/www.englishstay.cz\/de\/","name":"ENGLISHstay","description":"Intenzivn\u00ed kurzy angli\u010dtiny s rodil\u00fdm mluv\u010d\u00edm","potentialAction":[{"@type":"SearchAction","target":{"@type":"EntryPoint","urlTemplate":"https:\/\/www.englishstay.cz\/de\/?s={search_term_string}"},"query-input":{"@type":"PropertyValueSpecification","valueRequired":true,"valueName":"search_term_string"}}],"inLanguage":"sk-SK"}]}},"_links":{"self":[{"href":"https:\/\/www.englishstay.cz\/sk\/wp-json\/wp\/v2\/pages\/7320","targetHints":{"allow":["GET"]}}],"collection":[{"href":"https:\/\/www.englishstay.cz\/sk\/wp-json\/wp\/v2\/pages"}],"about":[{"href":"https:\/\/www.englishstay.cz\/sk\/wp-json\/wp\/v2\/types\/page"}],"author":[{"embeddable":true,"href":"https:\/\/www.englishstay.cz\/sk\/wp-json\/wp\/v2\/users\/2"}],"replies":[{"embeddable":true,"href":"https:\/\/www.englishstay.cz\/sk\/wp-json\/wp\/v2\/comments?post=7320"}],"version-history":[{"count":6,"href":"https:\/\/www.englishstay.cz\/sk\/wp-json\/wp\/v2\/pages\/7320\/revisions"}],"predecessor-version":[{"id":14075,"href":"https:\/\/www.englishstay.cz\/sk\/wp-json\/wp\/v2\/pages\/7320\/revisions\/14075"}],"wp:attachment":[{"href":"https:\/\/www.englishstay.cz\/sk\/wp-json\/wp\/v2\/media?parent=7320"}],"curies":[{"name":"wp","href":"https:\/\/api.w.org\/{rel}","templated":true}]}}