{"id":7317,"date":"2017-12-08T15:25:18","date_gmt":"2017-12-08T14:25:18","guid":{"rendered":"https:\/\/englishstay.cz\/?page_id=7317"},"modified":"2026-02-02T06:44:25","modified_gmt":"2026-02-02T05:44:25","slug":"intenzivny-kurz-anglictiny","status":"publish","type":"page","link":"https:\/\/www.englishstay.cz\/sk\/intenzivny-kurz-anglictiny\/","title":{"rendered":"Intenzivny kurz angli\u010dtiny"},"content":{"rendered":"<p>[et_pb_section fb_built=&#8220;1&#8243; fullwidth=&#8220;on&#8220; _builder_version=&#8220;4.16&#8243; background_color=&#8220;#ffffff&#8220; global_colors_info=&#8220;{}&#8220;][et_pb_fullwidth_image src=&#8220;\/media\/2017\/11\/foto_pozadi9.jpg&#8220; _builder_version=&#8220;4.16&#8243; global_colors_info=&#8220;{}&#8220;][\/et_pb_fullwidth_image][\/et_pb_section][et_pb_section fb_built=&#8220;1&#8243; _builder_version=&#8220;4.16&#8243; global_colors_info=&#8220;{}&#8220;][et_pb_row _builder_version=&#8220;4.16&#8243; background_size=&#8220;initial&#8220; background_position=&#8220;top_left&#8220; background_repeat=&#8220;repeat&#8220; global_colors_info=&#8220;{}&#8220;][et_pb_column type=&#8220;4_4&#8243; _builder_version=&#8220;4.16&#8243; custom_padding=&#8220;|||&#8220; global_colors_info=&#8220;{}&#8220; custom_padding__hover=&#8220;|||&#8220;][et_pb_text _builder_version=&#8220;4.27.4&#8243; hover_enabled=&#8220;0&#8243; global_colors_info=&#8220;{}&#8220; sticky_enabled=&#8220;0&#8243;]<\/p>\n<h1>Intenz\u00edvny kurz angli\u010dtiny<\/h1>\n<p>&nbsp;<\/p>\n<p>&nbsp;<\/p>\n<p><strong>ENGLISHstay = 6 DN\u00cd, VIAC NE\u017d 70 HOD\u00cdN ANGLICKEJ KONVERZ\u00c1CIE<\/strong><\/p>\n<p><strong>1 LEKTOR NA 1 \u00da\u010cASTN\u00cdKA KURZU, T\u00c9MY ROZHOVOROV UR\u010cUJ\u00da KLIENTI<\/strong><\/p>\n<p>Rozhodujete sa \u010di pre zlep\u0161enie svojich znalost\u00ed zvoli\u0165 intenz\u00edvny kurz angli\u010dtiny v jazykovej \u0161kole alebo jazykov\u00fd pobyt?<\/p>\n<p>Do istej miery z\u00e1le\u017e\u00ed na tom, v akom \u0161t\u00e1diu sa teraz nach\u00e1dzate.<\/p>\n<p>Ak ste skuto\u010dn\u00fd za\u010diato\u010dn\u00edk, ktor\u00fd len tu\u0161\u00ed, \u017ee existuje nejak\u00e1 anglick\u00e1 gramatika, s najv\u00e4\u010d\u0161ou pravdepodobnos\u0165ou bud\u00fa pre V\u00e1s naozaj v\u00fdhodnej\u0161ie<strong> intenz\u00edvne kurzy angli\u010dtiny<\/strong> v jazykovej \u0161kole.<\/p>\n<p>Pre v\u0161etk\u00fdch ostatn\u00fdch to ov\u0161em neplat\u00ed. A pozor by si mali da\u0165 hlavne tzv. <strong>falo\u0161n\u00ed za\u010diato\u010dn\u00edci<\/strong>.<\/p>\n<p>Ko\u013ekokr\u00e1t sa V\u00e1m u\u017e stalo, \u017ee ste si zaplatili semester v jazykovej \u0161kole a potom zistili, \u017ee vlastne jedna hodina t\u00fd\u017edenne m\u00e1 s intenzitou len m\u00e1lo spolo\u010dn\u00e9ho a \u017ee ani o\u010dak\u00e1van\u00fd pokrok v znalostiach angli\u010dtiny sa akosi nedostavuje&#8230;.<\/p>\n<p>\u017diaden strach nie ste v tom z\u010faleka sami. Je ve\u013ea \u013eud\u00ed, ktor\u00ed za\u010dn\u00fa jazykov\u00fa \u0161kolu nav\u0161tevova\u0165, ale napodiv je ve\u013emi m\u00e1lo t\u00fdch, ktor\u00ed s\u00fa s v\u00fdsledkami spokojn\u00ed.<\/p>\n<p>Ako lep\u0161ia varianta sa teda javia<strong> jazykov\u00e9 pobyty<\/strong>.<\/p>\n<p>Ve\u013emi roz\u0161\u00edrenou formou s\u00fa <a href=\"\/sk\/anglicky-za-tyden\/\">t\u00fd\u017edenn\u00e9 jazykov\u00e9 pobyty<\/a> v niektorej z anglicky hovoriacich kraj\u00edn. Skvel\u00e1 vo\u013eba! T\u00fd\u017ede\u0148 nebudete hovori\u0165 inak ako anglicky, kurzovn\u00e9 nie je zase tak\u00e9 drah\u00e9, intenz\u00edvny kurz angli\u010dtiny po\u010das t\u00fd\u017ed\u0148a, max. 14 dn\u00ed, toto u\u017e naozaj mus\u00ed vyjs\u0165.<\/p>\n<p>Vady na kr\u00e1se sa za\u010dn\u00fa objavova\u0165 u\u017e na druh\u00fd poh\u013ead. Doprava na miesto jazykov\u00e9ho pobytu v\u00f4bec nie je lacn\u00e1 z\u00e1le\u017eitos\u0165, ubytovanie je bu\u010f na nejakej \u0161tudentskej ubytovni alebo v rodin\u00e1ch, \u010do je fajn, ke\u010f m\u00e1te 20 rokov, ale od ist\u00e9ho veku u\u017e to tak l\u00e1kavo neznie.<\/p>\n<p>A z <strong>intenz\u00edvneho kurzu angli\u010dtiny<\/strong> sa pri bli\u017e\u0161om sk\u00faman\u00ed st\u00e1va 4-5 hod\u00edn str\u00e1ven\u00fdch v \u0161kole s jedn\u00fdm lektorom na 10-15 \u0161tudentov a so st\u00e1le rovnak\u00fdmi okruhmi t\u00e9m konverz\u00e1cie.<\/p>\n<p>Iste, je skvel\u00e9 vedie\u0165 rozpr\u00e1va\u0165 o svojej rodine a kon\u00ed\u010dkoch, ale ur\u010dite je lep\u0161ie zvl\u00e1dnu\u0165 bez mihnutia oka pohovor s \u00faradn\u00edkom na letisku v USA, s recep\u010dnou v hoteli v Lond\u00fdne, alebo so svojim \u00edrskym \u0161\u00e9fom v pr\u00e1ci.<\/p>\n<p>Preto n\u00e1s napadlo sk\u013abi\u0165 <strong>intenz\u00edvne kurzy angli\u010dtiny<\/strong> a <strong>t\u00fd\u017edenn\u00e9 jazykov\u00e9 pobyty<\/strong>.<\/p>\n<p>Vytvorili sme <a href=\"\/sk\/\/jazykove-pobyty\/\">unik\u00e1tne jazykov\u00e9 pobyty<\/a>, ktor\u00e9 sa naviac konaj\u00fa v \u010cesku.<\/p>\n<p>&nbsp;<\/p>\n<p><strong>6 DN\u00cd, VIAC NE\u017d 70 HOD\u00cdN ANGLICKEJ KONVERZ\u00c1CIE<\/strong><\/p>\n<p>&nbsp;<\/p>\n<p><strong>1 LEKTOR NA 1 \u00da\u010cASTN\u00cdKA KURZU<\/strong><\/p>\n<p>&nbsp;<\/p>\n<p><strong>T\u00c9MY ROZHOVOROV UR\u010cUJ\u00da KLIENTI<\/strong><\/p>\n<p>&nbsp;<\/p>\n<p>Naviac na\u0161i roden\u00ed hovoriaci tr\u00e1via cel\u00fd \u010das pobytu s \u00fa\u010dastn\u00edkmi, tak\u017ee v\u00fduka nie je obmedzen\u00e1 len na dopoludnie. Je to vlastne tak\u00e1 t\u00fd\u017edenn\u00e1 dovolenka v peknom hoteli, po\u010das ktorej sa zozn\u00e1mite s \u013eu\u010fmi z cel\u00e9ho sveta a len tak mimochodom sa zlep\u0161\u00edte v angli\u010dtine o nieko\u013eko \u00farovn\u00ed za ve\u013emi kr\u00e1tky \u010das.<\/p>\n<p>Pozrite sa ako vyzer\u00e1 n\u00e1\u0161 <a href=\"\/sk\/typicky-pobyt\/\">typick\u00fd de\u0148<\/a> alebo kto s\u00fa <a href=\"\/sk\/lecturers\/\">na\u0161i lektori<\/a>.<\/p>\n<p>&nbsp;<\/p>\n<p>Radi V\u00e1m zodpovieme v\u0161etky pr\u00edpadn\u00e9 ot\u00e1zky.<\/p>\n<p><a href=\"\/sk\/kontakty\/\">Kontaktujte n\u00e1s<\/a>.<\/p>\n<p>Sme schopn\u00ed vytvori\u0165 aj programy \u0161it\u00e9 na mieru pre firmy, napr. v r\u00e1mci teambuildingu, alebo pre uzavret\u00e9 kolekt\u00edvy.<\/p>\n<h2>\u00a0<\/h2>\n<h2>\u00a0<\/h2>\n<h2>\u00a0<\/h2>\n<h2>Rozhovorte se anglicky inak na intenz\u00edvnom kurze angli\u010dtiny<\/h2>\n<h2>(70h angli\u010dtiny v 6-tich d\u0148och)<\/h2>\n<p>[\/et_pb_text][\/et_pb_column][\/et_pb_row][\/et_pb_section]<\/p>\n<span class=\"et_bloom_bottom_trigger\"><\/span>","protected":false},"excerpt":{"rendered":"<p>6 DN\u00cd, VIAC AKO 70 HOD\u00cdN ANGLICKEJ KONVERZ\u00c1CIE, 1 LEKTOR NA 1 \u00da\u010cASTN\u00cdKA KURZU. Intenzivny kurz angli\u010dtiny s roden\u00fdmi hovorcami angli\u010dtiny.<\/p>\n","protected":false},"author":2,"featured_media":0,"parent":0,"menu_order":0,"comment_status":"closed","ping_status":"closed","template":"","meta":{"_et_pb_use_builder":"on","_et_pb_old_content":"","_et_gb_content_width":"","footnotes":""},"class_list":["post-7317","page","type-page","status-publish","hentry"],"yoast_head":"<!-- This site is optimized with the Yoast SEO plugin v26.4 - https:\/\/yoast.com\/wordpress\/plugins\/seo\/ -->\n<title>Intenzivny kurz angli\u010dtiny | ENGLISHstay<\/title>\n<meta name=\"description\" content=\"6 DN\u00cd, VIAC AKO 70 HOD\u00cdN ANGLICKEJ KONVERZ\u00c1CIE, 1 LEKTOR NA 1 \u00da\u010cASTN\u00cdKA KURZU. Intenzivny kurz angli\u010dtiny s roden\u00fdmi hovorcami angli\u010dtiny\" \/>\n<meta name=\"robots\" content=\"index, follow, max-snippet:-1, max-image-preview:large, max-video-preview:-1\" \/>\n<link rel=\"canonical\" href=\"https:\/\/www.englishstay.cz\/sk\/intenzivny-kurz-anglictiny\/\" \/>\n<meta property=\"og:locale\" content=\"sk_SK\" \/>\n<meta property=\"og:type\" content=\"article\" \/>\n<meta property=\"og:title\" content=\"Intenzivny kurz angli\u010dtiny | ENGLISHstay\" \/>\n<meta property=\"og:description\" content=\"6 DN\u00cd, VIAC AKO 70 HOD\u00cdN ANGLICKEJ KONVERZ\u00c1CIE, 1 LEKTOR NA 1 \u00da\u010cASTN\u00cdKA KURZU. Intenzivny kurz angli\u010dtiny s roden\u00fdmi hovorcami angli\u010dtiny\" \/>\n<meta property=\"og:url\" content=\"https:\/\/www.englishstay.cz\/sk\/intenzivny-kurz-anglictiny\/\" \/>\n<meta property=\"og:site_name\" content=\"ENGLISHstay\" \/>\n<meta property=\"article:publisher\" content=\"https:\/\/www.facebook.com\/kurzyanglictiny\/\" \/>\n<meta property=\"article:modified_time\" content=\"2026-02-02T05:44:25+00:00\" \/>\n<meta property=\"og:image\" content=\"https:\/\/www.englishstay.cz\/media\/2019\/01\/logo-es.jpg\" \/>\n\t<meta property=\"og:image:width\" content=\"260\" \/>\n\t<meta property=\"og:image:height\" content=\"260\" \/>\n\t<meta property=\"og:image:type\" content=\"image\/jpeg\" \/>\n<meta name=\"twitter:card\" content=\"summary_large_image\" \/>\n<meta name=\"twitter:site\" content=\"@ENGLISHstay\" \/>\n<meta name=\"twitter:label1\" content=\"Predpokladan\u00fd \u010das \u010d\u00edtania\" \/>\n\t<meta name=\"twitter:data1\" content=\"3 min\u00faty\" \/>\n<script type=\"application\/ld+json\" class=\"yoast-schema-graph\">{\"@context\":\"https:\/\/schema.org\",\"@graph\":[{\"@type\":\"WebPage\",\"@id\":\"https:\/\/www.englishstay.cz\/sk\/intenzivny-kurz-anglictiny\/\",\"url\":\"https:\/\/www.englishstay.cz\/sk\/intenzivny-kurz-anglictiny\/\",\"name\":\"Intenzivny kurz angli\u010dtiny | ENGLISHstay\",\"isPartOf\":{\"@id\":\"https:\/\/www.englishstay.cz\/de\/#website\"},\"datePublished\":\"2017-12-08T14:25:18+00:00\",\"dateModified\":\"2026-02-02T05:44:25+00:00\",\"description\":\"6 DN\u00cd, VIAC AKO 70 HOD\u00cdN ANGLICKEJ KONVERZ\u00c1CIE, 1 LEKTOR NA 1 \u00da\u010cASTN\u00cdKA KURZU. Intenzivny kurz angli\u010dtiny s roden\u00fdmi hovorcami angli\u010dtiny\",\"breadcrumb\":{\"@id\":\"https:\/\/www.englishstay.cz\/sk\/intenzivny-kurz-anglictiny\/#breadcrumb\"},\"inLanguage\":\"sk-SK\",\"potentialAction\":[{\"@type\":\"ReadAction\",\"target\":[\"https:\/\/www.englishstay.cz\/sk\/intenzivny-kurz-anglictiny\/\"]}]},{\"@type\":\"BreadcrumbList\",\"@id\":\"https:\/\/www.englishstay.cz\/sk\/intenzivny-kurz-anglictiny\/#breadcrumb\",\"itemListElement\":[{\"@type\":\"ListItem\",\"position\":1,\"name\":\"Dom\u016f\",\"item\":\"https:\/\/www.englishstay.cz\/sk\/\"},{\"@type\":\"ListItem\",\"position\":2,\"name\":\"Intenzivny kurz angli\u010dtiny\"}]},{\"@type\":\"WebSite\",\"@id\":\"https:\/\/www.englishstay.cz\/de\/#website\",\"url\":\"https:\/\/www.englishstay.cz\/de\/\",\"name\":\"ENGLISHstay\",\"description\":\"Intenzivn\u00ed kurzy angli\u010dtiny s rodil\u00fdm mluv\u010d\u00edm\",\"potentialAction\":[{\"@type\":\"SearchAction\",\"target\":{\"@type\":\"EntryPoint\",\"urlTemplate\":\"https:\/\/www.englishstay.cz\/de\/?s={search_term_string}\"},\"query-input\":{\"@type\":\"PropertyValueSpecification\",\"valueRequired\":true,\"valueName\":\"search_term_string\"}}],\"inLanguage\":\"sk-SK\"}]}<\/script>\n<!-- \/ Yoast SEO plugin. -->","yoast_head_json":{"title":"Intenzivny kurz angli\u010dtiny | ENGLISHstay","description":"6 DN\u00cd, VIAC AKO 70 HOD\u00cdN ANGLICKEJ KONVERZ\u00c1CIE, 1 LEKTOR NA 1 \u00da\u010cASTN\u00cdKA KURZU. Intenzivny kurz angli\u010dtiny s roden\u00fdmi hovorcami angli\u010dtiny","robots":{"index":"index","follow":"follow","max-snippet":"max-snippet:-1","max-image-preview":"max-image-preview:large","max-video-preview":"max-video-preview:-1"},"canonical":"https:\/\/www.englishstay.cz\/sk\/intenzivny-kurz-anglictiny\/","og_locale":"sk_SK","og_type":"article","og_title":"Intenzivny kurz angli\u010dtiny | ENGLISHstay","og_description":"6 DN\u00cd, VIAC AKO 70 HOD\u00cdN ANGLICKEJ KONVERZ\u00c1CIE, 1 LEKTOR NA 1 \u00da\u010cASTN\u00cdKA KURZU. Intenzivny kurz angli\u010dtiny s roden\u00fdmi hovorcami angli\u010dtiny","og_url":"https:\/\/www.englishstay.cz\/sk\/intenzivny-kurz-anglictiny\/","og_site_name":"ENGLISHstay","article_publisher":"https:\/\/www.facebook.com\/kurzyanglictiny\/","article_modified_time":"2026-02-02T05:44:25+00:00","og_image":[{"width":260,"height":260,"url":"https:\/\/www.englishstay.cz\/media\/2019\/01\/logo-es.jpg","type":"image\/jpeg"}],"twitter_card":"summary_large_image","twitter_site":"@ENGLISHstay","twitter_misc":{"Predpokladan\u00fd \u010das \u010d\u00edtania":"3 min\u00faty"},"schema":{"@context":"https:\/\/schema.org","@graph":[{"@type":"WebPage","@id":"https:\/\/www.englishstay.cz\/sk\/intenzivny-kurz-anglictiny\/","url":"https:\/\/www.englishstay.cz\/sk\/intenzivny-kurz-anglictiny\/","name":"Intenzivny kurz angli\u010dtiny | ENGLISHstay","isPartOf":{"@id":"https:\/\/www.englishstay.cz\/de\/#website"},"datePublished":"2017-12-08T14:25:18+00:00","dateModified":"2026-02-02T05:44:25+00:00","description":"6 DN\u00cd, VIAC AKO 70 HOD\u00cdN ANGLICKEJ KONVERZ\u00c1CIE, 1 LEKTOR NA 1 \u00da\u010cASTN\u00cdKA KURZU. Intenzivny kurz angli\u010dtiny s roden\u00fdmi hovorcami angli\u010dtiny","breadcrumb":{"@id":"https:\/\/www.englishstay.cz\/sk\/intenzivny-kurz-anglictiny\/#breadcrumb"},"inLanguage":"sk-SK","potentialAction":[{"@type":"ReadAction","target":["https:\/\/www.englishstay.cz\/sk\/intenzivny-kurz-anglictiny\/"]}]},{"@type":"BreadcrumbList","@id":"https:\/\/www.englishstay.cz\/sk\/intenzivny-kurz-anglictiny\/#breadcrumb","itemListElement":[{"@type":"ListItem","position":1,"name":"Dom\u016f","item":"https:\/\/www.englishstay.cz\/sk\/"},{"@type":"ListItem","position":2,"name":"Intenzivny kurz angli\u010dtiny"}]},{"@type":"WebSite","@id":"https:\/\/www.englishstay.cz\/de\/#website","url":"https:\/\/www.englishstay.cz\/de\/","name":"ENGLISHstay","description":"Intenzivn\u00ed kurzy angli\u010dtiny s rodil\u00fdm mluv\u010d\u00edm","potentialAction":[{"@type":"SearchAction","target":{"@type":"EntryPoint","urlTemplate":"https:\/\/www.englishstay.cz\/de\/?s={search_term_string}"},"query-input":{"@type":"PropertyValueSpecification","valueRequired":true,"valueName":"search_term_string"}}],"inLanguage":"sk-SK"}]}},"_links":{"self":[{"href":"https:\/\/www.englishstay.cz\/sk\/wp-json\/wp\/v2\/pages\/7317","targetHints":{"allow":["GET"]}}],"collection":[{"href":"https:\/\/www.englishstay.cz\/sk\/wp-json\/wp\/v2\/pages"}],"about":[{"href":"https:\/\/www.englishstay.cz\/sk\/wp-json\/wp\/v2\/types\/page"}],"author":[{"embeddable":true,"href":"https:\/\/www.englishstay.cz\/sk\/wp-json\/wp\/v2\/users\/2"}],"replies":[{"embeddable":true,"href":"https:\/\/www.englishstay.cz\/sk\/wp-json\/wp\/v2\/comments?post=7317"}],"version-history":[{"count":28,"href":"https:\/\/www.englishstay.cz\/sk\/wp-json\/wp\/v2\/pages\/7317\/revisions"}],"predecessor-version":[{"id":14142,"href":"https:\/\/www.englishstay.cz\/sk\/wp-json\/wp\/v2\/pages\/7317\/revisions\/14142"}],"wp:attachment":[{"href":"https:\/\/www.englishstay.cz\/sk\/wp-json\/wp\/v2\/media?parent=7317"}],"curies":[{"name":"wp","href":"https:\/\/api.w.org\/{rel}","templated":true}]}}