{"id":7316,"date":"2017-12-08T15:09:51","date_gmt":"2017-12-08T14:09:51","guid":{"rendered":"https:\/\/englishstay.cz\/?page_id=7316"},"modified":"2026-02-02T06:36:48","modified_gmt":"2026-02-02T05:36:48","slug":"jazykove-kurzy-anglictiny","status":"publish","type":"page","link":"https:\/\/www.englishstay.cz\/sk\/jazykove-kurzy-anglictiny\/","title":{"rendered":"Jazykov\u00e9 kurzy angli\u010dtiny"},"content":{"rendered":"<p>[et_pb_section fb_built=&#8220;1&#8243; fullwidth=&#8220;on&#8220; _builder_version=&#8220;4.16&#8243; background_image=&#8220;\/media\/2017\/11\/foto_pozadi5.jpg&#8220; global_colors_info=&#8220;{}&#8220;][et_pb_fullwidth_image src=&#8220;\/media\/2017\/11\/foto_pozadi5.jpg&#8220; _builder_version=&#8220;4.16&#8243; global_colors_info=&#8220;{}&#8220;][\/et_pb_fullwidth_image][\/et_pb_section][et_pb_section fb_built=&#8220;1&#8243; _builder_version=&#8220;4.16&#8243; global_colors_info=&#8220;{}&#8220;][et_pb_row module_class=&#8220;ceny-a-terminy&#8220; _builder_version=&#8220;4.16&#8243; global_colors_info=&#8220;{}&#8220;][et_pb_column type=&#8220;4_4&#8243; _builder_version=&#8220;4.16&#8243; custom_padding=&#8220;|||&#8220; global_colors_info=&#8220;{}&#8220; custom_padding__hover=&#8220;|||&#8220;][et_pb_text admin_label=&#8220;text&#8220; _builder_version=&#8220;4.27.4&#8243; module_alignment=&#8220;center&#8220; hover_enabled=&#8220;0&#8243; global_colors_info=&#8220;{}&#8220; sticky_enabled=&#8220;0&#8243;]<\/p>\n<h2>Jazykov\u00e9 kurzy angli\u010dtiny<\/h2>\n<p>&nbsp;<\/p>\n<p>Teraz m\u00f4\u017eete jazykov\u00e9 kurzy angli\u010dtiny uhradi\u0165 aj prostredn\u00edctvom zamestnaneck\u00fdch benefitov<\/p>\n<p>&nbsp;<\/p>\n<p>Pre Va\u0161e pohodlie, sme pre V\u00e1s pripravili mo\u017enos\u0165 hradi\u0165 v\u0161etky na\u0161e jazykov\u00e9 kurzy angli\u010dtiny prostredn\u00edctvom zamestnaneck\u00fdch benefitov. Pokia\u013e m\u00e1te mo\u017enos\u0165 od svojho zamestn\u00e1vate\u013ea vyu\u017e\u00edva\u0165 tieto benefity, nev\u00e1hajte a vyu\u017eite ponuku.<\/p>\n<p>&nbsp;<\/p>\n<p><b><strong><a href=\"https:\/\/www.benefity.cz\/cz\/\" target=\"_blank\" rel=\"noopener noreferrer\">BENEFITY.cz<\/a>,\u00a0<a href=\"http:\/\/www.benefit-plus.eu\/\" target=\"_blank\" rel=\"noopener noreferrer\">BENEFITY PLUS<\/a>,\u00a0<a href=\"https:\/\/www.benefity.cz\/cz\/\" target=\"_blank\" rel=\"noopener noreferrer\">Cafeteria Systems<\/a>,\u00a0<a href=\"http:\/\/www.seky.cz\/\" target=\"_blank\" rel=\"noopener noreferrer\">Cheque Dejeuner<\/a>,\u00a0<a href=\"http:\/\/www.gallerybeta.cz\/\" target=\"_blank\" rel=\"noopener noreferrer\">Gallery BETA<\/a>,\u00a0<a href=\"http:\/\/www.sodexo.cz\/czcz\/\" target=\"_blank\" rel=\"noopener noreferrer\">SODEXO pass<\/a>,\u00a0<a href=\"http:\/\/www.edenred.cz\/\" target=\"_blank\" rel=\"noopener noreferrer\">Ticket od EDENRED<\/a>.<\/strong><\/b><\/p>\n<p>&nbsp;<\/p>\n<p><strong>V\u00edce o jednotliv\u00fdch slev\u00e1ch:<\/strong><\/p>\n<p>Poskytujeme slevy dr\u017eitel\u016fm\u00a0<a href=\"http:\/\/www.plzenskakarta.cz\/\">Plze\u0148sk\u00e9 karty<\/a>.<br \/>St\u00e1v\u00e1me se sou\u010d\u00e1st\u00ed programu\u00a0<a href=\"http:\/\/premiumrbclub.cz\/\">Premium RB Clubu<\/a>, dr\u017eitel\u016f platebn\u00edch karet Raiffeisen bank.<\/p>\n<p>&nbsp;<\/p>\n<p>Poriadame jazykov\u00e9 <a href=\"https:\/\/englishstay.cz\/sk\/\">intenz\u00edvne kurzy angli\u010dtiny<\/a> pre jednotlivcov, \u0161tudentov aj firmy \u0161it\u00e9 na mieru&#8230;<\/p>\n<p>&nbsp;<\/p>\n<p><span lang=\"SK\">Plat\u00edte za\u00a0<b>hodinu angli\u010dtiny s roden\u00fdm hovoriacim\u00a0<\/b><\/span><span lang=\"SK\"><b><span style=\"font-size: medium;\">15 \u20ac<\/span>,\u00a0<\/b><\/span><span lang=\"SK\"><b><span style=\"font-size: medium;\">18 \u20ac<\/span>, alebo aj 20 <\/b><\/span><span lang=\"SK\"><b><span style=\"font-size: medium;\">\u20ac<\/span>?<\/b><\/span><\/p>\n<p>&nbsp;<\/p>\n<p>Pon\u00fakame V\u00e1m viac ako 70 intenz\u00edvnych hod\u00edn angli\u010dtiny po\u010das cel\u00fdch 6 dn\u00ed (5 noc\u00ed), tr\u00e1vite 13 hod\u00edn denne s roden\u00fdm hovoriacim v kr\u00e1snom prostred\u00ed hotelu s plnou penziou. Vysk\u00fa\u0161ajte dovolenku v origin\u00e1lnej angli\u010dtine.<\/p>\n<p>&nbsp;<\/p>\n<p class=\"Telotextu\"><span lang=\"SK\"><b><u>Pr\u00edklad kalkul\u00e1cie &#8211; hod\u00edn angli\u010dtiny + relaxa\u010dn\u00e9ho pobytu:<\/u><\/b><\/span><\/p>\n<p>&nbsp;<\/p>\n<p>Hodina s roden\u00fdm hovoriacim <span lang=\"SK\"><b><span style=\"font-size: large;\">18\u20ac\u00a0<\/span> x 70h = 1.260<\/b><\/span><span lang=\"SK\"><b><span style=\"font-size: large;\">\u20ac<\/span><\/b><\/span><\/p>\n<p>&nbsp;<\/p>\n<p>Ubytovanie s plnou penziou <span lang=\"SK\"><b><span style=\"font-size: large;\">\u20ac75\u20ac\u00a0<\/span> x 5 noc\u00ed (6dn\u00ed) = 375<\/b><\/span><span lang=\"SK\"><b><span style=\"font-size: large;\">\u20ac<\/span><\/b><\/span><\/p>\n<p>&nbsp;<\/p>\n<p>Po s\u010d\u00edtan\u00ed n\u00e1kladov za hodiny angli\u010dtiny + ubytovanie <span lang=\"SK\"><b><span style=\"font-size: large;\">1.260\u20ac<\/span> + 375<\/b><\/span><span lang=\"SK\"><b><span style=\"font-size: large;\">\u20ac<\/span>\u00a0= 1.635<\/b><\/span><span style=\"font-size: medium;\"><span lang=\"SK\"><b>\u20ac<\/b><\/span><\/span><\/p>\n<p>&nbsp;<\/p>\n<p class=\"Telotextu\"><span lang=\"SK\">\u00a0<\/span><span lang=\"SK\"><a href=\"https:\/\/englishstay.cz\/ceny-a-terminy-pobytovych-kurzu.asp\"><span class=\"Internetovodkaz\">Po\u010fte s ENGLISHstay na jazykov\u00fd kurz angli\u010dtiny a u\u0161etr\u00edte neuverite\u013en\u00fdch <strong>568<\/strong><\/span><\/a><\/span><span lang=\"SK\"><b><\/b> <b><\/b><b><a href=\"https:\/\/englishstay.cz\/ceny-a-terminy-pobytovych-kurzu.asp\">\u20ac<\/a><\/b> respekt\u00edve <\/span><span lang=\"SK\"><b><a href=\"https:\/\/englishstay.cz\/ceny-a-terminy-pobytovych-kurzu.asp\">896 \u20ac<\/a><\/b><\/span>&#8230;<\/p>\n<p>&nbsp;<\/p>\n<p class=\"Telotextu\"><span lang=\"SK\">\u00a0<\/span><span lang=\"SK\"><a href=\"https:\/\/englishstay.cz\/sk\/ceny-a-terminy-pobytovych-kurzu.asp\"><span class=\"Internetovodkaz\">U\u0161etr\u00edte viac, ne\u017e len Va\u0161e peniaze!<\/span><\/a><\/span><\/p>\n<p>&nbsp;<\/p>\n<h2 class=\"Telotextu\"><span lang=\"SK\">\u010co v\u0161etko cena jazykov\u00fdch kurzov angli\u010dtiny obsahuje:<\/span><\/h2>\n<p>&nbsp;<\/p>\n<p class=\"Telotextu\"><span lang=\"SK\">Cel\u00fd pobyt tvor\u00ed\u00a0<b>6 intenz\u00edvnych dn\u00ed<\/b> pln\u00fdch z\u00e1\u017eitkov v angli\u010dtine s roden\u00fdmi hovoriacimi. Na\u0161a cena obsahuje: individu\u00e1lnu \u00fa\u010das\u0165 na celodennom programe, vr\u00e1tane v\u0161etk\u00fdch \u010dinnost\u00ed a aktiv\u00edt \u010do je v celkovo <b>70 individu\u00e1lnych hod\u00edn hovorenej angli\u010dtiny<\/b> len pre V\u00e1s. (1-1 jeden na jedn\u00e9ho)<\/span><\/p>\n<p>&nbsp;<\/p>\n<h3 class=\"Telotextu\"><span lang=\"SK\">Celkov\u00e1 cena za jazykov\u00fd kurz angli\u010dtiny obsahuje:<\/span><\/h3>\n<p>&nbsp;<\/p>\n<p class=\"Telotextu\"><strong><span lang=\"sk\" tabindex=\"0\">Vyu\u017eite mo\u017enos\u0165 dopravy s roden\u00fdmi hovorcami <\/span><\/strong><b><span lang=\"SK\">z Prahy na miesto pobytu a sp\u00e4\u0165, 70 hod\u00edn intenz\u00edvnej komunik\u00e1cie v anglickom jazyku, ubytovanie v kr\u00e1snych priestoroch \u010desk\u00fdch a moravsk\u00fdch hotelov, v\u017edy s plnou penziou (3x denne strava v hotelovej re\u0161taur\u00e1cii).<\/span><\/b><span lang=\"SK\">\u00a0\u00a0<span class=\"Silnzvraznenie\"><br \/><\/span><\/span><\/p>\n<p>&nbsp;<\/p>\n<h2>Jazykov\u00e9 kurzy angli\u010dtiny<\/h2>\n<p>&nbsp;<\/p>\n<p class=\"Telotextu\"><span lang=\"SK\"><a href=\"https:\/\/englishstay.cz\/anglicky-za-tyden.asp\"><span class=\"Internetovodkaz\"><b>NEBOJ\u00cdM SA, CHCEM KONE\u010cNE HOVORI\u0164 (1-1)\u00a0<\/b><\/span><\/a><\/span> <b><\/b><\/p>\n<p class=\"Telotextu\"><b><\/b><span lang=\"SK\"><a href=\"https:\/\/www.englishstay.cz\/sk\/obchod\/\"><span class=\"Internetovodkaz\"><b>Pridajte sa k n\u00e1m hne\u010f teraz!<\/b><\/span><\/a><b><\/b><\/span><\/p>\n<p>&nbsp;<\/p>\n<p><a href=\"http:\/\/www.anglictinasrodilymmluvcim.cz\/\"><span class=\"Internetovodkaz\"><b><br \/><\/b><\/span><\/a><a href=\"https:\/\/www.englishstay.cz\/sk\/jazykove-pobyty\/\"><span class=\"Internetovodkaz\"><b>HOVOR\u00cdM M\u00c1LO A CHCEM VIAC (2-1 dva na jedn\u00e9ho)<\/b><\/span><\/a><b><span lang=\"SK\">\u00a0<\/span><\/b><\/p>\n<p><b><\/b><b><\/b><span lang=\"SK\"><a href=\"https:\/\/www.englishstay.cz\/sk\/obchod\/\"><span class=\"Internetovodkaz\"><b>Pridajte sa k n\u00e1m hne\u010f teraz!<\/b><\/span><\/a><b>\u00a0\u00a0<\/b><\/span><\/p>\n<p>&nbsp;<\/p>\n<p><span class=\"Silnzvraznenie\"><span lang=\"SK\">Jazykov\u00e9 kurzy angli\u010dtiny s\u00fa ide\u00e1lnou kombin\u00e1ciou dovolenky a pozn\u00e1van\u00edm anglick\u00e9ho jazyka v origin\u00e1le.<\/span><\/span><b><\/b><\/p>\n<h2>\u00a0<\/h2>\n<h2>\u00a0<\/h2>\n<h2>\u00a0<\/h2>\n<h2>Rozhovorte sa anglicky na jazykovom kurze angli\u010dtiny (70h angli\u010dtiny)<\/h2>\n<p>[\/et_pb_text][\/et_pb_column][\/et_pb_row][\/et_pb_section]<\/p>\n<span class=\"et_bloom_bottom_trigger\"><\/span>","protected":false},"excerpt":{"rendered":"<p>Viac ako 70 intenz\u00edvnych hod\u00edn angli\u010dtiny po\u010das cel\u00fdch 6 dn\u00ed (5 noc\u00ed), tr\u00e1vite 12 hod\u00edn denne s roden\u00fdm hovoriacim Vysk\u00fa\u0161ajte dovolenku v origin\u00e1lnej angli\u010dtine. Jazykov\u00e9 kurzy angli\u010dtiny, t\u00fd\u017edenn\u00e9 kurzy s roden\u00fdm hovorcom | ENGLISHstay<\/p>\n","protected":false},"author":2,"featured_media":0,"parent":0,"menu_order":0,"comment_status":"closed","ping_status":"closed","template":"","meta":{"_et_pb_use_builder":"on","_et_pb_old_content":"","_et_gb_content_width":"","footnotes":""},"class_list":["post-7316","page","type-page","status-publish","hentry"],"yoast_head":"<!-- This site is optimized with the Yoast SEO plugin v27.5 - https:\/\/yoast.com\/product\/yoast-seo-wordpress\/ -->\n<title>Jazykov\u00e9 kurzy angli\u010dtiny s roden\u00fdmi hovorcami angli\u010dtiny<\/title>\n<meta name=\"description\" content=\"T\u00fd\u017edenn\u00e9 kurzy s roden\u00fdm hovorcom. Viac ako 70 intenz\u00edvnych hod\u00edn angli\u010dtiny po\u010das cel\u00fdch 6 dn\u00ed tr\u00e1vite 12h denne s roden\u00fdm hovoriacim.\" \/>\n<meta name=\"robots\" content=\"index, follow, max-snippet:-1, max-image-preview:large, max-video-preview:-1\" \/>\n<link rel=\"canonical\" href=\"https:\/\/www.englishstay.cz\/sk\/jazykove-kurzy-anglictiny\/\" \/>\n<meta property=\"og:locale\" content=\"sk_SK\" \/>\n<meta property=\"og:type\" content=\"article\" \/>\n<meta property=\"og:title\" content=\"Jazykov\u00e9 kurzy angli\u010dtiny s roden\u00fdmi hovorcami angli\u010dtiny\" \/>\n<meta property=\"og:description\" content=\"T\u00fd\u017edenn\u00e9 kurzy s roden\u00fdm hovorcom. Viac ako 70 intenz\u00edvnych hod\u00edn angli\u010dtiny po\u010das cel\u00fdch 6 dn\u00ed tr\u00e1vite 12h denne s roden\u00fdm hovoriacim.\" \/>\n<meta property=\"og:url\" content=\"https:\/\/www.englishstay.cz\/sk\/jazykove-kurzy-anglictiny\/\" \/>\n<meta property=\"og:site_name\" content=\"ENGLISHstay\" \/>\n<meta property=\"article:publisher\" content=\"https:\/\/www.facebook.com\/kurzyanglictiny\/\" \/>\n<meta property=\"article:modified_time\" content=\"2026-02-02T05:36:48+00:00\" \/>\n<meta property=\"og:image\" content=\"https:\/\/www.englishstay.cz\/media\/2019\/01\/logo-es.jpg\" \/>\n\t<meta property=\"og:image:width\" content=\"260\" \/>\n\t<meta property=\"og:image:height\" content=\"260\" \/>\n\t<meta property=\"og:image:type\" content=\"image\/jpeg\" \/>\n<meta name=\"twitter:card\" content=\"summary_large_image\" \/>\n<meta name=\"twitter:site\" content=\"@ENGLISHstay\" \/>\n<meta name=\"twitter:label1\" content=\"Predpokladan\u00fd \u010das \u010d\u00edtania\" \/>\n\t<meta name=\"twitter:data1\" content=\"3 min\u00faty\" \/>\n<script type=\"application\/ld+json\" class=\"yoast-schema-graph\">{\"@context\":\"https:\\\/\\\/schema.org\",\"@graph\":[{\"@type\":\"WebPage\",\"@id\":\"https:\\\/\\\/www.englishstay.cz\\\/sk\\\/jazykove-kurzy-anglictiny\\\/\",\"url\":\"https:\\\/\\\/www.englishstay.cz\\\/sk\\\/jazykove-kurzy-anglictiny\\\/\",\"name\":\"Jazykov\u00e9 kurzy angli\u010dtiny s roden\u00fdmi hovorcami angli\u010dtiny\",\"isPartOf\":{\"@id\":\"https:\\\/\\\/www.englishstay.cz\\\/de\\\/#website\"},\"datePublished\":\"2017-12-08T14:09:51+00:00\",\"dateModified\":\"2026-02-02T05:36:48+00:00\",\"description\":\"T\u00fd\u017edenn\u00e9 kurzy s roden\u00fdm hovorcom. Viac ako 70 intenz\u00edvnych hod\u00edn angli\u010dtiny po\u010das cel\u00fdch 6 dn\u00ed tr\u00e1vite 12h denne s roden\u00fdm hovoriacim.\",\"breadcrumb\":{\"@id\":\"https:\\\/\\\/www.englishstay.cz\\\/sk\\\/jazykove-kurzy-anglictiny\\\/#breadcrumb\"},\"inLanguage\":\"sk-SK\",\"potentialAction\":[{\"@type\":\"ReadAction\",\"target\":[\"https:\\\/\\\/www.englishstay.cz\\\/sk\\\/jazykove-kurzy-anglictiny\\\/\"]}]},{\"@type\":\"BreadcrumbList\",\"@id\":\"https:\\\/\\\/www.englishstay.cz\\\/sk\\\/jazykove-kurzy-anglictiny\\\/#breadcrumb\",\"itemListElement\":[{\"@type\":\"ListItem\",\"position\":1,\"name\":\"Dom\u016f\",\"item\":\"https:\\\/\\\/www.englishstay.cz\\\/sk\\\/\"},{\"@type\":\"ListItem\",\"position\":2,\"name\":\"Jazykov\u00e9 kurzy angli\u010dtiny\"}]},{\"@type\":\"WebSite\",\"@id\":\"https:\\\/\\\/www.englishstay.cz\\\/de\\\/#website\",\"url\":\"https:\\\/\\\/www.englishstay.cz\\\/de\\\/\",\"name\":\"ENGLISHstay\",\"description\":\"Intenzivn\u00ed kurzy angli\u010dtiny s rodil\u00fdm mluv\u010d\u00edm\",\"potentialAction\":[{\"@type\":\"SearchAction\",\"target\":{\"@type\":\"EntryPoint\",\"urlTemplate\":\"https:\\\/\\\/www.englishstay.cz\\\/de\\\/?s={search_term_string}\"},\"query-input\":{\"@type\":\"PropertyValueSpecification\",\"valueRequired\":true,\"valueName\":\"search_term_string\"}}],\"inLanguage\":\"sk-SK\"}]}<\/script>\n<!-- \/ Yoast SEO plugin. -->","yoast_head_json":{"title":"Jazykov\u00e9 kurzy angli\u010dtiny s roden\u00fdmi hovorcami angli\u010dtiny","description":"T\u00fd\u017edenn\u00e9 kurzy s roden\u00fdm hovorcom. Viac ako 70 intenz\u00edvnych hod\u00edn angli\u010dtiny po\u010das cel\u00fdch 6 dn\u00ed tr\u00e1vite 12h denne s roden\u00fdm hovoriacim.","robots":{"index":"index","follow":"follow","max-snippet":"max-snippet:-1","max-image-preview":"max-image-preview:large","max-video-preview":"max-video-preview:-1"},"canonical":"https:\/\/www.englishstay.cz\/sk\/jazykove-kurzy-anglictiny\/","og_locale":"sk_SK","og_type":"article","og_title":"Jazykov\u00e9 kurzy angli\u010dtiny s roden\u00fdmi hovorcami angli\u010dtiny","og_description":"T\u00fd\u017edenn\u00e9 kurzy s roden\u00fdm hovorcom. Viac ako 70 intenz\u00edvnych hod\u00edn angli\u010dtiny po\u010das cel\u00fdch 6 dn\u00ed tr\u00e1vite 12h denne s roden\u00fdm hovoriacim.","og_url":"https:\/\/www.englishstay.cz\/sk\/jazykove-kurzy-anglictiny\/","og_site_name":"ENGLISHstay","article_publisher":"https:\/\/www.facebook.com\/kurzyanglictiny\/","article_modified_time":"2026-02-02T05:36:48+00:00","og_image":[{"width":260,"height":260,"url":"https:\/\/www.englishstay.cz\/media\/2019\/01\/logo-es.jpg","type":"image\/jpeg"}],"twitter_card":"summary_large_image","twitter_site":"@ENGLISHstay","twitter_misc":{"Predpokladan\u00fd \u010das \u010d\u00edtania":"3 min\u00faty"},"schema":{"@context":"https:\/\/schema.org","@graph":[{"@type":"WebPage","@id":"https:\/\/www.englishstay.cz\/sk\/jazykove-kurzy-anglictiny\/","url":"https:\/\/www.englishstay.cz\/sk\/jazykove-kurzy-anglictiny\/","name":"Jazykov\u00e9 kurzy angli\u010dtiny s roden\u00fdmi hovorcami angli\u010dtiny","isPartOf":{"@id":"https:\/\/www.englishstay.cz\/de\/#website"},"datePublished":"2017-12-08T14:09:51+00:00","dateModified":"2026-02-02T05:36:48+00:00","description":"T\u00fd\u017edenn\u00e9 kurzy s roden\u00fdm hovorcom. Viac ako 70 intenz\u00edvnych hod\u00edn angli\u010dtiny po\u010das cel\u00fdch 6 dn\u00ed tr\u00e1vite 12h denne s roden\u00fdm hovoriacim.","breadcrumb":{"@id":"https:\/\/www.englishstay.cz\/sk\/jazykove-kurzy-anglictiny\/#breadcrumb"},"inLanguage":"sk-SK","potentialAction":[{"@type":"ReadAction","target":["https:\/\/www.englishstay.cz\/sk\/jazykove-kurzy-anglictiny\/"]}]},{"@type":"BreadcrumbList","@id":"https:\/\/www.englishstay.cz\/sk\/jazykove-kurzy-anglictiny\/#breadcrumb","itemListElement":[{"@type":"ListItem","position":1,"name":"Dom\u016f","item":"https:\/\/www.englishstay.cz\/sk\/"},{"@type":"ListItem","position":2,"name":"Jazykov\u00e9 kurzy angli\u010dtiny"}]},{"@type":"WebSite","@id":"https:\/\/www.englishstay.cz\/de\/#website","url":"https:\/\/www.englishstay.cz\/de\/","name":"ENGLISHstay","description":"Intenzivn\u00ed kurzy angli\u010dtiny s rodil\u00fdm mluv\u010d\u00edm","potentialAction":[{"@type":"SearchAction","target":{"@type":"EntryPoint","urlTemplate":"https:\/\/www.englishstay.cz\/de\/?s={search_term_string}"},"query-input":{"@type":"PropertyValueSpecification","valueRequired":true,"valueName":"search_term_string"}}],"inLanguage":"sk-SK"}]}},"_links":{"self":[{"href":"https:\/\/www.englishstay.cz\/sk\/wp-json\/wp\/v2\/pages\/7316","targetHints":{"allow":["GET"]}}],"collection":[{"href":"https:\/\/www.englishstay.cz\/sk\/wp-json\/wp\/v2\/pages"}],"about":[{"href":"https:\/\/www.englishstay.cz\/sk\/wp-json\/wp\/v2\/types\/page"}],"author":[{"embeddable":true,"href":"https:\/\/www.englishstay.cz\/sk\/wp-json\/wp\/v2\/users\/2"}],"replies":[{"embeddable":true,"href":"https:\/\/www.englishstay.cz\/sk\/wp-json\/wp\/v2\/comments?post=7316"}],"version-history":[{"count":28,"href":"https:\/\/www.englishstay.cz\/sk\/wp-json\/wp\/v2\/pages\/7316\/revisions"}],"predecessor-version":[{"id":14130,"href":"https:\/\/www.englishstay.cz\/sk\/wp-json\/wp\/v2\/pages\/7316\/revisions\/14130"}],"wp:attachment":[{"href":"https:\/\/www.englishstay.cz\/sk\/wp-json\/wp\/v2\/media?parent=7316"}],"curies":[{"name":"wp","href":"https:\/\/api.w.org\/{rel}","templated":true}]}}