{"id":7315,"date":"2017-12-08T15:28:32","date_gmt":"2017-12-08T14:28:32","guid":{"rendered":"https:\/\/englishstay.cz\/?page_id=7315"},"modified":"2026-02-02T05:48:06","modified_gmt":"2026-02-02T04:48:06","slug":"individualni-kurzy-anglictiny","status":"publish","type":"page","link":"https:\/\/www.englishstay.cz\/sk\/individualni-kurzy-anglictiny\/","title":{"rendered":"Individu\u00e1ln\u00ed kurzy angli\u010dtiny"},"content":{"rendered":"<p>[et_pb_section fb_built=&#8220;1&#8243; fullwidth=&#8220;on&#8220; _builder_version=&#8220;4.16&#8243; background_color=&#8220;#ffffff&#8220; global_colors_info=&#8220;{}&#8220;][et_pb_fullwidth_image src=&#8220;\/media\/2017\/11\/foto_pozadi9.jpg&#8220; _builder_version=&#8220;4.16&#8243; global_colors_info=&#8220;{}&#8220;][\/et_pb_fullwidth_image][\/et_pb_section][et_pb_section fb_built=&#8220;1&#8243; _builder_version=&#8220;4.16&#8243; global_colors_info=&#8220;{}&#8220;][et_pb_row _builder_version=&#8220;4.16&#8243; background_size=&#8220;initial&#8220; background_position=&#8220;top_left&#8220; background_repeat=&#8220;repeat&#8220; global_colors_info=&#8220;{}&#8220;][et_pb_column type=&#8220;4_4&#8243; _builder_version=&#8220;4.16&#8243; custom_padding=&#8220;|||&#8220; global_colors_info=&#8220;{}&#8220; custom_padding__hover=&#8220;|||&#8220;][et_pb_text _builder_version=&#8220;4.16&#8243; global_colors_info=&#8220;{}&#8220;]<\/p>\n<h1>Individu\u00e1ln\u00ed kurzy angli\u010dtiny<b><\/b><b><\/b><\/h1>\n<p>&nbsp;<\/p>\n<h2>Obklopte se angli\u010dtinou!<\/h2>\n<p>&nbsp;<\/p>\n<p><strong>P\u0159esta\u0148te se b\u00e1t gramatiky a mluvte. Na\u0161e v\u00fduka je zalo\u017een\u00e1 na intenzivn\u00ed pr\u00e1ci, kter\u00e1 v\u00e1s bude bavit. Zbav\u00ed v\u00e1s zbyte\u010dn\u00fdch p\u0159ek\u00e1\u017eek a radik\u00e1ln\u011b roz\u0161\u00ed\u0159\u00ed slovn\u00ed z\u00e1sobu.<\/strong><\/p>\n<p>&nbsp;<\/p>\n<p>Na\u0161e\u00a0intenzivn\u00ed kurzy angli\u010dtiny\u00a0jsou zalo\u017een\u00e9 na t\u00fddenn\u00edm pobytu.\u00a0<strong>Ka\u017ed\u00fd z\u00a0na\u0161ich student\u016f m\u00e1 k\u00a0dispozici rodil\u00e9ho mluv\u010d\u00edho<\/strong>. V\u00a0pr\u016fb\u011bhu dne tak nejen proberete z\u00e1klady stavby v\u011bt a \u00faskal\u00ed nepravideln\u00fdch slov, idiom\u016f a \u010das\u016f. Sezn\u00e1m\u00edte se s\u00a0jazykem ve zcela p\u0159irozen\u00e9 podob\u011b.\u00a0\u00a0Za v\u00fdukou nav\u00edc nemus\u00edte odj\u00ed\u017ed\u011bt do zahrani\u010d\u00ed. My jsme pro v\u00e1s tady!<\/p>\n<p>&nbsp;<\/p>\n<p style=\"font-weight: 400;\">V\u00fduka je zam\u011b\u0159ena v\u00a0n\u011bkolika bloc\u00edch na zvl\u00e1dnut\u00ed teorie, ale hlavn\u00ed d\u016fraz klademe na procvi\u010den\u00ed. P\u0159irozen\u00e1 konverzace, kter\u00e1 se t\u00fdk\u00e1 b\u011b\u017en\u00fdch t\u00e9mat, v\u00e1m p\u0159irozen\u011b pom\u016f\u017ee osvojit si a zafixovat slov\u00ed\u010dka i gramatiku. Nep\u0159etr\u017eit\u00fd kontakt s\u00a0jazykem maxim\u00e1ln\u011b zv\u00fd\u0161\u00ed va\u0161\u00ed \u00farove\u0148. <strong>Doslova v\u00e1s zasypeme angli\u010dtinou.<\/strong><\/p>\n<p>&nbsp;<\/p>\n<p>P\u0159i b\u011b\u017en\u00e9 konverzaci se nav\u00edc nau\u010d\u00edte improvizovat a pru\u017en\u011b reagovat. B\u011b\u017en\u00e9\u00a0<a href=\"\/jazykove-pobyty\/\">jazykov\u00e9 kurzy angli\u010dtiny<\/a>\u00a0postupuj\u00ed podle pevn\u00fdch t\u00e9mat. Bohu\u017eel, v\u011bt\u0161inu z\u00a0nich v\u00a0praxi neupot\u0159eb\u00edte. My se zam\u011b\u0159\u00edme na okruhy, kter\u00e9 v\u00e1s zaj\u00edmaj\u00ed. Nau\u010d\u00edme v\u00e1s mluvit s\u00a0lidmi. Nav\u00edc v\u00e1s nau\u010d\u00edme i rozd\u00edl\u016fm ve zp\u016fsobu vyjad\u0159ov\u00e1n\u00ed.<\/p>\n<p>&nbsp;<\/p>\n<p>Sezn\u00e1m\u00edme v\u00e1s se \u017eiv\u00fdm a sou\u010dasn\u00fdm jazykem. Roz\u0161\u00ed\u0159\u00edme va\u0161\u00ed slovn\u00ed z\u00e1sobu. Nau\u010d\u00edme v\u00e1s mluvit bez obav a plynule.<\/p>\n<p>&nbsp;<\/p>\n<p><strong><a href=\"\/pridejte-se-k-nam-hned-ted\/\">P\u0159idejte se k n\u00e1m hned te\u010f!<\/a>\u00a0\u00a0<\/strong><\/p>\n<p>[\/et_pb_text][\/et_pb_column][\/et_pb_row][\/et_pb_section]<\/p>\n<span class=\"et_bloom_bottom_trigger\"><\/span>","protected":false},"excerpt":{"rendered":"<p>Intenz\u00edvne kurzy angli\u010dtiny s\u00fa zalo\u017een\u00e9 na t\u00fd\u017edennom pobyte. Ka\u017ed\u00fd z na\u0161ich \u0161tudentov m\u00e1 k dispoz\u00edcii roden\u00e9ho hovorcu (JEDEN na JEDN\u00c9HO).<\/p>\n","protected":false},"author":2,"featured_media":0,"parent":0,"menu_order":0,"comment_status":"closed","ping_status":"closed","template":"","meta":{"_et_pb_use_builder":"on","_et_pb_old_content":"","_et_gb_content_width":"","footnotes":""},"class_list":["post-7315","page","type-page","status-publish","hentry"],"yoast_head":"<!-- This site is optimized with the Yoast SEO plugin v27.5 - https:\/\/yoast.com\/product\/yoast-seo-wordpress\/ -->\n<title>Individu\u00e1ln\u00ed kurzy angli\u010dtiny | ENGLISHstay<\/title>\n<meta name=\"description\" content=\"Intenz\u00edvne kurzy angli\u010dtiny s\u00fa zalo\u017een\u00e9 na t\u00fd\u017edennom pobyte. Ka\u017ed\u00fd z na\u0161ich \u0161tudentov m\u00e1 k dispoz\u00edcii roden\u00e9ho hovorcu (JEDEN na JEDN\u00c9HO).\" \/>\n<meta name=\"robots\" content=\"index, follow, max-snippet:-1, max-image-preview:large, max-video-preview:-1\" \/>\n<link rel=\"canonical\" href=\"https:\/\/www.englishstay.cz\/sk\/individualni-kurzy-anglictiny\/\" \/>\n<meta property=\"og:locale\" content=\"sk_SK\" \/>\n<meta property=\"og:type\" content=\"article\" \/>\n<meta property=\"og:title\" content=\"Individu\u00e1ln\u00ed kurzy angli\u010dtiny | ENGLISHstay\" \/>\n<meta property=\"og:description\" content=\"Intenz\u00edvne kurzy angli\u010dtiny s\u00fa zalo\u017een\u00e9 na t\u00fd\u017edennom pobyte. Ka\u017ed\u00fd z na\u0161ich \u0161tudentov m\u00e1 k dispoz\u00edcii roden\u00e9ho hovorcu (JEDEN na JEDN\u00c9HO).\" \/>\n<meta property=\"og:url\" content=\"https:\/\/www.englishstay.cz\/sk\/individualni-kurzy-anglictiny\/\" \/>\n<meta property=\"og:site_name\" content=\"ENGLISHstay\" \/>\n<meta property=\"article:publisher\" content=\"https:\/\/www.facebook.com\/kurzyanglictiny\/\" \/>\n<meta property=\"article:modified_time\" content=\"2026-02-02T04:48:06+00:00\" \/>\n<meta property=\"og:image\" content=\"https:\/\/www.englishstay.cz\/media\/2019\/01\/logo-es.jpg\" \/>\n\t<meta property=\"og:image:width\" content=\"260\" \/>\n\t<meta property=\"og:image:height\" content=\"260\" \/>\n\t<meta property=\"og:image:type\" content=\"image\/jpeg\" \/>\n<meta name=\"twitter:card\" content=\"summary_large_image\" \/>\n<meta name=\"twitter:site\" content=\"@ENGLISHstay\" \/>\n<meta name=\"twitter:label1\" content=\"Predpokladan\u00fd \u010das \u010d\u00edtania\" \/>\n\t<meta name=\"twitter:data1\" content=\"2 min\u00faty\" \/>\n<script type=\"application\/ld+json\" class=\"yoast-schema-graph\">{\"@context\":\"https:\\\/\\\/schema.org\",\"@graph\":[{\"@type\":\"WebPage\",\"@id\":\"https:\\\/\\\/www.englishstay.cz\\\/sk\\\/individualni-kurzy-anglictiny\\\/\",\"url\":\"https:\\\/\\\/www.englishstay.cz\\\/sk\\\/individualni-kurzy-anglictiny\\\/\",\"name\":\"Individu\u00e1ln\u00ed kurzy angli\u010dtiny | ENGLISHstay\",\"isPartOf\":{\"@id\":\"https:\\\/\\\/www.englishstay.cz\\\/de\\\/#website\"},\"datePublished\":\"2017-12-08T14:28:32+00:00\",\"dateModified\":\"2026-02-02T04:48:06+00:00\",\"description\":\"Intenz\u00edvne kurzy angli\u010dtiny s\u00fa zalo\u017een\u00e9 na t\u00fd\u017edennom pobyte. Ka\u017ed\u00fd z na\u0161ich \u0161tudentov m\u00e1 k dispoz\u00edcii roden\u00e9ho hovorcu (JEDEN na JEDN\u00c9HO).\",\"breadcrumb\":{\"@id\":\"https:\\\/\\\/www.englishstay.cz\\\/sk\\\/individualni-kurzy-anglictiny\\\/#breadcrumb\"},\"inLanguage\":\"sk-SK\",\"potentialAction\":[{\"@type\":\"ReadAction\",\"target\":[\"https:\\\/\\\/www.englishstay.cz\\\/sk\\\/individualni-kurzy-anglictiny\\\/\"]}]},{\"@type\":\"BreadcrumbList\",\"@id\":\"https:\\\/\\\/www.englishstay.cz\\\/sk\\\/individualni-kurzy-anglictiny\\\/#breadcrumb\",\"itemListElement\":[{\"@type\":\"ListItem\",\"position\":1,\"name\":\"Dom\u016f\",\"item\":\"https:\\\/\\\/www.englishstay.cz\\\/sk\\\/\"},{\"@type\":\"ListItem\",\"position\":2,\"name\":\"Individu\u00e1ln\u00ed kurzy angli\u010dtiny\"}]},{\"@type\":\"WebSite\",\"@id\":\"https:\\\/\\\/www.englishstay.cz\\\/de\\\/#website\",\"url\":\"https:\\\/\\\/www.englishstay.cz\\\/de\\\/\",\"name\":\"ENGLISHstay\",\"description\":\"Intenzivn\u00ed kurzy angli\u010dtiny s rodil\u00fdm mluv\u010d\u00edm\",\"potentialAction\":[{\"@type\":\"SearchAction\",\"target\":{\"@type\":\"EntryPoint\",\"urlTemplate\":\"https:\\\/\\\/www.englishstay.cz\\\/de\\\/?s={search_term_string}\"},\"query-input\":{\"@type\":\"PropertyValueSpecification\",\"valueRequired\":true,\"valueName\":\"search_term_string\"}}],\"inLanguage\":\"sk-SK\"}]}<\/script>\n<!-- \/ Yoast SEO plugin. -->","yoast_head_json":{"title":"Individu\u00e1ln\u00ed kurzy angli\u010dtiny | ENGLISHstay","description":"Intenz\u00edvne kurzy angli\u010dtiny s\u00fa zalo\u017een\u00e9 na t\u00fd\u017edennom pobyte. Ka\u017ed\u00fd z na\u0161ich \u0161tudentov m\u00e1 k dispoz\u00edcii roden\u00e9ho hovorcu (JEDEN na JEDN\u00c9HO).","robots":{"index":"index","follow":"follow","max-snippet":"max-snippet:-1","max-image-preview":"max-image-preview:large","max-video-preview":"max-video-preview:-1"},"canonical":"https:\/\/www.englishstay.cz\/sk\/individualni-kurzy-anglictiny\/","og_locale":"sk_SK","og_type":"article","og_title":"Individu\u00e1ln\u00ed kurzy angli\u010dtiny | ENGLISHstay","og_description":"Intenz\u00edvne kurzy angli\u010dtiny s\u00fa zalo\u017een\u00e9 na t\u00fd\u017edennom pobyte. Ka\u017ed\u00fd z na\u0161ich \u0161tudentov m\u00e1 k dispoz\u00edcii roden\u00e9ho hovorcu (JEDEN na JEDN\u00c9HO).","og_url":"https:\/\/www.englishstay.cz\/sk\/individualni-kurzy-anglictiny\/","og_site_name":"ENGLISHstay","article_publisher":"https:\/\/www.facebook.com\/kurzyanglictiny\/","article_modified_time":"2026-02-02T04:48:06+00:00","og_image":[{"width":260,"height":260,"url":"https:\/\/www.englishstay.cz\/media\/2019\/01\/logo-es.jpg","type":"image\/jpeg"}],"twitter_card":"summary_large_image","twitter_site":"@ENGLISHstay","twitter_misc":{"Predpokladan\u00fd \u010das \u010d\u00edtania":"2 min\u00faty"},"schema":{"@context":"https:\/\/schema.org","@graph":[{"@type":"WebPage","@id":"https:\/\/www.englishstay.cz\/sk\/individualni-kurzy-anglictiny\/","url":"https:\/\/www.englishstay.cz\/sk\/individualni-kurzy-anglictiny\/","name":"Individu\u00e1ln\u00ed kurzy angli\u010dtiny | ENGLISHstay","isPartOf":{"@id":"https:\/\/www.englishstay.cz\/de\/#website"},"datePublished":"2017-12-08T14:28:32+00:00","dateModified":"2026-02-02T04:48:06+00:00","description":"Intenz\u00edvne kurzy angli\u010dtiny s\u00fa zalo\u017een\u00e9 na t\u00fd\u017edennom pobyte. Ka\u017ed\u00fd z na\u0161ich \u0161tudentov m\u00e1 k dispoz\u00edcii roden\u00e9ho hovorcu (JEDEN na JEDN\u00c9HO).","breadcrumb":{"@id":"https:\/\/www.englishstay.cz\/sk\/individualni-kurzy-anglictiny\/#breadcrumb"},"inLanguage":"sk-SK","potentialAction":[{"@type":"ReadAction","target":["https:\/\/www.englishstay.cz\/sk\/individualni-kurzy-anglictiny\/"]}]},{"@type":"BreadcrumbList","@id":"https:\/\/www.englishstay.cz\/sk\/individualni-kurzy-anglictiny\/#breadcrumb","itemListElement":[{"@type":"ListItem","position":1,"name":"Dom\u016f","item":"https:\/\/www.englishstay.cz\/sk\/"},{"@type":"ListItem","position":2,"name":"Individu\u00e1ln\u00ed kurzy angli\u010dtiny"}]},{"@type":"WebSite","@id":"https:\/\/www.englishstay.cz\/de\/#website","url":"https:\/\/www.englishstay.cz\/de\/","name":"ENGLISHstay","description":"Intenzivn\u00ed kurzy angli\u010dtiny s rodil\u00fdm mluv\u010d\u00edm","potentialAction":[{"@type":"SearchAction","target":{"@type":"EntryPoint","urlTemplate":"https:\/\/www.englishstay.cz\/de\/?s={search_term_string}"},"query-input":{"@type":"PropertyValueSpecification","valueRequired":true,"valueName":"search_term_string"}}],"inLanguage":"sk-SK"}]}},"_links":{"self":[{"href":"https:\/\/www.englishstay.cz\/sk\/wp-json\/wp\/v2\/pages\/7315","targetHints":{"allow":["GET"]}}],"collection":[{"href":"https:\/\/www.englishstay.cz\/sk\/wp-json\/wp\/v2\/pages"}],"about":[{"href":"https:\/\/www.englishstay.cz\/sk\/wp-json\/wp\/v2\/types\/page"}],"author":[{"embeddable":true,"href":"https:\/\/www.englishstay.cz\/sk\/wp-json\/wp\/v2\/users\/2"}],"replies":[{"embeddable":true,"href":"https:\/\/www.englishstay.cz\/sk\/wp-json\/wp\/v2\/comments?post=7315"}],"version-history":[{"count":4,"href":"https:\/\/www.englishstay.cz\/sk\/wp-json\/wp\/v2\/pages\/7315\/revisions"}],"predecessor-version":[{"id":14047,"href":"https:\/\/www.englishstay.cz\/sk\/wp-json\/wp\/v2\/pages\/7315\/revisions\/14047"}],"wp:attachment":[{"href":"https:\/\/www.englishstay.cz\/sk\/wp-json\/wp\/v2\/media?parent=7315"}],"curies":[{"name":"wp","href":"https:\/\/api.w.org\/{rel}","templated":true}]}}