{"id":7314,"date":"2017-11-22T15:12:29","date_gmt":"2017-11-22T14:12:29","guid":{"rendered":"https:\/\/englishstay.cz\/?page_id=7314"},"modified":"2026-01-30T06:11:22","modified_gmt":"2026-01-30T05:11:22","slug":"fotogalerie","status":"publish","type":"page","link":"https:\/\/www.englishstay.cz\/sk\/fotogalerie\/","title":{"rendered":"Fotogalerie"},"content":{"rendered":"<p>[et_pb_section fb_built=&#8220;1&#8243; fullwidth=&#8220;on&#8220; _builder_version=&#8220;4.16&#8243; background_color=&#8220;#ffffff&#8220; global_colors_info=&#8220;{}&#8220;][et_pb_fullwidth_image src=&#8220;\/media\/2017\/11\/bg_faq.jpg&#8220; _builder_version=&#8220;4.16&#8243; global_colors_info=&#8220;{}&#8220;][\/et_pb_fullwidth_image][\/et_pb_section][et_pb_section fb_built=&#8220;1&#8243; _builder_version=&#8220;4.16&#8243; global_colors_info=&#8220;{}&#8220;][et_pb_row use_custom_gutter=&#8220;on&#8220; gutter_width=&#8220;2&#8243; _builder_version=&#8220;4.16&#8243; global_colors_info=&#8220;{}&#8220;][et_pb_column type=&#8220;4_4&#8243; _builder_version=&#8220;4.16&#8243; custom_padding=&#8220;|||&#8220; global_colors_info=&#8220;{}&#8220; custom_padding__hover=&#8220;|||&#8220;][et_pb_text _builder_version=&#8220;4.16&#8243; global_colors_info=&#8220;{}&#8220;]<\/p>\n<h1>Fotogalerie<\/h1>\n<p>V\u0161echny na\u0161e fotogalerie jsou ulo\u017eeny na sv\u011btozn\u00e1m\u00e9 s\u00edti <a title=\"Pinterest - ENGLISHstay\" href=\"https:\/\/cz.pinterest.com\/englishstay\/\" target=\"_blank\" rel=\"noopener\">Pinterest.<\/a><\/p>\n<p>Pokud nedisponujte registrac\u00ed na t\u00e9to s\u00edti, nab\u00edz\u00edme fotografie ulo\u017een\u00e9 v na\u0161em albu <a title=\"Pictures - ENGLIShstay\" href=\"http:\/\/englishstay.rajce.idnes.cz\/ENGLIShstay_photo_gallery\/\" target=\"_blank\" rel=\"noopener\">ENGLISHstay.<\/a><\/p>\n<p>V\u00e1\u0161 ENGLISHstay T\u00fdm<br \/>\n[\/et_pb_text][et_pb_gallery gallery_ids=&#8220;8608,8590,8594,8600,8598,8602,8604,8606&#8243; posts_number=&#8220;8&#8243; show_title_and_caption=&#8220;off&#8220; show_pagination=&#8220;off&#8220; zoom_icon_color=&#8220;#970100&#8243; hover_icon=&#8220;&#x54;||divi||400&#8243; _builder_version=&#8220;4.16&#8243; pagination_font_size_tablet=&#8220;51&#8243; pagination_line_height_tablet=&#8220;2&#8243; global_colors_info=&#8220;{}&#8220;][\/et_pb_gallery][\/et_pb_column][\/et_pb_row][\/et_pb_section]<\/p>\n<span class=\"et_bloom_bottom_trigger\"><\/span>","protected":false},"excerpt":{"rendered":"<p>Roden\u00fdch hovoriacich zo v\u0161etk\u00fdch k\u00fatov anglicky hovoriaceho sveta. Jazykov\u00e9ho pobytu sa z\u00fa\u010dast\u0148uj\u00fa \u013eudia z USA, Kanady&#8230;<\/p>\n","protected":false},"author":2,"featured_media":0,"parent":0,"menu_order":0,"comment_status":"closed","ping_status":"closed","template":"","meta":{"_et_pb_use_builder":"on","_et_pb_old_content":"","_et_gb_content_width":"","footnotes":""},"class_list":["post-7314","page","type-page","status-publish","hentry"],"yoast_head":"<!-- This site is optimized with the Yoast SEO plugin v26.4 - https:\/\/yoast.com\/wordpress\/plugins\/seo\/ -->\n<title>Fotogalerie | ENGLISHstay<\/title>\n<meta name=\"description\" content=\"Roden\u00fdch hovoriacich zo v\u0161etk\u00fdch k\u00fatov anglicky hovoriaceho sveta. Jazykov\u00e9ho pobytu sa z\u00fa\u010dast\u0148uj\u00fa \u013eudia z USA, Kanady...\" \/>\n<meta name=\"robots\" content=\"index, follow, max-snippet:-1, max-image-preview:large, max-video-preview:-1\" \/>\n<link rel=\"canonical\" href=\"https:\/\/www.englishstay.cz\/sk\/fotogalerie\/\" \/>\n<meta property=\"og:locale\" content=\"sk_SK\" \/>\n<meta property=\"og:type\" content=\"article\" \/>\n<meta property=\"og:title\" content=\"Fotogalerie | ENGLISHstay\" \/>\n<meta property=\"og:description\" content=\"Roden\u00fdch hovoriacich zo v\u0161etk\u00fdch k\u00fatov anglicky hovoriaceho sveta. Jazykov\u00e9ho pobytu sa z\u00fa\u010dast\u0148uj\u00fa \u013eudia z USA, Kanady...\" \/>\n<meta property=\"og:url\" content=\"https:\/\/www.englishstay.cz\/sk\/fotogalerie\/\" \/>\n<meta property=\"og:site_name\" content=\"ENGLISHstay\" \/>\n<meta property=\"article:publisher\" content=\"https:\/\/www.facebook.com\/kurzyanglictiny\/\" \/>\n<meta property=\"article:modified_time\" content=\"2026-01-30T05:11:22+00:00\" \/>\n<meta property=\"og:image\" content=\"https:\/\/www.englishstay.cz\/media\/2019\/01\/logo-es.jpg\" \/>\n\t<meta property=\"og:image:width\" content=\"260\" \/>\n\t<meta property=\"og:image:height\" content=\"260\" \/>\n\t<meta property=\"og:image:type\" content=\"image\/jpeg\" \/>\n<meta name=\"twitter:card\" content=\"summary_large_image\" \/>\n<meta name=\"twitter:site\" content=\"@ENGLISHstay\" \/>\n<meta name=\"twitter:label1\" content=\"Predpokladan\u00fd \u010das \u010d\u00edtania\" \/>\n\t<meta name=\"twitter:data1\" content=\"2 min\u00faty\" \/>\n<script type=\"application\/ld+json\" class=\"yoast-schema-graph\">{\"@context\":\"https:\/\/schema.org\",\"@graph\":[{\"@type\":\"WebPage\",\"@id\":\"https:\/\/www.englishstay.cz\/sk\/fotogalerie\/\",\"url\":\"https:\/\/www.englishstay.cz\/sk\/fotogalerie\/\",\"name\":\"Fotogalerie | ENGLISHstay\",\"isPartOf\":{\"@id\":\"https:\/\/www.englishstay.cz\/de\/#website\"},\"datePublished\":\"2017-11-22T14:12:29+00:00\",\"dateModified\":\"2026-01-30T05:11:22+00:00\",\"description\":\"Roden\u00fdch hovoriacich zo v\u0161etk\u00fdch k\u00fatov anglicky hovoriaceho sveta. Jazykov\u00e9ho pobytu sa z\u00fa\u010dast\u0148uj\u00fa \u013eudia z USA, Kanady...\",\"breadcrumb\":{\"@id\":\"https:\/\/www.englishstay.cz\/sk\/fotogalerie\/#breadcrumb\"},\"inLanguage\":\"sk-SK\",\"potentialAction\":[{\"@type\":\"ReadAction\",\"target\":[\"https:\/\/www.englishstay.cz\/sk\/fotogalerie\/\"]}]},{\"@type\":\"BreadcrumbList\",\"@id\":\"https:\/\/www.englishstay.cz\/sk\/fotogalerie\/#breadcrumb\",\"itemListElement\":[{\"@type\":\"ListItem\",\"position\":1,\"name\":\"Dom\u016f\",\"item\":\"https:\/\/www.englishstay.cz\/sk\/\"},{\"@type\":\"ListItem\",\"position\":2,\"name\":\"Fotogalerie\"}]},{\"@type\":\"WebSite\",\"@id\":\"https:\/\/www.englishstay.cz\/de\/#website\",\"url\":\"https:\/\/www.englishstay.cz\/de\/\",\"name\":\"ENGLISHstay\",\"description\":\"Intenzivn\u00ed kurzy angli\u010dtiny s rodil\u00fdm mluv\u010d\u00edm\",\"potentialAction\":[{\"@type\":\"SearchAction\",\"target\":{\"@type\":\"EntryPoint\",\"urlTemplate\":\"https:\/\/www.englishstay.cz\/de\/?s={search_term_string}\"},\"query-input\":{\"@type\":\"PropertyValueSpecification\",\"valueRequired\":true,\"valueName\":\"search_term_string\"}}],\"inLanguage\":\"sk-SK\"}]}<\/script>\n<!-- \/ Yoast SEO plugin. -->","yoast_head_json":{"title":"Fotogalerie | ENGLISHstay","description":"Roden\u00fdch hovoriacich zo v\u0161etk\u00fdch k\u00fatov anglicky hovoriaceho sveta. Jazykov\u00e9ho pobytu sa z\u00fa\u010dast\u0148uj\u00fa \u013eudia z USA, Kanady...","robots":{"index":"index","follow":"follow","max-snippet":"max-snippet:-1","max-image-preview":"max-image-preview:large","max-video-preview":"max-video-preview:-1"},"canonical":"https:\/\/www.englishstay.cz\/sk\/fotogalerie\/","og_locale":"sk_SK","og_type":"article","og_title":"Fotogalerie | ENGLISHstay","og_description":"Roden\u00fdch hovoriacich zo v\u0161etk\u00fdch k\u00fatov anglicky hovoriaceho sveta. Jazykov\u00e9ho pobytu sa z\u00fa\u010dast\u0148uj\u00fa \u013eudia z USA, Kanady...","og_url":"https:\/\/www.englishstay.cz\/sk\/fotogalerie\/","og_site_name":"ENGLISHstay","article_publisher":"https:\/\/www.facebook.com\/kurzyanglictiny\/","article_modified_time":"2026-01-30T05:11:22+00:00","og_image":[{"width":260,"height":260,"url":"https:\/\/www.englishstay.cz\/media\/2019\/01\/logo-es.jpg","type":"image\/jpeg"}],"twitter_card":"summary_large_image","twitter_site":"@ENGLISHstay","twitter_misc":{"Predpokladan\u00fd \u010das \u010d\u00edtania":"2 min\u00faty"},"schema":{"@context":"https:\/\/schema.org","@graph":[{"@type":"WebPage","@id":"https:\/\/www.englishstay.cz\/sk\/fotogalerie\/","url":"https:\/\/www.englishstay.cz\/sk\/fotogalerie\/","name":"Fotogalerie | ENGLISHstay","isPartOf":{"@id":"https:\/\/www.englishstay.cz\/de\/#website"},"datePublished":"2017-11-22T14:12:29+00:00","dateModified":"2026-01-30T05:11:22+00:00","description":"Roden\u00fdch hovoriacich zo v\u0161etk\u00fdch k\u00fatov anglicky hovoriaceho sveta. Jazykov\u00e9ho pobytu sa z\u00fa\u010dast\u0148uj\u00fa \u013eudia z USA, Kanady...","breadcrumb":{"@id":"https:\/\/www.englishstay.cz\/sk\/fotogalerie\/#breadcrumb"},"inLanguage":"sk-SK","potentialAction":[{"@type":"ReadAction","target":["https:\/\/www.englishstay.cz\/sk\/fotogalerie\/"]}]},{"@type":"BreadcrumbList","@id":"https:\/\/www.englishstay.cz\/sk\/fotogalerie\/#breadcrumb","itemListElement":[{"@type":"ListItem","position":1,"name":"Dom\u016f","item":"https:\/\/www.englishstay.cz\/sk\/"},{"@type":"ListItem","position":2,"name":"Fotogalerie"}]},{"@type":"WebSite","@id":"https:\/\/www.englishstay.cz\/de\/#website","url":"https:\/\/www.englishstay.cz\/de\/","name":"ENGLISHstay","description":"Intenzivn\u00ed kurzy angli\u010dtiny s rodil\u00fdm mluv\u010d\u00edm","potentialAction":[{"@type":"SearchAction","target":{"@type":"EntryPoint","urlTemplate":"https:\/\/www.englishstay.cz\/de\/?s={search_term_string}"},"query-input":{"@type":"PropertyValueSpecification","valueRequired":true,"valueName":"search_term_string"}}],"inLanguage":"sk-SK"}]}},"_links":{"self":[{"href":"https:\/\/www.englishstay.cz\/sk\/wp-json\/wp\/v2\/pages\/7314","targetHints":{"allow":["GET"]}}],"collection":[{"href":"https:\/\/www.englishstay.cz\/sk\/wp-json\/wp\/v2\/pages"}],"about":[{"href":"https:\/\/www.englishstay.cz\/sk\/wp-json\/wp\/v2\/types\/page"}],"author":[{"embeddable":true,"href":"https:\/\/www.englishstay.cz\/sk\/wp-json\/wp\/v2\/users\/2"}],"replies":[{"embeddable":true,"href":"https:\/\/www.englishstay.cz\/sk\/wp-json\/wp\/v2\/comments?post=7314"}],"version-history":[{"count":4,"href":"https:\/\/www.englishstay.cz\/sk\/wp-json\/wp\/v2\/pages\/7314\/revisions"}],"predecessor-version":[{"id":14044,"href":"https:\/\/www.englishstay.cz\/sk\/wp-json\/wp\/v2\/pages\/7314\/revisions\/14044"}],"wp:attachment":[{"href":"https:\/\/www.englishstay.cz\/sk\/wp-json\/wp\/v2\/media?parent=7314"}],"curies":[{"name":"wp","href":"https:\/\/api.w.org\/{rel}","templated":true}]}}