{"id":7305,"date":"2017-11-22T14:35:43","date_gmt":"2017-11-22T13:35:43","guid":{"rendered":"https:\/\/englishstay.cz\/?page_id=7305"},"modified":"2026-02-05T23:22:55","modified_gmt":"2026-02-05T22:22:55","slug":"co-je-english-stay","status":"publish","type":"page","link":"https:\/\/www.englishstay.cz\/sk\/co-je-english-stay\/","title":{"rendered":"\u010co je Englishstay?"},"content":{"rendered":"<p>[et_pb_section fb_built=&#8220;1&#8243; fullwidth=&#8220;on&#8220; _builder_version=&#8220;4.16&#8243; background_color=&#8220;#ffffff&#8220; global_colors_info=&#8220;{}&#8220;][et_pb_fullwidth_image src=&#8220;\/media\/2017\/11\/bg_faq.jpg&#8220; _builder_version=&#8220;4.16&#8243; global_colors_info=&#8220;{}&#8220;]<br \/>\n[\/et_pb_fullwidth_image][\/et_pb_section][et_pb_section fb_built=&#8220;1&#8243; _builder_version=&#8220;4.16&#8243; global_colors_info=&#8220;{}&#8220;][et_pb_row _builder_version=&#8220;4.16&#8243; background_size=&#8220;initial&#8220; background_position=&#8220;top_left&#8220; background_repeat=&#8220;repeat&#8220; global_colors_info=&#8220;{}&#8220;][et_pb_column type=&#8220;4_4&#8243; _builder_version=&#8220;4.16&#8243; custom_padding=&#8220;|||&#8220; global_colors_info=&#8220;{}&#8220; custom_padding__hover=&#8220;|||&#8220;][et_pb_text _builder_version=&#8220;4.27.4&#8243; z_index_tablet=&#8220;500&#8243; text_text_shadow_horizontal_length_tablet=&#8220;0px&#8220; text_text_shadow_vertical_length_tablet=&#8220;0px&#8220; text_text_shadow_blur_strength_tablet=&#8220;1px&#8220; link_text_shadow_horizontal_length_tablet=&#8220;0px&#8220; link_text_shadow_vertical_length_tablet=&#8220;0px&#8220; link_text_shadow_blur_strength_tablet=&#8220;1px&#8220; ul_text_shadow_horizontal_length_tablet=&#8220;0px&#8220; ul_text_shadow_vertical_length_tablet=&#8220;0px&#8220; ul_text_shadow_blur_strength_tablet=&#8220;1px&#8220; ol_text_shadow_horizontal_length_tablet=&#8220;0px&#8220; ol_text_shadow_vertical_length_tablet=&#8220;0px&#8220; ol_text_shadow_blur_strength_tablet=&#8220;1px&#8220; quote_text_shadow_horizontal_length_tablet=&#8220;0px&#8220; quote_text_shadow_vertical_length_tablet=&#8220;0px&#8220; quote_text_shadow_blur_strength_tablet=&#8220;1px&#8220; header_text_shadow_horizontal_length_tablet=&#8220;0px&#8220; header_text_shadow_vertical_length_tablet=&#8220;0px&#8220; header_text_shadow_blur_strength_tablet=&#8220;1px&#8220; header_2_text_shadow_horizontal_length_tablet=&#8220;0px&#8220; header_2_text_shadow_vertical_length_tablet=&#8220;0px&#8220; header_2_text_shadow_blur_strength_tablet=&#8220;1px&#8220; header_3_text_shadow_horizontal_length_tablet=&#8220;0px&#8220; header_3_text_shadow_vertical_length_tablet=&#8220;0px&#8220; header_3_text_shadow_blur_strength_tablet=&#8220;1px&#8220; header_4_text_shadow_horizontal_length_tablet=&#8220;0px&#8220; header_4_text_shadow_vertical_length_tablet=&#8220;0px&#8220; header_4_text_shadow_blur_strength_tablet=&#8220;1px&#8220; header_5_text_shadow_horizontal_length_tablet=&#8220;0px&#8220; header_5_text_shadow_vertical_length_tablet=&#8220;0px&#8220; header_5_text_shadow_blur_strength_tablet=&#8220;1px&#8220; header_6_text_shadow_horizontal_length_tablet=&#8220;0px&#8220; header_6_text_shadow_vertical_length_tablet=&#8220;0px&#8220; header_6_text_shadow_blur_strength_tablet=&#8220;1px&#8220; box_shadow_horizontal_tablet=&#8220;0px&#8220; box_shadow_vertical_tablet=&#8220;0px&#8220; box_shadow_blur_tablet=&#8220;40px&#8220; box_shadow_spread_tablet=&#8220;0px&#8220; global_colors_info=&#8220;{}&#8220;]<\/p>\n<h1>\u010co je ENGLISHstay?<\/h1>\n<h2>\u00a0<\/h2>\n<h2>Individu\u00e1lne pobytov\u00e9 kurzy angli\u010dtiny s roden\u00fdm hovoriacim<\/h2>\n<p>&nbsp;<\/p>\n<p>Za\u010d\u00ednate st\u00e1le znovu s angli\u010dtinou?<\/p>\n<p>Nav\u0161tevujete jazykov\u00e9 kurzy, ale st\u00e1le nem\u00e1te v\u00fdsledky, ak\u00e9 by ste chceli?<\/p>\n<p>Potrebujete si zlep\u0161i\u0165 Va\u0161e komunika\u010dn\u00e9 schopnosti v angli\u010dtine?<\/p>\n<p>&nbsp;<\/p>\n<p>Rie\u0161en\u00edm pre V\u00e1s je ENGLISHstay &#8211; anglicky za t\u00fd\u017ede\u0148 s roden\u00fdm hovoriacim JEDEN na JEDN\u00c9HO v \u010cesku .<\/p>\n<p>Pon\u00fakame prv\u00fd program svojho druhu v \u010cesku. Jeho jedine\u010dnos\u0165 tkvie v individu\u00e1lnom, nepretr\u017eitom kontakte s roden\u00fdmi hovoriacimi. Umo\u017en\u00edme V\u00e1m nau\u010di\u0165 sa komunikova\u0165 v angli\u010dtine t\u00fdm najprirodzenej\u0161\u00edm sp\u00f4sobom.<\/p>\n<p>&nbsp;<\/p>\n<p><strong>ENGLISHstay<\/strong> je intenz\u00edvny jazykov\u00fd pobyt, kde sa komunikuje len v anglickom jazyku.<\/p>\n<p>Po dobu 6 dn\u00ed (70 hod\u00edn) budete po boku roden\u00fdch hovoriacich z cel\u00e9ho sveta rozpr\u00e1va\u0165 len anglicky.<\/p>\n<p>&nbsp;<\/p>\n<p>Z\u00edskate sebad\u00f4veru a napo\u010d\u00favate angli\u010dtinu zo v\u0161etk\u00fdch k\u00fatov sveta.<\/p>\n<p>A v\u010faka Vami zvolen\u00fdm t\u00e9mam sa nau\u010d\u00edte prirodzene komunikova\u0165 v anglickom jazyku.<\/p>\n<p>Nez\u00e1le\u017e\u00ed na tom, \u010di potrebujete angli\u010dtinu v pracovnom \u017eivote alebo pri cest\u00e1ch do zahrani\u010dia.<\/p>\n<p>Na\u0161i mil\u00ed roden\u00ed hovorcovia\u00a0 s\u00fa pripraven\u00ed venova\u0165 sa V\u00e1m po cel\u00fa dobu pobytu a pom\u00f4c\u0165 V\u00e1m dosiahnu\u0165 Va\u0161e ciele.<\/p>\n<p>&nbsp;<\/p>\n<p><span style=\"color: #e02b20;\"><strong><span class=\"tlid-translation translation\" lang=\"sk\"><span title=\"\">ENGLISHstay<\/span> <span title=\"\">V\u00e1m poskytne<\/span> <span title=\"\">po\u010das<\/span> <span title=\"\">6<\/span> <span title=\"\">d\u0148ov\u00e9ho pobytu<\/span><span title=\"\">,<\/span> <span title=\"\">70 hod\u00edn<\/span> <span class=\"\" title=\"\">individu\u00e1lnej v\u00fdu\u010dby<\/span> <span title=\"\">angli\u010dtiny<\/span> <span title=\"\">s<\/span> <span title=\"\">roden\u00fdmi<\/span> <span title=\"\">hovorcami<\/span> <span title=\"\">(<\/span><span title=\"\">1-1<\/span> <span title=\"\">jeden na<\/span> <span title=\"\">jedn\u00e9ho<\/span> <span title=\"\">\/<\/span> <span title=\"\">2-1 dva na jedn\u00e9ho <\/span><span title=\"\">)<\/span><span title=\"\">.<\/span><\/span><\/strong><\/span><\/p>\n<p>&nbsp;<\/p>\n<p><span style=\"color: #e02b20;\"><strong><span class=\"tlid-translation translation\" lang=\"sk\"><span title=\"\">Tento<\/span> <span title=\"\">ojedinel\u00fd<\/span> <span class=\"\" title=\"\">v\u00fdukov\u00fd<\/span> <span class=\"\" title=\"\">program je<\/span> <span class=\"\" title=\"\">\u00faplne<\/span> <span class=\"\" title=\"\">prisp\u00f4soben\u00fd<\/span> <span title=\"\">Va\u0161im potreb\u00e1m<\/span> <span title=\"\">a<\/span> <span class=\"\" title=\"\">dostane sa<\/span> <span class=\"\" title=\"\">V\u00e1m 100<\/span><span class=\"\" title=\"\">%<\/span> <span title=\"\">pozornosti<\/span> <span title=\"\">anglicky hovoriaceho roden\u00e9ho hovorcu<\/span> <span title=\"\">.<\/span><\/span><\/strong><\/span><\/p>\n<p>&nbsp;<\/p>\n<p><span style=\"color: #e02b20;\"><strong><span class=\"tlid-translation translation\" lang=\"sk\"><span title=\"\">Intenz\u00edvne<\/span> <span title=\"\">kurzy angli\u010dtiny<\/span> <span title=\"\">od<\/span> 12 <span title=\"\">\u20ac \/<\/span> <span class=\"\" title=\"\">hod<\/span><\/span><\/strong><\/span><\/p>\n<p>&nbsp;<\/p>\n<p>N\u00e1\u0161 v\u00fdukov\u00fd program nie je postaven\u00fd na \u0161tandardnom syst\u00e9me v\u00fduky v u\u010debniach. Po cel\u00fd \u010das jazykov\u00e9ho pobytu nebudeme pou\u017e\u00edva\u0165 u\u010debnice, ani po\u010d\u00fava\u0165 vyu\u010duj\u00faceho pred tabu\u013eou. Jedine\u010dnos\u0165 ka\u017edej v\u00fdukovej hodiny spo\u010d\u00edva v komunik\u00e1cii a posluchu angli\u010dtiny pri individu\u00e1lnych sedeniach aj spolo\u010dn\u00fdch aktivit\u00e1ch.<\/p>\n<p>[\/et_pb_text][\/et_pb_column][\/et_pb_row][et_pb_row column_structure=&#8220;1_2,1_2&#8243; _builder_version=&#8220;4.16&#8243; background_size=&#8220;initial&#8220; background_position=&#8220;top_left&#8220; background_repeat=&#8220;repeat&#8220; global_colors_info=&#8220;{}&#8220;][et_pb_column type=&#8220;1_2&#8243; _builder_version=&#8220;4.16&#8243; custom_padding=&#8220;|||&#8220; global_colors_info=&#8220;{}&#8220; custom_padding__hover=&#8220;|||&#8220;][et_pb_text _builder_version=&#8220;4.27.4&#8243; z_index_tablet=&#8220;500&#8243; text_text_shadow_horizontal_length_tablet=&#8220;0px&#8220; text_text_shadow_vertical_length_tablet=&#8220;0px&#8220; text_text_shadow_blur_strength_tablet=&#8220;1px&#8220; link_text_shadow_horizontal_length_tablet=&#8220;0px&#8220; link_text_shadow_vertical_length_tablet=&#8220;0px&#8220; link_text_shadow_blur_strength_tablet=&#8220;1px&#8220; ul_text_shadow_horizontal_length_tablet=&#8220;0px&#8220; ul_text_shadow_vertical_length_tablet=&#8220;0px&#8220; ul_text_shadow_blur_strength_tablet=&#8220;1px&#8220; ol_text_shadow_horizontal_length_tablet=&#8220;0px&#8220; ol_text_shadow_vertical_length_tablet=&#8220;0px&#8220; ol_text_shadow_blur_strength_tablet=&#8220;1px&#8220; quote_text_shadow_horizontal_length_tablet=&#8220;0px&#8220; quote_text_shadow_vertical_length_tablet=&#8220;0px&#8220; quote_text_shadow_blur_strength_tablet=&#8220;1px&#8220; header_text_shadow_horizontal_length_tablet=&#8220;0px&#8220; header_text_shadow_vertical_length_tablet=&#8220;0px&#8220; header_text_shadow_blur_strength_tablet=&#8220;1px&#8220; header_2_text_shadow_horizontal_length_tablet=&#8220;0px&#8220; header_2_text_shadow_vertical_length_tablet=&#8220;0px&#8220; header_2_text_shadow_blur_strength_tablet=&#8220;1px&#8220; header_3_text_shadow_horizontal_length_tablet=&#8220;0px&#8220; header_3_text_shadow_vertical_length_tablet=&#8220;0px&#8220; header_3_text_shadow_blur_strength_tablet=&#8220;1px&#8220; header_4_text_shadow_horizontal_length_tablet=&#8220;0px&#8220; header_4_text_shadow_vertical_length_tablet=&#8220;0px&#8220; header_4_text_shadow_blur_strength_tablet=&#8220;1px&#8220; header_5_text_shadow_horizontal_length_tablet=&#8220;0px&#8220; header_5_text_shadow_vertical_length_tablet=&#8220;0px&#8220; header_5_text_shadow_blur_strength_tablet=&#8220;1px&#8220; header_6_text_shadow_horizontal_length_tablet=&#8220;0px&#8220; header_6_text_shadow_vertical_length_tablet=&#8220;0px&#8220; header_6_text_shadow_blur_strength_tablet=&#8220;1px&#8220; box_shadow_horizontal_tablet=&#8220;0px&#8220; box_shadow_vertical_tablet=&#8220;0px&#8220; box_shadow_blur_tablet=&#8220;40px&#8220; box_shadow_spread_tablet=&#8220;0px&#8220; global_colors_info=&#8220;{}&#8220;]<\/p>\n<h2>Zhr\u0148me si to:<\/h2>\n<ul>\n<li>Hovori\u0165 inak ne\u017e anglicky nebudete ma\u0165 \u010das.<\/li>\n<li>Individu\u00e1lna konverz\u00e1cia s roden\u00fdm anglicky hovoriacim.<\/li>\n<li>Ka\u017edodenn\u00fd posluch britsk\u00e9ho, austr\u00e1lskeho, \u00edrskeho alebo americk\u00e9ho pr\u00edzvuku.<\/li>\n<li>T\u00e9my pre konverz\u00e1ciu s roden\u00fdm hovoriacim si ur\u010dujete sami.<\/li>\n<\/ul>\n<p>&nbsp;<\/p>\n<p><strong><a href=\"https:\/\/englishstay.cz\/sk\/obchod\/\">P\u0159ipojte se k n\u00e1m hned te\u010f. <\/a><\/strong><\/p>\n<p>&nbsp;<\/p>\n<p><strong><a href=\"https:\/\/www.englishstay.cz\/sk\/anglicky-za-tyzden\/\">Rozvia\u017eeme V\u00e1m jazyk!<\/a><\/strong><\/p>\n<p>&nbsp;<\/p>\n<p><a href=\"https:\/\/englishstay.cz\/rozvazeme-vam-jazyk\/\"><strong><span class=\"tlid-translation translation\" lang=\"sk\"><span class=\"\" title=\"\">Kliknite tu! <span title=\"\">A<\/span> <span title=\"\">pokra\u010dujte<\/span> <span title=\"\">pre okam\u017eit\u00fd pr\u00edstup<\/span> <span title=\"\">k<\/span> <span title=\"\">PDF<\/span> <span title=\"\">n\u00e1vodu<\/span> <span title=\"\">ZADARMO,<\/span> <span title=\"\">ako sa<\/span> <span title=\"\">jednoducho<\/span> vyhovori\u0165 anglicky.<br \/><\/span><\/span><\/strong><\/a><\/p>\n<p>[\/et_pb_text][\/et_pb_column][et_pb_column type=&#8220;1_2&#8243; _builder_version=&#8220;4.16&#8243; custom_padding=&#8220;|||&#8220; global_colors_info=&#8220;{}&#8220; custom_padding__hover=&#8220;|||&#8220;][et_pb_image src=&#8220;\/media\/2017\/11\/foto_obsah4.jpg&#8220; align=&#8220;right&#8220; align_tablet=&#8220;center&#8220; align_phone=&#8220;&#8220; align_last_edited=&#8220;on|desktop&#8220; _builder_version=&#8220;4.16&#8243; global_colors_info=&#8220;{}&#8220;]<br \/>\n[\/et_pb_image][\/et_pb_column][\/et_pb_row][\/et_pb_section]<\/p>\n<span class=\"et_bloom_bottom_trigger\"><\/span>","protected":false},"excerpt":{"rendered":"<p>Individu\u00e1lne pobytov\u00e9 kurzy angli\u010dtiny s roden\u00fdm hovoriacim. Umo\u017en\u00edme V\u00e1m nau\u010di\u0165 sa komunikova\u0165 v angli\u010dtine t\u00fdm najprirodzenej\u0161\u00edm sp\u00f4sobom.<\/p>\n","protected":false},"author":2,"featured_media":0,"parent":0,"menu_order":0,"comment_status":"closed","ping_status":"closed","template":"","meta":{"_et_pb_use_builder":"on","_et_pb_old_content":"","_et_gb_content_width":"","footnotes":""},"class_list":["post-7305","page","type-page","status-publish","hentry"],"yoast_head":"<!-- This site is optimized with the Yoast SEO plugin v27.5 - https:\/\/yoast.com\/product\/yoast-seo-wordpress\/ -->\n<title>\u010co je Englishstay? | ENGLISHstay<\/title>\n<meta name=\"description\" content=\"Individu\u00e1lne pobytov\u00e9 kurzy angli\u010dtiny s roden\u00fdm hovoriacim. Umo\u017en\u00edme V\u00e1m nau\u010di\u0165 sa komunikova\u0165 v angli\u010dtine t\u00fdm najprirodzenej\u0161\u00edm sp\u00f4sobom.\" \/>\n<meta name=\"robots\" content=\"index, follow, max-snippet:-1, max-image-preview:large, max-video-preview:-1\" \/>\n<link rel=\"canonical\" href=\"https:\/\/www.englishstay.cz\/sk\/co-je-english-stay\/\" \/>\n<meta property=\"og:locale\" content=\"sk_SK\" \/>\n<meta property=\"og:type\" content=\"article\" \/>\n<meta property=\"og:title\" content=\"\u010co je Englishstay? | ENGLISHstay\" \/>\n<meta property=\"og:description\" content=\"Individu\u00e1lne pobytov\u00e9 kurzy angli\u010dtiny s roden\u00fdm hovoriacim. Umo\u017en\u00edme V\u00e1m nau\u010di\u0165 sa komunikova\u0165 v angli\u010dtine t\u00fdm najprirodzenej\u0161\u00edm sp\u00f4sobom.\" \/>\n<meta property=\"og:url\" content=\"https:\/\/www.englishstay.cz\/sk\/co-je-english-stay\/\" \/>\n<meta property=\"og:site_name\" content=\"ENGLISHstay\" \/>\n<meta property=\"article:publisher\" content=\"https:\/\/www.facebook.com\/kurzyanglictiny\/\" \/>\n<meta property=\"article:modified_time\" content=\"2026-02-05T22:22:55+00:00\" \/>\n<meta property=\"og:image\" content=\"https:\/\/www.englishstay.cz\/media\/2019\/01\/logo-es.jpg\" \/>\n\t<meta property=\"og:image:width\" content=\"260\" \/>\n\t<meta property=\"og:image:height\" content=\"260\" \/>\n\t<meta property=\"og:image:type\" content=\"image\/jpeg\" \/>\n<meta name=\"twitter:card\" content=\"summary_large_image\" \/>\n<meta name=\"twitter:site\" content=\"@ENGLISHstay\" \/>\n<meta name=\"twitter:label1\" content=\"Predpokladan\u00fd \u010das \u010d\u00edtania\" \/>\n\t<meta name=\"twitter:data1\" content=\"3 min\u00faty\" \/>\n<script type=\"application\/ld+json\" class=\"yoast-schema-graph\">{\"@context\":\"https:\\\/\\\/schema.org\",\"@graph\":[{\"@type\":\"WebPage\",\"@id\":\"https:\\\/\\\/www.englishstay.cz\\\/sk\\\/co-je-english-stay\\\/\",\"url\":\"https:\\\/\\\/www.englishstay.cz\\\/sk\\\/co-je-english-stay\\\/\",\"name\":\"\u010co je Englishstay? | ENGLISHstay\",\"isPartOf\":{\"@id\":\"https:\\\/\\\/www.englishstay.cz\\\/de\\\/#website\"},\"datePublished\":\"2017-11-22T13:35:43+00:00\",\"dateModified\":\"2026-02-05T22:22:55+00:00\",\"description\":\"Individu\u00e1lne pobytov\u00e9 kurzy angli\u010dtiny s roden\u00fdm hovoriacim. Umo\u017en\u00edme V\u00e1m nau\u010di\u0165 sa komunikova\u0165 v angli\u010dtine t\u00fdm najprirodzenej\u0161\u00edm sp\u00f4sobom.\",\"breadcrumb\":{\"@id\":\"https:\\\/\\\/www.englishstay.cz\\\/sk\\\/co-je-english-stay\\\/#breadcrumb\"},\"inLanguage\":\"sk-SK\",\"potentialAction\":[{\"@type\":\"ReadAction\",\"target\":[\"https:\\\/\\\/www.englishstay.cz\\\/sk\\\/co-je-english-stay\\\/\"]}]},{\"@type\":\"BreadcrumbList\",\"@id\":\"https:\\\/\\\/www.englishstay.cz\\\/sk\\\/co-je-english-stay\\\/#breadcrumb\",\"itemListElement\":[{\"@type\":\"ListItem\",\"position\":1,\"name\":\"Dom\u016f\",\"item\":\"https:\\\/\\\/www.englishstay.cz\\\/sk\\\/\"},{\"@type\":\"ListItem\",\"position\":2,\"name\":\"\u010co je Englishstay?\"}]},{\"@type\":\"WebSite\",\"@id\":\"https:\\\/\\\/www.englishstay.cz\\\/de\\\/#website\",\"url\":\"https:\\\/\\\/www.englishstay.cz\\\/de\\\/\",\"name\":\"ENGLISHstay\",\"description\":\"Intenzivn\u00ed kurzy angli\u010dtiny s rodil\u00fdm mluv\u010d\u00edm\",\"potentialAction\":[{\"@type\":\"SearchAction\",\"target\":{\"@type\":\"EntryPoint\",\"urlTemplate\":\"https:\\\/\\\/www.englishstay.cz\\\/de\\\/?s={search_term_string}\"},\"query-input\":{\"@type\":\"PropertyValueSpecification\",\"valueRequired\":true,\"valueName\":\"search_term_string\"}}],\"inLanguage\":\"sk-SK\"}]}<\/script>\n<!-- \/ Yoast SEO plugin. -->","yoast_head_json":{"title":"\u010co je Englishstay? | ENGLISHstay","description":"Individu\u00e1lne pobytov\u00e9 kurzy angli\u010dtiny s roden\u00fdm hovoriacim. Umo\u017en\u00edme V\u00e1m nau\u010di\u0165 sa komunikova\u0165 v angli\u010dtine t\u00fdm najprirodzenej\u0161\u00edm sp\u00f4sobom.","robots":{"index":"index","follow":"follow","max-snippet":"max-snippet:-1","max-image-preview":"max-image-preview:large","max-video-preview":"max-video-preview:-1"},"canonical":"https:\/\/www.englishstay.cz\/sk\/co-je-english-stay\/","og_locale":"sk_SK","og_type":"article","og_title":"\u010co je Englishstay? | ENGLISHstay","og_description":"Individu\u00e1lne pobytov\u00e9 kurzy angli\u010dtiny s roden\u00fdm hovoriacim. Umo\u017en\u00edme V\u00e1m nau\u010di\u0165 sa komunikova\u0165 v angli\u010dtine t\u00fdm najprirodzenej\u0161\u00edm sp\u00f4sobom.","og_url":"https:\/\/www.englishstay.cz\/sk\/co-je-english-stay\/","og_site_name":"ENGLISHstay","article_publisher":"https:\/\/www.facebook.com\/kurzyanglictiny\/","article_modified_time":"2026-02-05T22:22:55+00:00","og_image":[{"width":260,"height":260,"url":"https:\/\/www.englishstay.cz\/media\/2019\/01\/logo-es.jpg","type":"image\/jpeg"}],"twitter_card":"summary_large_image","twitter_site":"@ENGLISHstay","twitter_misc":{"Predpokladan\u00fd \u010das \u010d\u00edtania":"3 min\u00faty"},"schema":{"@context":"https:\/\/schema.org","@graph":[{"@type":"WebPage","@id":"https:\/\/www.englishstay.cz\/sk\/co-je-english-stay\/","url":"https:\/\/www.englishstay.cz\/sk\/co-je-english-stay\/","name":"\u010co je Englishstay? | ENGLISHstay","isPartOf":{"@id":"https:\/\/www.englishstay.cz\/de\/#website"},"datePublished":"2017-11-22T13:35:43+00:00","dateModified":"2026-02-05T22:22:55+00:00","description":"Individu\u00e1lne pobytov\u00e9 kurzy angli\u010dtiny s roden\u00fdm hovoriacim. Umo\u017en\u00edme V\u00e1m nau\u010di\u0165 sa komunikova\u0165 v angli\u010dtine t\u00fdm najprirodzenej\u0161\u00edm sp\u00f4sobom.","breadcrumb":{"@id":"https:\/\/www.englishstay.cz\/sk\/co-je-english-stay\/#breadcrumb"},"inLanguage":"sk-SK","potentialAction":[{"@type":"ReadAction","target":["https:\/\/www.englishstay.cz\/sk\/co-je-english-stay\/"]}]},{"@type":"BreadcrumbList","@id":"https:\/\/www.englishstay.cz\/sk\/co-je-english-stay\/#breadcrumb","itemListElement":[{"@type":"ListItem","position":1,"name":"Dom\u016f","item":"https:\/\/www.englishstay.cz\/sk\/"},{"@type":"ListItem","position":2,"name":"\u010co je Englishstay?"}]},{"@type":"WebSite","@id":"https:\/\/www.englishstay.cz\/de\/#website","url":"https:\/\/www.englishstay.cz\/de\/","name":"ENGLISHstay","description":"Intenzivn\u00ed kurzy angli\u010dtiny s rodil\u00fdm mluv\u010d\u00edm","potentialAction":[{"@type":"SearchAction","target":{"@type":"EntryPoint","urlTemplate":"https:\/\/www.englishstay.cz\/de\/?s={search_term_string}"},"query-input":{"@type":"PropertyValueSpecification","valueRequired":true,"valueName":"search_term_string"}}],"inLanguage":"sk-SK"}]}},"_links":{"self":[{"href":"https:\/\/www.englishstay.cz\/sk\/wp-json\/wp\/v2\/pages\/7305","targetHints":{"allow":["GET"]}}],"collection":[{"href":"https:\/\/www.englishstay.cz\/sk\/wp-json\/wp\/v2\/pages"}],"about":[{"href":"https:\/\/www.englishstay.cz\/sk\/wp-json\/wp\/v2\/types\/page"}],"author":[{"embeddable":true,"href":"https:\/\/www.englishstay.cz\/sk\/wp-json\/wp\/v2\/users\/2"}],"replies":[{"embeddable":true,"href":"https:\/\/www.englishstay.cz\/sk\/wp-json\/wp\/v2\/comments?post=7305"}],"version-history":[{"count":29,"href":"https:\/\/www.englishstay.cz\/sk\/wp-json\/wp\/v2\/pages\/7305\/revisions"}],"predecessor-version":[{"id":14337,"href":"https:\/\/www.englishstay.cz\/sk\/wp-json\/wp\/v2\/pages\/7305\/revisions\/14337"}],"wp:attachment":[{"href":"https:\/\/www.englishstay.cz\/sk\/wp-json\/wp\/v2\/media?parent=7305"}],"curies":[{"name":"wp","href":"https:\/\/api.w.org\/{rel}","templated":true}]}}