{"id":7302,"date":"2017-12-08T15:15:56","date_gmt":"2017-12-08T14:15:56","guid":{"rendered":"https:\/\/englishstay.cz\/?page_id=7302"},"modified":"2026-02-02T06:32:54","modified_gmt":"2026-02-02T05:32:54","slug":"anglictina-rodenym-hovorcom","status":"publish","type":"page","link":"https:\/\/www.englishstay.cz\/sk\/anglictina-rodenym-hovorcom\/","title":{"rendered":"Angli\u010dtina s roden\u00fdm hovorcom"},"content":{"rendered":"<p>[et_pb_section fb_built=&#8220;1&#8243; fullwidth=&#8220;on&#8220; _builder_version=&#8220;4.16&#8243; background_image=&#8220;\/media\/2017\/11\/foto_pozadi5.jpg&#8220; global_colors_info=&#8220;{}&#8220;][et_pb_fullwidth_image src=&#8220;\/media\/2017\/11\/foto_pozadi5.jpg&#8220; _builder_version=&#8220;4.16&#8243; global_colors_info=&#8220;{}&#8220;][\/et_pb_fullwidth_image][\/et_pb_section][et_pb_section fb_built=&#8220;1&#8243; _builder_version=&#8220;4.16&#8243; global_colors_info=&#8220;{}&#8220;][et_pb_row module_class=&#8220;ceny-a-terminy&#8220; _builder_version=&#8220;4.16&#8243; global_colors_info=&#8220;{}&#8220;][et_pb_column type=&#8220;4_4&#8243; _builder_version=&#8220;4.16&#8243; custom_padding=&#8220;|||&#8220; global_colors_info=&#8220;{}&#8220; custom_padding__hover=&#8220;|||&#8220;][et_pb_text admin_label=&#8220;text&#8220; _builder_version=&#8220;4.16&#8243; module_alignment=&#8220;center&#8220; global_colors_info=&#8220;{}&#8220;]<\/p>\n<h1>Angli\u010dtina s roden\u00fdm hovorcom<\/h1>\n<p>&nbsp;<\/p>\n<p>Lekcie angli\u010dtiny s roden\u00fdm hovoriacim s\u00fa ide\u00e1lny sp\u00f4sob, ako zlep\u0161i\u0165 svoju komunik\u00e1ciu v angli\u010dtine. Pre v\u00e4\u010d\u0161inu \u013eud\u00ed nie je probl\u00e9mom ani tak anglick\u00e1 gramatika, ale be\u017en\u00e9 hovorov\u00e9 pou\u017eitie angli\u010dtiny. <strong>Angli\u010dtina s roden\u00fdm hovoriacim<\/strong> V\u00e1m m\u00f4\u017ee pom\u00f4c\u0165 zbavi\u0165 sa ostychu a pou\u017e\u00edva\u0165 angli\u010dtinu prirodzen\u00fdm sp\u00f4sobom.<\/p>\n<p>&nbsp;<\/p>\n<p><strong>ENGLISHstay<\/strong> pon\u00faka revolu\u010dn\u00fd model v\u00fduky. Poriadame <a href=\"\/anglicky-za-tyden\/\">t\u00fd\u017edenn\u00e9 jazykov\u00e9 pobyty v \u010cR<\/a>, po\u010das ktor\u00fdch garantujeme minim\u00e1lne 70 hod\u00edn angli\u010dtiny s roden\u00fdm hovoriacim. Po\u010das 6-tich dn\u00ed sa v\u017edy venuje jeden roden\u00fd hovorca jedn\u00e9mu \u00fa\u010dastn\u00edkovi 1-1 jeden na jedn\u00e9ho (roden\u00fd hovorca<span id=\"result_box\" class=\"short_text\" lang=\"sk\">\u00a0<span>rotuj\u00fa<\/span> <span class=\"\">ka\u017ed\u00fa hodinu<\/span><\/span>). T\u00e9my konverz\u00e1cie si m\u00f4\u017ee klient zvoli\u0165 s\u00e1m pod\u013ea svojich potrieb.<\/p>\n<p>&nbsp;<\/p>\n<p>Jazykov\u00e9 pobyty od ENGLISHstay sa diametr\u00e1lne l\u00ed\u0161ia od be\u017en\u00fdch jazykov\u00fdch pobytov. \u00da\u010dastn\u00edci kurzu s\u00fa v kontakte s lektormi po cel\u00fa dobu pobytu. Tr\u00e1via spolo\u010dne v\u0161etok \u010das. Teda v\u00fduka angli\u010dtiny s roden\u00fdm hovoriacim nie je obmedzen\u00e1 len na dopoludnie str\u00e1ven\u00e9 v u\u010debni, ale pokra\u010duje nen\u00e1silnou formou po cel\u00fd de\u0148 (70h angli\u010dtiny za t\u00fd\u017ede\u0148 &#8211; a v\u00e4\u010d\u0161inou aj ve\u010der \ud83d\ude42<\/p>\n<p>&nbsp;<\/p>\n<p>Nie sme klasick\u00e1 jazykov\u00e1 \u0161kola. Nechceme <strong>\u017eiadne dom\u00e1ce \u00falohy, \u017eiadne osnovy<\/strong>, reagujeme pru\u017ene na priania klientov. Nie je probl\u00e9m, aby ka\u017ed\u00fd \u00fa\u010dastn\u00edk kurzu mal svoj okruh t\u00e9m, ktor\u00fdm sa chce po\u010das konverz\u00e1cie s roden\u00fdm hovoriacim venova\u0165.<\/p>\n<p>&nbsp;<\/p>\n<p>V\u00fdhodou na\u0161ich jazykov\u00fdch pobytov je aj cena, ktor\u00fa be\u017en\u00e9 lekcie angli\u010dtiny s roden\u00fdm hovoriacim nem\u00f4\u017eu pon\u00faknu\u0165.<\/p>\n<p>&nbsp;<\/p>\n<p>Pri \u00fa\u010dasti na t\u00fd\u017edennom jazykovom pobyte v programe <a href=\"\/jazykove-pobyty\/\">HOVOR\u00cdM M\u00c1LO A CHCEM VIAC (2-1)<\/a> je cena <strong>za hodinu angli\u010dtiny s roden\u00fdm hovoriacim len 12 \u20ac<\/strong>.\u00a0<\/p>\n<p>&nbsp;<\/p>\n<h2>VYSK\u00da\u0160AJTE ANGLI\u010cTINU INAK!<\/h2>\n<h2><\/h2>\n<h2>ROZHOVORTE SA ZA 6 DN\u00cd (70h angli\u010dtiny)<\/h2>\n<p>[\/et_pb_text][\/et_pb_column][\/et_pb_row][\/et_pb_section]<\/p>\n<span class=\"et_bloom_bottom_trigger\"><\/span>","protected":false},"excerpt":{"rendered":"<p>Angli\u010dtina s roden\u00fdm hovoriacim V\u00e1m m\u00f4\u017ee pom\u00f4c\u0165 zbavi\u0165 sa ostychu a pou\u017e\u00edva\u0165 angli\u010dtinu prirodzen\u00fdm sp\u00f4sobom.<\/p>\n","protected":false},"author":2,"featured_media":0,"parent":0,"menu_order":0,"comment_status":"closed","ping_status":"closed","template":"","meta":{"_et_pb_use_builder":"on","_et_pb_old_content":"","_et_gb_content_width":"","footnotes":""},"class_list":["post-7302","page","type-page","status-publish","hentry"],"yoast_head":"<!-- This site is optimized with the Yoast SEO plugin v27.5 - https:\/\/yoast.com\/product\/yoast-seo-wordpress\/ -->\n<title>Rodil\u00fd hovorca angli\u010dtina, jazykov\u00e9 kurzy | ENGLISHstay<\/title>\n<meta name=\"description\" content=\"Angli\u010dtina s roden\u00fdm hovoriacim V\u00e1m m\u00f4\u017ee pom\u00f4c\u0165 zbavi\u0165 sa ostychu a pou\u017e\u00edva\u0165 angli\u010dtinu prirodzen\u00fdm sp\u00f4sobom.\" \/>\n<meta name=\"robots\" content=\"index, follow, max-snippet:-1, max-image-preview:large, max-video-preview:-1\" \/>\n<link rel=\"canonical\" href=\"https:\/\/www.englishstay.cz\/sk\/anglictina-rodenym-hovorcom\/\" \/>\n<meta property=\"og:locale\" content=\"sk_SK\" \/>\n<meta property=\"og:type\" content=\"article\" \/>\n<meta property=\"og:title\" content=\"Rodil\u00fd hovorca angli\u010dtina, jazykov\u00e9 kurzy | ENGLISHstay\" \/>\n<meta property=\"og:description\" content=\"Angli\u010dtina s roden\u00fdm hovoriacim V\u00e1m m\u00f4\u017ee pom\u00f4c\u0165 zbavi\u0165 sa ostychu a pou\u017e\u00edva\u0165 angli\u010dtinu prirodzen\u00fdm sp\u00f4sobom.\" \/>\n<meta property=\"og:url\" content=\"https:\/\/www.englishstay.cz\/sk\/anglictina-rodenym-hovorcom\/\" \/>\n<meta property=\"og:site_name\" content=\"ENGLISHstay\" \/>\n<meta property=\"article:publisher\" content=\"https:\/\/www.facebook.com\/kurzyanglictiny\/\" \/>\n<meta property=\"article:modified_time\" content=\"2026-02-02T05:32:54+00:00\" \/>\n<meta property=\"og:image\" content=\"https:\/\/www.englishstay.cz\/media\/2019\/01\/logo-es.jpg\" \/>\n\t<meta property=\"og:image:width\" content=\"260\" \/>\n\t<meta property=\"og:image:height\" content=\"260\" \/>\n\t<meta property=\"og:image:type\" content=\"image\/jpeg\" \/>\n<meta name=\"twitter:card\" content=\"summary_large_image\" \/>\n<meta name=\"twitter:site\" content=\"@ENGLISHstay\" \/>\n<meta name=\"twitter:label1\" content=\"Predpokladan\u00fd \u010das \u010d\u00edtania\" \/>\n\t<meta name=\"twitter:data1\" content=\"2 min\u00faty\" \/>\n<script type=\"application\/ld+json\" class=\"yoast-schema-graph\">{\"@context\":\"https:\\\/\\\/schema.org\",\"@graph\":[{\"@type\":\"WebPage\",\"@id\":\"https:\\\/\\\/www.englishstay.cz\\\/sk\\\/anglictina-rodenym-hovorcom\\\/\",\"url\":\"https:\\\/\\\/www.englishstay.cz\\\/sk\\\/anglictina-rodenym-hovorcom\\\/\",\"name\":\"Rodil\u00fd hovorca angli\u010dtina, jazykov\u00e9 kurzy | ENGLISHstay\",\"isPartOf\":{\"@id\":\"https:\\\/\\\/www.englishstay.cz\\\/de\\\/#website\"},\"datePublished\":\"2017-12-08T14:15:56+00:00\",\"dateModified\":\"2026-02-02T05:32:54+00:00\",\"description\":\"Angli\u010dtina s roden\u00fdm hovoriacim V\u00e1m m\u00f4\u017ee pom\u00f4c\u0165 zbavi\u0165 sa ostychu a pou\u017e\u00edva\u0165 angli\u010dtinu prirodzen\u00fdm sp\u00f4sobom.\",\"breadcrumb\":{\"@id\":\"https:\\\/\\\/www.englishstay.cz\\\/sk\\\/anglictina-rodenym-hovorcom\\\/#breadcrumb\"},\"inLanguage\":\"sk-SK\",\"potentialAction\":[{\"@type\":\"ReadAction\",\"target\":[\"https:\\\/\\\/www.englishstay.cz\\\/sk\\\/anglictina-rodenym-hovorcom\\\/\"]}]},{\"@type\":\"BreadcrumbList\",\"@id\":\"https:\\\/\\\/www.englishstay.cz\\\/sk\\\/anglictina-rodenym-hovorcom\\\/#breadcrumb\",\"itemListElement\":[{\"@type\":\"ListItem\",\"position\":1,\"name\":\"Dom\u016f\",\"item\":\"https:\\\/\\\/www.englishstay.cz\\\/sk\\\/\"},{\"@type\":\"ListItem\",\"position\":2,\"name\":\"Angli\u010dtina s roden\u00fdm hovorcom\"}]},{\"@type\":\"WebSite\",\"@id\":\"https:\\\/\\\/www.englishstay.cz\\\/de\\\/#website\",\"url\":\"https:\\\/\\\/www.englishstay.cz\\\/de\\\/\",\"name\":\"ENGLISHstay\",\"description\":\"Intenzivn\u00ed kurzy angli\u010dtiny s rodil\u00fdm mluv\u010d\u00edm\",\"potentialAction\":[{\"@type\":\"SearchAction\",\"target\":{\"@type\":\"EntryPoint\",\"urlTemplate\":\"https:\\\/\\\/www.englishstay.cz\\\/de\\\/?s={search_term_string}\"},\"query-input\":{\"@type\":\"PropertyValueSpecification\",\"valueRequired\":true,\"valueName\":\"search_term_string\"}}],\"inLanguage\":\"sk-SK\"}]}<\/script>\n<!-- \/ Yoast SEO plugin. -->","yoast_head_json":{"title":"Rodil\u00fd hovorca angli\u010dtina, jazykov\u00e9 kurzy | ENGLISHstay","description":"Angli\u010dtina s roden\u00fdm hovoriacim V\u00e1m m\u00f4\u017ee pom\u00f4c\u0165 zbavi\u0165 sa ostychu a pou\u017e\u00edva\u0165 angli\u010dtinu prirodzen\u00fdm sp\u00f4sobom.","robots":{"index":"index","follow":"follow","max-snippet":"max-snippet:-1","max-image-preview":"max-image-preview:large","max-video-preview":"max-video-preview:-1"},"canonical":"https:\/\/www.englishstay.cz\/sk\/anglictina-rodenym-hovorcom\/","og_locale":"sk_SK","og_type":"article","og_title":"Rodil\u00fd hovorca angli\u010dtina, jazykov\u00e9 kurzy | ENGLISHstay","og_description":"Angli\u010dtina s roden\u00fdm hovoriacim V\u00e1m m\u00f4\u017ee pom\u00f4c\u0165 zbavi\u0165 sa ostychu a pou\u017e\u00edva\u0165 angli\u010dtinu prirodzen\u00fdm sp\u00f4sobom.","og_url":"https:\/\/www.englishstay.cz\/sk\/anglictina-rodenym-hovorcom\/","og_site_name":"ENGLISHstay","article_publisher":"https:\/\/www.facebook.com\/kurzyanglictiny\/","article_modified_time":"2026-02-02T05:32:54+00:00","og_image":[{"width":260,"height":260,"url":"https:\/\/www.englishstay.cz\/media\/2019\/01\/logo-es.jpg","type":"image\/jpeg"}],"twitter_card":"summary_large_image","twitter_site":"@ENGLISHstay","twitter_misc":{"Predpokladan\u00fd \u010das \u010d\u00edtania":"2 min\u00faty"},"schema":{"@context":"https:\/\/schema.org","@graph":[{"@type":"WebPage","@id":"https:\/\/www.englishstay.cz\/sk\/anglictina-rodenym-hovorcom\/","url":"https:\/\/www.englishstay.cz\/sk\/anglictina-rodenym-hovorcom\/","name":"Rodil\u00fd hovorca angli\u010dtina, jazykov\u00e9 kurzy | ENGLISHstay","isPartOf":{"@id":"https:\/\/www.englishstay.cz\/de\/#website"},"datePublished":"2017-12-08T14:15:56+00:00","dateModified":"2026-02-02T05:32:54+00:00","description":"Angli\u010dtina s roden\u00fdm hovoriacim V\u00e1m m\u00f4\u017ee pom\u00f4c\u0165 zbavi\u0165 sa ostychu a pou\u017e\u00edva\u0165 angli\u010dtinu prirodzen\u00fdm sp\u00f4sobom.","breadcrumb":{"@id":"https:\/\/www.englishstay.cz\/sk\/anglictina-rodenym-hovorcom\/#breadcrumb"},"inLanguage":"sk-SK","potentialAction":[{"@type":"ReadAction","target":["https:\/\/www.englishstay.cz\/sk\/anglictina-rodenym-hovorcom\/"]}]},{"@type":"BreadcrumbList","@id":"https:\/\/www.englishstay.cz\/sk\/anglictina-rodenym-hovorcom\/#breadcrumb","itemListElement":[{"@type":"ListItem","position":1,"name":"Dom\u016f","item":"https:\/\/www.englishstay.cz\/sk\/"},{"@type":"ListItem","position":2,"name":"Angli\u010dtina s roden\u00fdm hovorcom"}]},{"@type":"WebSite","@id":"https:\/\/www.englishstay.cz\/de\/#website","url":"https:\/\/www.englishstay.cz\/de\/","name":"ENGLISHstay","description":"Intenzivn\u00ed kurzy angli\u010dtiny s rodil\u00fdm mluv\u010d\u00edm","potentialAction":[{"@type":"SearchAction","target":{"@type":"EntryPoint","urlTemplate":"https:\/\/www.englishstay.cz\/de\/?s={search_term_string}"},"query-input":{"@type":"PropertyValueSpecification","valueRequired":true,"valueName":"search_term_string"}}],"inLanguage":"sk-SK"}]}},"_links":{"self":[{"href":"https:\/\/www.englishstay.cz\/sk\/wp-json\/wp\/v2\/pages\/7302","targetHints":{"allow":["GET"]}}],"collection":[{"href":"https:\/\/www.englishstay.cz\/sk\/wp-json\/wp\/v2\/pages"}],"about":[{"href":"https:\/\/www.englishstay.cz\/sk\/wp-json\/wp\/v2\/types\/page"}],"author":[{"embeddable":true,"href":"https:\/\/www.englishstay.cz\/sk\/wp-json\/wp\/v2\/users\/2"}],"replies":[{"embeddable":true,"href":"https:\/\/www.englishstay.cz\/sk\/wp-json\/wp\/v2\/comments?post=7302"}],"version-history":[{"count":13,"href":"https:\/\/www.englishstay.cz\/sk\/wp-json\/wp\/v2\/pages\/7302\/revisions"}],"predecessor-version":[{"id":14125,"href":"https:\/\/www.englishstay.cz\/sk\/wp-json\/wp\/v2\/pages\/7302\/revisions\/14125"}],"wp:attachment":[{"href":"https:\/\/www.englishstay.cz\/sk\/wp-json\/wp\/v2\/media?parent=7302"}],"curies":[{"name":"wp","href":"https:\/\/api.w.org\/{rel}","templated":true}]}}