{"id":7300,"date":"2017-11-22T14:45:44","date_gmt":"2017-11-22T13:45:44","guid":{"rendered":"https:\/\/englishstay.cz\/?page_id=7300"},"modified":"2026-02-05T23:24:29","modified_gmt":"2026-02-05T22:24:29","slug":"anglicky-za-tyzden","status":"publish","type":"page","link":"https:\/\/www.englishstay.cz\/sk\/anglicky-za-tyzden\/","title":{"rendered":"Anglicky za t\u00fd\u017eden"},"content":{"rendered":"<p>[et_pb_section fb_built=&#8220;1&#8243; fullwidth=&#8220;on&#8220; _builder_version=&#8220;4.16&#8243; background_color=&#8220;#ffffff&#8220; global_colors_info=&#8220;{}&#8220;][et_pb_fullwidth_image src=&#8220;\/media\/2017\/11\/foto_pozadi9.jpg&#8220; _builder_version=&#8220;4.16&#8243; global_colors_info=&#8220;{}&#8220;]<br \/>\n[\/et_pb_fullwidth_image][\/et_pb_section][et_pb_section fb_built=&#8220;1&#8243; _builder_version=&#8220;4.16&#8243; global_colors_info=&#8220;{}&#8220;][et_pb_row _builder_version=&#8220;4.16&#8243; background_size=&#8220;initial&#8220; background_position=&#8220;top_left&#8220; background_repeat=&#8220;repeat&#8220; global_colors_info=&#8220;{}&#8220;][et_pb_column type=&#8220;4_4&#8243; _builder_version=&#8220;4.16&#8243; custom_padding=&#8220;|||&#8220; global_colors_info=&#8220;{}&#8220; custom_padding__hover=&#8220;|||&#8220;][et_pb_text _builder_version=&#8220;4.27.4&#8243; hover_enabled=&#8220;0&#8243; global_colors_info=&#8220;{}&#8220; sticky_enabled=&#8220;0&#8243;]<\/p>\n<p>..<\/p>\n<h1>\u00a0<\/h1>\n<h1>Anglicky za t\u00fd\u017ede\u0148?<\/h1>\n<p>&nbsp;<\/p>\n<h2>T\u00fd\u017edenn\u00fd jazykov\u00fd pobyt<\/h2>\n<p>&nbsp;<\/p>\n<p>U\u017e nemus\u00edte cestova\u0165 za jazykov\u00fdm pobytom do Ve\u013ekej Brit\u00e1nie, \u00cdrska alebo na Maltu.<\/p>\n<p>Privezieme roden\u00fdch hovoriacich za Vami do \u010ceska.<\/p>\n<p>Vysk\u00fa\u0161ajte ro\u010dn\u00fd kurz anglickej konverz\u00e1cie po\u010das jedin\u00e9ho t\u00fd\u017ed\u0148a bez nekone\u010dn\u00fdch hod\u00edn v \u0161kolskej lavici.<\/p>\n<p>&nbsp;<\/p>\n<p>Intenz\u00edvny kurz anglickej konverz\u00e1cie je veden\u00fd syst\u00e9mom 1-1 jeden an jedn\u00e9ho, teda na jedn\u00e9ho \u00fa\u010dastn\u00edka kurzu pripad\u00e1 jeden roden\u00fd anglicky hovoriaci.<\/p>\n<p><strong>Jazykov\u00fd tr\u00e9ning prebieha po dobu 6-tich dn\u00ed a obsahuje vy\u0161e 70 hod\u00edn komunik\u00e1cie v angli\u010dtine<\/strong> s na\u0161imi mil\u00fdmi roden\u00fdmi hovorcami z USA, Kanady, Austr\u00e1lie, Ve\u013ekej Brit\u00e1nie, \u00cdrska&#8230;<\/p>\n<p>&nbsp;<\/p>\n<p>Ak si nie ste ist\u00ed, \u010di je pre V\u00e1s program 1-1 jeden na jedn\u00e9ho ide\u00e1lny, vysk\u00fa\u0161ajte n\u00e1\u0161 nov\u00fd program <strong>HOVOR\u00cdM M\u00c1LO A CHCEM VIAC<\/strong>. \u00da\u010dastn\u00edci tohto kurzu konverzuj\u00fa s roden\u00fdm hovoriacim vo dvojiciach (syst\u00e9m 2-1 dva na jedn\u00e9ho).<\/p>\n<p>Vezmite so sebou kamar\u00e1tku, man\u017eela alebo partnerku, spoznajte spolo\u010dne nov\u00fdch priate\u013eov a &#8222;o\u0165ukajte&#8220; sa v anglickej konverz\u00e1cii.<\/p>\n<p>&nbsp;<\/p>\n<p>Za\u017eite nezabudnute\u013en\u00e9 chv\u00edle v pr\u00edjemnom hotelovom prostred\u00ed, kde V\u00e1m poskytneme z\u00e1zemie pre v\u00fduku, ubytovanie, pln\u00fa penziu a predov\u0161etk\u00fdm sp\u00fastu z\u00e1bavy a spolo\u010densk\u00fdch aktiv\u00edt. V cene n\u00e1\u0161ho jazykov\u00e9ho pobytu je aj doprava z Prahy tam a sp\u00e4\u0165. Cestou V\u00e1s \u010dak\u00e1 mal\u00e9 vzdel\u00e1vacie prekvapenie:<\/p>\n<p>&nbsp;<\/p>\n<p>&nbsp;<\/p>\n<h3>Porovn\u00e1n\u00ed ENGLISHstay a b\u011b\u017en\u00e9ho kurzu<\/h3>\n<p>[\/et_pb_text][\/et_pb_column][\/et_pb_row][et_pb_row column_structure=&#8220;1_2,1_2&#8243; _builder_version=&#8220;4.16&#8243; custom_padding=&#8220;0px||0px|&#8220; global_colors_info=&#8220;{}&#8220;][et_pb_column type=&#8220;1_2&#8243; _builder_version=&#8220;4.16&#8243; custom_padding=&#8220;|||&#8220; global_colors_info=&#8220;{}&#8220; custom_padding__hover=&#8220;|||&#8220;][et_pb_text _builder_version=&#8220;4.16&#8243; global_colors_info=&#8220;{}&#8220;]<\/p>\n<p><strong>ENGLISHstay<\/strong><\/p>\n<ul>\n<li>70 hod\u00edn anglickej konverz\u00e1cie po dobu jedn\u00e9ho t\u00fd\u017ed\u0148a<\/li>\n<li>Individu\u00e1lne hodiny, po\u010das ktor\u00fdch sa s\u00fastre\u010fuje pozornos\u0165 len na Va\u0161e jazykov\u00e9 potreby.<\/li>\n<li>Rozhovory o praktick\u00fdch \u017eivotn\u00fdch situ\u00e1ci\u00e1ch<\/li>\n<li>T\u00e9my rozhovorov si vol\u00edte sami<\/li>\n<li>Konverz\u00e1cia v angli\u010dtine nie je obmedzen\u00e1 len na dobu v\u00fduky. Roden\u00ed hovoriaci s\u00fa s Vami po cel\u00fa dobu pobytu.<\/li>\n<\/ul>\n<p>[\/et_pb_text][\/et_pb_column][et_pb_column type=&#8220;1_2&#8243; _builder_version=&#8220;4.16&#8243; custom_padding=&#8220;|||&#8220; global_colors_info=&#8220;{}&#8220; custom_padding__hover=&#8220;|||&#8220;][et_pb_text _builder_version=&#8220;4.16&#8243; global_colors_info=&#8220;{}&#8220;]<\/p>\n<p><strong>ZAHRANI\u010cN\u00dd JAZYKOV\u00dd KURZ<\/strong><\/p>\n<ul>\n<li>22 &#8211; 26 hod\u00edn po\u010das jedn\u00e9ho t\u00fd\u017ed\u0148a<\/li>\n<li>12 &#8211; 14 \u010dlenn\u00e9 skupiny<\/li>\n<li>D\u00f4raz je kladen\u00fd na gramatiku a slovn\u00fa z\u00e1sobu s obmedzenou mo\u017enos\u0165ou individu\u00e1lnej konverz\u00e1cie.<\/li>\n<li>Vo\u013en\u00fd \u010das tr\u00e1vite so spolu\u017eiakmi Va\u0161ej n\u00e1rodnosti.<\/li>\n<\/ul>\n<p>[\/et_pb_text][\/et_pb_column][\/et_pb_row][et_pb_row _builder_version=&#8220;4.16&#8243; background_size=&#8220;initial&#8220; background_position=&#8220;top_left&#8220; background_repeat=&#8220;repeat&#8220; global_colors_info=&#8220;{}&#8220;][et_pb_column type=&#8220;4_4&#8243; _builder_version=&#8220;4.16&#8243; custom_padding=&#8220;|||&#8220; global_colors_info=&#8220;{}&#8220; custom_padding__hover=&#8220;|||&#8220;][et_pb_text _builder_version=&#8220;4.16&#8243; z_index_tablet=&#8220;500&#8243; text_text_shadow_horizontal_length_tablet=&#8220;0px&#8220; text_text_shadow_vertical_length_tablet=&#8220;0px&#8220; text_text_shadow_blur_strength_tablet=&#8220;1px&#8220; link_text_shadow_horizontal_length_tablet=&#8220;0px&#8220; link_text_shadow_vertical_length_tablet=&#8220;0px&#8220; link_text_shadow_blur_strength_tablet=&#8220;1px&#8220; ul_text_shadow_horizontal_length_tablet=&#8220;0px&#8220; ul_text_shadow_vertical_length_tablet=&#8220;0px&#8220; ul_text_shadow_blur_strength_tablet=&#8220;1px&#8220; ol_text_shadow_horizontal_length_tablet=&#8220;0px&#8220; ol_text_shadow_vertical_length_tablet=&#8220;0px&#8220; ol_text_shadow_blur_strength_tablet=&#8220;1px&#8220; quote_text_shadow_horizontal_length_tablet=&#8220;0px&#8220; quote_text_shadow_vertical_length_tablet=&#8220;0px&#8220; quote_text_shadow_blur_strength_tablet=&#8220;1px&#8220; header_text_shadow_horizontal_length_tablet=&#8220;0px&#8220; header_text_shadow_vertical_length_tablet=&#8220;0px&#8220; header_text_shadow_blur_strength_tablet=&#8220;1px&#8220; header_2_text_shadow_horizontal_length_tablet=&#8220;0px&#8220; header_2_text_shadow_vertical_length_tablet=&#8220;0px&#8220; header_2_text_shadow_blur_strength_tablet=&#8220;1px&#8220; header_3_text_shadow_horizontal_length_tablet=&#8220;0px&#8220; header_3_text_shadow_vertical_length_tablet=&#8220;0px&#8220; header_3_text_shadow_blur_strength_tablet=&#8220;1px&#8220; header_4_text_shadow_horizontal_length_tablet=&#8220;0px&#8220; header_4_text_shadow_vertical_length_tablet=&#8220;0px&#8220; header_4_text_shadow_blur_strength_tablet=&#8220;1px&#8220; header_5_text_shadow_horizontal_length_tablet=&#8220;0px&#8220; header_5_text_shadow_vertical_length_tablet=&#8220;0px&#8220; header_5_text_shadow_blur_strength_tablet=&#8220;1px&#8220; header_6_text_shadow_horizontal_length_tablet=&#8220;0px&#8220; header_6_text_shadow_vertical_length_tablet=&#8220;0px&#8220; header_6_text_shadow_blur_strength_tablet=&#8220;1px&#8220; box_shadow_horizontal_tablet=&#8220;0px&#8220; box_shadow_vertical_tablet=&#8220;0px&#8220; box_shadow_blur_tablet=&#8220;40px&#8220; box_shadow_spread_tablet=&#8220;0px&#8220; global_colors_info=&#8220;{}&#8220;]<\/p>\n<p>V\u00fduka cudzieho jazyka vo ve\u013ek\u00fdch skupin\u00e1ch spravidla neposkytuje dostatok pr\u00edle\u017eitost\u00ed pre individu\u00e1lny prejav po\u010das lekci\u00ed. Tento zastaran\u00fd typ v\u00fduky nepon\u00faka \u00fa\u010dastn\u00edkom intenz\u00edvnu pr\u00edpravu pre ka\u017edodenn\u00e9 pou\u017eitie angli\u010dtiny.<\/p>\n<p>Nev\u00fdhodou jazykov\u00e9ho kurzu v zahrani\u010d\u00ed je aj fakt, \u017ee tr\u00e1vite svoj vo\u013en\u00fd \u010das so \u0161tudentmi, ktor\u00ed nemaj\u00fa angli\u010dtinu ako svoj rodn\u00fd jazyk. A od vyu\u010duj\u00facich m\u00f4\u017eete napo\u010d\u00fava\u0165 len pr\u00edzvuk regi\u00f3nu, v ktorom kurz prebieha.<\/p>\n<p>ENGLISHstay prin\u00e1\u0161a program, ktor\u00fd V\u00e1m na dlh\u00fa dobu vytvor\u00ed jedine\u010dn\u00e9 <b>prostredie anglicky hovoriacich roden\u00fdch hovorcou<\/b>, ktor\u00ed pou\u017e\u00edvaj\u00fa tento jazyk od kol\u00edsky. <b>Anglicky myslia, anglicky hovoria, anglicky p\u00ed\u0161u<\/b>. To je to, o \u010do n\u00e1m ide. Nasa\u0165 atmosf\u00e9ru, sk\u00fasenosti, jazyk, pr\u00edzvuky, a to v\u0161etko vedie\u0165 vyu\u017ei\u0165 v r\u00f4znych situ\u00e1ci\u00e1ch. Po\u010das n\u00e1\u0161ho jazykov\u00e9ho pobytu sa nes\u00fastre\u010fujeme len na gramatiku, ale aj na praktick\u00e9 vyu\u017eitie anglick\u00e9ho jazyka vo v\u0161etk\u00fdch jeho form\u00e1ch. Pri na\u0161ich jazykov\u00fdch pobytoch tr\u00e1via \u00fa\u010dastn\u00edci denne <b>13-15 hod\u00edn konverz\u00e1ciou s roden\u00fdmi hovoriacimi.<\/b> Prenesieme v\u00e1s do anglicky hovoriaceho sveta a v\u010faka tomu sa zlep\u0161\u00ed aj \u00farove\u0148 Va\u0161ich gramatick\u00fdch znalost\u00ed.<\/p>\n<p>Pre na\u0161e kurzy starostlivo vyber\u00e1me lektorov z r\u00f4znych \u010dast\u00ed sveta s odli\u0161n\u00fdm dialektom, aby v\u0161etci \u00fa\u010dastn\u00edci mali mo\u017enos\u0165 posluchu americk\u00e9ho, austr\u00e1lskeho, britsk\u00e9ho, \u00edrskeho alebo napr\u00edklad aj \u0161k\u00f3tskeho pr\u00edzvuku.<\/p>\n<p>ENGLISHstay nie je jazykov\u00e1 \u0161kola. Na\u0161im cie\u013eom je vytvori\u0165 medzi v\u0161etk\u00fdmi \u00fa\u010dastn\u00edkmi \u010do najrozmanitej\u0161iu interakciu. N\u00e1\u0161 program je viac ne\u017e len jazykov\u00fd kurz. Ide o <b>kult\u00farnu a spolo\u010densk\u00fa udalos\u0165, po\u010das ktorej sa stret\u00e1vaj\u00fa r\u00f4zni \u013eudia z r\u00f4znych kraj\u00edn sveta s rozdielnymi spolo\u010densk\u00fdmi a kult\u00farnymi zvykmi.<\/b><\/p>\n<p>Po\u010das cel\u00e9ho pobytu hovor\u00edme v\u0161etci len anglicky. Pou\u017e\u00edva\u0165 in\u00fd ne\u017e anglick\u00fd jazyk je zak\u00e1zan\u00e9. V\u010faka tomu sa myslenie vo Va\u0161om rodnom jazyku \u010doskoro prepne na myslenie v anglickom jazyku. A pr\u00e1ve v tomto okamihu z\u00edskavate vedomosti e\u0161te r\u00fdchlej\u0161ie.<\/p>\n<p><a href=\"https:\/\/englishstay.cz\/sk\/obchod\/\"><strong>Pridajte sa k n\u00e1m hne\u010f teraz a rozhovorte se anglicky!<\/strong><\/a><\/p>\n<p><a href=\"https:\/\/englishstay.cz\/rozvazeme-vam-jazyk\/\"><strong><span class=\"tlid-translation translation\" lang=\"sk\"><span class=\"\" title=\"\">Kliknite tu! <span title=\"\">A<\/span> <span title=\"\">pokra\u010dujte<\/span> <span title=\"\">pre okam\u017eit\u00fd pr\u00edstup<\/span> <span title=\"\">k<\/span> <span title=\"\">PDF<\/span> <span title=\"\">n\u00e1vodu<\/span> <span title=\"\">ZADARMO,<\/span> <span title=\"\">ako sa<\/span> <span title=\"\">jednoducho<\/span> vyhovori\u0165 anglicky.<\/span><\/span><\/strong><\/a><\/p>\n<p>[\/et_pb_text][\/et_pb_column][\/et_pb_row][\/et_pb_section]<\/p>\n<span class=\"et_bloom_bottom_trigger\"><\/span>","protected":false},"excerpt":{"rendered":"<p>U\u017e nemus\u00edte cestova\u0165 za jazykov\u00fdm pobytom do Ve\u013ekej Brit\u00e1nie, \u00cdrska alebo na Maltu.<br \/>\nPrivezieme roden\u00fdch hovoriacich za Vami do \u010ceska.<\/p>\n","protected":false},"author":2,"featured_media":0,"parent":0,"menu_order":0,"comment_status":"closed","ping_status":"closed","template":"","meta":{"_et_pb_use_builder":"on","_et_pb_old_content":"","_et_gb_content_width":"","footnotes":""},"class_list":["post-7300","page","type-page","status-publish","hentry"],"yoast_head":"<!-- This site is optimized with the Yoast SEO plugin v27.5 - https:\/\/yoast.com\/product\/yoast-seo-wordpress\/ -->\n<title>Anglicky za t\u00fd\u017ede\u0148 s roden\u00fdm hovoriacim | ENGLISHstay<\/title>\n<meta name=\"description\" content=\"U\u017e nemus\u00edte cestova\u0165 za jazykov\u00fdm pobytom do Ve\u013ekej Brit\u00e1nie, \u00cdrska alebo na Maltu. Privezieme roden\u00fdch hovoriacich za Vami do \u010ceska.\" \/>\n<meta name=\"robots\" content=\"index, follow, max-snippet:-1, max-image-preview:large, max-video-preview:-1\" \/>\n<link rel=\"canonical\" href=\"https:\/\/www.englishstay.cz\/sk\/anglicky-za-tyzden\/\" \/>\n<meta property=\"og:locale\" content=\"sk_SK\" \/>\n<meta property=\"og:type\" content=\"article\" \/>\n<meta property=\"og:title\" content=\"Anglicky za t\u00fd\u017ede\u0148 s roden\u00fdm hovoriacim | ENGLISHstay\" \/>\n<meta property=\"og:description\" content=\"U\u017e nemus\u00edte cestova\u0165 za jazykov\u00fdm pobytom do Ve\u013ekej Brit\u00e1nie, \u00cdrska alebo na Maltu. Privezieme roden\u00fdch hovoriacich za Vami do \u010ceska.\" \/>\n<meta property=\"og:url\" content=\"https:\/\/www.englishstay.cz\/sk\/anglicky-za-tyzden\/\" \/>\n<meta property=\"og:site_name\" content=\"ENGLISHstay\" \/>\n<meta property=\"article:publisher\" content=\"https:\/\/www.facebook.com\/kurzyanglictiny\/\" \/>\n<meta property=\"article:modified_time\" content=\"2026-02-05T22:24:29+00:00\" \/>\n<meta property=\"og:image\" content=\"https:\/\/www.englishstay.cz\/media\/2019\/01\/logo-es.jpg\" \/>\n\t<meta property=\"og:image:width\" content=\"260\" \/>\n\t<meta property=\"og:image:height\" content=\"260\" \/>\n\t<meta property=\"og:image:type\" content=\"image\/jpeg\" \/>\n<meta name=\"twitter:card\" content=\"summary_large_image\" \/>\n<meta name=\"twitter:site\" content=\"@ENGLISHstay\" \/>\n<meta name=\"twitter:label1\" content=\"Predpokladan\u00fd \u010das \u010d\u00edtania\" \/>\n\t<meta name=\"twitter:data1\" content=\"4 min\u00faty\" \/>\n<script type=\"application\/ld+json\" class=\"yoast-schema-graph\">{\"@context\":\"https:\\\/\\\/schema.org\",\"@graph\":[{\"@type\":\"WebPage\",\"@id\":\"https:\\\/\\\/www.englishstay.cz\\\/sk\\\/anglicky-za-tyzden\\\/\",\"url\":\"https:\\\/\\\/www.englishstay.cz\\\/sk\\\/anglicky-za-tyzden\\\/\",\"name\":\"Anglicky za t\u00fd\u017ede\u0148 s roden\u00fdm hovoriacim | ENGLISHstay\",\"isPartOf\":{\"@id\":\"https:\\\/\\\/www.englishstay.cz\\\/de\\\/#website\"},\"datePublished\":\"2017-11-22T13:45:44+00:00\",\"dateModified\":\"2026-02-05T22:24:29+00:00\",\"description\":\"U\u017e nemus\u00edte cestova\u0165 za jazykov\u00fdm pobytom do Ve\u013ekej Brit\u00e1nie, \u00cdrska alebo na Maltu. Privezieme roden\u00fdch hovoriacich za Vami do \u010ceska.\",\"breadcrumb\":{\"@id\":\"https:\\\/\\\/www.englishstay.cz\\\/sk\\\/anglicky-za-tyzden\\\/#breadcrumb\"},\"inLanguage\":\"sk-SK\",\"potentialAction\":[{\"@type\":\"ReadAction\",\"target\":[\"https:\\\/\\\/www.englishstay.cz\\\/sk\\\/anglicky-za-tyzden\\\/\"]}]},{\"@type\":\"BreadcrumbList\",\"@id\":\"https:\\\/\\\/www.englishstay.cz\\\/sk\\\/anglicky-za-tyzden\\\/#breadcrumb\",\"itemListElement\":[{\"@type\":\"ListItem\",\"position\":1,\"name\":\"Dom\u016f\",\"item\":\"https:\\\/\\\/www.englishstay.cz\\\/sk\\\/\"},{\"@type\":\"ListItem\",\"position\":2,\"name\":\"Anglicky za t\u00fd\u017eden\"}]},{\"@type\":\"WebSite\",\"@id\":\"https:\\\/\\\/www.englishstay.cz\\\/de\\\/#website\",\"url\":\"https:\\\/\\\/www.englishstay.cz\\\/de\\\/\",\"name\":\"ENGLISHstay\",\"description\":\"Intenzivn\u00ed kurzy angli\u010dtiny s rodil\u00fdm mluv\u010d\u00edm\",\"potentialAction\":[{\"@type\":\"SearchAction\",\"target\":{\"@type\":\"EntryPoint\",\"urlTemplate\":\"https:\\\/\\\/www.englishstay.cz\\\/de\\\/?s={search_term_string}\"},\"query-input\":{\"@type\":\"PropertyValueSpecification\",\"valueRequired\":true,\"valueName\":\"search_term_string\"}}],\"inLanguage\":\"sk-SK\"}]}<\/script>\n<!-- \/ Yoast SEO plugin. -->","yoast_head_json":{"title":"Anglicky za t\u00fd\u017ede\u0148 s roden\u00fdm hovoriacim | ENGLISHstay","description":"U\u017e nemus\u00edte cestova\u0165 za jazykov\u00fdm pobytom do Ve\u013ekej Brit\u00e1nie, \u00cdrska alebo na Maltu. Privezieme roden\u00fdch hovoriacich za Vami do \u010ceska.","robots":{"index":"index","follow":"follow","max-snippet":"max-snippet:-1","max-image-preview":"max-image-preview:large","max-video-preview":"max-video-preview:-1"},"canonical":"https:\/\/www.englishstay.cz\/sk\/anglicky-za-tyzden\/","og_locale":"sk_SK","og_type":"article","og_title":"Anglicky za t\u00fd\u017ede\u0148 s roden\u00fdm hovoriacim | ENGLISHstay","og_description":"U\u017e nemus\u00edte cestova\u0165 za jazykov\u00fdm pobytom do Ve\u013ekej Brit\u00e1nie, \u00cdrska alebo na Maltu. Privezieme roden\u00fdch hovoriacich za Vami do \u010ceska.","og_url":"https:\/\/www.englishstay.cz\/sk\/anglicky-za-tyzden\/","og_site_name":"ENGLISHstay","article_publisher":"https:\/\/www.facebook.com\/kurzyanglictiny\/","article_modified_time":"2026-02-05T22:24:29+00:00","og_image":[{"width":260,"height":260,"url":"https:\/\/www.englishstay.cz\/media\/2019\/01\/logo-es.jpg","type":"image\/jpeg"}],"twitter_card":"summary_large_image","twitter_site":"@ENGLISHstay","twitter_misc":{"Predpokladan\u00fd \u010das \u010d\u00edtania":"4 min\u00faty"},"schema":{"@context":"https:\/\/schema.org","@graph":[{"@type":"WebPage","@id":"https:\/\/www.englishstay.cz\/sk\/anglicky-za-tyzden\/","url":"https:\/\/www.englishstay.cz\/sk\/anglicky-za-tyzden\/","name":"Anglicky za t\u00fd\u017ede\u0148 s roden\u00fdm hovoriacim | ENGLISHstay","isPartOf":{"@id":"https:\/\/www.englishstay.cz\/de\/#website"},"datePublished":"2017-11-22T13:45:44+00:00","dateModified":"2026-02-05T22:24:29+00:00","description":"U\u017e nemus\u00edte cestova\u0165 za jazykov\u00fdm pobytom do Ve\u013ekej Brit\u00e1nie, \u00cdrska alebo na Maltu. Privezieme roden\u00fdch hovoriacich za Vami do \u010ceska.","breadcrumb":{"@id":"https:\/\/www.englishstay.cz\/sk\/anglicky-za-tyzden\/#breadcrumb"},"inLanguage":"sk-SK","potentialAction":[{"@type":"ReadAction","target":["https:\/\/www.englishstay.cz\/sk\/anglicky-za-tyzden\/"]}]},{"@type":"BreadcrumbList","@id":"https:\/\/www.englishstay.cz\/sk\/anglicky-za-tyzden\/#breadcrumb","itemListElement":[{"@type":"ListItem","position":1,"name":"Dom\u016f","item":"https:\/\/www.englishstay.cz\/sk\/"},{"@type":"ListItem","position":2,"name":"Anglicky za t\u00fd\u017eden"}]},{"@type":"WebSite","@id":"https:\/\/www.englishstay.cz\/de\/#website","url":"https:\/\/www.englishstay.cz\/de\/","name":"ENGLISHstay","description":"Intenzivn\u00ed kurzy angli\u010dtiny s rodil\u00fdm mluv\u010d\u00edm","potentialAction":[{"@type":"SearchAction","target":{"@type":"EntryPoint","urlTemplate":"https:\/\/www.englishstay.cz\/de\/?s={search_term_string}"},"query-input":{"@type":"PropertyValueSpecification","valueRequired":true,"valueName":"search_term_string"}}],"inLanguage":"sk-SK"}]}},"_links":{"self":[{"href":"https:\/\/www.englishstay.cz\/sk\/wp-json\/wp\/v2\/pages\/7300","targetHints":{"allow":["GET"]}}],"collection":[{"href":"https:\/\/www.englishstay.cz\/sk\/wp-json\/wp\/v2\/pages"}],"about":[{"href":"https:\/\/www.englishstay.cz\/sk\/wp-json\/wp\/v2\/types\/page"}],"author":[{"embeddable":true,"href":"https:\/\/www.englishstay.cz\/sk\/wp-json\/wp\/v2\/users\/2"}],"replies":[{"embeddable":true,"href":"https:\/\/www.englishstay.cz\/sk\/wp-json\/wp\/v2\/comments?post=7300"}],"version-history":[{"count":24,"href":"https:\/\/www.englishstay.cz\/sk\/wp-json\/wp\/v2\/pages\/7300\/revisions"}],"predecessor-version":[{"id":14339,"href":"https:\/\/www.englishstay.cz\/sk\/wp-json\/wp\/v2\/pages\/7300\/revisions\/14339"}],"wp:attachment":[{"href":"https:\/\/www.englishstay.cz\/sk\/wp-json\/wp\/v2\/media?parent=7300"}],"curies":[{"name":"wp","href":"https:\/\/api.w.org\/{rel}","templated":true}]}}