{"id":9537,"date":"2018-12-13T15:30:56","date_gmt":"2018-12-13T14:30:56","guid":{"rendered":"https:\/\/englishstay.cz\/?post_type=product&#038;p=9537"},"modified":"2025-10-10T10:52:46","modified_gmt":"2025-10-10T08:52:46","slug":"9-im-not-afraid-i-want-to-speak-fluently-1-1-october-2026","status":"publish","type":"product","link":"https:\/\/www.englishstay.cz\/en\/obchod\/courses\/9-im-not-afraid-i-want-to-speak-fluently-1-1-october-2026\/","title":{"rendered":"9. I\u2019m not afraid, I want to speak fluently (1-1) &#8211; October &#8211; 2026"},"content":{"rendered":"<p><span style=\"color: #ff0000;\"><strong>October \u00a04 \u2013 9<br \/><\/strong><\/span><\/p>\n<p><span style=\"color: #3366ff;\"><strong><em>We supply our own bus from Prague to the venue.<\/em><br \/><\/strong><\/span><\/p>\n<p><span style=\"color: #3366ff;\"><strong><em>Very good location for participants from Poland, Slovakia, Vienna, Austria.<\/em><\/strong><\/span><\/p>\n<p><span style=\"color: #ff0000;\"><strong>I\u2019m not afraid, I want to speak fluently (1-1 session)<\/strong><\/span><\/p>\n<p><a href=\"https:\/\/www.hotel-anton.cz\/\">Hotel Anto\u0148<\/a> in Tel\u010d \u2013 beautiful <a href=\"https:\/\/en.czech-unesco.org\/telc\/introduction\/?photoID=20\">UNESCO town,<\/a> South Moravia<\/p>\n<p>Accommodation in single rooms, occupied by one person, full board, transport, study materials, experience afternoon + course.<\/p>\n<p><strong>TOTAL PRICE: 1499,- Eur<br \/><\/strong><\/p>\n<p>* Language courses will take place with a minimum of 10 (20) participants. ENGLISHstay z.\u00fa. reserves the right to cancel the training due to insufficient number of participants or other reasons. ENGLISHstay z.\u00fa. reserves the right to change course dates. In these cases, we will offer you alternate terms.<\/p>\n<span class=\"et_bloom_bottom_trigger\"><\/span>","protected":false},"excerpt":{"rendered":"<p><span style=\"color: #ff0000;\"><strong>October \u00a04 \u2013 9<br \/><\/strong><\/span><\/p>\n<p><span style=\"color: #3366ff;\"><strong><em>We supply our own bus from Prague to the venue.<\/em><br \/><\/strong><\/span><\/p>\n<p><span style=\"color: #3366ff;\"><strong><em>Very good location for participants from Poland, Slovakia, Vienna, Austria.<\/em><\/strong><\/span><\/p>\n<p><em><strong>The price includes 70 hours of English conversation within 6 days. Accomodation (in a single \/ double room or hotel wellness), full board plus refreshments throughout the stay, all for you and your lecturer. You will enjoy afternoon trip with English-speaking guide and all the necessary study materials are included too. Transport by own bus from Prague to the place of stay and back is provided. We offer 24h service of the hotel and service of our nice coordinators from the ENGLISHstay team.<\/strong><\/em><\/p>\n","protected":false},"featured_media":12629,"template":"","meta":{"_et_pb_use_builder":"","_et_pb_old_content":"","_et_gb_content_width":""},"product_brand":[],"product_cat":[64],"product_tag":[276,201,262,278,273,274,263,266,200,268,228,255,277,260,261,259,269,257,265,256,258,275,279,272,271,267,270,264],"class_list":{"0":"post-9537","1":"product","2":"type-product","3":"status-publish","4":"has-post-thumbnail","6":"product_cat-courses","7":"product_tag-courses-for-advanced-english","8":"product_tag-english-en","9":"product_tag-english-course","10":"product_tag-english-courses","11":"product_tag-english-for-eternal-beginners","12":"product_tag-english-intensive","13":"product_tag-english-language","14":"product_tag-english-prague","15":"product_tag-englishstay-en","16":"product_tag-how-to-learn-english","17":"product_tag-immersion-english-language-program-en","18":"product_tag-intensive-english-course","19":"product_tag-intensive-english-course-prague","20":"product_tag-intensive-language-stays","21":"product_tag-language-stays","22":"product_tag-language-stays-abroad","23":"product_tag-learn-to-speak-english","24":"product_tag-native-speaker","25":"product_tag-native-speakers","26":"product_tag-native-speakers-english","27":"product_tag-native-speakers-prague","28":"product_tag-one-on-one","29":"product_tag-one-on-one-with-a-native-speaker","30":"product_tag-post-secondary-english-course","31":"product_tag-semester-english-course","32":"product_tag-speak-english","33":"product_tag-summer-english-courses","34":"product_tag-we-speak-english-to-you","36":"first","37":"instock","38":"virtual","39":"product-type-simple"},"yoast_head":"<!-- This site is optimized with the Yoast SEO plugin v26.4 - https:\/\/yoast.com\/wordpress\/plugins\/seo\/ -->\n<title>9. I\u2019m not afraid, I want to speak fluently (1-1) - October - 2026 | ENGLISHstay<\/title>\n<meta name=\"robots\" content=\"index, follow, max-snippet:-1, max-image-preview:large, max-video-preview:-1\" \/>\n<link rel=\"canonical\" href=\"https:\/\/www.englishstay.cz\/en\/obchod\/courses\/9-im-not-afraid-i-want-to-speak-fluently-1-1-october-2026\/\" \/>\n<meta property=\"og:locale\" content=\"en_US\" \/>\n<meta property=\"og:type\" content=\"article\" \/>\n<meta property=\"og:title\" content=\"9. I\u2019m not afraid, I want to speak fluently (1-1) - October - 2026 | ENGLISHstay\" \/>\n<meta property=\"og:description\" content=\"October \u00a04 \u2013 9We supply our own bus from Prague to the venue.Very good location for participants from Poland, Slovakia, Vienna, Austria.The price includes 70 hours of English conversation within 6 days. Accomodation (in a single \/ double room or hotel wellness), full board plus refreshments throughout the stay, all for you and your lecturer. You will enjoy afternoon trip with English-speaking guide and all the necessary study materials are included too. Transport by own bus from Prague to the place of stay and back is provided. We offer 24h service of the hotel and service of our nice coordinators from the ENGLISHstay team.\" \/>\n<meta property=\"og:url\" content=\"https:\/\/www.englishstay.cz\/en\/obchod\/courses\/9-im-not-afraid-i-want-to-speak-fluently-1-1-october-2026\/\" \/>\n<meta property=\"og:site_name\" content=\"ENGLISHstay\" \/>\n<meta property=\"article:publisher\" content=\"https:\/\/www.facebook.com\/kurzyanglictiny\/\" \/>\n<meta property=\"article:modified_time\" content=\"2025-10-10T08:52:46+00:00\" \/>\n<meta property=\"og:image\" content=\"https:\/\/www.englishstay.cz\/media\/2023\/10\/IMG_9638-scaled.jpg\" \/>\n\t<meta property=\"og:image:width\" content=\"2048\" \/>\n\t<meta property=\"og:image:height\" content=\"1536\" \/>\n\t<meta property=\"og:image:type\" content=\"image\/jpeg\" \/>\n<meta name=\"twitter:card\" content=\"summary_large_image\" \/>\n<meta name=\"twitter:site\" content=\"@ENGLISHstay\" \/>\n<meta name=\"twitter:label1\" content=\"Est. reading time\" \/>\n\t<meta name=\"twitter:data1\" content=\"1 minute\" \/>\n<script type=\"application\/ld+json\" class=\"yoast-schema-graph\">{\"@context\":\"https:\/\/schema.org\",\"@graph\":[{\"@type\":\"WebPage\",\"@id\":\"https:\/\/www.englishstay.cz\/en\/obchod\/courses\/9-im-not-afraid-i-want-to-speak-fluently-1-1-october-2026\/\",\"url\":\"https:\/\/www.englishstay.cz\/en\/obchod\/courses\/9-im-not-afraid-i-want-to-speak-fluently-1-1-october-2026\/\",\"name\":\"9. I\u2019m not afraid, I want to speak fluently (1-1) - October - 2026 | ENGLISHstay\",\"isPartOf\":{\"@id\":\"https:\/\/www.englishstay.cz\/de\/#website\"},\"primaryImageOfPage\":{\"@id\":\"https:\/\/www.englishstay.cz\/en\/obchod\/courses\/9-im-not-afraid-i-want-to-speak-fluently-1-1-october-2026\/#primaryimage\"},\"image\":{\"@id\":\"https:\/\/www.englishstay.cz\/en\/obchod\/courses\/9-im-not-afraid-i-want-to-speak-fluently-1-1-october-2026\/#primaryimage\"},\"thumbnailUrl\":\"\/media\/2023\/10\/IMG_9638-scaled.jpg\",\"datePublished\":\"2018-12-13T14:30:56+00:00\",\"dateModified\":\"2025-10-10T08:52:46+00:00\",\"breadcrumb\":{\"@id\":\"https:\/\/www.englishstay.cz\/en\/obchod\/courses\/9-im-not-afraid-i-want-to-speak-fluently-1-1-october-2026\/#breadcrumb\"},\"inLanguage\":\"en-US\",\"potentialAction\":[{\"@type\":\"ReadAction\",\"target\":[\"https:\/\/www.englishstay.cz\/en\/obchod\/courses\/9-im-not-afraid-i-want-to-speak-fluently-1-1-october-2026\/\"]}]},{\"@type\":\"ImageObject\",\"inLanguage\":\"en-US\",\"@id\":\"https:\/\/www.englishstay.cz\/en\/obchod\/courses\/9-im-not-afraid-i-want-to-speak-fluently-1-1-october-2026\/#primaryimage\",\"url\":\"\/media\/2023\/10\/IMG_9638-scaled.jpg\",\"contentUrl\":\"\/media\/2023\/10\/IMG_9638-scaled.jpg\",\"width\":2048,\"height\":1536,\"caption\":\"anglicky jazyk\"},{\"@type\":\"BreadcrumbList\",\"@id\":\"https:\/\/www.englishstay.cz\/en\/obchod\/courses\/9-im-not-afraid-i-want-to-speak-fluently-1-1-october-2026\/#breadcrumb\",\"itemListElement\":[{\"@type\":\"ListItem\",\"position\":1,\"name\":\"Dom\u016f\",\"item\":\"https:\/\/www.englishstay.cz\/en\/\"},{\"@type\":\"ListItem\",\"position\":2,\"name\":\"Shop\",\"item\":\"https:\/\/www.englishstay.cz\/en\/shop\/\"},{\"@type\":\"ListItem\",\"position\":3,\"name\":\"9. I\u2019m not afraid, I want to speak fluently (1-1) &#8211; October &#8211; 2026\"}]},{\"@type\":\"WebSite\",\"@id\":\"https:\/\/www.englishstay.cz\/de\/#website\",\"url\":\"https:\/\/www.englishstay.cz\/de\/\",\"name\":\"ENGLISHstay\",\"description\":\"Intenzivn\u00ed kurzy angli\u010dtiny s rodil\u00fdm mluv\u010d\u00edm\",\"potentialAction\":[{\"@type\":\"SearchAction\",\"target\":{\"@type\":\"EntryPoint\",\"urlTemplate\":\"https:\/\/www.englishstay.cz\/de\/?s={search_term_string}\"},\"query-input\":{\"@type\":\"PropertyValueSpecification\",\"valueRequired\":true,\"valueName\":\"search_term_string\"}}],\"inLanguage\":\"en-US\"}]}<\/script>\n<!-- \/ Yoast SEO plugin. -->","yoast_head_json":{"title":"9. I\u2019m not afraid, I want to speak fluently (1-1) - October - 2026 | ENGLISHstay","robots":{"index":"index","follow":"follow","max-snippet":"max-snippet:-1","max-image-preview":"max-image-preview:large","max-video-preview":"max-video-preview:-1"},"canonical":"https:\/\/www.englishstay.cz\/en\/obchod\/courses\/9-im-not-afraid-i-want-to-speak-fluently-1-1-october-2026\/","og_locale":"en_US","og_type":"article","og_title":"9. I\u2019m not afraid, I want to speak fluently (1-1) - October - 2026 | ENGLISHstay","og_description":"October \u00a04 \u2013 9We supply our own bus from Prague to the venue.Very good location for participants from Poland, Slovakia, Vienna, Austria.The price includes 70 hours of English conversation within 6 days. Accomodation (in a single \/ double room or hotel wellness), full board plus refreshments throughout the stay, all for you and your lecturer. You will enjoy afternoon trip with English-speaking guide and all the necessary study materials are included too. Transport by own bus from Prague to the place of stay and back is provided. We offer 24h service of the hotel and service of our nice coordinators from the ENGLISHstay team.","og_url":"https:\/\/www.englishstay.cz\/en\/obchod\/courses\/9-im-not-afraid-i-want-to-speak-fluently-1-1-october-2026\/","og_site_name":"ENGLISHstay","article_publisher":"https:\/\/www.facebook.com\/kurzyanglictiny\/","article_modified_time":"2025-10-10T08:52:46+00:00","og_image":[{"width":2048,"height":1536,"url":"https:\/\/www.englishstay.cz\/media\/2023\/10\/IMG_9638-scaled.jpg","type":"image\/jpeg"}],"twitter_card":"summary_large_image","twitter_site":"@ENGLISHstay","twitter_misc":{"Est. reading time":"1 minute"},"schema":{"@context":"https:\/\/schema.org","@graph":[{"@type":"WebPage","@id":"https:\/\/www.englishstay.cz\/en\/obchod\/courses\/9-im-not-afraid-i-want-to-speak-fluently-1-1-october-2026\/","url":"https:\/\/www.englishstay.cz\/en\/obchod\/courses\/9-im-not-afraid-i-want-to-speak-fluently-1-1-october-2026\/","name":"9. I\u2019m not afraid, I want to speak fluently (1-1) - October - 2026 | ENGLISHstay","isPartOf":{"@id":"https:\/\/www.englishstay.cz\/de\/#website"},"primaryImageOfPage":{"@id":"https:\/\/www.englishstay.cz\/en\/obchod\/courses\/9-im-not-afraid-i-want-to-speak-fluently-1-1-october-2026\/#primaryimage"},"image":{"@id":"https:\/\/www.englishstay.cz\/en\/obchod\/courses\/9-im-not-afraid-i-want-to-speak-fluently-1-1-october-2026\/#primaryimage"},"thumbnailUrl":"\/media\/2023\/10\/IMG_9638-scaled.jpg","datePublished":"2018-12-13T14:30:56+00:00","dateModified":"2025-10-10T08:52:46+00:00","breadcrumb":{"@id":"https:\/\/www.englishstay.cz\/en\/obchod\/courses\/9-im-not-afraid-i-want-to-speak-fluently-1-1-october-2026\/#breadcrumb"},"inLanguage":"en-US","potentialAction":[{"@type":"ReadAction","target":["https:\/\/www.englishstay.cz\/en\/obchod\/courses\/9-im-not-afraid-i-want-to-speak-fluently-1-1-october-2026\/"]}]},{"@type":"ImageObject","inLanguage":"en-US","@id":"https:\/\/www.englishstay.cz\/en\/obchod\/courses\/9-im-not-afraid-i-want-to-speak-fluently-1-1-october-2026\/#primaryimage","url":"\/media\/2023\/10\/IMG_9638-scaled.jpg","contentUrl":"\/media\/2023\/10\/IMG_9638-scaled.jpg","width":2048,"height":1536,"caption":"anglicky jazyk"},{"@type":"BreadcrumbList","@id":"https:\/\/www.englishstay.cz\/en\/obchod\/courses\/9-im-not-afraid-i-want-to-speak-fluently-1-1-october-2026\/#breadcrumb","itemListElement":[{"@type":"ListItem","position":1,"name":"Dom\u016f","item":"https:\/\/www.englishstay.cz\/en\/"},{"@type":"ListItem","position":2,"name":"Shop","item":"https:\/\/www.englishstay.cz\/en\/shop\/"},{"@type":"ListItem","position":3,"name":"9. I\u2019m not afraid, I want to speak fluently (1-1) &#8211; October &#8211; 2026"}]},{"@type":"WebSite","@id":"https:\/\/www.englishstay.cz\/de\/#website","url":"https:\/\/www.englishstay.cz\/de\/","name":"ENGLISHstay","description":"Intenzivn\u00ed kurzy angli\u010dtiny s rodil\u00fdm mluv\u010d\u00edm","potentialAction":[{"@type":"SearchAction","target":{"@type":"EntryPoint","urlTemplate":"https:\/\/www.englishstay.cz\/de\/?s={search_term_string}"},"query-input":{"@type":"PropertyValueSpecification","valueRequired":true,"valueName":"search_term_string"}}],"inLanguage":"en-US"}]}},"_links":{"self":[{"href":"https:\/\/www.englishstay.cz\/en\/wp-json\/wp\/v2\/product\/9537","targetHints":{"allow":["GET"]}}],"collection":[{"href":"https:\/\/www.englishstay.cz\/en\/wp-json\/wp\/v2\/product"}],"about":[{"href":"https:\/\/www.englishstay.cz\/en\/wp-json\/wp\/v2\/types\/product"}],"wp:featuredmedia":[{"embeddable":true,"href":"https:\/\/www.englishstay.cz\/en\/wp-json\/wp\/v2\/media\/12629"}],"wp:attachment":[{"href":"https:\/\/www.englishstay.cz\/en\/wp-json\/wp\/v2\/media?parent=9537"}],"wp:term":[{"taxonomy":"product_brand","embeddable":true,"href":"https:\/\/www.englishstay.cz\/en\/wp-json\/wp\/v2\/product_brand?post=9537"},{"taxonomy":"product_cat","embeddable":true,"href":"https:\/\/www.englishstay.cz\/en\/wp-json\/wp\/v2\/product_cat?post=9537"},{"taxonomy":"product_tag","embeddable":true,"href":"https:\/\/www.englishstay.cz\/en\/wp-json\/wp\/v2\/product_tag?post=9537"}],"curies":[{"name":"wp","href":"https:\/\/api.w.org\/{rel}","templated":true}]}}