{"id":8306,"date":"2018-07-11T14:31:54","date_gmt":"2018-07-11T12:31:54","guid":{"rendered":"https:\/\/englishstay.cz\/?post_type=product&#038;p=8306"},"modified":"2025-09-08T19:44:14","modified_gmt":"2025-09-08T17:44:14","slug":"2-im-not-afraid-i-want-to-speak-fluently-1-1-february-2026","status":"publish","type":"product","link":"https:\/\/www.englishstay.cz\/en\/obchod\/courses\/2-im-not-afraid-i-want-to-speak-fluently-1-1-february-2026\/","title":{"rendered":"2. I\u2019m not afraid, I want to speak fluently (1-1) &#8211; February 2026"},"content":{"rendered":"<p>[et_pb_section fb_built=&#8221;1&#8243; _builder_version=&#8221;4.16&#8243; custom_padding=&#8221;0px||||false|false&#8221; global_colors_info=&#8221;{}&#8221;][et_pb_row _builder_version=&#8221;4.16&#8243; background_size=&#8221;initial&#8221; background_position=&#8221;top_left&#8221; background_repeat=&#8221;repeat&#8221; width=&#8221;100%&#8221; custom_padding=&#8221;0px||0px||false|false&#8221; global_colors_info=&#8221;{}&#8221;][et_pb_column type=&#8221;4_4&#8243; _builder_version=&#8221;4.16&#8243; custom_padding=&#8221;|||&#8221; global_colors_info=&#8221;{}&#8221; custom_padding__hover=&#8221;|||&#8221;][et_pb_wc_breadcrumb _builder_version=&#8221;4.16&#8243; global_colors_info=&#8221;{}&#8221;][\/et_pb_wc_breadcrumb][et_pb_wc_cart_notice _builder_version=&#8221;4.16&#8243; global_colors_info=&#8221;{}&#8221;][\/et_pb_wc_cart_notice][\/et_pb_column][\/et_pb_row][et_pb_row column_structure=&#8221;1_2,1_2&#8243; _builder_version=&#8221;4.16&#8243; background_size=&#8221;initial&#8221; background_position=&#8221;top_left&#8221; background_repeat=&#8221;repeat&#8221; width=&#8221;100%&#8221; custom_padding=&#8221;0px||||false|false&#8221; global_colors_info=&#8221;{}&#8221;][et_pb_column type=&#8221;1_2&#8243; _builder_version=&#8221;4.16&#8243; custom_padding=&#8221;|||&#8221; global_colors_info=&#8221;{}&#8221; custom_padding__hover=&#8221;|||&#8221;][et_pb_wc_images _builder_version=&#8221;4.16&#8243; global_colors_info=&#8221;{}&#8221;][\/et_pb_wc_images][\/et_pb_column][et_pb_column type=&#8221;1_2&#8243; _builder_version=&#8221;4.16&#8243; custom_padding=&#8221;|||&#8221; global_colors_info=&#8221;{}&#8221; custom_padding__hover=&#8221;|||&#8221;][et_pb_wc_title _builder_version=&#8221;4.16&#8243; global_colors_info=&#8221;{}&#8221;][\/et_pb_wc_title][et_pb_wc_rating _builder_version=&#8221;4.16&#8243; global_colors_info=&#8221;{}&#8221;][\/et_pb_wc_rating][et_pb_wc_price _builder_version=&#8221;4.16&#8243; global_colors_info=&#8221;{}&#8221;][\/et_pb_wc_price][et_pb_wc_description _builder_version=&#8221;4.16&#8243; global_colors_info=&#8221;{}&#8221;][\/et_pb_wc_description][et_pb_wc_add_to_cart _builder_version=&#8221;4.16&#8243; global_colors_info=&#8221;{}&#8221;][\/et_pb_wc_add_to_cart][et_pb_wc_meta _builder_version=&#8221;4.16&#8243; global_colors_info=&#8221;{}&#8221;][\/et_pb_wc_meta][\/et_pb_column][\/et_pb_row][et_pb_row _builder_version=&#8221;4.16&#8243; background_size=&#8221;initial&#8221; background_position=&#8221;top_left&#8221; background_repeat=&#8221;repeat&#8221; width=&#8221;100%&#8221; global_colors_info=&#8221;{}&#8221;][et_pb_column type=&#8221;4_4&#8243; _builder_version=&#8221;4.16&#8243; custom_padding=&#8221;|||&#8221; global_colors_info=&#8221;{}&#8221; custom_padding__hover=&#8221;|||&#8221;][et_pb_wc_tabs _builder_version=&#8221;4.16&#8243; global_colors_info=&#8221;{}&#8221;] [\/et_pb_wc_tabs][et_pb_wc_upsells _builder_version=&#8221;4.16&#8243; global_colors_info=&#8221;{}&#8221;][\/et_pb_wc_upsells][et_pb_wc_related_products _builder_version=&#8221;4.16&#8243; global_colors_info=&#8221;{}&#8221;][\/et_pb_wc_related_products][\/et_pb_column][\/et_pb_row][\/et_pb_section][et_pb_section fb_built=&#8221;1&#8243; _builder_version=&#8221;4.16&#8243; global_colors_info=&#8221;{}&#8221;][et_pb_row _builder_version=&#8221;4.16&#8243; global_colors_info=&#8221;{}&#8221;][et_pb_column type=&#8221;4_4&#8243; _builder_version=&#8221;4.16&#8243; custom_padding=&#8221;|||&#8221; global_colors_info=&#8221;{}&#8221; custom_padding__hover=&#8221;|||&#8221;][et_pb_text _builder_version=&#8221;4.27.4&#8243; hover_enabled=&#8221;0&#8243; z_index_tablet=&#8221;500&#8243; text_text_shadow_horizontal_length_tablet=&#8221;0px&#8221; text_text_shadow_vertical_length_tablet=&#8221;0px&#8221; text_text_shadow_blur_strength_tablet=&#8221;1px&#8221; link_text_shadow_horizontal_length_tablet=&#8221;0px&#8221; link_text_shadow_vertical_length_tablet=&#8221;0px&#8221; link_text_shadow_blur_strength_tablet=&#8221;1px&#8221; ul_text_shadow_horizontal_length_tablet=&#8221;0px&#8221; ul_text_shadow_vertical_length_tablet=&#8221;0px&#8221; ul_text_shadow_blur_strength_tablet=&#8221;1px&#8221; ol_text_shadow_horizontal_length_tablet=&#8221;0px&#8221; ol_text_shadow_vertical_length_tablet=&#8221;0px&#8221; ol_text_shadow_blur_strength_tablet=&#8221;1px&#8221; quote_text_shadow_horizontal_length_tablet=&#8221;0px&#8221; quote_text_shadow_vertical_length_tablet=&#8221;0px&#8221; quote_text_shadow_blur_strength_tablet=&#8221;1px&#8221; header_text_shadow_horizontal_length_tablet=&#8221;0px&#8221; header_text_shadow_vertical_length_tablet=&#8221;0px&#8221; header_text_shadow_blur_strength_tablet=&#8221;1px&#8221; header_2_text_shadow_horizontal_length_tablet=&#8221;0px&#8221; header_2_text_shadow_vertical_length_tablet=&#8221;0px&#8221; header_2_text_shadow_blur_strength_tablet=&#8221;1px&#8221; header_3_text_shadow_horizontal_length_tablet=&#8221;0px&#8221; header_3_text_shadow_vertical_length_tablet=&#8221;0px&#8221; header_3_text_shadow_blur_strength_tablet=&#8221;1px&#8221; header_4_text_shadow_horizontal_length_tablet=&#8221;0px&#8221; header_4_text_shadow_vertical_length_tablet=&#8221;0px&#8221; header_4_text_shadow_blur_strength_tablet=&#8221;1px&#8221; header_5_text_shadow_horizontal_length_tablet=&#8221;0px&#8221; header_5_text_shadow_vertical_length_tablet=&#8221;0px&#8221; header_5_text_shadow_blur_strength_tablet=&#8221;1px&#8221; header_6_text_shadow_horizontal_length_tablet=&#8221;0px&#8221; header_6_text_shadow_vertical_length_tablet=&#8221;0px&#8221; header_6_text_shadow_blur_strength_tablet=&#8221;1px&#8221; box_shadow_horizontal_tablet=&#8221;0px&#8221; box_shadow_vertical_tablet=&#8221;0px&#8221; box_shadow_blur_tablet=&#8221;40px&#8221; box_shadow_spread_tablet=&#8221;0px&#8221; global_colors_info=&#8221;{}&#8221; sticky_enabled=&#8221;0&#8243;]<\/p>\n<p><span style=\"color: #ff0000;\"><strong>February\u00a0 15 &#8211; 20<\/strong><\/span><\/p>\n<p><span style=\"color: #3366ff;\"><strong><em>We supply our own bus from Prague to the venue.<\/em><br \/><\/strong><\/span><\/p>\n<p><strong><em><span style=\"color: #3366ff;\">Very good location for participants from Moravia, Slovakia and Vienna, Austria.<\/span><br \/><\/em><\/strong><\/p>\n<p><span style=\"color: #ff0000;\"><strong>I\u2019m not afraid, I want to speak fluently (1-1 session)<\/strong><\/span><\/p>\n<p><a href=\"https:\/\/www.hotelchotoviny.cz\/\">Hotel GOLD****<\/a>, Chotoviny, T\u00e1bor<\/p>\n<p>&nbsp;<\/p>\n<p>Accommodation in single rooms, occupied by one person, full board, transport, study materials, experience afternoon + course.<\/p>\n<p><strong>TOTAL PRICE: 1499,- Eur<br \/><\/strong><\/p>\n<p>* Language courses will take place with a minimum of 10 (20) participants. ENGLISHstay z.\u00fa. reserves the right to cancel the training due to insufficient number of participants or other reasons. ENGLISHstay z.\u00fa. reserves the right to change course dates. In these cases, we will offer you alternate terms.<\/p>\n<p>[\/et_pb_text][\/et_pb_column][\/et_pb_row][\/et_pb_section]<\/p>\n<span class=\"et_bloom_bottom_trigger\"><\/span>","protected":false},"excerpt":{"rendered":"<p><span style=\"color: #ff0000;\"><strong>February\u00a0 15 \u2013 20<\/strong><\/span><\/p>\n<p><span style=\"color: #3366ff;\"><em><strong>We supply our own bus from Prague to the venue<\/strong><\/em>.<\/span><\/p>\n<p><span style=\"color: #3366ff;\"><strong><em>Very good and close location from Prague.<\/em><\/strong><\/span><\/p>\n<p><em><strong>The price includes 70 hours of English conversation within 6 days. Accomodation (in a single \/ double room or hotel wellness), full board plus refreshments throughout the stay, all for you and your lecturer. You will enjoy afternoon trip with English-speaking guide and all the necessary study materials are included too. Transport by own bus from Prague to the place of stay and back is provided. We offer 24h service of the hotel and service of our nice coordinators from the ENGLISHstay team.<\/strong><\/em><\/p>\n","protected":false},"featured_media":12789,"template":"","meta":{"_et_pb_use_builder":"on","_et_pb_old_content":"<p><span style=\"color: #ff0000\"><strong>February\u00a0 15 - 20<\/strong><\/span><\/p><p><span style=\"color: #3366ff\"><em><strong>We supply our own bus from Prague to the venue.<br \/><\/strong><\/em><\/span><\/p><p><span style=\"color: #3366ff\"><strong><em>Very good and close location from Prague.<\/em><\/strong><\/span><\/p><p><span style=\"color: #ff0000\"><strong>I\u2019m not afraid, I want to speak fluently (1-1 session)<\/strong><\/span><\/p><p><a href=\"https:\/\/www.hotelchotoviny.cz\/\">Hotel GOLD****<\/a>, Chotoviny close to the city T\u00e1bor close to Prague<\/p><p>Accommodation in single rooms, occupied by one person, full board, transport, study materials, experience afternoon + course.<\/p><p><strong>TOTAL PRICE: 1499,- Eur<\/strong><\/p><p>Language courses will take place with a minimum of 10 (20) participants. ENGLISHstay z.\u00fa. reserves the right to cancel the training due to insufficient number of participants or other reasons. ENGLISHstay z.\u00fa. reserves the right to change course dates. In these cases, we will offer you alternate terms.<\/p>","_et_gb_content_width":""},"product_brand":[],"product_cat":[64],"product_tag":[],"class_list":{"0":"post-8306","1":"product","2":"type-product","3":"status-publish","4":"has-post-thumbnail","6":"product_cat-courses","8":"first","9":"instock","10":"sale","11":"virtual","12":"purchasable","13":"product-type-simple"},"yoast_head":"<!-- This site is optimized with the Yoast SEO plugin v27.5 - https:\/\/yoast.com\/product\/yoast-seo-wordpress\/ -->\n<title>2. I\u2019m not afraid, I want to speak fluently (1-1) - February 2026 | ENGLISHstay<\/title>\n<meta name=\"robots\" content=\"index, follow, max-snippet:-1, max-image-preview:large, max-video-preview:-1\" \/>\n<link rel=\"canonical\" href=\"https:\/\/www.englishstay.cz\/en\/obchod\/courses\/2-im-not-afraid-i-want-to-speak-fluently-1-1-february-2026\/\" \/>\n<meta property=\"og:locale\" content=\"en_US\" \/>\n<meta property=\"og:type\" content=\"article\" \/>\n<meta property=\"og:title\" content=\"2. I\u2019m not afraid, I want to speak fluently (1-1) - February 2026 | ENGLISHstay\" \/>\n<meta property=\"og:description\" content=\"February\u00a0 15 \u2013 20We supply our own bus from Prague to the venue.Very good and close location from Prague.The price includes 70 hours of English conversation within 6 days. Accomodation (in a single \/ double room or hotel wellness), full board plus refreshments throughout the stay, all for you and your lecturer. You will enjoy afternoon trip with English-speaking guide and all the necessary study materials are included too. Transport by own bus from Prague to the place of stay and back is provided. We offer 24h service of the hotel and service of our nice coordinators from the ENGLISHstay team.\" \/>\n<meta property=\"og:url\" content=\"https:\/\/www.englishstay.cz\/en\/obchod\/courses\/2-im-not-afraid-i-want-to-speak-fluently-1-1-february-2026\/\" \/>\n<meta property=\"og:site_name\" content=\"ENGLISHstay\" \/>\n<meta property=\"article:publisher\" content=\"https:\/\/www.facebook.com\/kurzyanglictiny\/\" \/>\n<meta property=\"article:modified_time\" content=\"2025-09-08T17:44:14+00:00\" \/>\n<meta property=\"og:image\" content=\"https:\/\/www.englishstay.cz\/media\/2024\/09\/63182027-3279-4f71-a5cd-883b03986541.jpg\" \/>\n\t<meta property=\"og:image:width\" content=\"1123\" \/>\n\t<meta property=\"og:image:height\" content=\"1600\" \/>\n\t<meta property=\"og:image:type\" content=\"image\/jpeg\" \/>\n<meta name=\"twitter:card\" content=\"summary_large_image\" \/>\n<meta name=\"twitter:site\" content=\"@ENGLISHstay\" \/>\n<meta name=\"twitter:label1\" content=\"Est. reading time\" \/>\n\t<meta name=\"twitter:data1\" content=\"4 minutes\" \/>\n<script type=\"application\/ld+json\" class=\"yoast-schema-graph\">{\"@context\":\"https:\\\/\\\/schema.org\",\"@graph\":[{\"@type\":\"WebPage\",\"@id\":\"https:\\\/\\\/www.englishstay.cz\\\/en\\\/obchod\\\/courses\\\/2-im-not-afraid-i-want-to-speak-fluently-1-1-february-2026\\\/\",\"url\":\"https:\\\/\\\/www.englishstay.cz\\\/en\\\/obchod\\\/courses\\\/2-im-not-afraid-i-want-to-speak-fluently-1-1-february-2026\\\/\",\"name\":\"2. I\u2019m not afraid, I want to speak fluently (1-1) - February 2026 | ENGLISHstay\",\"isPartOf\":{\"@id\":\"https:\\\/\\\/www.englishstay.cz\\\/de\\\/#website\"},\"primaryImageOfPage\":{\"@id\":\"https:\\\/\\\/www.englishstay.cz\\\/en\\\/obchod\\\/courses\\\/2-im-not-afraid-i-want-to-speak-fluently-1-1-february-2026\\\/#primaryimage\"},\"image\":{\"@id\":\"https:\\\/\\\/www.englishstay.cz\\\/en\\\/obchod\\\/courses\\\/2-im-not-afraid-i-want-to-speak-fluently-1-1-february-2026\\\/#primaryimage\"},\"thumbnailUrl\":\"\\\/media\\\/2024\\\/09\\\/63182027-3279-4f71-a5cd-883b03986541.jpg\",\"datePublished\":\"2018-07-11T12:31:54+00:00\",\"dateModified\":\"2025-09-08T17:44:14+00:00\",\"breadcrumb\":{\"@id\":\"https:\\\/\\\/www.englishstay.cz\\\/en\\\/obchod\\\/courses\\\/2-im-not-afraid-i-want-to-speak-fluently-1-1-february-2026\\\/#breadcrumb\"},\"inLanguage\":\"en-US\",\"potentialAction\":[{\"@type\":\"ReadAction\",\"target\":[\"https:\\\/\\\/www.englishstay.cz\\\/en\\\/obchod\\\/courses\\\/2-im-not-afraid-i-want-to-speak-fluently-1-1-february-2026\\\/\"]}]},{\"@type\":\"ImageObject\",\"inLanguage\":\"en-US\",\"@id\":\"https:\\\/\\\/www.englishstay.cz\\\/en\\\/obchod\\\/courses\\\/2-im-not-afraid-i-want-to-speak-fluently-1-1-february-2026\\\/#primaryimage\",\"url\":\"\\\/media\\\/2024\\\/09\\\/63182027-3279-4f71-a5cd-883b03986541.jpg\",\"contentUrl\":\"\\\/media\\\/2024\\\/09\\\/63182027-3279-4f71-a5cd-883b03986541.jpg\",\"width\":1123,\"height\":1600,\"caption\":\"angli\u010dtina Praha\"},{\"@type\":\"BreadcrumbList\",\"@id\":\"https:\\\/\\\/www.englishstay.cz\\\/en\\\/obchod\\\/courses\\\/2-im-not-afraid-i-want-to-speak-fluently-1-1-february-2026\\\/#breadcrumb\",\"itemListElement\":[{\"@type\":\"ListItem\",\"position\":1,\"name\":\"Dom\u016f\",\"item\":\"https:\\\/\\\/www.englishstay.cz\\\/en\\\/\"},{\"@type\":\"ListItem\",\"position\":2,\"name\":\"Shop\",\"item\":\"https:\\\/\\\/www.englishstay.cz\\\/en\\\/shop\\\/\"},{\"@type\":\"ListItem\",\"position\":3,\"name\":\"2. I\u2019m not afraid, I want to speak fluently (1-1) &#8211; February 2026\"}]},{\"@type\":\"WebSite\",\"@id\":\"https:\\\/\\\/www.englishstay.cz\\\/de\\\/#website\",\"url\":\"https:\\\/\\\/www.englishstay.cz\\\/de\\\/\",\"name\":\"ENGLISHstay\",\"description\":\"Intenzivn\u00ed kurzy angli\u010dtiny s rodil\u00fdm mluv\u010d\u00edm\",\"potentialAction\":[{\"@type\":\"SearchAction\",\"target\":{\"@type\":\"EntryPoint\",\"urlTemplate\":\"https:\\\/\\\/www.englishstay.cz\\\/de\\\/?s={search_term_string}\"},\"query-input\":{\"@type\":\"PropertyValueSpecification\",\"valueRequired\":true,\"valueName\":\"search_term_string\"}}],\"inLanguage\":\"en-US\"}]}<\/script>\n<!-- \/ Yoast SEO plugin. -->","yoast_head_json":{"title":"2. I\u2019m not afraid, I want to speak fluently (1-1) - February 2026 | ENGLISHstay","robots":{"index":"index","follow":"follow","max-snippet":"max-snippet:-1","max-image-preview":"max-image-preview:large","max-video-preview":"max-video-preview:-1"},"canonical":"https:\/\/www.englishstay.cz\/en\/obchod\/courses\/2-im-not-afraid-i-want-to-speak-fluently-1-1-february-2026\/","og_locale":"en_US","og_type":"article","og_title":"2. I\u2019m not afraid, I want to speak fluently (1-1) - February 2026 | ENGLISHstay","og_description":"February\u00a0 15 \u2013 20We supply our own bus from Prague to the venue.Very good and close location from Prague.The price includes 70 hours of English conversation within 6 days. Accomodation (in a single \/ double room or hotel wellness), full board plus refreshments throughout the stay, all for you and your lecturer. You will enjoy afternoon trip with English-speaking guide and all the necessary study materials are included too. Transport by own bus from Prague to the place of stay and back is provided. We offer 24h service of the hotel and service of our nice coordinators from the ENGLISHstay team.","og_url":"https:\/\/www.englishstay.cz\/en\/obchod\/courses\/2-im-not-afraid-i-want-to-speak-fluently-1-1-february-2026\/","og_site_name":"ENGLISHstay","article_publisher":"https:\/\/www.facebook.com\/kurzyanglictiny\/","article_modified_time":"2025-09-08T17:44:14+00:00","og_image":[{"width":1123,"height":1600,"url":"https:\/\/www.englishstay.cz\/media\/2024\/09\/63182027-3279-4f71-a5cd-883b03986541.jpg","type":"image\/jpeg"}],"twitter_card":"summary_large_image","twitter_site":"@ENGLISHstay","twitter_misc":{"Est. reading time":"4 minutes"},"schema":{"@context":"https:\/\/schema.org","@graph":[{"@type":"WebPage","@id":"https:\/\/www.englishstay.cz\/en\/obchod\/courses\/2-im-not-afraid-i-want-to-speak-fluently-1-1-february-2026\/","url":"https:\/\/www.englishstay.cz\/en\/obchod\/courses\/2-im-not-afraid-i-want-to-speak-fluently-1-1-february-2026\/","name":"2. I\u2019m not afraid, I want to speak fluently (1-1) - February 2026 | ENGLISHstay","isPartOf":{"@id":"https:\/\/www.englishstay.cz\/de\/#website"},"primaryImageOfPage":{"@id":"https:\/\/www.englishstay.cz\/en\/obchod\/courses\/2-im-not-afraid-i-want-to-speak-fluently-1-1-february-2026\/#primaryimage"},"image":{"@id":"https:\/\/www.englishstay.cz\/en\/obchod\/courses\/2-im-not-afraid-i-want-to-speak-fluently-1-1-february-2026\/#primaryimage"},"thumbnailUrl":"\/media\/2024\/09\/63182027-3279-4f71-a5cd-883b03986541.jpg","datePublished":"2018-07-11T12:31:54+00:00","dateModified":"2025-09-08T17:44:14+00:00","breadcrumb":{"@id":"https:\/\/www.englishstay.cz\/en\/obchod\/courses\/2-im-not-afraid-i-want-to-speak-fluently-1-1-february-2026\/#breadcrumb"},"inLanguage":"en-US","potentialAction":[{"@type":"ReadAction","target":["https:\/\/www.englishstay.cz\/en\/obchod\/courses\/2-im-not-afraid-i-want-to-speak-fluently-1-1-february-2026\/"]}]},{"@type":"ImageObject","inLanguage":"en-US","@id":"https:\/\/www.englishstay.cz\/en\/obchod\/courses\/2-im-not-afraid-i-want-to-speak-fluently-1-1-february-2026\/#primaryimage","url":"\/media\/2024\/09\/63182027-3279-4f71-a5cd-883b03986541.jpg","contentUrl":"\/media\/2024\/09\/63182027-3279-4f71-a5cd-883b03986541.jpg","width":1123,"height":1600,"caption":"angli\u010dtina Praha"},{"@type":"BreadcrumbList","@id":"https:\/\/www.englishstay.cz\/en\/obchod\/courses\/2-im-not-afraid-i-want-to-speak-fluently-1-1-february-2026\/#breadcrumb","itemListElement":[{"@type":"ListItem","position":1,"name":"Dom\u016f","item":"https:\/\/www.englishstay.cz\/en\/"},{"@type":"ListItem","position":2,"name":"Shop","item":"https:\/\/www.englishstay.cz\/en\/shop\/"},{"@type":"ListItem","position":3,"name":"2. I\u2019m not afraid, I want to speak fluently (1-1) &#8211; February 2026"}]},{"@type":"WebSite","@id":"https:\/\/www.englishstay.cz\/de\/#website","url":"https:\/\/www.englishstay.cz\/de\/","name":"ENGLISHstay","description":"Intenzivn\u00ed kurzy angli\u010dtiny s rodil\u00fdm mluv\u010d\u00edm","potentialAction":[{"@type":"SearchAction","target":{"@type":"EntryPoint","urlTemplate":"https:\/\/www.englishstay.cz\/de\/?s={search_term_string}"},"query-input":{"@type":"PropertyValueSpecification","valueRequired":true,"valueName":"search_term_string"}}],"inLanguage":"en-US"}]}},"_links":{"self":[{"href":"https:\/\/www.englishstay.cz\/en\/wp-json\/wp\/v2\/product\/8306","targetHints":{"allow":["GET"]}}],"collection":[{"href":"https:\/\/www.englishstay.cz\/en\/wp-json\/wp\/v2\/product"}],"about":[{"href":"https:\/\/www.englishstay.cz\/en\/wp-json\/wp\/v2\/types\/product"}],"wp:featuredmedia":[{"embeddable":true,"href":"https:\/\/www.englishstay.cz\/en\/wp-json\/wp\/v2\/media\/12789"}],"wp:attachment":[{"href":"https:\/\/www.englishstay.cz\/en\/wp-json\/wp\/v2\/media?parent=8306"}],"wp:term":[{"taxonomy":"product_brand","embeddable":true,"href":"https:\/\/www.englishstay.cz\/en\/wp-json\/wp\/v2\/product_brand?post=8306"},{"taxonomy":"product_cat","embeddable":true,"href":"https:\/\/www.englishstay.cz\/en\/wp-json\/wp\/v2\/product_cat?post=8306"},{"taxonomy":"product_tag","embeddable":true,"href":"https:\/\/www.englishstay.cz\/en\/wp-json\/wp\/v2\/product_tag?post=8306"}],"curies":[{"name":"wp","href":"https:\/\/api.w.org\/{rel}","templated":true}]}}