{"id":10411,"date":"2019-06-17T10:26:53","date_gmt":"2019-06-17T08:26:53","guid":{"rendered":"https:\/\/englishstay.cz\/?post_type=product&#038;p=10411"},"modified":"2019-06-21T09:26:04","modified_gmt":"2019-06-21T07:26:04","slug":"ladies-t-shirt-basic-dark-gray-melange-with-logo-englishstay","status":"publish","type":"product","link":"https:\/\/www.englishstay.cz\/en\/obchod\/clothes\/ladies-t-shirt-basic-dark-gray-melange-with-logo-englishstay\/","title":{"rendered":"Ladies T-shirt Basic dark gray melange with logo ENGLISHstay"},"content":{"rendered":"<p><strong>Basic product information:<\/strong><\/p>\n<ul>\n<li>slight fit cut with side seams<\/li>\n<li>narrow 1:1 rib knit neckline hem with 5 % elastane<\/li>\n<li>inner back neckline with a shell fabric tape<\/li>\n<li>fixing shoulder seams<\/li>\n<li>silicone finish<\/li>\n<\/ul>\n<div>\n<p><strong>Grammage:\u00a0<\/strong>160 g\/m2\u00a0<br \/><strong>Label:<\/strong>\u00a0Satin<br \/><strong>Washable at:<\/strong>\u00a040 \u00b0C<br \/><strong>Specification:<\/strong>\u00a085 % cotton15 % viscose<\/p>\n<\/div>\n<span class=\"et_bloom_bottom_trigger\"><\/span>","protected":false},"excerpt":{"rendered":"<p><strong>Basic product information:<\/strong><\/p>\n<ul>\n<li>slight fit cut with side seams<\/li>\n<li>narrow 1:1 rib knit neckline hem with 5 % elastane<\/li>\n<li>inner back neckline with a shell fabric tape<\/li>\n<li>fixing shoulder seams<\/li>\n<li>silicone finish<\/li>\n<\/ul>\n","protected":false},"featured_media":10366,"template":"","meta":{"_et_pb_use_builder":"","_et_pb_old_content":"","_et_gb_content_width":""},"product_brand":[],"product_cat":[91],"product_tag":[],"class_list":{"0":"post-10411","1":"product","2":"type-product","3":"status-publish","4":"has-post-thumbnail","6":"product_cat-clothes","7":"product_shipping_class-fyzicke-produkty-en","9":"first","10":"instock","11":"shipping-taxable","12":"purchasable","13":"product-type-variable"},"yoast_head":"<!-- This site is optimized with the Yoast SEO plugin v26.4 - https:\/\/yoast.com\/wordpress\/plugins\/seo\/ -->\n<title>Ladies T-shirt Basic dark gray melange with logo ENGLISHstay | ENGLISHstay<\/title>\n<meta name=\"robots\" content=\"index, follow, max-snippet:-1, max-image-preview:large, max-video-preview:-1\" \/>\n<link rel=\"canonical\" href=\"https:\/\/www.englishstay.cz\/en\/obchod\/clothes\/ladies-t-shirt-basic-dark-gray-melange-with-logo-englishstay\/\" \/>\n<meta property=\"og:locale\" content=\"en_US\" \/>\n<meta property=\"og:type\" content=\"article\" \/>\n<meta property=\"og:title\" content=\"Ladies T-shirt Basic dark gray melange with logo ENGLISHstay | ENGLISHstay\" \/>\n<meta property=\"og:description\" content=\"Basic product information:slight fit cut with side seamsnarrow 1:1 rib knit neckline hem with 5 % elastaneinner back neckline with a shell fabric tapefixing shoulder seamssilicone finish\" \/>\n<meta property=\"og:url\" content=\"https:\/\/www.englishstay.cz\/en\/obchod\/clothes\/ladies-t-shirt-basic-dark-gray-melange-with-logo-englishstay\/\" \/>\n<meta property=\"og:site_name\" content=\"ENGLISHstay\" \/>\n<meta property=\"article:publisher\" content=\"https:\/\/www.facebook.com\/kurzyanglictiny\/\" \/>\n<meta property=\"article:modified_time\" content=\"2019-06-21T07:26:04+00:00\" \/>\n<meta property=\"og:image\" content=\"https:\/\/www.englishstay.cz\/media\/2019\/06\/damsketriko.jpg\" \/>\n\t<meta property=\"og:image:width\" content=\"1647\" \/>\n\t<meta property=\"og:image:height\" content=\"1280\" \/>\n\t<meta property=\"og:image:type\" content=\"image\/jpeg\" \/>\n<meta name=\"twitter:card\" content=\"summary_large_image\" \/>\n<meta name=\"twitter:site\" content=\"@ENGLISHstay\" \/>\n<script type=\"application\/ld+json\" class=\"yoast-schema-graph\">{\"@context\":\"https:\/\/schema.org\",\"@graph\":[{\"@type\":\"WebPage\",\"@id\":\"https:\/\/www.englishstay.cz\/en\/obchod\/clothes\/ladies-t-shirt-basic-dark-gray-melange-with-logo-englishstay\/\",\"url\":\"https:\/\/www.englishstay.cz\/en\/obchod\/clothes\/ladies-t-shirt-basic-dark-gray-melange-with-logo-englishstay\/\",\"name\":\"Ladies T-shirt Basic dark gray melange with logo ENGLISHstay | ENGLISHstay\",\"isPartOf\":{\"@id\":\"https:\/\/www.englishstay.cz\/de\/#website\"},\"primaryImageOfPage\":{\"@id\":\"https:\/\/www.englishstay.cz\/en\/obchod\/clothes\/ladies-t-shirt-basic-dark-gray-melange-with-logo-englishstay\/#primaryimage\"},\"image\":{\"@id\":\"https:\/\/www.englishstay.cz\/en\/obchod\/clothes\/ladies-t-shirt-basic-dark-gray-melange-with-logo-englishstay\/#primaryimage\"},\"thumbnailUrl\":\"\/media\/2019\/06\/damsketriko.jpg\",\"datePublished\":\"2019-06-17T08:26:53+00:00\",\"dateModified\":\"2019-06-21T07:26:04+00:00\",\"breadcrumb\":{\"@id\":\"https:\/\/www.englishstay.cz\/en\/obchod\/clothes\/ladies-t-shirt-basic-dark-gray-melange-with-logo-englishstay\/#breadcrumb\"},\"inLanguage\":\"en-US\",\"potentialAction\":[{\"@type\":\"ReadAction\",\"target\":[\"https:\/\/www.englishstay.cz\/en\/obchod\/clothes\/ladies-t-shirt-basic-dark-gray-melange-with-logo-englishstay\/\"]}]},{\"@type\":\"ImageObject\",\"inLanguage\":\"en-US\",\"@id\":\"https:\/\/www.englishstay.cz\/en\/obchod\/clothes\/ladies-t-shirt-basic-dark-gray-melange-with-logo-englishstay\/#primaryimage\",\"url\":\"\/media\/2019\/06\/damsketriko.jpg\",\"contentUrl\":\"\/media\/2019\/06\/damsketriko.jpg\",\"width\":1647,\"height\":1280},{\"@type\":\"BreadcrumbList\",\"@id\":\"https:\/\/www.englishstay.cz\/en\/obchod\/clothes\/ladies-t-shirt-basic-dark-gray-melange-with-logo-englishstay\/#breadcrumb\",\"itemListElement\":[{\"@type\":\"ListItem\",\"position\":1,\"name\":\"Dom\u016f\",\"item\":\"https:\/\/www.englishstay.cz\/en\/\"},{\"@type\":\"ListItem\",\"position\":2,\"name\":\"Shop\",\"item\":\"https:\/\/www.englishstay.cz\/en\/shop\/\"},{\"@type\":\"ListItem\",\"position\":3,\"name\":\"Ladies T-shirt Basic dark gray melange with logo ENGLISHstay\"}]},{\"@type\":\"WebSite\",\"@id\":\"https:\/\/www.englishstay.cz\/de\/#website\",\"url\":\"https:\/\/www.englishstay.cz\/de\/\",\"name\":\"ENGLISHstay\",\"description\":\"Intenzivn\u00ed kurzy angli\u010dtiny s rodil\u00fdm mluv\u010d\u00edm\",\"potentialAction\":[{\"@type\":\"SearchAction\",\"target\":{\"@type\":\"EntryPoint\",\"urlTemplate\":\"https:\/\/www.englishstay.cz\/de\/?s={search_term_string}\"},\"query-input\":{\"@type\":\"PropertyValueSpecification\",\"valueRequired\":true,\"valueName\":\"search_term_string\"}}],\"inLanguage\":\"en-US\"}]}<\/script>\n<!-- \/ Yoast SEO plugin. -->","yoast_head_json":{"title":"Ladies T-shirt Basic dark gray melange with logo ENGLISHstay | ENGLISHstay","robots":{"index":"index","follow":"follow","max-snippet":"max-snippet:-1","max-image-preview":"max-image-preview:large","max-video-preview":"max-video-preview:-1"},"canonical":"https:\/\/www.englishstay.cz\/en\/obchod\/clothes\/ladies-t-shirt-basic-dark-gray-melange-with-logo-englishstay\/","og_locale":"en_US","og_type":"article","og_title":"Ladies T-shirt Basic dark gray melange with logo ENGLISHstay | ENGLISHstay","og_description":"Basic product information:slight fit cut with side seamsnarrow 1:1 rib knit neckline hem with 5 % elastaneinner back neckline with a shell fabric tapefixing shoulder seamssilicone finish","og_url":"https:\/\/www.englishstay.cz\/en\/obchod\/clothes\/ladies-t-shirt-basic-dark-gray-melange-with-logo-englishstay\/","og_site_name":"ENGLISHstay","article_publisher":"https:\/\/www.facebook.com\/kurzyanglictiny\/","article_modified_time":"2019-06-21T07:26:04+00:00","og_image":[{"width":1647,"height":1280,"url":"https:\/\/www.englishstay.cz\/media\/2019\/06\/damsketriko.jpg","type":"image\/jpeg"}],"twitter_card":"summary_large_image","twitter_site":"@ENGLISHstay","schema":{"@context":"https:\/\/schema.org","@graph":[{"@type":"WebPage","@id":"https:\/\/www.englishstay.cz\/en\/obchod\/clothes\/ladies-t-shirt-basic-dark-gray-melange-with-logo-englishstay\/","url":"https:\/\/www.englishstay.cz\/en\/obchod\/clothes\/ladies-t-shirt-basic-dark-gray-melange-with-logo-englishstay\/","name":"Ladies T-shirt Basic dark gray melange with logo ENGLISHstay | ENGLISHstay","isPartOf":{"@id":"https:\/\/www.englishstay.cz\/de\/#website"},"primaryImageOfPage":{"@id":"https:\/\/www.englishstay.cz\/en\/obchod\/clothes\/ladies-t-shirt-basic-dark-gray-melange-with-logo-englishstay\/#primaryimage"},"image":{"@id":"https:\/\/www.englishstay.cz\/en\/obchod\/clothes\/ladies-t-shirt-basic-dark-gray-melange-with-logo-englishstay\/#primaryimage"},"thumbnailUrl":"\/media\/2019\/06\/damsketriko.jpg","datePublished":"2019-06-17T08:26:53+00:00","dateModified":"2019-06-21T07:26:04+00:00","breadcrumb":{"@id":"https:\/\/www.englishstay.cz\/en\/obchod\/clothes\/ladies-t-shirt-basic-dark-gray-melange-with-logo-englishstay\/#breadcrumb"},"inLanguage":"en-US","potentialAction":[{"@type":"ReadAction","target":["https:\/\/www.englishstay.cz\/en\/obchod\/clothes\/ladies-t-shirt-basic-dark-gray-melange-with-logo-englishstay\/"]}]},{"@type":"ImageObject","inLanguage":"en-US","@id":"https:\/\/www.englishstay.cz\/en\/obchod\/clothes\/ladies-t-shirt-basic-dark-gray-melange-with-logo-englishstay\/#primaryimage","url":"\/media\/2019\/06\/damsketriko.jpg","contentUrl":"\/media\/2019\/06\/damsketriko.jpg","width":1647,"height":1280},{"@type":"BreadcrumbList","@id":"https:\/\/www.englishstay.cz\/en\/obchod\/clothes\/ladies-t-shirt-basic-dark-gray-melange-with-logo-englishstay\/#breadcrumb","itemListElement":[{"@type":"ListItem","position":1,"name":"Dom\u016f","item":"https:\/\/www.englishstay.cz\/en\/"},{"@type":"ListItem","position":2,"name":"Shop","item":"https:\/\/www.englishstay.cz\/en\/shop\/"},{"@type":"ListItem","position":3,"name":"Ladies T-shirt Basic dark gray melange with logo ENGLISHstay"}]},{"@type":"WebSite","@id":"https:\/\/www.englishstay.cz\/de\/#website","url":"https:\/\/www.englishstay.cz\/de\/","name":"ENGLISHstay","description":"Intenzivn\u00ed kurzy angli\u010dtiny s rodil\u00fdm mluv\u010d\u00edm","potentialAction":[{"@type":"SearchAction","target":{"@type":"EntryPoint","urlTemplate":"https:\/\/www.englishstay.cz\/de\/?s={search_term_string}"},"query-input":{"@type":"PropertyValueSpecification","valueRequired":true,"valueName":"search_term_string"}}],"inLanguage":"en-US"}]}},"_links":{"self":[{"href":"https:\/\/www.englishstay.cz\/en\/wp-json\/wp\/v2\/product\/10411","targetHints":{"allow":["GET"]}}],"collection":[{"href":"https:\/\/www.englishstay.cz\/en\/wp-json\/wp\/v2\/product"}],"about":[{"href":"https:\/\/www.englishstay.cz\/en\/wp-json\/wp\/v2\/types\/product"}],"wp:featuredmedia":[{"embeddable":true,"href":"https:\/\/www.englishstay.cz\/en\/wp-json\/wp\/v2\/media\/10366"}],"wp:attachment":[{"href":"https:\/\/www.englishstay.cz\/en\/wp-json\/wp\/v2\/media?parent=10411"}],"wp:term":[{"taxonomy":"product_brand","embeddable":true,"href":"https:\/\/www.englishstay.cz\/en\/wp-json\/wp\/v2\/product_brand?post=10411"},{"taxonomy":"product_cat","embeddable":true,"href":"https:\/\/www.englishstay.cz\/en\/wp-json\/wp\/v2\/product_cat?post=10411"},{"taxonomy":"product_tag","embeddable":true,"href":"https:\/\/www.englishstay.cz\/en\/wp-json\/wp\/v2\/product_tag?post=10411"}],"curies":[{"name":"wp","href":"https:\/\/api.w.org\/{rel}","templated":true}]}}