{"id":10404,"date":"2019-06-17T10:37:52","date_gmt":"2019-06-17T08:37:52","guid":{"rendered":"https:\/\/englishstay.cz\/?post_type=product&#038;p=10404"},"modified":"2019-06-17T13:51:58","modified_gmt":"2019-06-17T11:51:58","slug":"large-canvas-shopping-bag-carry-natural-with-logo-englishstay","status":"publish","type":"product","link":"https:\/\/www.englishstay.cz\/en\/obchod\/clothes\/large-canvas-shopping-bag-carry-natural-with-logo-englishstay\/","title":{"rendered":"Large canvas shopping bag Carry natural with logo ENGLISHstay"},"content":{"rendered":"<p><strong>Basic product information:<\/strong><\/p>\n<ul>\n<li>large shopping bag made of high quality strong fabric<\/li>\n<li>suitable for printing and embroidery<\/li>\n<li>has two straps for carrying in your hand or over your shoulder<\/li>\n<li>practical and storable, fits in a handbag<\/li>\n<li>43 x 43 x 12 cm, girdle 70 x 2,5 cm<\/li>\n<\/ul>\n<div>\n<p><strong>Specification<\/strong>:\u00a0100% cotton, linen texture<br \/><strong>Size<\/strong>:\u00a043 x 43 x 12 cm<br \/><strong>Grammage:<\/strong>\u00a0280 g\/m2<br \/><strong>Label:<\/strong>\u00a0Satin<br \/><strong>Washable.<\/strong> at: 30 \u00b0C<\/p>\n<\/div>\n<span class=\"et_bloom_bottom_trigger\"><\/span>","protected":false},"excerpt":{"rendered":"<p><strong>Basic product information:<\/strong><\/p>\n<ul>\n<li>large shopping bag made of high quality strong fabric<\/li>\n<li>suitable for printing and embroidery<\/li>\n<li>has two straps for carrying in your hand or over your shoulder<\/li>\n<li>practical and storable, fits in a handbag<\/li>\n<li>43 x 43 x 12 cm, girdle 70 x 2,5 cm<\/li>\n<\/ul>\n","protected":false},"featured_media":10370,"template":"","meta":{"_et_pb_use_builder":"","_et_pb_old_content":"","_et_gb_content_width":""},"product_brand":[],"product_cat":[91],"product_tag":[],"class_list":{"0":"post-10404","1":"product","2":"type-product","3":"status-publish","4":"has-post-thumbnail","6":"product_cat-clothes","7":"product_shipping_class-fyzicke-produkty-en","9":"first","10":"instock","11":"shipping-taxable","12":"purchasable","13":"product-type-simple"},"yoast_head":"<!-- This site is optimized with the Yoast SEO plugin v26.4 - https:\/\/yoast.com\/wordpress\/plugins\/seo\/ -->\n<title>Large canvas shopping bag Carry natural with logo ENGLISHstay | ENGLISHstay<\/title>\n<meta name=\"robots\" content=\"index, follow, max-snippet:-1, max-image-preview:large, max-video-preview:-1\" \/>\n<link rel=\"canonical\" href=\"https:\/\/www.englishstay.cz\/en\/obchod\/clothes\/large-canvas-shopping-bag-carry-natural-with-logo-englishstay\/\" \/>\n<meta property=\"og:locale\" content=\"en_US\" \/>\n<meta property=\"og:type\" content=\"article\" \/>\n<meta property=\"og:title\" content=\"Large canvas shopping bag Carry natural with logo ENGLISHstay | ENGLISHstay\" \/>\n<meta property=\"og:description\" content=\"Basic product information:large shopping bag made of high quality strong fabricsuitable for printing and embroideryhas two straps for carrying in your hand or over your shoulderpractical and storable, fits in a handbag43 x 43 x 12 cm, girdle 70 x 2,5 cm\" \/>\n<meta property=\"og:url\" content=\"https:\/\/www.englishstay.cz\/en\/obchod\/clothes\/large-canvas-shopping-bag-carry-natural-with-logo-englishstay\/\" \/>\n<meta property=\"og:site_name\" content=\"ENGLISHstay\" \/>\n<meta property=\"article:publisher\" content=\"https:\/\/www.facebook.com\/kurzyanglictiny\/\" \/>\n<meta property=\"article:modified_time\" content=\"2019-06-17T11:51:58+00:00\" \/>\n<meta property=\"og:image\" content=\"https:\/\/www.englishstay.cz\/media\/2019\/06\/taska.jpg\" \/>\n\t<meta property=\"og:image:width\" content=\"1647\" \/>\n\t<meta property=\"og:image:height\" content=\"1280\" \/>\n\t<meta property=\"og:image:type\" content=\"image\/jpeg\" \/>\n<meta name=\"twitter:card\" content=\"summary_large_image\" \/>\n<meta name=\"twitter:site\" content=\"@ENGLISHstay\" \/>\n<script type=\"application\/ld+json\" class=\"yoast-schema-graph\">{\"@context\":\"https:\/\/schema.org\",\"@graph\":[{\"@type\":\"WebPage\",\"@id\":\"https:\/\/www.englishstay.cz\/en\/obchod\/clothes\/large-canvas-shopping-bag-carry-natural-with-logo-englishstay\/\",\"url\":\"https:\/\/www.englishstay.cz\/en\/obchod\/clothes\/large-canvas-shopping-bag-carry-natural-with-logo-englishstay\/\",\"name\":\"Large canvas shopping bag Carry natural with logo ENGLISHstay | ENGLISHstay\",\"isPartOf\":{\"@id\":\"https:\/\/www.englishstay.cz\/de\/#website\"},\"primaryImageOfPage\":{\"@id\":\"https:\/\/www.englishstay.cz\/en\/obchod\/clothes\/large-canvas-shopping-bag-carry-natural-with-logo-englishstay\/#primaryimage\"},\"image\":{\"@id\":\"https:\/\/www.englishstay.cz\/en\/obchod\/clothes\/large-canvas-shopping-bag-carry-natural-with-logo-englishstay\/#primaryimage\"},\"thumbnailUrl\":\"\/media\/2019\/06\/taska.jpg\",\"datePublished\":\"2019-06-17T08:37:52+00:00\",\"dateModified\":\"2019-06-17T11:51:58+00:00\",\"breadcrumb\":{\"@id\":\"https:\/\/www.englishstay.cz\/en\/obchod\/clothes\/large-canvas-shopping-bag-carry-natural-with-logo-englishstay\/#breadcrumb\"},\"inLanguage\":\"en-US\",\"potentialAction\":[{\"@type\":\"ReadAction\",\"target\":[\"https:\/\/www.englishstay.cz\/en\/obchod\/clothes\/large-canvas-shopping-bag-carry-natural-with-logo-englishstay\/\"]}]},{\"@type\":\"ImageObject\",\"inLanguage\":\"en-US\",\"@id\":\"https:\/\/www.englishstay.cz\/en\/obchod\/clothes\/large-canvas-shopping-bag-carry-natural-with-logo-englishstay\/#primaryimage\",\"url\":\"\/media\/2019\/06\/taska.jpg\",\"contentUrl\":\"\/media\/2019\/06\/taska.jpg\",\"width\":1647,\"height\":1280},{\"@type\":\"BreadcrumbList\",\"@id\":\"https:\/\/www.englishstay.cz\/en\/obchod\/clothes\/large-canvas-shopping-bag-carry-natural-with-logo-englishstay\/#breadcrumb\",\"itemListElement\":[{\"@type\":\"ListItem\",\"position\":1,\"name\":\"Dom\u016f\",\"item\":\"https:\/\/www.englishstay.cz\/en\/\"},{\"@type\":\"ListItem\",\"position\":2,\"name\":\"Shop\",\"item\":\"https:\/\/www.englishstay.cz\/en\/shop\/\"},{\"@type\":\"ListItem\",\"position\":3,\"name\":\"Large canvas shopping bag Carry natural with logo ENGLISHstay\"}]},{\"@type\":\"WebSite\",\"@id\":\"https:\/\/www.englishstay.cz\/de\/#website\",\"url\":\"https:\/\/www.englishstay.cz\/de\/\",\"name\":\"ENGLISHstay\",\"description\":\"Intenzivn\u00ed kurzy angli\u010dtiny s rodil\u00fdm mluv\u010d\u00edm\",\"potentialAction\":[{\"@type\":\"SearchAction\",\"target\":{\"@type\":\"EntryPoint\",\"urlTemplate\":\"https:\/\/www.englishstay.cz\/de\/?s={search_term_string}\"},\"query-input\":{\"@type\":\"PropertyValueSpecification\",\"valueRequired\":true,\"valueName\":\"search_term_string\"}}],\"inLanguage\":\"en-US\"}]}<\/script>\n<!-- \/ Yoast SEO plugin. -->","yoast_head_json":{"title":"Large canvas shopping bag Carry natural with logo ENGLISHstay | ENGLISHstay","robots":{"index":"index","follow":"follow","max-snippet":"max-snippet:-1","max-image-preview":"max-image-preview:large","max-video-preview":"max-video-preview:-1"},"canonical":"https:\/\/www.englishstay.cz\/en\/obchod\/clothes\/large-canvas-shopping-bag-carry-natural-with-logo-englishstay\/","og_locale":"en_US","og_type":"article","og_title":"Large canvas shopping bag Carry natural with logo ENGLISHstay | ENGLISHstay","og_description":"Basic product information:large shopping bag made of high quality strong fabricsuitable for printing and embroideryhas two straps for carrying in your hand or over your shoulderpractical and storable, fits in a handbag43 x 43 x 12 cm, girdle 70 x 2,5 cm","og_url":"https:\/\/www.englishstay.cz\/en\/obchod\/clothes\/large-canvas-shopping-bag-carry-natural-with-logo-englishstay\/","og_site_name":"ENGLISHstay","article_publisher":"https:\/\/www.facebook.com\/kurzyanglictiny\/","article_modified_time":"2019-06-17T11:51:58+00:00","og_image":[{"width":1647,"height":1280,"url":"https:\/\/www.englishstay.cz\/media\/2019\/06\/taska.jpg","type":"image\/jpeg"}],"twitter_card":"summary_large_image","twitter_site":"@ENGLISHstay","schema":{"@context":"https:\/\/schema.org","@graph":[{"@type":"WebPage","@id":"https:\/\/www.englishstay.cz\/en\/obchod\/clothes\/large-canvas-shopping-bag-carry-natural-with-logo-englishstay\/","url":"https:\/\/www.englishstay.cz\/en\/obchod\/clothes\/large-canvas-shopping-bag-carry-natural-with-logo-englishstay\/","name":"Large canvas shopping bag Carry natural with logo ENGLISHstay | ENGLISHstay","isPartOf":{"@id":"https:\/\/www.englishstay.cz\/de\/#website"},"primaryImageOfPage":{"@id":"https:\/\/www.englishstay.cz\/en\/obchod\/clothes\/large-canvas-shopping-bag-carry-natural-with-logo-englishstay\/#primaryimage"},"image":{"@id":"https:\/\/www.englishstay.cz\/en\/obchod\/clothes\/large-canvas-shopping-bag-carry-natural-with-logo-englishstay\/#primaryimage"},"thumbnailUrl":"\/media\/2019\/06\/taska.jpg","datePublished":"2019-06-17T08:37:52+00:00","dateModified":"2019-06-17T11:51:58+00:00","breadcrumb":{"@id":"https:\/\/www.englishstay.cz\/en\/obchod\/clothes\/large-canvas-shopping-bag-carry-natural-with-logo-englishstay\/#breadcrumb"},"inLanguage":"en-US","potentialAction":[{"@type":"ReadAction","target":["https:\/\/www.englishstay.cz\/en\/obchod\/clothes\/large-canvas-shopping-bag-carry-natural-with-logo-englishstay\/"]}]},{"@type":"ImageObject","inLanguage":"en-US","@id":"https:\/\/www.englishstay.cz\/en\/obchod\/clothes\/large-canvas-shopping-bag-carry-natural-with-logo-englishstay\/#primaryimage","url":"\/media\/2019\/06\/taska.jpg","contentUrl":"\/media\/2019\/06\/taska.jpg","width":1647,"height":1280},{"@type":"BreadcrumbList","@id":"https:\/\/www.englishstay.cz\/en\/obchod\/clothes\/large-canvas-shopping-bag-carry-natural-with-logo-englishstay\/#breadcrumb","itemListElement":[{"@type":"ListItem","position":1,"name":"Dom\u016f","item":"https:\/\/www.englishstay.cz\/en\/"},{"@type":"ListItem","position":2,"name":"Shop","item":"https:\/\/www.englishstay.cz\/en\/shop\/"},{"@type":"ListItem","position":3,"name":"Large canvas shopping bag Carry natural with logo ENGLISHstay"}]},{"@type":"WebSite","@id":"https:\/\/www.englishstay.cz\/de\/#website","url":"https:\/\/www.englishstay.cz\/de\/","name":"ENGLISHstay","description":"Intenzivn\u00ed kurzy angli\u010dtiny s rodil\u00fdm mluv\u010d\u00edm","potentialAction":[{"@type":"SearchAction","target":{"@type":"EntryPoint","urlTemplate":"https:\/\/www.englishstay.cz\/de\/?s={search_term_string}"},"query-input":{"@type":"PropertyValueSpecification","valueRequired":true,"valueName":"search_term_string"}}],"inLanguage":"en-US"}]}},"_links":{"self":[{"href":"https:\/\/www.englishstay.cz\/en\/wp-json\/wp\/v2\/product\/10404","targetHints":{"allow":["GET"]}}],"collection":[{"href":"https:\/\/www.englishstay.cz\/en\/wp-json\/wp\/v2\/product"}],"about":[{"href":"https:\/\/www.englishstay.cz\/en\/wp-json\/wp\/v2\/types\/product"}],"wp:featuredmedia":[{"embeddable":true,"href":"https:\/\/www.englishstay.cz\/en\/wp-json\/wp\/v2\/media\/10370"}],"wp:attachment":[{"href":"https:\/\/www.englishstay.cz\/en\/wp-json\/wp\/v2\/media?parent=10404"}],"wp:term":[{"taxonomy":"product_brand","embeddable":true,"href":"https:\/\/www.englishstay.cz\/en\/wp-json\/wp\/v2\/product_brand?post=10404"},{"taxonomy":"product_cat","embeddable":true,"href":"https:\/\/www.englishstay.cz\/en\/wp-json\/wp\/v2\/product_cat?post=10404"},{"taxonomy":"product_tag","embeddable":true,"href":"https:\/\/www.englishstay.cz\/en\/wp-json\/wp\/v2\/product_tag?post=10404"}],"curies":[{"name":"wp","href":"https:\/\/api.w.org\/{rel}","templated":true}]}}