{"id":9995,"date":"2018-12-13T15:30:56","date_gmt":"2018-12-13T14:30:56","guid":{"rendered":"https:\/\/englishstay.cz\/?post_type=product&#038;p=9995"},"modified":"2025-10-10T10:54:23","modified_gmt":"2025-10-10T08:54:23","slug":"9-ich-habe-keine-angst-will-endlich-mal-sprechen-1-1-oktober-2026","status":"publish","type":"product","link":"https:\/\/www.englishstay.cz\/de\/obchod\/kurse\/9-ich-habe-keine-angst-will-endlich-mal-sprechen-1-1-oktober-2026\/","title":{"rendered":"9. ICH HABE KEINE ANGST, WILL ENDLICH MAL SPRECHEN (1-1)- Oktober &#8211; 2026"},"content":{"rendered":"<p><span style=\"color: #ff0000;\"><strong>Oktober \u00a04. 10. \u2013 9. 10.<\/strong><\/span><\/p>\n<p><span style=\"color: #3366ff;\"><em><strong>Wir fahren mit eigenem Bus aus Prag nach <span class=\"tlid-translation translation\" lang=\"de\"><span class=\"\" title=\"\">S\u00fcdm\u00e4hren<\/span><\/span>.<br \/><\/strong><\/em><\/span><\/p>\n<p><span style=\"color: #3366ff;\"><em><strong><span lang=\"DE\">Das Urlaubsziel ist f\u00fcr interessierte aus \u00d6sterreich leicht zu schaffen.<\/span><\/strong><\/em><\/span><\/p>\n<p><span style=\"color: #ff0000;\"><strong>ICH HABE KEINE ANGST, WILL ENDLICH MAL SPRECHEN (1-1) = 20 Eur pro Stunde mit einem Muttersprachler<\/strong><\/span><\/p>\n<p><a href=\"https:\/\/www.hotel-anton.cz\/\">Hotel Anto\u0148<\/a>, Tel\u010d (UNESCO)<\/p>\n<p>Unterkunft in Einzelzimmern, belegt von einer Person, Vollpension, Transport, Lernmaterial, Erlebnisnachmittag, <strong>Kursgeb\u00fchr <\/strong><\/p>\n<p><span style=\"color: #ff0000;\"><strong>GESAMTPREIS: 1499 Eur<\/strong><\/span><br \/><strong>(= 20 Eur pro Stunde mit einem Muttersprachler<\/strong><em><strong>. Insgesamt mindestens 70 Stunden Konversation in 6 Tagen!)<\/strong><\/em><\/p>\n<p><a href=\"https:\/\/englishstay.cz\/jazykove-pobyty.asp\"><em>*Sprachkurse<\/em><\/a><em>\u00a0<\/em><em>finden mit mindestens 10 (20) Teilnehmern statt. ENGLISHstay z.\u00fa. beh\u00e4lt sich das Recht vor, den Kurs aus unzureichender Teilnehmerzahl oder aus anderen Gr\u00fcnden abzubrechen. ENGLISHstay z.\u00fa. beh\u00e4lt sich das Recht vor, die Kursbedingungen zu \u00e4ndern. In diesen F\u00e4llen bieten wir Ihnen alternative Bedingungen an. Rabatte k\u00f6nnen nicht mit Vorteilen von beg\u00fcnstigten Unternehmen kombiniert werden.<\/em><\/p>\n<span class=\"et_bloom_bottom_trigger\"><\/span>","protected":false},"excerpt":{"rendered":"<p><strong><span style=\"color: #ff0000;\">Oktober 4. 10. \u2013 9. 10<\/span>.<\/strong><\/p>\n<p><span style=\"color: #3366ff;\"><em><strong>Wir fahren mit eigenem Bus aus Prag nach <span class=\"tlid-translation translation\" lang=\"de\"><span class=\"\" title=\"\">S\u00fcdm\u00e4hren<\/span><\/span>.<br \/><\/strong><\/em><\/span><\/p>\n<p><span style=\"color: #3366ff;\"><em><strong><span lang=\"DE\">Das Urlaubsziel ist f\u00fcr interessierte aus \u00d6sterreich leicht zu schaffen.<\/span><\/strong><\/em><\/span><\/p>\n<p>Der Preis beinhaltet 70 Stunden englische Konversation innerhalb von 6 Tagen. Unterkunft (in einem Einzel- \/ Doppelzimmer), Vollpension sowie Erfrischungen w\u00e4hrend des gesamten Aufenthalts f\u00fcr Sie und Ihren Trainer. Erleben Sie den Nachmittag mit einem Ausflug, begleitet von dem englischsprachigen Reisef\u00fchrer. Sie werden auch alle erforderlichen Lernmaterialien und Unterlagen bekommen. Transport mit eigenem Bus von Prag zum Aufenthaltsort und wieder zur\u00fcck. 24h-Service in dem Hotel. Unsere netten Koordinatoren des ENGLISHstay-Teams werden sich um Sie k\u00fcmmern.<\/p>\n<p>&nbsp;<\/p>\n","protected":false},"featured_media":12630,"template":"","meta":{"_et_pb_use_builder":"","_et_pb_old_content":"","_et_gb_content_width":""},"product_brand":[],"product_cat":[65],"product_tag":[],"class_list":{"0":"post-9995","1":"product","2":"type-product","3":"status-publish","4":"has-post-thumbnail","6":"product_cat-kurse","8":"first","9":"instock","10":"virtual","11":"product-type-simple"},"yoast_head":"<!-- This site is optimized with the Yoast SEO plugin v26.4 - https:\/\/yoast.com\/wordpress\/plugins\/seo\/ -->\n<title>9. ICH HABE KEINE ANGST, WILL ENDLICH MAL SPRECHEN (1-1)- Oktober - 2026 | ENGLISHstay<\/title>\n<meta name=\"robots\" content=\"index, follow, max-snippet:-1, max-image-preview:large, max-video-preview:-1\" \/>\n<link rel=\"canonical\" href=\"https:\/\/www.englishstay.cz\/de\/obchod\/kurse\/9-ich-habe-keine-angst-will-endlich-mal-sprechen-1-1-oktober-2026\/\" \/>\n<meta property=\"og:locale\" content=\"de_DE\" \/>\n<meta property=\"og:type\" content=\"article\" \/>\n<meta property=\"og:title\" content=\"9. ICH HABE KEINE ANGST, WILL ENDLICH MAL SPRECHEN (1-1)- Oktober - 2026 | ENGLISHstay\" \/>\n<meta property=\"og:description\" content=\"Oktober 4. 10. \u2013 9. 10.Wir fahren mit eigenem Bus aus Prag nach S\u00fcdm\u00e4hren.Das Urlaubsziel ist f\u00fcr interessierte aus \u00d6sterreich leicht zu schaffen.Der Preis beinhaltet 70 Stunden englische Konversation innerhalb von 6 Tagen. Unterkunft (in einem Einzel- \/ Doppelzimmer), Vollpension sowie Erfrischungen w\u00e4hrend des gesamten Aufenthalts f\u00fcr Sie und Ihren Trainer. Erleben Sie den Nachmittag mit einem Ausflug, begleitet von dem englischsprachigen Reisef\u00fchrer. Sie werden auch alle erforderlichen Lernmaterialien und Unterlagen bekommen. Transport mit eigenem Bus von Prag zum Aufenthaltsort und wieder zur\u00fcck. 24h-Service in dem Hotel. Unsere netten Koordinatoren des ENGLISHstay-Teams werden sich um Sie k\u00fcmmern.&nbsp;\" \/>\n<meta property=\"og:url\" content=\"https:\/\/www.englishstay.cz\/de\/obchod\/kurse\/9-ich-habe-keine-angst-will-endlich-mal-sprechen-1-1-oktober-2026\/\" \/>\n<meta property=\"og:site_name\" content=\"ENGLISHstay\" \/>\n<meta property=\"article:publisher\" content=\"https:\/\/www.facebook.com\/kurzyanglictiny\/\" \/>\n<meta property=\"article:modified_time\" content=\"2025-10-10T08:54:23+00:00\" \/>\n<meta property=\"og:image\" content=\"https:\/\/www.englishstay.cz\/media\/2023\/10\/IMG_9638-scaled.jpg\" \/>\n\t<meta property=\"og:image:width\" content=\"2048\" \/>\n\t<meta property=\"og:image:height\" content=\"1536\" \/>\n\t<meta property=\"og:image:type\" content=\"image\/jpeg\" \/>\n<meta name=\"twitter:card\" content=\"summary_large_image\" \/>\n<meta name=\"twitter:site\" content=\"@ENGLISHstay\" \/>\n<meta name=\"twitter:label1\" content=\"Gesch\u00e4tzte Lesezeit\" \/>\n\t<meta name=\"twitter:data1\" content=\"1\u00a0Minute\" \/>\n<script type=\"application\/ld+json\" class=\"yoast-schema-graph\">{\"@context\":\"https:\/\/schema.org\",\"@graph\":[{\"@type\":\"WebPage\",\"@id\":\"https:\/\/www.englishstay.cz\/de\/obchod\/kurse\/9-ich-habe-keine-angst-will-endlich-mal-sprechen-1-1-oktober-2026\/\",\"url\":\"https:\/\/www.englishstay.cz\/de\/obchod\/kurse\/9-ich-habe-keine-angst-will-endlich-mal-sprechen-1-1-oktober-2026\/\",\"name\":\"9. ICH HABE KEINE ANGST, WILL ENDLICH MAL SPRECHEN (1-1)- Oktober - 2026 | ENGLISHstay\",\"isPartOf\":{\"@id\":\"https:\/\/www.englishstay.cz\/de\/#website\"},\"primaryImageOfPage\":{\"@id\":\"https:\/\/www.englishstay.cz\/de\/obchod\/kurse\/9-ich-habe-keine-angst-will-endlich-mal-sprechen-1-1-oktober-2026\/#primaryimage\"},\"image\":{\"@id\":\"https:\/\/www.englishstay.cz\/de\/obchod\/kurse\/9-ich-habe-keine-angst-will-endlich-mal-sprechen-1-1-oktober-2026\/#primaryimage\"},\"thumbnailUrl\":\"\/media\/2023\/10\/IMG_9638-scaled.jpg\",\"datePublished\":\"2018-12-13T14:30:56+00:00\",\"dateModified\":\"2025-10-10T08:54:23+00:00\",\"breadcrumb\":{\"@id\":\"https:\/\/www.englishstay.cz\/de\/obchod\/kurse\/9-ich-habe-keine-angst-will-endlich-mal-sprechen-1-1-oktober-2026\/#breadcrumb\"},\"inLanguage\":\"de\",\"potentialAction\":[{\"@type\":\"ReadAction\",\"target\":[\"https:\/\/www.englishstay.cz\/de\/obchod\/kurse\/9-ich-habe-keine-angst-will-endlich-mal-sprechen-1-1-oktober-2026\/\"]}]},{\"@type\":\"ImageObject\",\"inLanguage\":\"de\",\"@id\":\"https:\/\/www.englishstay.cz\/de\/obchod\/kurse\/9-ich-habe-keine-angst-will-endlich-mal-sprechen-1-1-oktober-2026\/#primaryimage\",\"url\":\"\/media\/2023\/10\/IMG_9638-scaled.jpg\",\"contentUrl\":\"\/media\/2023\/10\/IMG_9638-scaled.jpg\",\"width\":2048,\"height\":1536,\"caption\":\"anglicky jazyk\"},{\"@type\":\"BreadcrumbList\",\"@id\":\"https:\/\/www.englishstay.cz\/de\/obchod\/kurse\/9-ich-habe-keine-angst-will-endlich-mal-sprechen-1-1-oktober-2026\/#breadcrumb\",\"itemListElement\":[{\"@type\":\"ListItem\",\"position\":1,\"name\":\"Dom\u016f\",\"item\":\"https:\/\/www.englishstay.cz\/de\/\"},{\"@type\":\"ListItem\",\"position\":2,\"name\":\"Shop\",\"item\":\"https:\/\/www.englishstay.cz\/de\/shop\/\"},{\"@type\":\"ListItem\",\"position\":3,\"name\":\"9. ICH HABE KEINE ANGST, WILL ENDLICH MAL SPRECHEN (1-1)- Oktober &#8211; 2026\"}]},{\"@type\":\"WebSite\",\"@id\":\"https:\/\/www.englishstay.cz\/de\/#website\",\"url\":\"https:\/\/www.englishstay.cz\/de\/\",\"name\":\"ENGLISHstay\",\"description\":\"Intenzivn\u00ed kurzy angli\u010dtiny s rodil\u00fdm mluv\u010d\u00edm\",\"potentialAction\":[{\"@type\":\"SearchAction\",\"target\":{\"@type\":\"EntryPoint\",\"urlTemplate\":\"https:\/\/www.englishstay.cz\/de\/?s={search_term_string}\"},\"query-input\":{\"@type\":\"PropertyValueSpecification\",\"valueRequired\":true,\"valueName\":\"search_term_string\"}}],\"inLanguage\":\"de\"}]}<\/script>\n<!-- \/ Yoast SEO plugin. -->","yoast_head_json":{"title":"9. ICH HABE KEINE ANGST, WILL ENDLICH MAL SPRECHEN (1-1)- Oktober - 2026 | ENGLISHstay","robots":{"index":"index","follow":"follow","max-snippet":"max-snippet:-1","max-image-preview":"max-image-preview:large","max-video-preview":"max-video-preview:-1"},"canonical":"https:\/\/www.englishstay.cz\/de\/obchod\/kurse\/9-ich-habe-keine-angst-will-endlich-mal-sprechen-1-1-oktober-2026\/","og_locale":"de_DE","og_type":"article","og_title":"9. ICH HABE KEINE ANGST, WILL ENDLICH MAL SPRECHEN (1-1)- Oktober - 2026 | ENGLISHstay","og_description":"Oktober 4. 10. \u2013 9. 10.Wir fahren mit eigenem Bus aus Prag nach S\u00fcdm\u00e4hren.Das Urlaubsziel ist f\u00fcr interessierte aus \u00d6sterreich leicht zu schaffen.Der Preis beinhaltet 70 Stunden englische Konversation innerhalb von 6 Tagen. Unterkunft (in einem Einzel- \/ Doppelzimmer), Vollpension sowie Erfrischungen w\u00e4hrend des gesamten Aufenthalts f\u00fcr Sie und Ihren Trainer. Erleben Sie den Nachmittag mit einem Ausflug, begleitet von dem englischsprachigen Reisef\u00fchrer. Sie werden auch alle erforderlichen Lernmaterialien und Unterlagen bekommen. Transport mit eigenem Bus von Prag zum Aufenthaltsort und wieder zur\u00fcck. 24h-Service in dem Hotel. Unsere netten Koordinatoren des ENGLISHstay-Teams werden sich um Sie k\u00fcmmern.&nbsp;","og_url":"https:\/\/www.englishstay.cz\/de\/obchod\/kurse\/9-ich-habe-keine-angst-will-endlich-mal-sprechen-1-1-oktober-2026\/","og_site_name":"ENGLISHstay","article_publisher":"https:\/\/www.facebook.com\/kurzyanglictiny\/","article_modified_time":"2025-10-10T08:54:23+00:00","og_image":[{"width":2048,"height":1536,"url":"https:\/\/www.englishstay.cz\/media\/2023\/10\/IMG_9638-scaled.jpg","type":"image\/jpeg"}],"twitter_card":"summary_large_image","twitter_site":"@ENGLISHstay","twitter_misc":{"Gesch\u00e4tzte Lesezeit":"1\u00a0Minute"},"schema":{"@context":"https:\/\/schema.org","@graph":[{"@type":"WebPage","@id":"https:\/\/www.englishstay.cz\/de\/obchod\/kurse\/9-ich-habe-keine-angst-will-endlich-mal-sprechen-1-1-oktober-2026\/","url":"https:\/\/www.englishstay.cz\/de\/obchod\/kurse\/9-ich-habe-keine-angst-will-endlich-mal-sprechen-1-1-oktober-2026\/","name":"9. ICH HABE KEINE ANGST, WILL ENDLICH MAL SPRECHEN (1-1)- Oktober - 2026 | ENGLISHstay","isPartOf":{"@id":"https:\/\/www.englishstay.cz\/de\/#website"},"primaryImageOfPage":{"@id":"https:\/\/www.englishstay.cz\/de\/obchod\/kurse\/9-ich-habe-keine-angst-will-endlich-mal-sprechen-1-1-oktober-2026\/#primaryimage"},"image":{"@id":"https:\/\/www.englishstay.cz\/de\/obchod\/kurse\/9-ich-habe-keine-angst-will-endlich-mal-sprechen-1-1-oktober-2026\/#primaryimage"},"thumbnailUrl":"\/media\/2023\/10\/IMG_9638-scaled.jpg","datePublished":"2018-12-13T14:30:56+00:00","dateModified":"2025-10-10T08:54:23+00:00","breadcrumb":{"@id":"https:\/\/www.englishstay.cz\/de\/obchod\/kurse\/9-ich-habe-keine-angst-will-endlich-mal-sprechen-1-1-oktober-2026\/#breadcrumb"},"inLanguage":"de","potentialAction":[{"@type":"ReadAction","target":["https:\/\/www.englishstay.cz\/de\/obchod\/kurse\/9-ich-habe-keine-angst-will-endlich-mal-sprechen-1-1-oktober-2026\/"]}]},{"@type":"ImageObject","inLanguage":"de","@id":"https:\/\/www.englishstay.cz\/de\/obchod\/kurse\/9-ich-habe-keine-angst-will-endlich-mal-sprechen-1-1-oktober-2026\/#primaryimage","url":"\/media\/2023\/10\/IMG_9638-scaled.jpg","contentUrl":"\/media\/2023\/10\/IMG_9638-scaled.jpg","width":2048,"height":1536,"caption":"anglicky jazyk"},{"@type":"BreadcrumbList","@id":"https:\/\/www.englishstay.cz\/de\/obchod\/kurse\/9-ich-habe-keine-angst-will-endlich-mal-sprechen-1-1-oktober-2026\/#breadcrumb","itemListElement":[{"@type":"ListItem","position":1,"name":"Dom\u016f","item":"https:\/\/www.englishstay.cz\/de\/"},{"@type":"ListItem","position":2,"name":"Shop","item":"https:\/\/www.englishstay.cz\/de\/shop\/"},{"@type":"ListItem","position":3,"name":"9. ICH HABE KEINE ANGST, WILL ENDLICH MAL SPRECHEN (1-1)- Oktober &#8211; 2026"}]},{"@type":"WebSite","@id":"https:\/\/www.englishstay.cz\/de\/#website","url":"https:\/\/www.englishstay.cz\/de\/","name":"ENGLISHstay","description":"Intenzivn\u00ed kurzy angli\u010dtiny s rodil\u00fdm mluv\u010d\u00edm","potentialAction":[{"@type":"SearchAction","target":{"@type":"EntryPoint","urlTemplate":"https:\/\/www.englishstay.cz\/de\/?s={search_term_string}"},"query-input":{"@type":"PropertyValueSpecification","valueRequired":true,"valueName":"search_term_string"}}],"inLanguage":"de"}]}},"_links":{"self":[{"href":"https:\/\/www.englishstay.cz\/de\/wp-json\/wp\/v2\/product\/9995","targetHints":{"allow":["GET"]}}],"collection":[{"href":"https:\/\/www.englishstay.cz\/de\/wp-json\/wp\/v2\/product"}],"about":[{"href":"https:\/\/www.englishstay.cz\/de\/wp-json\/wp\/v2\/types\/product"}],"wp:featuredmedia":[{"embeddable":true,"href":"https:\/\/www.englishstay.cz\/de\/wp-json\/wp\/v2\/media\/12630"}],"wp:attachment":[{"href":"https:\/\/www.englishstay.cz\/de\/wp-json\/wp\/v2\/media?parent=9995"}],"wp:term":[{"taxonomy":"product_brand","embeddable":true,"href":"https:\/\/www.englishstay.cz\/de\/wp-json\/wp\/v2\/product_brand?post=9995"},{"taxonomy":"product_cat","embeddable":true,"href":"https:\/\/www.englishstay.cz\/de\/wp-json\/wp\/v2\/product_cat?post=9995"},{"taxonomy":"product_tag","embeddable":true,"href":"https:\/\/www.englishstay.cz\/de\/wp-json\/wp\/v2\/product_tag?post=9995"}],"curies":[{"name":"wp","href":"https:\/\/api.w.org\/{rel}","templated":true}]}}