{"id":9979,"date":"2018-07-11T14:31:54","date_gmt":"2018-07-11T12:31:54","guid":{"rendered":"https:\/\/englishstay.cz\/?post_type=product&#038;p=9979"},"modified":"2025-09-08T19:52:09","modified_gmt":"2025-09-08T17:52:09","slug":"2-ich-habe-keine-angst-will-endlich-mal-sprechen-1-1-februar-2026","status":"publish","type":"product","link":"https:\/\/www.englishstay.cz\/de\/obchod\/kurse\/2-ich-habe-keine-angst-will-endlich-mal-sprechen-1-1-februar-2026\/","title":{"rendered":"2. ICH HABE KEINE ANGST, WILL ENDLICH MAL SPRECHEN (1-1) &#8211; Februar 2026"},"content":{"rendered":"<p>[et_pb_section fb_built=&#8220;1&#8243; _builder_version=&#8220;4.16&#8243; custom_padding=&#8220;0px||||false|false&#8220; global_colors_info=&#8220;{}&#8220;][et_pb_row _builder_version=&#8220;4.16&#8243; background_size=&#8220;initial&#8220; background_position=&#8220;top_left&#8220; background_repeat=&#8220;repeat&#8220; width=&#8220;100%&#8220; custom_padding=&#8220;0px||0px||false|false&#8220; global_colors_info=&#8220;{}&#8220;][et_pb_column type=&#8220;4_4&#8243; _builder_version=&#8220;4.16&#8243; custom_padding=&#8220;|||&#8220; global_colors_info=&#8220;{}&#8220; custom_padding__hover=&#8220;|||&#8220;][et_pb_wc_breadcrumb _builder_version=&#8220;4.16&#8243; global_colors_info=&#8220;{}&#8220;][\/et_pb_wc_breadcrumb][et_pb_wc_cart_notice _builder_version=&#8220;4.16&#8243; global_colors_info=&#8220;{}&#8220;][\/et_pb_wc_cart_notice][\/et_pb_column][\/et_pb_row][et_pb_row column_structure=&#8220;1_2,1_2&#8243; _builder_version=&#8220;4.16&#8243; background_size=&#8220;initial&#8220; background_position=&#8220;top_left&#8220; background_repeat=&#8220;repeat&#8220; width=&#8220;100%&#8220; custom_padding=&#8220;0px||||false|false&#8220; global_colors_info=&#8220;{}&#8220;][et_pb_column type=&#8220;1_2&#8243; _builder_version=&#8220;4.16&#8243; custom_padding=&#8220;|||&#8220; global_colors_info=&#8220;{}&#8220; custom_padding__hover=&#8220;|||&#8220;][et_pb_wc_images _builder_version=&#8220;4.16&#8243; global_colors_info=&#8220;{}&#8220;][\/et_pb_wc_images][\/et_pb_column][et_pb_column type=&#8220;1_2&#8243; _builder_version=&#8220;4.16&#8243; custom_padding=&#8220;|||&#8220; global_colors_info=&#8220;{}&#8220; custom_padding__hover=&#8220;|||&#8220;][et_pb_wc_title _builder_version=&#8220;4.16&#8243; global_colors_info=&#8220;{}&#8220;][\/et_pb_wc_title][et_pb_wc_rating _builder_version=&#8220;4.16&#8243; global_colors_info=&#8220;{}&#8220;][\/et_pb_wc_rating][et_pb_wc_price _builder_version=&#8220;4.16&#8243; global_colors_info=&#8220;{}&#8220;][\/et_pb_wc_price][et_pb_wc_description _builder_version=&#8220;4.16&#8243; global_colors_info=&#8220;{}&#8220;][\/et_pb_wc_description][et_pb_wc_add_to_cart _builder_version=&#8220;4.16&#8243; global_colors_info=&#8220;{}&#8220;][\/et_pb_wc_add_to_cart][et_pb_wc_meta _builder_version=&#8220;4.16&#8243; global_colors_info=&#8220;{}&#8220;][\/et_pb_wc_meta][\/et_pb_column][\/et_pb_row][et_pb_row _builder_version=&#8220;4.16&#8243; background_size=&#8220;initial&#8220; background_position=&#8220;top_left&#8220; background_repeat=&#8220;repeat&#8220; width=&#8220;100%&#8220; global_colors_info=&#8220;{}&#8220;][et_pb_column type=&#8220;4_4&#8243; _builder_version=&#8220;4.16&#8243; custom_padding=&#8220;|||&#8220; global_colors_info=&#8220;{}&#8220; custom_padding__hover=&#8220;|||&#8220;][et_pb_wc_tabs _builder_version=&#8220;4.16&#8243; global_colors_info=&#8220;{}&#8220;]\t\t\t\t\t[\/et_pb_wc_tabs][et_pb_wc_upsells _builder_version=&#8220;4.16&#8243; global_colors_info=&#8220;{}&#8220;][\/et_pb_wc_upsells][et_pb_wc_related_products _builder_version=&#8220;4.16&#8243; global_colors_info=&#8220;{}&#8220;][\/et_pb_wc_related_products][\/et_pb_column][\/et_pb_row][\/et_pb_section][et_pb_section fb_built=&#8220;1&#8243; _builder_version=&#8220;4.16&#8243; global_colors_info=&#8220;{}&#8220;][et_pb_row _builder_version=&#8220;4.16&#8243; global_colors_info=&#8220;{}&#8220;][et_pb_column type=&#8220;4_4&#8243; _builder_version=&#8220;4.16&#8243; custom_padding=&#8220;|||&#8220; global_colors_info=&#8220;{}&#8220; custom_padding__hover=&#8220;|||&#8220;][et_pb_text _builder_version=&#8220;4.27.4&#8243; width=&#8220;80%&#8220; max_width=&#8220;1080px&#8220; hover_enabled=&#8220;0&#8243; z_index_tablet=&#8220;500&#8243; text_text_shadow_horizontal_length_tablet=&#8220;0px&#8220; text_text_shadow_vertical_length_tablet=&#8220;0px&#8220; text_text_shadow_blur_strength_tablet=&#8220;1px&#8220; link_text_shadow_horizontal_length_tablet=&#8220;0px&#8220; link_text_shadow_vertical_length_tablet=&#8220;0px&#8220; link_text_shadow_blur_strength_tablet=&#8220;1px&#8220; ul_text_shadow_horizontal_length_tablet=&#8220;0px&#8220; ul_text_shadow_vertical_length_tablet=&#8220;0px&#8220; ul_text_shadow_blur_strength_tablet=&#8220;1px&#8220; ol_text_shadow_horizontal_length_tablet=&#8220;0px&#8220; ol_text_shadow_vertical_length_tablet=&#8220;0px&#8220; ol_text_shadow_blur_strength_tablet=&#8220;1px&#8220; quote_text_shadow_horizontal_length_tablet=&#8220;0px&#8220; quote_text_shadow_vertical_length_tablet=&#8220;0px&#8220; quote_text_shadow_blur_strength_tablet=&#8220;1px&#8220; header_text_shadow_horizontal_length_tablet=&#8220;0px&#8220; header_text_shadow_vertical_length_tablet=&#8220;0px&#8220; header_text_shadow_blur_strength_tablet=&#8220;1px&#8220; header_2_text_shadow_horizontal_length_tablet=&#8220;0px&#8220; header_2_text_shadow_vertical_length_tablet=&#8220;0px&#8220; header_2_text_shadow_blur_strength_tablet=&#8220;1px&#8220; header_3_text_shadow_horizontal_length_tablet=&#8220;0px&#8220; header_3_text_shadow_vertical_length_tablet=&#8220;0px&#8220; header_3_text_shadow_blur_strength_tablet=&#8220;1px&#8220; header_4_text_shadow_horizontal_length_tablet=&#8220;0px&#8220; header_4_text_shadow_vertical_length_tablet=&#8220;0px&#8220; header_4_text_shadow_blur_strength_tablet=&#8220;1px&#8220; header_5_text_shadow_horizontal_length_tablet=&#8220;0px&#8220; header_5_text_shadow_vertical_length_tablet=&#8220;0px&#8220; header_5_text_shadow_blur_strength_tablet=&#8220;1px&#8220; header_6_text_shadow_horizontal_length_tablet=&#8220;0px&#8220; header_6_text_shadow_vertical_length_tablet=&#8220;0px&#8220; header_6_text_shadow_blur_strength_tablet=&#8220;1px&#8220; box_shadow_horizontal_tablet=&#8220;0px&#8220; box_shadow_vertical_tablet=&#8220;0px&#8220; box_shadow_blur_tablet=&#8220;40px&#8220; box_shadow_spread_tablet=&#8220;0px&#8220; global_colors_info=&#8220;{}&#8220; sticky_enabled=&#8220;0&#8243;]<\/p>\n<p><span style=\"color: #ff0000;\"><strong>Februar\u00a0 15. 2. \u2013 19. 2. <\/strong><\/span><\/p>\n<p data-mce-fragment=\"1\"><span style=\"color: #3366ff;\"><em data-mce-fragment=\"1\"><strong data-mce-fragment=\"1\">Wir fahren mit eigenem Bus aus Prag.<\/strong><\/em><\/span><\/p>\n<p data-mce-fragment=\"1\"><span style=\"color: #3366ff;\"><em data-mce-fragment=\"1\"><strong data-mce-fragment=\"1\"><span lang=\"DE\" data-mce-fragment=\"1\">Das Urlaubsziel ist f\u00fcr interessierte aus \u00d6sterreich leicht zu schaffen.<\/span><\/strong><\/em><\/span><\/p>\n<p data-mce-fragment=\"1\"><span style=\"color: #ff0000;\"><strong data-mce-fragment=\"1\">ICH HABE KEINE ANGST, WILL ENDLICH MAL SPRECHEN (1-1) = 20 Eur pro Stunde mit einem Muttersprachler<\/strong><\/span><\/p>\n<p data-mce-fragment=\"1\">Hotel GOLD****, Chotoviny, T\u00e1bor<\/p>\n<p>Unterkunft in Einzelzimmern, belegt von einer Person, Vollpension, Transport, Lernmaterial, Erlebnisnachmittag, <strong>Kursgeb\u00fchr <\/strong><\/p>\n<p><strong>GESAMTPREIS: 1499 Eur<\/strong><br \/><strong>(= 20 Eur pro Stunde mit einem Muttersprachler<\/strong><em><strong>. Insgesamt mindestens 70 Stunden Konversation in 6 Tagen!)<\/strong><\/em><\/p>\n<p><a href=\"https:\/\/englishstay.cz\/jazykove-pobyty.asp\"><em>*Sprachkurse<\/em><\/a><em>\u00a0<\/em><em>finden mit mindestens 10 (20) Teilnehmern statt. ENGLISHstay z.\u00fa. beh\u00e4lt sich das Recht vor, den Kurs aus unzureichender Teilnehmerzahl oder aus anderen Gr\u00fcnden abzubrechen. ENGLISHstay z.\u00fa. beh\u00e4lt sich das Recht vor, die Kursbedingungen zu \u00e4ndern. In diesen F\u00e4llen bieten wir Ihnen alternative Bedingungen an. Rabatte k\u00f6nnen nicht mit Vorteilen von beg\u00fcnstigten Unternehmen kombiniert werden.<\/em><\/p>\n<p>[\/et_pb_text][\/et_pb_column][\/et_pb_row][\/et_pb_section]<\/p>\n<span class=\"et_bloom_bottom_trigger\"><\/span>","protected":false},"excerpt":{"rendered":"<p><span style=\"color: #ff0000;\"><strong>Februar\u00a0 15. 2. \u2013 20. 2.<br \/><\/strong><\/span><\/p>\n<p><span style=\"color: #3366ff;\"><em><strong>Wir fahren mit eigenem Bus aus Prag.<\/strong><\/em><\/span><\/p>\n<p><em><strong><span lang=\"DE\"><span style=\"color: #3366ff;\">Das Urlaubsziel ist f\u00fcr interessierte aus \u00d6sterreich leicht zu schaffen<\/span>.<\/span><\/strong><\/em><\/p>\n<p>Der Preis beinhaltet 70 Stunden englische Konversation innerhalb von 6 Tagen. Unterkunft (in einem Einzel- \/ Doppelzimmer), Vollpension sowie Erfrischungen w\u00e4hrend des gesamten Aufenthalts f\u00fcr Sie und Ihren Trainer. Erleben Sie den Nachmittag mit einem Ausflug, begleitet von dem englischsprachigen Reisef\u00fchrer. Sie werden auch alle erforderlichen Lernmaterialien und Unterlagen bekommen. Transport mit eigenem Bus von Prag zum Aufenthaltsort und wieder zur\u00fcck. 24h-Service in dem Hotel. Unsere netten Koordinatoren des ENGLISHstay-Teams werden sich um Sie k\u00fcmmern.<\/p>\n<p><em><strong>\u00a0<\/strong><\/em><\/p>\n","protected":false},"featured_media":12790,"template":"","meta":{"_et_pb_use_builder":"on","_et_pb_old_content":"<p><span style=\"color: #ff0000\"><strong>Februar\u00a0 15. 2. \u2013 20. 2.<br \/><\/strong><\/span><\/p><p><span style=\"color: #3366ff\"><em><strong>Wir fahren mit eigenem Bus aus Prag.<br \/><\/strong><\/em><\/span><\/p><p><span style=\"color: #3366ff\"><em><strong><span lang=\"DE\">Das Urlaubsziel ist f\u00fcr interessierte aus \u00d6sterreich leicht zu schaffen.<\/span><\/strong><\/em><\/span><\/p><p><span style=\"color: #ff0000\"><strong>ICH HABE KEINE ANGST, WILL ENDLICH MAL SPRECHEN (1-1) = 20 Eur pro Stunde mit einem Muttersprachler<\/strong><\/span><\/p><p><a href=\"https:\/\/www.hotel-anton.cz\/\">Hotel Anto\u0148<\/a>, Tel\u010d \u2013 <a href=\"https:\/\/en.czech-unesco.org\/telc\/introduction\/?photoID=20\">UNESCO<\/a>\u200b<\/p><p>Unterkunft in Einzelzimmern, belegt von einer Person, Vollpension, Transport, Lernmaterial, Erlebnisnachmittag, <strong>Kursgeb\u00fchr <\/strong><\/p><p><strong>GESAMTPREIS: 1371 Eur<\/strong><br \/><strong>(= 20 Eur pro Stunde mit einem Muttersprachler<\/strong><em><strong>. Insgesamt mindestens 70 Stunden Konversation in 6 Tagen!)<\/strong><\/em><\/p><p><strong>Anzumelden<\/strong><strong>\u00a0<a href=\"https:\/\/englishstay.cz\/de\/shop\/\">hier<\/a><\/strong><\/p><p><a href=\"https:\/\/englishstay.cz\/jazykove-pobyty.asp\"><em>*Sprachkurse<\/em><\/a><em>\u00a0<\/em><em>finden mit mindestens 10 (20) Teilnehmern statt. ENGLISHstay z.\u00fa. beh\u00e4lt sich das Recht vor, den Kurs aus unzureichender Teilnehmerzahl oder aus anderen Gr\u00fcnden abzubrechen. ENGLISHstay z.\u00fa. beh\u00e4lt sich das Recht vor, die Kursbedingungen zu \u00e4ndern. In diesen F\u00e4llen bieten wir Ihnen alternative Bedingungen an. Rabatte k\u00f6nnen nicht mit Vorteilen von beg\u00fcnstigten Unternehmen kombiniert werden.<\/em><\/p>","_et_gb_content_width":""},"product_brand":[],"product_cat":[65],"product_tag":[],"class_list":{"0":"post-9979","1":"product","2":"type-product","3":"status-publish","4":"has-post-thumbnail","6":"product_cat-kurse","8":"first","9":"instock","10":"sale","11":"virtual","12":"purchasable","13":"product-type-simple"},"yoast_head":"<!-- This site is optimized with the Yoast SEO plugin v27.5 - https:\/\/yoast.com\/product\/yoast-seo-wordpress\/ -->\n<title>2. ICH HABE KEINE ANGST, WILL ENDLICH MAL SPRECHEN (1-1) - Februar 2026 | ENGLISHstay<\/title>\n<meta name=\"robots\" content=\"index, follow, max-snippet:-1, max-image-preview:large, max-video-preview:-1\" \/>\n<link rel=\"canonical\" href=\"https:\/\/www.englishstay.cz\/de\/obchod\/kurse\/2-ich-habe-keine-angst-will-endlich-mal-sprechen-1-1-februar-2026\/\" \/>\n<meta property=\"og:locale\" content=\"de_DE\" \/>\n<meta property=\"og:type\" content=\"article\" \/>\n<meta property=\"og:title\" content=\"2. ICH HABE KEINE ANGST, WILL ENDLICH MAL SPRECHEN (1-1) - Februar 2026 | ENGLISHstay\" \/>\n<meta property=\"og:description\" content=\"Februar\u00a0 15. 2. \u2013 20. 2.Wir fahren mit eigenem Bus aus Prag.Das Urlaubsziel ist f\u00fcr interessierte aus \u00d6sterreich leicht zu schaffen.Der Preis beinhaltet 70 Stunden englische Konversation innerhalb von 6 Tagen. Unterkunft (in einem Einzel- \/ Doppelzimmer), Vollpension sowie Erfrischungen w\u00e4hrend des gesamten Aufenthalts f\u00fcr Sie und Ihren Trainer. Erleben Sie den Nachmittag mit einem Ausflug, begleitet von dem englischsprachigen Reisef\u00fchrer. Sie werden auch alle erforderlichen Lernmaterialien und Unterlagen bekommen. Transport mit eigenem Bus von Prag zum Aufenthaltsort und wieder zur\u00fcck. 24h-Service in dem Hotel. Unsere netten Koordinatoren des ENGLISHstay-Teams werden sich um Sie k\u00fcmmern.\u00a0\" \/>\n<meta property=\"og:url\" content=\"https:\/\/www.englishstay.cz\/de\/obchod\/kurse\/2-ich-habe-keine-angst-will-endlich-mal-sprechen-1-1-februar-2026\/\" \/>\n<meta property=\"og:site_name\" content=\"ENGLISHstay\" \/>\n<meta property=\"article:publisher\" content=\"https:\/\/www.facebook.com\/kurzyanglictiny\/\" \/>\n<meta property=\"article:modified_time\" content=\"2025-09-08T17:52:09+00:00\" \/>\n<meta property=\"og:image\" content=\"https:\/\/www.englishstay.cz\/media\/2024\/09\/63182027-3279-4f71-a5cd-883b03986541.jpg\" \/>\n\t<meta property=\"og:image:width\" content=\"1123\" \/>\n\t<meta property=\"og:image:height\" content=\"1600\" \/>\n\t<meta property=\"og:image:type\" content=\"image\/jpeg\" \/>\n<meta name=\"twitter:card\" content=\"summary_large_image\" \/>\n<meta name=\"twitter:site\" content=\"@ENGLISHstay\" \/>\n<meta name=\"twitter:label1\" content=\"Gesch\u00e4tzte Lesezeit\" \/>\n\t<meta name=\"twitter:data1\" content=\"6\u00a0Minuten\" \/>\n<script type=\"application\/ld+json\" class=\"yoast-schema-graph\">{\"@context\":\"https:\\\/\\\/schema.org\",\"@graph\":[{\"@type\":\"WebPage\",\"@id\":\"https:\\\/\\\/www.englishstay.cz\\\/de\\\/obchod\\\/kurse\\\/2-ich-habe-keine-angst-will-endlich-mal-sprechen-1-1-februar-2026\\\/\",\"url\":\"https:\\\/\\\/www.englishstay.cz\\\/de\\\/obchod\\\/kurse\\\/2-ich-habe-keine-angst-will-endlich-mal-sprechen-1-1-februar-2026\\\/\",\"name\":\"2. ICH HABE KEINE ANGST, WILL ENDLICH MAL SPRECHEN (1-1) - Februar 2026 | ENGLISHstay\",\"isPartOf\":{\"@id\":\"https:\\\/\\\/www.englishstay.cz\\\/de\\\/#website\"},\"primaryImageOfPage\":{\"@id\":\"https:\\\/\\\/www.englishstay.cz\\\/de\\\/obchod\\\/kurse\\\/2-ich-habe-keine-angst-will-endlich-mal-sprechen-1-1-februar-2026\\\/#primaryimage\"},\"image\":{\"@id\":\"https:\\\/\\\/www.englishstay.cz\\\/de\\\/obchod\\\/kurse\\\/2-ich-habe-keine-angst-will-endlich-mal-sprechen-1-1-februar-2026\\\/#primaryimage\"},\"thumbnailUrl\":\"\\\/media\\\/2024\\\/09\\\/63182027-3279-4f71-a5cd-883b03986541.jpg\",\"datePublished\":\"2018-07-11T12:31:54+00:00\",\"dateModified\":\"2025-09-08T17:52:09+00:00\",\"breadcrumb\":{\"@id\":\"https:\\\/\\\/www.englishstay.cz\\\/de\\\/obchod\\\/kurse\\\/2-ich-habe-keine-angst-will-endlich-mal-sprechen-1-1-februar-2026\\\/#breadcrumb\"},\"inLanguage\":\"de\",\"potentialAction\":[{\"@type\":\"ReadAction\",\"target\":[\"https:\\\/\\\/www.englishstay.cz\\\/de\\\/obchod\\\/kurse\\\/2-ich-habe-keine-angst-will-endlich-mal-sprechen-1-1-februar-2026\\\/\"]}]},{\"@type\":\"ImageObject\",\"inLanguage\":\"de\",\"@id\":\"https:\\\/\\\/www.englishstay.cz\\\/de\\\/obchod\\\/kurse\\\/2-ich-habe-keine-angst-will-endlich-mal-sprechen-1-1-februar-2026\\\/#primaryimage\",\"url\":\"\\\/media\\\/2024\\\/09\\\/63182027-3279-4f71-a5cd-883b03986541.jpg\",\"contentUrl\":\"\\\/media\\\/2024\\\/09\\\/63182027-3279-4f71-a5cd-883b03986541.jpg\",\"width\":1123,\"height\":1600,\"caption\":\"angli\u010dtina Praha\"},{\"@type\":\"BreadcrumbList\",\"@id\":\"https:\\\/\\\/www.englishstay.cz\\\/de\\\/obchod\\\/kurse\\\/2-ich-habe-keine-angst-will-endlich-mal-sprechen-1-1-februar-2026\\\/#breadcrumb\",\"itemListElement\":[{\"@type\":\"ListItem\",\"position\":1,\"name\":\"Dom\u016f\",\"item\":\"https:\\\/\\\/www.englishstay.cz\\\/de\\\/\"},{\"@type\":\"ListItem\",\"position\":2,\"name\":\"Shop\",\"item\":\"https:\\\/\\\/www.englishstay.cz\\\/de\\\/shop\\\/\"},{\"@type\":\"ListItem\",\"position\":3,\"name\":\"2. ICH HABE KEINE ANGST, WILL ENDLICH MAL SPRECHEN (1-1) &#8211; Februar 2026\"}]},{\"@type\":\"WebSite\",\"@id\":\"https:\\\/\\\/www.englishstay.cz\\\/de\\\/#website\",\"url\":\"https:\\\/\\\/www.englishstay.cz\\\/de\\\/\",\"name\":\"ENGLISHstay\",\"description\":\"Intenzivn\u00ed kurzy angli\u010dtiny s rodil\u00fdm mluv\u010d\u00edm\",\"potentialAction\":[{\"@type\":\"SearchAction\",\"target\":{\"@type\":\"EntryPoint\",\"urlTemplate\":\"https:\\\/\\\/www.englishstay.cz\\\/de\\\/?s={search_term_string}\"},\"query-input\":{\"@type\":\"PropertyValueSpecification\",\"valueRequired\":true,\"valueName\":\"search_term_string\"}}],\"inLanguage\":\"de\"}]}<\/script>\n<!-- \/ Yoast SEO plugin. -->","yoast_head_json":{"title":"2. ICH HABE KEINE ANGST, WILL ENDLICH MAL SPRECHEN (1-1) - Februar 2026 | ENGLISHstay","robots":{"index":"index","follow":"follow","max-snippet":"max-snippet:-1","max-image-preview":"max-image-preview:large","max-video-preview":"max-video-preview:-1"},"canonical":"https:\/\/www.englishstay.cz\/de\/obchod\/kurse\/2-ich-habe-keine-angst-will-endlich-mal-sprechen-1-1-februar-2026\/","og_locale":"de_DE","og_type":"article","og_title":"2. ICH HABE KEINE ANGST, WILL ENDLICH MAL SPRECHEN (1-1) - Februar 2026 | ENGLISHstay","og_description":"Februar\u00a0 15. 2. \u2013 20. 2.Wir fahren mit eigenem Bus aus Prag.Das Urlaubsziel ist f\u00fcr interessierte aus \u00d6sterreich leicht zu schaffen.Der Preis beinhaltet 70 Stunden englische Konversation innerhalb von 6 Tagen. Unterkunft (in einem Einzel- \/ Doppelzimmer), Vollpension sowie Erfrischungen w\u00e4hrend des gesamten Aufenthalts f\u00fcr Sie und Ihren Trainer. Erleben Sie den Nachmittag mit einem Ausflug, begleitet von dem englischsprachigen Reisef\u00fchrer. Sie werden auch alle erforderlichen Lernmaterialien und Unterlagen bekommen. Transport mit eigenem Bus von Prag zum Aufenthaltsort und wieder zur\u00fcck. 24h-Service in dem Hotel. Unsere netten Koordinatoren des ENGLISHstay-Teams werden sich um Sie k\u00fcmmern.\u00a0","og_url":"https:\/\/www.englishstay.cz\/de\/obchod\/kurse\/2-ich-habe-keine-angst-will-endlich-mal-sprechen-1-1-februar-2026\/","og_site_name":"ENGLISHstay","article_publisher":"https:\/\/www.facebook.com\/kurzyanglictiny\/","article_modified_time":"2025-09-08T17:52:09+00:00","og_image":[{"width":1123,"height":1600,"url":"https:\/\/www.englishstay.cz\/media\/2024\/09\/63182027-3279-4f71-a5cd-883b03986541.jpg","type":"image\/jpeg"}],"twitter_card":"summary_large_image","twitter_site":"@ENGLISHstay","twitter_misc":{"Gesch\u00e4tzte Lesezeit":"6\u00a0Minuten"},"schema":{"@context":"https:\/\/schema.org","@graph":[{"@type":"WebPage","@id":"https:\/\/www.englishstay.cz\/de\/obchod\/kurse\/2-ich-habe-keine-angst-will-endlich-mal-sprechen-1-1-februar-2026\/","url":"https:\/\/www.englishstay.cz\/de\/obchod\/kurse\/2-ich-habe-keine-angst-will-endlich-mal-sprechen-1-1-februar-2026\/","name":"2. ICH HABE KEINE ANGST, WILL ENDLICH MAL SPRECHEN (1-1) - Februar 2026 | ENGLISHstay","isPartOf":{"@id":"https:\/\/www.englishstay.cz\/de\/#website"},"primaryImageOfPage":{"@id":"https:\/\/www.englishstay.cz\/de\/obchod\/kurse\/2-ich-habe-keine-angst-will-endlich-mal-sprechen-1-1-februar-2026\/#primaryimage"},"image":{"@id":"https:\/\/www.englishstay.cz\/de\/obchod\/kurse\/2-ich-habe-keine-angst-will-endlich-mal-sprechen-1-1-februar-2026\/#primaryimage"},"thumbnailUrl":"\/media\/2024\/09\/63182027-3279-4f71-a5cd-883b03986541.jpg","datePublished":"2018-07-11T12:31:54+00:00","dateModified":"2025-09-08T17:52:09+00:00","breadcrumb":{"@id":"https:\/\/www.englishstay.cz\/de\/obchod\/kurse\/2-ich-habe-keine-angst-will-endlich-mal-sprechen-1-1-februar-2026\/#breadcrumb"},"inLanguage":"de","potentialAction":[{"@type":"ReadAction","target":["https:\/\/www.englishstay.cz\/de\/obchod\/kurse\/2-ich-habe-keine-angst-will-endlich-mal-sprechen-1-1-februar-2026\/"]}]},{"@type":"ImageObject","inLanguage":"de","@id":"https:\/\/www.englishstay.cz\/de\/obchod\/kurse\/2-ich-habe-keine-angst-will-endlich-mal-sprechen-1-1-februar-2026\/#primaryimage","url":"\/media\/2024\/09\/63182027-3279-4f71-a5cd-883b03986541.jpg","contentUrl":"\/media\/2024\/09\/63182027-3279-4f71-a5cd-883b03986541.jpg","width":1123,"height":1600,"caption":"angli\u010dtina Praha"},{"@type":"BreadcrumbList","@id":"https:\/\/www.englishstay.cz\/de\/obchod\/kurse\/2-ich-habe-keine-angst-will-endlich-mal-sprechen-1-1-februar-2026\/#breadcrumb","itemListElement":[{"@type":"ListItem","position":1,"name":"Dom\u016f","item":"https:\/\/www.englishstay.cz\/de\/"},{"@type":"ListItem","position":2,"name":"Shop","item":"https:\/\/www.englishstay.cz\/de\/shop\/"},{"@type":"ListItem","position":3,"name":"2. ICH HABE KEINE ANGST, WILL ENDLICH MAL SPRECHEN (1-1) &#8211; Februar 2026"}]},{"@type":"WebSite","@id":"https:\/\/www.englishstay.cz\/de\/#website","url":"https:\/\/www.englishstay.cz\/de\/","name":"ENGLISHstay","description":"Intenzivn\u00ed kurzy angli\u010dtiny s rodil\u00fdm mluv\u010d\u00edm","potentialAction":[{"@type":"SearchAction","target":{"@type":"EntryPoint","urlTemplate":"https:\/\/www.englishstay.cz\/de\/?s={search_term_string}"},"query-input":{"@type":"PropertyValueSpecification","valueRequired":true,"valueName":"search_term_string"}}],"inLanguage":"de"}]}},"_links":{"self":[{"href":"https:\/\/www.englishstay.cz\/de\/wp-json\/wp\/v2\/product\/9979","targetHints":{"allow":["GET"]}}],"collection":[{"href":"https:\/\/www.englishstay.cz\/de\/wp-json\/wp\/v2\/product"}],"about":[{"href":"https:\/\/www.englishstay.cz\/de\/wp-json\/wp\/v2\/types\/product"}],"wp:featuredmedia":[{"embeddable":true,"href":"https:\/\/www.englishstay.cz\/de\/wp-json\/wp\/v2\/media\/12790"}],"wp:attachment":[{"href":"https:\/\/www.englishstay.cz\/de\/wp-json\/wp\/v2\/media?parent=9979"}],"wp:term":[{"taxonomy":"product_brand","embeddable":true,"href":"https:\/\/www.englishstay.cz\/de\/wp-json\/wp\/v2\/product_brand?post=9979"},{"taxonomy":"product_cat","embeddable":true,"href":"https:\/\/www.englishstay.cz\/de\/wp-json\/wp\/v2\/product_cat?post=9979"},{"taxonomy":"product_tag","embeddable":true,"href":"https:\/\/www.englishstay.cz\/de\/wp-json\/wp\/v2\/product_tag?post=9979"}],"curies":[{"name":"wp","href":"https:\/\/api.w.org\/{rel}","templated":true}]}}