{"id":9796,"date":"2017-11-21T15:10:07","date_gmt":"2017-11-21T14:10:07","guid":{"rendered":"https:\/\/englishstay.cz\/?page_id=9796"},"modified":"2026-02-05T22:33:44","modified_gmt":"2026-02-05T21:33:44","slug":"typischer-aufenthaltstag","status":"publish","type":"page","link":"https:\/\/www.englishstay.cz\/de\/typischer-aufenthaltstag\/","title":{"rendered":"Typischer Aufenthaltstag"},"content":{"rendered":"<p>[et_pb_section fb_built=&#8220;1&#8243; fullwidth=&#8220;on&#8220; _builder_version=&#8220;4.16&#8243; background_color=&#8220;#ffffff&#8220; global_colors_info=&#8220;{}&#8220;][et_pb_fullwidth_image src=&#8220;\/media\/2017\/11\/foto_pozadi4.jpg&#8220; _builder_version=&#8220;4.16&#8243; global_colors_info=&#8220;{}&#8220;][\/et_pb_fullwidth_image][\/et_pb_section][et_pb_section fb_built=&#8220;1&#8243; _builder_version=&#8220;4.16&#8243; global_colors_info=&#8220;{}&#8220;][et_pb_row _builder_version=&#8220;4.16&#8243; custom_margin=&#8220;||0px|&#8220; custom_padding=&#8220;||0px|&#8220; global_colors_info=&#8220;{}&#8220;][et_pb_column type=&#8220;4_4&#8243; _builder_version=&#8220;4.16&#8243; custom_padding=&#8220;|||&#8220; global_colors_info=&#8220;{}&#8220; custom_padding__hover=&#8220;|||&#8220;][et_pb_text admin_label=&#8220;Nadpis h1&#8243; _builder_version=&#8220;4.16&#8243; global_colors_info=&#8220;{}&#8220;]<\/p>\n<h1><strong>Typischer Aufenthaltstag<\/strong><\/h1>\n<p>[\/et_pb_text][\/et_pb_column][\/et_pb_row][et_pb_row _builder_version=&#8220;4.16&#8243; background_size=&#8220;initial&#8220; background_position=&#8220;top_left&#8220; background_repeat=&#8220;repeat&#8220; global_colors_info=&#8220;{}&#8220; column_structure=&#8220;1_2,1_2&#8243;][et_pb_column type=&#8220;1_2&#8243; _builder_version=&#8220;4.16&#8243; custom_padding=&#8220;|||&#8220; global_colors_info=&#8220;{}&#8220; custom_padding__hover=&#8220;|||&#8220;][et_pb_text _builder_version=&#8220;4.16&#8243; global_colors_info=&#8220;{}&#8220;]<\/p>\n<p><strong><u>Zeitplan des Tages:<\/u><\/strong><\/p>\n<p><strong>\u00a0<\/strong><\/p>\n<p><strong>08.30 \u2013 09.30\u00a0\u00a0\u00a0\u00a0\u00a0\u00a0\u00a0\u00a0\u00a0\u00a0\u00a0\u00a0\u00a0\u00a0\u00a0 Fr\u00fchst\u00fcck<\/strong><\/p>\n<p><strong>09.30 \u2013 10.30\u00a0\u00a0\u00a0\u00a0\u00a0\u00a0\u00a0\u00a0\u00a0\u00a0\u00a0\u00a0\u00a0\u00a0\u00a0 1 \u2013 1 Sitzung<\/strong><\/p>\n<p><strong>10.30 \u2013 11.30\u00a0\u00a0\u00a0\u00a0\u00a0\u00a0\u00a0\u00a0\u00a0\u00a0\u00a0\u00a0\u00a0\u00a0\u00a0 1 \u2013 1 Sitzung<\/strong><\/p>\n<p><strong>11.30 \u2013 12.30 \u00a0\u00a0\u00a0\u00a0\u00a0\u00a0\u00a0\u00a0\u00a0\u00a0\u00a0\u00a0\u00a0\u00a0 Gruppenaktivit\u00e4ten<\/strong><\/p>\n<p><strong>13.30 \u2013 14.30\u00a0\u00a0\u00a0\u00a0\u00a0\u00a0\u00a0\u00a0\u00a0\u00a0\u00a0\u00a0\u00a0\u00a0\u00a0 Mittagessen<\/strong><\/p>\n<p><strong>14.30 \u2013 16.00\u00a0\u00a0\u00a0\u00a0\u00a0\u00a0\u00a0\u00a0\u00a0\u00a0\u00a0\u00a0\u00a0\u00a0\u00a0 Pause<\/strong><\/p>\n<p><strong>16.00 \u2013 17.00\u00a0\u00a0\u00a0\u00a0\u00a0\u00a0\u00a0\u00a0\u00a0\u00a0\u00a0\u00a0\u00a0\u00a0\u00a0 1 \u2013 1 Sitzung<\/strong><\/p>\n<p><strong>17.00 \u2013 18.00\u00a0\u00a0\u00a0\u00a0\u00a0\u00a0\u00a0\u00a0\u00a0\u00a0\u00a0\u00a0\u00a0\u00a0\u00a0 1 \u2013 1 Sitzung<\/strong><\/p>\n<p><strong>18.00 \u2013 19.00\u00a0\u00a0\u00a0\u00a0\u00a0\u00a0\u00a0\u00a0\u00a0\u00a0\u00a0\u00a0\u00a0\u00a0\u00a0 Gruppenaktivit\u00e4ten<\/strong><\/p>\n<p><strong>19.00 \u2013 20.00\u00a0\u00a0\u00a0\u00a0\u00a0\u00a0\u00a0\u00a0\u00a0\u00a0\u00a0\u00a0\u00a0\u00a0\u00a0 Abendessen<\/strong><\/p>\n<p><strong>20.00 \u2013 21.30\u00a0\u00a0\u00a0\u00a0\u00a0\u00a0\u00a0\u00a0\u00a0\u00a0\u00a0\u00a0\u00a0\u00a0\u00a0 Gruppenaktivit\u00e4ten<\/strong><\/p>\n<p>[\/et_pb_text][\/et_pb_column][et_pb_column type=&#8220;1_2&#8243; _builder_version=&#8220;4.16&#8243; custom_padding=&#8220;|||&#8220; global_colors_info=&#8220;{}&#8220; custom_padding__hover=&#8220;|||&#8220;][et_pb_image src=&#8220;\/media\/2017\/11\/foto_obsah6.jpg&#8220; alt=&#8220;Intenzivn\u00ed pobytov\u00e9 kurzy angli\u010dtiny&#8220; align=&#8220;right&#8220; align_tablet=&#8220;center&#8220; align_last_edited=&#8220;on|desktop&#8220; _builder_version=&#8220;4.16&#8243; global_colors_info=&#8220;{}&#8220; align_phone=&#8220;center&#8220;][\/et_pb_image][\/et_pb_column][\/et_pb_row][et_pb_row _builder_version=&#8220;4.16&#8243; background_size=&#8220;initial&#8220; background_position=&#8220;top_left&#8220; background_repeat=&#8220;repeat&#8220; global_colors_info=&#8220;{}&#8220;][et_pb_column type=&#8220;4_4&#8243; _builder_version=&#8220;4.16&#8243; custom_padding=&#8220;|||&#8220; global_colors_info=&#8220;{}&#8220; custom_padding__hover=&#8220;|||&#8220;][et_pb_toggle title=&#8220;V\u00edce informac\u00ed k pobytov\u00e9mu dni &#8220; closed_toggle_text_color=&#8220;#000000&#8243; closed_toggle_background_color=&#8220;#ffffff&#8220; icon_color=&#8220;#970100&#8243; open_icon_color=&#8220;#970100&#8243; _builder_version=&#8220;4.16&#8243; border_width_bottom=&#8220;2px&#8220; border_color_bottom=&#8220;#970100&#8243; global_colors_info=&#8220;{}&#8220;]<\/p>\n<p><strong>Ka\u017ed\u00e9 r\u00e1no vylosujeme jedno z barevn\u00fdch t\u00e9mat vybran\u00fdch V\u00e1mi a cel\u00fd den odvineme v tomto duchu:<\/strong><\/p>\n<p>&nbsp;<\/p>\n<table cellspacing=\"0\" cellpadding=\"0\" border=\"0\">\n<tbody>\n<tr>\n<td>08.30 \u2013 09.30<\/td>\n<td>Spole\u010dn\u00e1 sn\u00eddan\u011b p\u0159i dobr\u00e9m r\u00e1nu<\/td>\n<\/tr>\n<tr>\n<td>09.30 \u2013 10.30<\/td>\n<td>Intenzivn\u00ed komunikace 1 \u2013 1 (1rodil\u00fd mluv\u010d\u00ed &#8211; 1\u00fa\u010dastn\u00edk kurzu). Po r\u00e1nu, se za\u010derstva za\u010dnete p\u0159ipravovat na celodenn\u00ed konverzaci ve zvolen\u00e9m t\u00e9matu a p\u0159ipomenete si p\u00e1r pojm\u016f z gramatiky a opr\u00e1\u0161\u00edte si slovn\u00ed z\u00e1sobu, pokud bude t\u0159eba. Pro Va\u0161e v\u011bt\u0161\u00ed pohodl\u00ed, v individu\u00e1ln\u00edm rozhovoru s rodil\u00fdm mluv\u010d\u00edm.<\/td>\n<\/tr>\n<tr>\n<td>10.30 \u2013 11.30<\/td>\n<td>D\u00e1le bude n\u00e1sledovat Intenzivn\u00ed komunikace 1 \u2013 1<\/td>\n<\/tr>\n<tr>\n<td>11.30 \u2013 12.30<\/td>\n<td>Skupinov\u00e9 aktivity (pono\u0159\u00edme se do \u010dil\u00e9 spolupr\u00e1ce)<\/td>\n<\/tr>\n<tr>\n<td>12.30 \u2013 13.30<\/td>\n<td>Intenzivn\u00ed komunikace 1 \u2013 1, ve kter\u00e9 se zam\u011b\u0159\u00edme na p\u0159\u00edpravu Va\u0161\u00ed z\u00e1v\u011bre\u010dn\u00e9 prezentace, kter\u00e1 V\u00e1m pom\u016f\u017ee ke zlep\u0161en\u00ed projevu v anglick\u00e9m jazyce.<\/td>\n<\/tr>\n<tr>\n<td>13.30 \u2013 14.30<\/td>\n<td>Ob\u011bd<\/td>\n<\/tr>\n<tr>\n<td>14.30 \u2013 16.00<\/td>\n<td>Chvilka pro V\u00e1\u0161 oddech, kde budete m\u00edt \u010das jen a pouze na sebe \ud83d\ude42<\/td>\n<\/tr>\n<tr>\n<td>16.00 \u2013 17.00<\/td>\n<td>Intenzivn\u00ed komunikace 1 \u2013 1 (nebojte nic, ka\u017ed\u00fd vyjde na ka\u017ed\u00e9ho)<\/td>\n<\/tr>\n<tr>\n<td>17.00 \u2013 18.00<\/td>\n<td>Intenzivn\u00ed komunikace 1 \u2013 1 <\/td>\n<\/tr>\n<tr>\n<td>18.00 \u2013 19.00<\/td>\n<td>Skupinov\u00e9 aktivity (hry, z\u00e1bava a spole\u010dn\u00e9 projekty)<\/td>\n<\/tr>\n<tr>\n<td>19.00 \u2013 20.00<\/td>\n<td>\u010cas ve\u010de\u0159e<\/td>\n<\/tr>\n<tr>\n<td>20.00 \u2013 21.30<\/td>\n<td>Spole\u010densk\u00e1 z\u00e1bava<\/td>\n<\/tr>\n<tr>\n<td>21.30 \u2013 ????<\/td>\n<td>Poj\u010fte s n\u00e1mi na drink \u2026 sejdeme se v baru<\/td>\n<\/tr>\n<\/tbody>\n<\/table>\n<p>&nbsp;<\/p>\n<p>&nbsp;<\/p>\n<p>&nbsp;<\/p>\n<h3>Individu\u00e1ln\u00ed konverzace (1 -1)<\/h3>\n<p>&nbsp;<\/p>\n<p>Program: <strong>NEBOJ\u00cdM SE, CHCI KONE\u010cN\u011a MLUVIT (1-1)<\/strong><br \/> Jednotliv\u00e9 hodinov\u00e9 konverzace, p\u0159i nich\u017e se potk\u00e1v\u00e1 v\u017edy jeden \u00fa\u010dastn\u00edk kurzu a jeden rodil\u00fd mluv\u010d\u00ed. Cel\u00fd den budeme sledovat jedno v\u00e1mi vybran\u00e9 t\u00e9ma a jednotliv\u00e1 setk\u00e1n\u00ed budeme ladit v tomto duchu. P\u0159irozen\u011b, pokud budete m\u00edt n\u00e1ladu, m\u016f\u017eete t\u00e9ma k hovoru s Va\u0161\u00edm lektorem zvolit zcela individu\u00e1ln\u011b, zkou\u0161et V\u00e1s z jednotliv\u00fdch t\u00e9mat nebudeme. St\u0159\u00edd\u00e1n\u00edm jednotliv\u00fdch pe\u010dliv\u011b V\u00e1mi vybran\u00fdch t\u00e9mat (odborn\u00e1 t\u00e9mata, n\u00e1kupy nebo cestov\u00e1n\u00ed) z\u00edsk\u00e1v\u00e1te mnohem v\u011bt\u0161\u00ed rozhledy a zku\u0161enosti prom\u00edtnut\u00e9 do Va\u0161\u00ed mluven\u00e9 angli\u010dtiny.<\/p>\n<p>&nbsp;<\/p>\n<p>Rodil\u00ed mluv\u010d\u00ed a m\u00edstn\u00ed \u00fa\u010dastn\u00edci se ka\u017edou hodinu m\u011bn\u00ed tak, aby se ka\u017ed\u00fd s ka\u017ed\u00fdm potkal.<\/p>\n<p>&nbsp;<\/p>\n<p>Je Va\u0161im c\u00edlem se zlep\u0161it v ka\u017edodenn\u00ed \u010di business angli\u010dtin\u011b? M\u016f\u017eete praktikovat t\u00e9mata, kter\u00e1 V\u00e1m jsou bl\u00edzk\u00e1 nebo se zam\u011b\u0159ujete na prezentaci, jedn\u00e1n\u00ed nebo telefonick\u00e9 hovory? V p\u0159\u00edpad\u011b telefonick\u00e9ho hovoru si procvi\u010d\u00edte skute\u010dnou situaci s p\u0159edem p\u0159ipraven\u00fdmi ot\u00e1zkami, kter\u00e9 V\u00e1m rodil\u00ed mluv\u010d\u00ed budou kl\u00e1st do telefonu.<\/p>\n<p>&nbsp;<\/p>\n<h3>Individu\u00e1ln\u00ed konverzace (2-1)<\/h3>\n<p>&nbsp;<\/p>\n<p>Program: <strong>MLUV\u00cdM M\u00c1LO A CHCI V\u00cdC (2-1)<\/strong><br \/> \u00da\u010dastn\u00edci tohoto kurzu konverzuj\u00ed s rodil\u00fdm mluv\u010d\u00edm ve dvojic\u00edch (syst\u00e9m 2-1). Vezm\u011bte s sebou kamar\u00e1dku, man\u017eela nebo partnerku a poznejte spole\u010dn\u011b nov\u00e9 p\u0159\u00e1tele a &#8222;otrkejte&#8220; se v anglick\u00e9 konverzaci.<\/p>\n<p>&nbsp;<\/p>\n<h3>Skupinov\u00e9 aktivity<\/h3>\n<p>&nbsp;<\/p>\n<p>V dob\u011b skupinov\u00fdch aktivit nav\u00e1\u017eeme trochu spolupr\u00e1ce v t\u00fdmech. V jednotliv\u00fdch t\u00e9matech bude cel\u00fd t\u00fdm p\u0159ipravovat mal\u00fd, obratem vymy\u0161len\u00fd projekt, kter\u00fd p\u0159ednese ostatn\u00edm skupin\u00e1m. Je to ide\u00e1ln\u00ed \u010das na nastartov\u00e1n\u00ed anglick\u00e9ho jazyka v praxi pomoc\u00ed mal\u00e9 prezentace.<\/p>\n<p>&nbsp;<\/p>\n<p>V dob\u011b po ve\u010de\u0159i se op\u011bt sejdeme ve spole\u010densk\u00e9 m\u00edstnosti, kde V\u00e1s bude \u010dekat spousta her, kv\u00edz\u016f a z\u00e1bavy. M\u00edstn\u00ed i zahrani\u010dn\u00ed \u00fa\u010dastn\u00edci budou pospolu v p\u0159irozen\u00e9m prost\u0159ed\u00ed komunikovat a bavit se pouze anglicky.<\/p>\n<p>[\/et_pb_toggle][\/et_pb_column][\/et_pb_row][\/et_pb_section]<\/p>\n<span class=\"et_bloom_bottom_trigger\"><\/span>","protected":false},"excerpt":{"rendered":"<p>ENGLISHstay ist ein intensiver Sprachkurs, wo ausschliesslich englisch kommuniziert wird. 6 Tagen (70 Stunden)<\/p>\n","protected":false},"author":2,"featured_media":0,"parent":0,"menu_order":0,"comment_status":"closed","ping_status":"closed","template":"","meta":{"_et_pb_use_builder":"on","_et_pb_old_content":"","_et_gb_content_width":"","footnotes":""},"class_list":["post-9796","page","type-page","status-publish","hentry"],"yoast_head":"<!-- This site is optimized with the Yoast SEO plugin v26.4 - https:\/\/yoast.com\/wordpress\/plugins\/seo\/ -->\n<title>Typischer Aufenthaltstag | ENGLISHstay<\/title>\n<meta name=\"description\" content=\"ENGLISHstay ist ein intensiver Sprachkurs, wo ausschliesslich englisch kommuniziert wird. 6 Tagen (70 Stunden)\" \/>\n<meta name=\"robots\" content=\"index, follow, max-snippet:-1, max-image-preview:large, max-video-preview:-1\" \/>\n<link rel=\"canonical\" href=\"https:\/\/www.englishstay.cz\/de\/typischer-aufenthaltstag\/\" \/>\n<meta property=\"og:locale\" content=\"de_DE\" \/>\n<meta property=\"og:type\" content=\"article\" \/>\n<meta property=\"og:title\" content=\"Typischer Aufenthaltstag | ENGLISHstay\" \/>\n<meta property=\"og:description\" content=\"ENGLISHstay ist ein intensiver Sprachkurs, wo ausschliesslich englisch kommuniziert wird. 6 Tagen (70 Stunden)\" \/>\n<meta property=\"og:url\" content=\"https:\/\/www.englishstay.cz\/de\/typischer-aufenthaltstag\/\" \/>\n<meta property=\"og:site_name\" content=\"ENGLISHstay\" \/>\n<meta property=\"article:publisher\" content=\"https:\/\/www.facebook.com\/kurzyanglictiny\/\" \/>\n<meta property=\"article:modified_time\" content=\"2026-02-05T21:33:44+00:00\" \/>\n<meta property=\"og:image\" content=\"https:\/\/www.englishstay.cz\/media\/2019\/01\/logo-es.jpg\" \/>\n\t<meta property=\"og:image:width\" content=\"260\" \/>\n\t<meta property=\"og:image:height\" content=\"260\" \/>\n\t<meta property=\"og:image:type\" content=\"image\/jpeg\" \/>\n<meta name=\"twitter:card\" content=\"summary_large_image\" \/>\n<meta name=\"twitter:site\" content=\"@ENGLISHstay\" \/>\n<meta name=\"twitter:label1\" content=\"Gesch\u00e4tzte Lesezeit\" \/>\n\t<meta name=\"twitter:data1\" content=\"4\u00a0Minuten\" \/>\n<script type=\"application\/ld+json\" class=\"yoast-schema-graph\">{\"@context\":\"https:\/\/schema.org\",\"@graph\":[{\"@type\":\"WebPage\",\"@id\":\"https:\/\/www.englishstay.cz\/de\/typischer-aufenthaltstag\/\",\"url\":\"https:\/\/www.englishstay.cz\/de\/typischer-aufenthaltstag\/\",\"name\":\"Typischer Aufenthaltstag | ENGLISHstay\",\"isPartOf\":{\"@id\":\"https:\/\/www.englishstay.cz\/de\/#website\"},\"datePublished\":\"2017-11-21T14:10:07+00:00\",\"dateModified\":\"2026-02-05T21:33:44+00:00\",\"description\":\"ENGLISHstay ist ein intensiver Sprachkurs, wo ausschliesslich englisch kommuniziert wird. 6 Tagen (70 Stunden)\",\"breadcrumb\":{\"@id\":\"https:\/\/www.englishstay.cz\/de\/typischer-aufenthaltstag\/#breadcrumb\"},\"inLanguage\":\"de\",\"potentialAction\":[{\"@type\":\"ReadAction\",\"target\":[\"https:\/\/www.englishstay.cz\/de\/typischer-aufenthaltstag\/\"]}]},{\"@type\":\"BreadcrumbList\",\"@id\":\"https:\/\/www.englishstay.cz\/de\/typischer-aufenthaltstag\/#breadcrumb\",\"itemListElement\":[{\"@type\":\"ListItem\",\"position\":1,\"name\":\"Dom\u016f\",\"item\":\"https:\/\/www.englishstay.cz\/de\/\"},{\"@type\":\"ListItem\",\"position\":2,\"name\":\"Typischer Aufenthaltstag\"}]},{\"@type\":\"WebSite\",\"@id\":\"https:\/\/www.englishstay.cz\/de\/#website\",\"url\":\"https:\/\/www.englishstay.cz\/de\/\",\"name\":\"ENGLISHstay\",\"description\":\"Intenzivn\u00ed kurzy angli\u010dtiny s rodil\u00fdm mluv\u010d\u00edm\",\"potentialAction\":[{\"@type\":\"SearchAction\",\"target\":{\"@type\":\"EntryPoint\",\"urlTemplate\":\"https:\/\/www.englishstay.cz\/de\/?s={search_term_string}\"},\"query-input\":{\"@type\":\"PropertyValueSpecification\",\"valueRequired\":true,\"valueName\":\"search_term_string\"}}],\"inLanguage\":\"de\"}]}<\/script>\n<!-- \/ Yoast SEO plugin. -->","yoast_head_json":{"title":"Typischer Aufenthaltstag | ENGLISHstay","description":"ENGLISHstay ist ein intensiver Sprachkurs, wo ausschliesslich englisch kommuniziert wird. 6 Tagen (70 Stunden)","robots":{"index":"index","follow":"follow","max-snippet":"max-snippet:-1","max-image-preview":"max-image-preview:large","max-video-preview":"max-video-preview:-1"},"canonical":"https:\/\/www.englishstay.cz\/de\/typischer-aufenthaltstag\/","og_locale":"de_DE","og_type":"article","og_title":"Typischer Aufenthaltstag | ENGLISHstay","og_description":"ENGLISHstay ist ein intensiver Sprachkurs, wo ausschliesslich englisch kommuniziert wird. 6 Tagen (70 Stunden)","og_url":"https:\/\/www.englishstay.cz\/de\/typischer-aufenthaltstag\/","og_site_name":"ENGLISHstay","article_publisher":"https:\/\/www.facebook.com\/kurzyanglictiny\/","article_modified_time":"2026-02-05T21:33:44+00:00","og_image":[{"width":260,"height":260,"url":"https:\/\/www.englishstay.cz\/media\/2019\/01\/logo-es.jpg","type":"image\/jpeg"}],"twitter_card":"summary_large_image","twitter_site":"@ENGLISHstay","twitter_misc":{"Gesch\u00e4tzte Lesezeit":"4\u00a0Minuten"},"schema":{"@context":"https:\/\/schema.org","@graph":[{"@type":"WebPage","@id":"https:\/\/www.englishstay.cz\/de\/typischer-aufenthaltstag\/","url":"https:\/\/www.englishstay.cz\/de\/typischer-aufenthaltstag\/","name":"Typischer Aufenthaltstag | ENGLISHstay","isPartOf":{"@id":"https:\/\/www.englishstay.cz\/de\/#website"},"datePublished":"2017-11-21T14:10:07+00:00","dateModified":"2026-02-05T21:33:44+00:00","description":"ENGLISHstay ist ein intensiver Sprachkurs, wo ausschliesslich englisch kommuniziert wird. 6 Tagen (70 Stunden)","breadcrumb":{"@id":"https:\/\/www.englishstay.cz\/de\/typischer-aufenthaltstag\/#breadcrumb"},"inLanguage":"de","potentialAction":[{"@type":"ReadAction","target":["https:\/\/www.englishstay.cz\/de\/typischer-aufenthaltstag\/"]}]},{"@type":"BreadcrumbList","@id":"https:\/\/www.englishstay.cz\/de\/typischer-aufenthaltstag\/#breadcrumb","itemListElement":[{"@type":"ListItem","position":1,"name":"Dom\u016f","item":"https:\/\/www.englishstay.cz\/de\/"},{"@type":"ListItem","position":2,"name":"Typischer Aufenthaltstag"}]},{"@type":"WebSite","@id":"https:\/\/www.englishstay.cz\/de\/#website","url":"https:\/\/www.englishstay.cz\/de\/","name":"ENGLISHstay","description":"Intenzivn\u00ed kurzy angli\u010dtiny s rodil\u00fdm mluv\u010d\u00edm","potentialAction":[{"@type":"SearchAction","target":{"@type":"EntryPoint","urlTemplate":"https:\/\/www.englishstay.cz\/de\/?s={search_term_string}"},"query-input":{"@type":"PropertyValueSpecification","valueRequired":true,"valueName":"search_term_string"}}],"inLanguage":"de"}]}},"_links":{"self":[{"href":"https:\/\/www.englishstay.cz\/de\/wp-json\/wp\/v2\/pages\/9796","targetHints":{"allow":["GET"]}}],"collection":[{"href":"https:\/\/www.englishstay.cz\/de\/wp-json\/wp\/v2\/pages"}],"about":[{"href":"https:\/\/www.englishstay.cz\/de\/wp-json\/wp\/v2\/types\/page"}],"author":[{"embeddable":true,"href":"https:\/\/www.englishstay.cz\/de\/wp-json\/wp\/v2\/users\/2"}],"replies":[{"embeddable":true,"href":"https:\/\/www.englishstay.cz\/de\/wp-json\/wp\/v2\/comments?post=9796"}],"version-history":[{"count":5,"href":"https:\/\/www.englishstay.cz\/de\/wp-json\/wp\/v2\/pages\/9796\/revisions"}],"predecessor-version":[{"id":14313,"href":"https:\/\/www.englishstay.cz\/de\/wp-json\/wp\/v2\/pages\/9796\/revisions\/14313"}],"wp:attachment":[{"href":"https:\/\/www.englishstay.cz\/de\/wp-json\/wp\/v2\/media?parent=9796"}],"curies":[{"name":"wp","href":"https:\/\/api.w.org\/{rel}","templated":true}]}}