{"id":9434,"date":"2018-07-11T14:10:22","date_gmt":"2018-07-11T12:10:22","guid":{"rendered":"https:\/\/englishstay.cz\/einkaufswagen\/"},"modified":"2026-02-05T22:05:07","modified_gmt":"2026-02-05T21:05:07","slug":"einkaufswagen","status":"publish","type":"page","link":"https:\/\/www.englishstay.cz\/de\/einkaufswagen\/","title":{"rendered":"Einkaufswagen"},"content":{"rendered":"\n<span class=\"et_bloom_bottom_trigger\"><\/span>","protected":false},"excerpt":{"rendered":"<p>Dieses einzigartiges Lernprogramm ist voll Ihren Bed\u00fcrfnissen angepasst und Sie werden 100% Aufmerksamkeit des englisch sprechenden Fremdsprachenassistent zu haben.<\/p>\n","protected":false},"author":2,"featured_media":0,"parent":0,"menu_order":0,"comment_status":"closed","ping_status":"closed","template":"","meta":{"_et_pb_use_builder":"","_et_pb_old_content":"","_et_gb_content_width":"","footnotes":""},"class_list":["post-9434","page","type-page","status-publish","hentry"],"yoast_head":"<!-- This site is optimized with the Yoast SEO plugin v27.5 - https:\/\/yoast.com\/product\/yoast-seo-wordpress\/ -->\n<title>Einkaufswagen | ENGLISHstay<\/title>\n<meta name=\"description\" content=\"Dieses einzigartiges Lernprogramm ist voll Ihren Bed\u00fcrfnissen angepasst und Sie werden 100% Aufmerksamkeit des englisch sprechenden Fremdsprachenassistent zu haben.\" \/>\n<meta name=\"robots\" content=\"index, follow, max-snippet:-1, max-image-preview:large, max-video-preview:-1\" \/>\n<link rel=\"canonical\" href=\"https:\/\/www.englishstay.cz\/de\/einkaufswagen\/\" \/>\n<meta property=\"og:locale\" content=\"de_DE\" \/>\n<meta property=\"og:type\" content=\"article\" \/>\n<meta property=\"og:title\" content=\"Einkaufswagen | ENGLISHstay\" \/>\n<meta property=\"og:description\" content=\"Dieses einzigartiges Lernprogramm ist voll Ihren Bed\u00fcrfnissen angepasst und Sie werden 100% Aufmerksamkeit des englisch sprechenden Fremdsprachenassistent zu haben.\" \/>\n<meta property=\"og:url\" content=\"https:\/\/www.englishstay.cz\/de\/einkaufswagen\/\" \/>\n<meta property=\"og:site_name\" content=\"ENGLISHstay\" \/>\n<meta property=\"article:publisher\" content=\"https:\/\/www.facebook.com\/kurzyanglictiny\/\" \/>\n<meta property=\"article:modified_time\" content=\"2026-02-05T21:05:07+00:00\" \/>\n<meta property=\"og:image\" content=\"https:\/\/www.englishstay.cz\/media\/2019\/01\/logo-es.jpg\" \/>\n\t<meta property=\"og:image:width\" content=\"260\" \/>\n\t<meta property=\"og:image:height\" content=\"260\" \/>\n\t<meta property=\"og:image:type\" content=\"image\/jpeg\" \/>\n<meta name=\"twitter:card\" content=\"summary_large_image\" \/>\n<meta name=\"twitter:site\" content=\"@ENGLISHstay\" \/>\n<meta name=\"twitter:label1\" content=\"Gesch\u00e4tzte Lesezeit\" \/>\n\t<meta name=\"twitter:data1\" content=\"1\u00a0Minute\" \/>\n<script type=\"application\/ld+json\" class=\"yoast-schema-graph\">{\"@context\":\"https:\\\/\\\/schema.org\",\"@graph\":[{\"@type\":\"WebPage\",\"@id\":\"https:\\\/\\\/www.englishstay.cz\\\/de\\\/einkaufswagen\\\/\",\"url\":\"https:\\\/\\\/www.englishstay.cz\\\/de\\\/einkaufswagen\\\/\",\"name\":\"Einkaufswagen | ENGLISHstay\",\"isPartOf\":{\"@id\":\"https:\\\/\\\/www.englishstay.cz\\\/de\\\/#website\"},\"datePublished\":\"2018-07-11T12:10:22+00:00\",\"dateModified\":\"2026-02-05T21:05:07+00:00\",\"description\":\"Dieses einzigartiges Lernprogramm ist voll Ihren Bed\u00fcrfnissen angepasst und Sie werden 100% Aufmerksamkeit des englisch sprechenden Fremdsprachenassistent zu haben.\",\"breadcrumb\":{\"@id\":\"https:\\\/\\\/www.englishstay.cz\\\/de\\\/einkaufswagen\\\/#breadcrumb\"},\"inLanguage\":\"de\",\"potentialAction\":[{\"@type\":\"ReadAction\",\"target\":[\"https:\\\/\\\/www.englishstay.cz\\\/de\\\/einkaufswagen\\\/\"]}]},{\"@type\":\"BreadcrumbList\",\"@id\":\"https:\\\/\\\/www.englishstay.cz\\\/de\\\/einkaufswagen\\\/#breadcrumb\",\"itemListElement\":[{\"@type\":\"ListItem\",\"position\":1,\"name\":\"Dom\u016f\",\"item\":\"https:\\\/\\\/www.englishstay.cz\\\/de\\\/\"},{\"@type\":\"ListItem\",\"position\":2,\"name\":\"Einkaufswagen\"}]},{\"@type\":\"WebSite\",\"@id\":\"https:\\\/\\\/www.englishstay.cz\\\/de\\\/#website\",\"url\":\"https:\\\/\\\/www.englishstay.cz\\\/de\\\/\",\"name\":\"ENGLISHstay\",\"description\":\"Intenzivn\u00ed kurzy angli\u010dtiny s rodil\u00fdm mluv\u010d\u00edm\",\"potentialAction\":[{\"@type\":\"SearchAction\",\"target\":{\"@type\":\"EntryPoint\",\"urlTemplate\":\"https:\\\/\\\/www.englishstay.cz\\\/de\\\/?s={search_term_string}\"},\"query-input\":{\"@type\":\"PropertyValueSpecification\",\"valueRequired\":true,\"valueName\":\"search_term_string\"}}],\"inLanguage\":\"de\"}]}<\/script>\n<!-- \/ Yoast SEO plugin. -->","yoast_head_json":{"title":"Einkaufswagen | ENGLISHstay","description":"Dieses einzigartiges Lernprogramm ist voll Ihren Bed\u00fcrfnissen angepasst und Sie werden 100% Aufmerksamkeit des englisch sprechenden Fremdsprachenassistent zu haben.","robots":{"index":"index","follow":"follow","max-snippet":"max-snippet:-1","max-image-preview":"max-image-preview:large","max-video-preview":"max-video-preview:-1"},"canonical":"https:\/\/www.englishstay.cz\/de\/einkaufswagen\/","og_locale":"de_DE","og_type":"article","og_title":"Einkaufswagen | ENGLISHstay","og_description":"Dieses einzigartiges Lernprogramm ist voll Ihren Bed\u00fcrfnissen angepasst und Sie werden 100% Aufmerksamkeit des englisch sprechenden Fremdsprachenassistent zu haben.","og_url":"https:\/\/www.englishstay.cz\/de\/einkaufswagen\/","og_site_name":"ENGLISHstay","article_publisher":"https:\/\/www.facebook.com\/kurzyanglictiny\/","article_modified_time":"2026-02-05T21:05:07+00:00","og_image":[{"width":260,"height":260,"url":"https:\/\/www.englishstay.cz\/media\/2019\/01\/logo-es.jpg","type":"image\/jpeg"}],"twitter_card":"summary_large_image","twitter_site":"@ENGLISHstay","twitter_misc":{"Gesch\u00e4tzte Lesezeit":"1\u00a0Minute"},"schema":{"@context":"https:\/\/schema.org","@graph":[{"@type":"WebPage","@id":"https:\/\/www.englishstay.cz\/de\/einkaufswagen\/","url":"https:\/\/www.englishstay.cz\/de\/einkaufswagen\/","name":"Einkaufswagen | ENGLISHstay","isPartOf":{"@id":"https:\/\/www.englishstay.cz\/de\/#website"},"datePublished":"2018-07-11T12:10:22+00:00","dateModified":"2026-02-05T21:05:07+00:00","description":"Dieses einzigartiges Lernprogramm ist voll Ihren Bed\u00fcrfnissen angepasst und Sie werden 100% Aufmerksamkeit des englisch sprechenden Fremdsprachenassistent zu haben.","breadcrumb":{"@id":"https:\/\/www.englishstay.cz\/de\/einkaufswagen\/#breadcrumb"},"inLanguage":"de","potentialAction":[{"@type":"ReadAction","target":["https:\/\/www.englishstay.cz\/de\/einkaufswagen\/"]}]},{"@type":"BreadcrumbList","@id":"https:\/\/www.englishstay.cz\/de\/einkaufswagen\/#breadcrumb","itemListElement":[{"@type":"ListItem","position":1,"name":"Dom\u016f","item":"https:\/\/www.englishstay.cz\/de\/"},{"@type":"ListItem","position":2,"name":"Einkaufswagen"}]},{"@type":"WebSite","@id":"https:\/\/www.englishstay.cz\/de\/#website","url":"https:\/\/www.englishstay.cz\/de\/","name":"ENGLISHstay","description":"Intenzivn\u00ed kurzy angli\u010dtiny s rodil\u00fdm mluv\u010d\u00edm","potentialAction":[{"@type":"SearchAction","target":{"@type":"EntryPoint","urlTemplate":"https:\/\/www.englishstay.cz\/de\/?s={search_term_string}"},"query-input":{"@type":"PropertyValueSpecification","valueRequired":true,"valueName":"search_term_string"}}],"inLanguage":"de"}]}},"_links":{"self":[{"href":"https:\/\/www.englishstay.cz\/de\/wp-json\/wp\/v2\/pages\/9434","targetHints":{"allow":["GET"]}}],"collection":[{"href":"https:\/\/www.englishstay.cz\/de\/wp-json\/wp\/v2\/pages"}],"about":[{"href":"https:\/\/www.englishstay.cz\/de\/wp-json\/wp\/v2\/types\/page"}],"author":[{"embeddable":true,"href":"https:\/\/www.englishstay.cz\/de\/wp-json\/wp\/v2\/users\/2"}],"replies":[{"embeddable":true,"href":"https:\/\/www.englishstay.cz\/de\/wp-json\/wp\/v2\/comments?post=9434"}],"version-history":[{"count":2,"href":"https:\/\/www.englishstay.cz\/de\/wp-json\/wp\/v2\/pages\/9434\/revisions"}],"predecessor-version":[{"id":14295,"href":"https:\/\/www.englishstay.cz\/de\/wp-json\/wp\/v2\/pages\/9434\/revisions\/14295"}],"wp:attachment":[{"href":"https:\/\/www.englishstay.cz\/de\/wp-json\/wp\/v2\/media?parent=9434"}],"curies":[{"name":"wp","href":"https:\/\/api.w.org\/{rel}","templated":true}]}}